{"id":32,"date":"2025-03-02T13:56:56","date_gmt":"2025-03-02T13:56:56","guid":{"rendered":"https:\/\/www.luterlik.edu.ee\/uus\/?page_id=32"},"modified":"2025-03-02T15:05:14","modified_gmt":"2025-03-02T15:05:14","slug":"lasteaed","status":"publish","type":"page","link":"https:\/\/www.luterlik.edu.ee\/uus\/kontaktid\/lasteaed\/","title":{"rendered":"LASTEAED"},"content":{"rendered":"<!--themify_builder_content-->\n<div id=\"themify_builder_content-32\" data-postid=\"32\" class=\"themify_builder_content themify_builder_content-32 themify_builder tf_clear\">\n                    <div  data-lazy=\"1\" class=\"module_row themify_builder_row tb_kv6c346 tb_first tf_w\">\n                        <div class=\"row_inner col_align_top tb_col_count_1 tf_box tf_rel\">\n                        <div  data-lazy=\"1\" class=\"module_column tb-column col-full tb_ct1x346 first\">\n                    <!-- module text -->\n<div  class=\"module module-text tb_yrvc977   \" data-lazy=\"1\">\n        <div  class=\"tb_text_wrap\">\n        <table width=\"869\"><tbody><tr><td><strong>Rein Schihalejev<\/strong><\/td><td><strong>Direktor<\/strong><\/td><td><strong><a href=\"mailto:koolijuht@luterlik.edu.ee\">koolijuht@luterlik.edu.ee<\/a>, 56 231 531<\/strong><\/td><\/tr><tr><td><strong>Meeli Maasik<\/strong><\/td><td>Raamatupidaja<\/td><td><a href=\"mailto:raamatupidaja@luterlik.edu.ee\" target=\"_blank\" rel=\"noopener noreferrer\">raamatupidaja@luterlik.edu.ee<\/a><\/td><\/tr><tr><td><strong>Indrek Salk<\/strong><\/td><td>Haldusjuht<\/td><td><a href=\"mailto:indrek.salk@luterlik.edu.ee\">indrek.salk@luterlik.edu.ee<\/a><\/td><\/tr><tr><td><strong>K\u00fcllike Rastvorov<\/strong><\/td><td>Sekret\u00e4r<\/td><td><a href=\"mailto:kullike.rastvorov@luterlik.edu.ee\">kullike.rastvorov@luterlik.edu.ee<\/a>, 56855560<\/td><\/tr><tr><td><strong>Marge T\u00e4nava<\/strong><\/td><td>V\u00e4rbamis- ja personalijuht<\/td><td><a href=\"mailto:personalijuht@luterlik.edu.ee\">personalijuht@luterlik.edu.ee<\/a>, 56910233<\/td><\/tr><tr><td>\u00a0<\/td><td>\u00a0<\/td><td>\u00a0<\/td><\/tr><tr><td><b> <strong>K\u00fclvi Teder<\/strong><\/b><\/td><td><strong>Lasteaia \u00f5ppesuunajuht<\/strong><\/td><td><strong><a href=\"mailto:kylvi.teder@luterlik.edu.ee\">kylvi.teder@luterlik.edu.ee,<\/a> 55 43 301<\/strong><\/td><\/tr><tr><td><strong>Evelin Saks<\/strong><\/td><td>logopeed-eripedagoog<\/td><td><a href=\"mailto:evelin.saks@luterlik.edu.ee\">evelin.saks@luterlik.edu.ee<\/a><\/td><\/tr><tr><td><strong>Triinu-Kristi Kinks<\/strong><\/td><td>Liikumis\u00f5petaja<\/td><td><a href=\"mailto:triinu-kristi.kinks@luterlik.edu.ee\">triinu-kristi.kinks@luterlik.edu.ee<\/a><\/td><\/tr><tr><td><strong>Marlene Leopard<\/strong><\/td><td>Muusika\u00f5petuse \u00f5petaja<\/td><td><a href=\"mailto:marlene.leopard@luterlik.edu.ee\">marlene.leopard@luterlik.edu.ee<\/a><\/td><\/tr><tr><td><strong>\u00a0<\/strong><\/td><td><strong>\u00a0<\/strong><\/td><td><strong>\u00a0<\/strong><\/td><\/tr><tr><td><strong>ROOSI MAJA<\/strong><\/td><td><strong>Roosi 1<\/strong><\/td><td><strong>\u00fcldtelefon: 5621 4267 (I), 5696 4084 (II)<\/strong><\/td><\/tr><tr><td><strong>Madli S\u00e4re<\/strong><\/td><td>Lasteaia\u00f5petaja<\/td><td><a href=\"mailto:madli.sare@luterlik.edu.ee\">madli.sare@luterlik.edu.ee<\/a><\/td><\/tr><tr><td><strong>Triinu Loomus<\/strong><\/td><td>Lasteaia\u00f5petaja<\/td><td><a href=\"mailto:triinu.loomus@luterlik.edu.ee\" target=\"_blank\" rel=\"noopener noreferrer\">triinu.loomus@luterlik.edu.ee<\/a><\/td><\/tr><tr><td><strong>Avely Tomson<br \/><\/strong><\/td><td>Lasteaia\u00f5petaja abi<\/td><td><a href=\"mailto:avely.tomson@luterlik.edu.ee\">avely.tomson@luterlik.edu.ee<\/a><\/td><\/tr><tr><td><strong><b>Katrin Jakobson-V\u00e4rnik<br \/><\/b><\/strong><\/td><td>Lasteaia\u00f5petaja<\/td><td><a href=\"mailto:katrin.jakobson-varnik@luterlik.edu.ee\">katrin.jakobson-varnik@luterlik.edu.ee<\/a><\/td><\/tr><tr><td><strong>Piret Rebane<\/strong><\/td><td>Lasteaia\u00f5petaja abi<\/td><td><a href=\"mailto:piret.rebane@luterlik.edu.ee\">piret.rebane@luterlik.edu.ee<\/a><\/td><\/tr><tr><td><strong>Eleri Soidla<\/strong><\/td><td>Lasteaia\u00f5petaja<\/td><td><a href=\"mailto:eleri.soidla@luterlik.edu.ee\">eleri.soidla@luterlik.edu.ee<\/a><\/td><\/tr><tr><td><strong>\u00a0<\/strong><\/td><td><strong>\u00a0<\/strong><\/td><td><strong>\u00a0<\/strong><\/td><\/tr><tr><td><strong>PUNGA MAJA\u00a0<\/strong><\/td><td><strong>Punga 2<\/strong><\/td><td><strong>\u00fcldtelefon: 5628 9985 (I) 5685 6006 (II)<\/strong><\/td><\/tr><tr><td><strong>Heidi Sarap<\/strong><\/td><td>Lasteaia\u00f5petaja<\/td><td><a href=\"mailto:heidi.sarap@luterlik.edu.ee\">heidi.sarap@luterlik.edu.ee<\/a><\/td><\/tr><tr><td><strong>Aire Nutt<\/strong><\/td><td>Lasteaia\u00f5petaja<\/td><td><a href=\"mailto:aire.nutt@luterlik.edu.ee\">aire.nutt@luterlik.edu.ee<\/a><\/td><\/tr><tr><td><strong>Inger Reti Ivanov<br \/><\/strong><\/td><td>Lasteaia\u00f5petaja<\/td><td><a href=\"mailto:ingerreti.ivanov@luterlik.edu.ee\">ingerreti.ivanov@luterlik.edu.ee<\/a><\/td><\/tr><tr><td><strong>Kristel Baranyai<\/strong><\/td><td>Lasteaia\u00f5petaja<\/td><td><a href=\"mailto:kristel.baranyai@luterlik.edu.ee\">kristel.barnyai@luterlik.edu.ee<\/a><\/td><\/tr><tr><td><strong>\u00dclle Talviste<\/strong><\/td><td>Lasteaia\u00f5petaja abi<\/td><td><a href=\"mailto:ylle.talviste@luterlik.edu.ee\">ylle.talviste@luterlik.edu.ee<\/a><\/td><\/tr><tr><td><strong>Egle M\u00fc\u00fcrsepp<\/strong><\/td><td>Lasteaia\u00f5petaja abi<\/td><td>egle.muursepp@luterlik.edu.ee<\/td><\/tr><tr><td><strong>\u00a0<\/strong><\/td><td><strong>\u00a0<\/strong><\/td><td><strong>\u00a0<\/strong><\/td><\/tr><tr><td><strong>SUPILINNA MAJA\u00a0<\/strong><\/td><td><strong>Kroonuaia 66a<\/strong><\/td><td><strong>\u00fcldtelefon: 5627 4224<\/strong><\/td><\/tr><tr><td><strong>Getter-Kadi Valter<\/strong><\/td><td>Lasteaia\u00f5petaja (LHP)<\/td><td><a href=\"mailto:getter-kadi.valter@luterlik.edu.ee\">getter-kadi.valter@luterlik.edu.ee<\/a><\/td><\/tr><tr><td><strong>Jana Pokotylo<br \/><\/strong><\/td><td>Lasteaia\u00f5petaja<\/td><td><a href=\"mailto:jana.pokotylo@luterlik.edu.ee\" target=\"_blank\" rel=\"noopener noreferrer\">jana.pokotylo@luterlik.edu.ee<\/a><\/td><\/tr><tr><td><strong>Evelin Peterson<\/strong><\/td><td>Lasteaia\u00f5petaja<\/td><td><a href=\"mailto:evelin.peterson@luterlik.edu.ee\">evelin.peterson@luterlik.edu.ee<\/a><\/td><\/tr><tr><td><strong>Kristi Sarap<\/strong><\/td><td>Lasteaia\u00f5petaja<\/td><td><a href=\"mailto:kristi.sarap@luterlik.edu.ee\">kristi.sarap@luterlik.edu.ee<\/a><\/td><\/tr><tr><td><strong>Moonika Vaagen<\/strong><\/td><td>Lasteaia\u00f5petaja abi<\/td><td><a href=\"mailto:moonika.vaagen@luterlik.edu.ee\" target=\"_blank\" rel=\"noopener noreferrer\">moonika.vaagen@luterlik.edu.ee<\/a><\/td><\/tr><\/tbody><\/table>    <\/div>\n<\/div>\n<!-- \/module text -->        <\/div>\n                        <\/div>\n        <\/div>\n        <\/div>\n<!--\/themify_builder_content-->","protected":false},"excerpt":{"rendered":"<p>Rein Schihalejev Direktor koolijuht@luterlik.edu.ee, 56 231 531 Meeli Maasik Raamatupidaja raamatupidaja@luterlik.edu.ee Indrek Salk Haldusjuht indrek.salk@luterlik.edu.ee K\u00fcllike Rastvorov Sekret\u00e4r kullike.rastvorov@luterlik.edu.ee, 56855560 Marge T\u00e4nava V\u00e4rbamis- ja personalijuht personalijuht@luterlik.edu.ee, 56910233 K\u00fclvi Teder Lasteaia \u00f5ppesuunajuht kylvi.teder@luterlik.edu.ee, 55 43 301 Evelin Saks logopeed-eripedagoog evelin.saks@luterlik.edu.ee Triinu-Kristi Kinks Liikumis\u00f5petaja triinu-kristi.kinks@luterlik.edu.ee Marlene Leopard Muusika\u00f5petuse \u00f5petaja marlene.leopard@luterlik.edu.ee \u00a0 \u00a0 \u00a0 ROOSI MAJA Roosi 1 [&hellip;]<\/p>\n","protected":false},"author":1,"featured_media":0,"parent":26,"menu_order":0,"comment_status":"closed","ping_status":"closed","template":"","meta":{"footnotes":""},"class_list":["post-32","page","type-page","status-publish","hentry","has-post-title","has-post-date","has-post-category","has-post-tag","has-post-comment","has-post-author",""],"_links":{"self":[{"href":"https:\/\/www.luterlik.edu.ee\/uus\/wp-json\/wp\/v2\/pages\/32","targetHints":{"allow":["GET"]}}],"collection":[{"href":"https:\/\/www.luterlik.edu.ee\/uus\/wp-json\/wp\/v2\/pages"}],"about":[{"href":"https:\/\/www.luterlik.edu.ee\/uus\/wp-json\/wp\/v2\/types\/page"}],"author":[{"embeddable":true,"href":"https:\/\/www.luterlik.edu.ee\/uus\/wp-json\/wp\/v2\/users\/1"}],"replies":[{"embeddable":true,"href":"https:\/\/www.luterlik.edu.ee\/uus\/wp-json\/wp\/v2\/comments?post=32"}],"version-history":[{"count":8,"href":"https:\/\/www.luterlik.edu.ee\/uus\/wp-json\/wp\/v2\/pages\/32\/revisions"}],"predecessor-version":[{"id":72,"href":"https:\/\/www.luterlik.edu.ee\/uus\/wp-json\/wp\/v2\/pages\/32\/revisions\/72"}],"up":[{"embeddable":true,"href":"https:\/\/www.luterlik.edu.ee\/uus\/wp-json\/wp\/v2\/pages\/26"}],"wp:attachment":[{"href":"https:\/\/www.luterlik.edu.ee\/uus\/wp-json\/wp\/v2\/media?parent=32"}],"curies":[{"name":"wp","href":"https:\/\/api.w.org\/{rel}","templated":true}]}}