{"id":26,"date":"2025-03-02T13:55:14","date_gmt":"2025-03-02T13:55:14","guid":{"rendered":"https:\/\/www.luterlik.edu.ee\/uus\/?page_id=26"},"modified":"2025-04-21T13:46:43","modified_gmt":"2025-04-21T10:46:43","slug":"kontaktid","status":"publish","type":"page","link":"https:\/\/www.luterlik.edu.ee\/uus\/kontaktid\/","title":{"rendered":"KONTAKTID"},"content":{"rendered":"<div class=\"entry-content clearfix\">\n<p>TLPK on \u00fche asutusena tegutsev koolieelne lasteastus (lasteaed) ja p\u00f5hikool, mille juhtorganid on n\u00f5ukogu ja direktor.<\/p>\n<p><strong>\u00dcldkontakt<\/strong><\/p>\n<p>luterlik@luterlik.edu.ee<\/p>\n<p>5685 5560<\/p>\n<hr \/>\n<p><strong>Postiaadressid<\/strong><\/p>\n<p>P\u00f5hikool, kodu\u00f5ppe osakond, huvikool: K\u00fc\u00fctri 1, Tartu 51007<\/p>\n<p>Karolini Kool: Pikk 10, Tartu 51009<\/p>\n<p>Lasteaed: Roosi 1, Tartu 51009<\/p>\n<hr \/>\n<p><strong>Lasteaiamajade \u00fcldnumbrid<\/strong><\/p>\n<p>Roosi 1 esimese korruse r\u00fchm: 5621 4267<br \/>\nRoosi 1 teise korruse r\u00fchm: 5696 4084<\/p>\n<p>Punga 2 esimese korruse r\u00fchm: 5628 9985<br \/>\nPunga 2 teise korruse r\u00fchm: 5685 6006<\/p>\n<p>Kroonuaia 66a r\u00fchm: 5627 4224<\/p>\n<\/div>\n","protected":false},"excerpt":{"rendered":"<p>TLPK on \u00fche asutusena tegutsev koolieelne lasteastus (lasteaed) ja p\u00f5hikool, mille juhtorganid on n\u00f5ukogu ja direktor. \u00dcldkontakt luterlik@luterlik.edu.ee 5685 5560 Postiaadressid P\u00f5hikool, kodu\u00f5ppe osakond, huvikool: K\u00fc\u00fctri 1, Tartu 51007 Karolini Kool: Pikk 10, Tartu 51009 Lasteaed: Roosi 1, Tartu 51009 Lasteaiamajade \u00fcldnumbrid Roosi 1 esimese korruse r\u00fchm: 5621 4267 Roosi 1 teise korruse r\u00fchm: 5696 [&hellip;]<\/p>\n","protected":false},"author":1,"featured_media":229,"parent":0,"menu_order":0,"comment_status":"closed","ping_status":"closed","template":"","meta":{"footnotes":""},"class_list":["post-26","page","type-page","status-publish","has-post-thumbnail","hentry","has-post-title","has-post-date","has-post-category","has-post-tag","has-post-comment","has-post-author",""],"_links":{"self":[{"href":"https:\/\/www.luterlik.edu.ee\/uus\/wp-json\/wp\/v2\/pages\/26","targetHints":{"allow":["GET"]}}],"collection":[{"href":"https:\/\/www.luterlik.edu.ee\/uus\/wp-json\/wp\/v2\/pages"}],"about":[{"href":"https:\/\/www.luterlik.edu.ee\/uus\/wp-json\/wp\/v2\/types\/page"}],"author":[{"embeddable":true,"href":"https:\/\/www.luterlik.edu.ee\/uus\/wp-json\/wp\/v2\/users\/1"}],"replies":[{"embeddable":true,"href":"https:\/\/www.luterlik.edu.ee\/uus\/wp-json\/wp\/v2\/comments?post=26"}],"version-history":[{"count":3,"href":"https:\/\/www.luterlik.edu.ee\/uus\/wp-json\/wp\/v2\/pages\/26\/revisions"}],"predecessor-version":[{"id":284,"href":"https:\/\/www.luterlik.edu.ee\/uus\/wp-json\/wp\/v2\/pages\/26\/revisions\/284"}],"wp:featuredmedia":[{"embeddable":true,"href":"https:\/\/www.luterlik.edu.ee\/uus\/wp-json\/wp\/v2\/media\/229"}],"wp:attachment":[{"href":"https:\/\/www.luterlik.edu.ee\/uus\/wp-json\/wp\/v2\/media?parent=26"}],"curies":[{"name":"wp","href":"https:\/\/api.w.org\/{rel}","templated":true}]}}