{"id":232,"date":"2025-04-21T10:55:08","date_gmt":"2025-04-21T07:55:08","guid":{"rendered":"https:\/\/www.luterlik.edu.ee\/uus\/?page_id=232"},"modified":"2025-04-21T10:55:08","modified_gmt":"2025-04-21T07:55:08","slug":"toopakkumised","status":"publish","type":"page","link":"https:\/\/www.luterlik.edu.ee\/uus\/toopakkumised\/","title":{"rendered":"T\u00d6\u00d6PAKKUMISED"},"content":{"rendered":"<!--themify_builder_content-->\n<div id=\"themify_builder_content-232\" data-postid=\"232\" class=\"themify_builder_content themify_builder_content-232 themify_builder tf_clear\">\n                    <div  data-lazy=\"1\" class=\"module_row themify_builder_row tb_1thh251 tb_first tf_w\">\n                        <div class=\"row_inner col_align_top tb_col_count_1 tf_box tf_rel\">\n                        <div  data-lazy=\"1\" class=\"module_column tb-column col-full tb_oskc252 first\">\n                    <!-- module text -->\n<div  class=\"module module-text tb_sl8u761   \" data-lazy=\"1\">\n        <div  class=\"tb_text_wrap\">\n        <p class=\"has-text-align-right\"><a href=\"https:\/\/www.luterlik.edu.ee\/wp-content\/uploads\/2022\/02\/TLPK-konkursi-labiviimise-kord_02.2022.pdf\" target=\"_blank\" rel=\"noreferrer noopener\">TLPK avaliku konkursi kord<\/a><\/p><p class=\"has-text-align-right\"><a href=\"https:\/\/www.luterlik.edu.ee\/wp-content\/uploads\/2023\/09\/TLPK-tookorralduse-reeglid-2023.pdf\">TLPK t\u00f6\u00f6korralduse reeglid (2023)<\/a><\/p><p><strong>Tartu Luterlik Peetri Kool (TLPK) on kogukondlik, kristlikul hingeharidusel ja rahvuskultuuril p\u00f5hinev haridusasutus, kus \u00f5ppet\u00f6\u00f6 arendab hoolivaid ja koost\u00f6\u00f6d v\u00e4\u00e4rtustavaid inimesi. Meie viies \u00f5ppesuunas: lasteaias, p\u00f5hikoolis koos kodu\u00f5ppe ja huvikooliga ning toimetuleku- ja hooldus\u00f5ppe kogup\u00e4evakoolis \u00f5pib kokku \u00fcle 400 \u00f5pilase.<\/strong><\/p><p>Tartu Luterlik Peetri Kool kuulutab v\u00e4lja avaliku konkursi j\u00e4rgmiste ametikohtade t\u00e4itmiseks:<\/p><p><strong>Karolini Koolis<\/strong><br \/><a href=\"https:\/\/www.luterlik.edu.ee\/wp-content\/uploads\/2025\/01\/KK-logopeed-1.png\" target=\"_blank\" rel=\"noreferrer noopener\">Logopeed<\/a> (0,5 koormus)<\/p><p><strong>P\u00f5hikoolis<\/strong><br \/><a href=\"https:\/\/www.luterlik.edu.ee\/wp-content\/uploads\/2025\/01\/Klassiopetaja-1-1.png\" target=\"_blank\" rel=\"noreferrer noopener\">Klassi\u00f5petaja<\/a> (2. klass, 0,83 koormus)<\/p>    <\/div>\n<\/div>\n<!-- \/module text -->        <\/div>\n                        <\/div>\n        <\/div>\n        <\/div>\n<!--\/themify_builder_content-->","protected":false},"excerpt":{"rendered":"<p>TLPK avaliku konkursi kord TLPK t\u00f6\u00f6korralduse reeglid (2023) Tartu Luterlik Peetri Kool (TLPK) on kogukondlik, kristlikul hingeharidusel ja rahvuskultuuril p\u00f5hinev haridusasutus, kus \u00f5ppet\u00f6\u00f6 arendab hoolivaid ja koost\u00f6\u00f6d v\u00e4\u00e4rtustavaid inimesi. Meie viies \u00f5ppesuunas: lasteaias, p\u00f5hikoolis koos kodu\u00f5ppe ja huvikooliga ning toimetuleku- ja hooldus\u00f5ppe kogup\u00e4evakoolis \u00f5pib kokku \u00fcle 400 \u00f5pilase. Tartu Luterlik Peetri Kool kuulutab v\u00e4lja avaliku [&hellip;]<\/p>\n","protected":false},"author":1,"featured_media":229,"parent":0,"menu_order":13,"comment_status":"closed","ping_status":"closed","template":"","meta":{"footnotes":""},"class_list":["post-232","page","type-page","status-publish","has-post-thumbnail","hentry","has-post-title","has-post-date","has-post-category","has-post-tag","has-post-comment","has-post-author",""],"_links":{"self":[{"href":"https:\/\/www.luterlik.edu.ee\/uus\/wp-json\/wp\/v2\/pages\/232","targetHints":{"allow":["GET"]}}],"collection":[{"href":"https:\/\/www.luterlik.edu.ee\/uus\/wp-json\/wp\/v2\/pages"}],"about":[{"href":"https:\/\/www.luterlik.edu.ee\/uus\/wp-json\/wp\/v2\/types\/page"}],"author":[{"embeddable":true,"href":"https:\/\/www.luterlik.edu.ee\/uus\/wp-json\/wp\/v2\/users\/1"}],"replies":[{"embeddable":true,"href":"https:\/\/www.luterlik.edu.ee\/uus\/wp-json\/wp\/v2\/comments?post=232"}],"version-history":[{"count":2,"href":"https:\/\/www.luterlik.edu.ee\/uus\/wp-json\/wp\/v2\/pages\/232\/revisions"}],"predecessor-version":[{"id":234,"href":"https:\/\/www.luterlik.edu.ee\/uus\/wp-json\/wp\/v2\/pages\/232\/revisions\/234"}],"wp:featuredmedia":[{"embeddable":true,"href":"https:\/\/www.luterlik.edu.ee\/uus\/wp-json\/wp\/v2\/media\/229"}],"wp:attachment":[{"href":"https:\/\/www.luterlik.edu.ee\/uus\/wp-json\/wp\/v2\/media?parent=232"}],"curies":[{"name":"wp","href":"https:\/\/api.w.org\/{rel}","templated":true}]}}