{"id":228,"date":"2025-04-21T10:54:24","date_gmt":"2025-04-21T07:54:24","guid":{"rendered":"https:\/\/www.luterlik.edu.ee\/uus\/?page_id=228"},"modified":"2025-04-24T23:54:32","modified_gmt":"2025-04-24T20:54:32","slug":"eelkool","status":"publish","type":"page","link":"https:\/\/www.luterlik.edu.ee\/uus\/eelkool\/","title":{"rendered":"EELKOOL"},"content":{"rendered":"<!--themify_builder_content-->\n<div id=\"themify_builder_content-228\" data-postid=\"228\" class=\"themify_builder_content themify_builder_content-228 themify_builder tf_clear\">\n                    <div  data-lazy=\"1\" class=\"module_row themify_builder_row tb_pbbn563 tb_first tf_w\">\n                        <div class=\"row_inner col_align_top tb_col_count_1 tf_box tf_rel\">\n                        <div  data-lazy=\"1\" class=\"module_column tb-column col-full tb_6i7v563 first\">\n                    <!-- module text -->\n<div  class=\"module module-text tb_4zcl762   \" data-lazy=\"1\">\n        <div  class=\"tb_text_wrap\">\n        <p>Eelkool toetab lasteaia kooliks ettevalmistust, sotsiaalseid oskusi ja teeb tuttavaks kooli keskkonnaga.\u00a0\u00a0J\u00e4rgmise \u00f5a eelkooli \u00f5petajaks on \u00d5nne Ints, kes on ka \u00f5ppeaasta 2024\/2025 1. klassi klassi\u00f5petaja.\u00a0Eelkooli\u00a0tegevused toimuvad oktoobrist maini (\u00fcks kord kuus, t\u00e4pne ajakava ja tegevuste info tuleb augustis). Eelkooli klassi suuruseks on 18-19 \u00f5pilast ja kuutasu 30 eurot.<\/p>\n<p>Eelisj\u00e4rjekorras v\u00f5etakse vastu lapsed TLPK kogukonnast (t\u00f6\u00f6tajate, MT\u00dc TLPK ja TLPK n\u00f5ukogu liikmete lapsed; TLPK \u00f5pilaste \u00f5ed-vennad; TLPK lasteaia \u00f5pilased). Neist j\u00e4\u00e4nud vabadele kohtadele v\u00f5etakse eelistatult vastu kristlike koguduste liikmete lapsed. Vastuv\u00f5tuotsuste tegemisel arvestatakse vajadusel kohataotluse esitamise aega.<\/p>\n<div class=\"gmail_default\"><a href=\"https:\/\/docs.google.com\/forms\/d\/e\/1FAIpQLSdJO9tGdAVOVXHENPrl0omaR9VESEbnCt10ehMkIRdcAsyAIw\/viewform?usp=sharing\">Registreerimisvorm<\/a><\/div>\n<hr class=\"wp-block-separator has-alpha-channel-opacity\">\n<p>Vastuv\u00f5tul \u00f5ppeaasta 2024\/2025\u00a0 1. klassi on vastavalt vastuv\u00f5tu korrale eelistatuimad eelkooli \u00f5pilased.<\/p>\n<p>T\u00e4psustavad k\u00fcsimused on oodatud:\u00a0<a href=\"mailto:anely@luterlik.edu.ee\" target=\"_blank\" rel=\"noopener\">anely@luterlik.edu.ee<\/a><\/p>    <\/div>\n<\/div>\n<!-- \/module text -->        <\/div>\n                        <\/div>\n        <\/div>\n        <\/div>\n<!--\/themify_builder_content-->","protected":false},"excerpt":{"rendered":"<p>Eelkool toetab lasteaia kooliks ettevalmistust, sotsiaalseid oskusi ja teeb tuttavaks kooli keskkonnaga.\u00a0\u00a0J\u00e4rgmise \u00f5a eelkooli \u00f5petajaks on \u00d5nne Ints, kes on ka \u00f5ppeaasta 2024\/2025 1. klassi klassi\u00f5petaja.\u00a0Eelkooli\u00a0tegevused toimuvad oktoobrist maini (\u00fcks kord kuus, t\u00e4pne ajakava ja tegevuste info tuleb augustis). Eelkooli klassi suuruseks on 18-19 \u00f5pilast ja kuutasu 30 eurot. Eelisj\u00e4rjekorras v\u00f5etakse vastu lapsed TLPK kogukonnast [&hellip;]<\/p>\n","protected":false},"author":1,"featured_media":229,"parent":0,"menu_order":12,"comment_status":"closed","ping_status":"closed","template":"","meta":{"footnotes":""},"class_list":["post-228","page","type-page","status-publish","has-post-thumbnail","hentry","has-post-title","has-post-date","has-post-category","has-post-tag","has-post-comment","has-post-author",""],"_links":{"self":[{"href":"https:\/\/www.luterlik.edu.ee\/uus\/wp-json\/wp\/v2\/pages\/228","targetHints":{"allow":["GET"]}}],"collection":[{"href":"https:\/\/www.luterlik.edu.ee\/uus\/wp-json\/wp\/v2\/pages"}],"about":[{"href":"https:\/\/www.luterlik.edu.ee\/uus\/wp-json\/wp\/v2\/types\/page"}],"author":[{"embeddable":true,"href":"https:\/\/www.luterlik.edu.ee\/uus\/wp-json\/wp\/v2\/users\/1"}],"replies":[{"embeddable":true,"href":"https:\/\/www.luterlik.edu.ee\/uus\/wp-json\/wp\/v2\/comments?post=228"}],"version-history":[{"count":6,"href":"https:\/\/www.luterlik.edu.ee\/uus\/wp-json\/wp\/v2\/pages\/228\/revisions"}],"predecessor-version":[{"id":336,"href":"https:\/\/www.luterlik.edu.ee\/uus\/wp-json\/wp\/v2\/pages\/228\/revisions\/336"}],"wp:featuredmedia":[{"embeddable":true,"href":"https:\/\/www.luterlik.edu.ee\/uus\/wp-json\/wp\/v2\/media\/229"}],"wp:attachment":[{"href":"https:\/\/www.luterlik.edu.ee\/uus\/wp-json\/wp\/v2\/media?parent=228"}],"curies":[{"name":"wp","href":"https:\/\/api.w.org\/{rel}","templated":true}]}}