{"id":220,"date":"2025-04-21T10:52:48","date_gmt":"2025-04-21T07:52:48","guid":{"rendered":"https:\/\/www.luterlik.edu.ee\/uus\/?page_id=220"},"modified":"2025-04-21T10:52:48","modified_gmt":"2025-04-21T07:52:48","slug":"ruumide-rent","status":"publish","type":"page","link":"https:\/\/www.luterlik.edu.ee\/uus\/ruumide-rent\/","title":{"rendered":"RUUMIDE RENT"},"content":{"rendered":"<!--themify_builder_content-->\n<div id=\"themify_builder_content-220\" data-postid=\"220\" class=\"themify_builder_content themify_builder_content-220 themify_builder tf_clear\">\n                    <div  data-lazy=\"1\" class=\"module_row themify_builder_row tb_fvtc848 tb_first tf_w\">\n                        <div class=\"row_inner col_align_top tb_col_count_1 tf_box tf_rel\">\n                        <div  data-lazy=\"1\" class=\"module_column tb-column col-full tb_ruqg848 first\">\n                    <!-- module text -->\n<div  class=\"module module-text tb_z91r829   \" data-lazy=\"1\">\n        <div  class=\"tb_text_wrap\">\n        <div class=\"entry-content clearfix\"><p>Alates septembrist 2019 asub TLPK Tartu vanalinnas, aadressil <a href=\"https:\/\/www.google.com\/maps\/place\/K%C3%BC%C3%BCtri+1,+51005+Tartu\/data=!4m2!3m1!1s0x46eb36e6d4a9897d:0x27ab19fe55e450bb?sa=X&amp;ved=2ahUKEwiAz93O3NHiAhXa8qYKHd6xDKcQ8gEwAHoECAoQAQ\" target=\"_blank\" rel=\"noopener noreferrer\">K\u00fc\u00fctri 1 <\/a>(endine Athena keskus).<\/p><p>Ajaloolist hoonet tuntakse eelk\u00f5ige selle kinosaali ja varasema restoraniosa (Volga) j\u00e4rgi ning selle ruumides on korraldatud lugematul hulgal erinevaid \u00fcritusi ja tegutsenud mitmed ettev\u00f5tted.<\/p><p>V\u00e4ljaspool kooli tegutsemisaega ja sellega arvestavalt annab kool <a href=\"https:\/\/www.luterlik.edu.ee\/athena-keskus\/ruumid\/\"><u>ruume<\/u><\/a> rendile. Vajadusel abistame toitlustuse korraldamisel ja inventari rendiga.<\/p><p>\u00a0<\/p><figure class=\"wp-block-image size-large\"><img loading=\"lazy\" decoding=\"async\" class=\"wp-image-4225\" src=\"https:\/\/www.luterlik.edu.ee\/wp-content\/uploads\/2019\/12\/trepp1.png\" sizes=\"auto, (max-width: 791px) 100vw, 791px\" srcset=\"https:\/\/www.luterlik.edu.ee\/wp-content\/uploads\/2019\/12\/trepp1.png 791w, https:\/\/www.luterlik.edu.ee\/wp-content\/uploads\/2019\/12\/trepp1-300x240.png 300w\" alt=\"\" width=\"791\" height=\"633\" \/><\/figure><p>Rendisoovi korral v\u00f5tke \u00fchendust athena@luterlik.edu.ee<\/p><\/div>    <\/div>\n<\/div>\n<!-- \/module text -->        <\/div>\n                        <\/div>\n        <\/div>\n        <\/div>\n<!--\/themify_builder_content-->","protected":false},"excerpt":{"rendered":"<p>Alates septembrist 2019 asub TLPK Tartu vanalinnas, aadressil K\u00fc\u00fctri 1 (endine Athena keskus). Ajaloolist hoonet tuntakse eelk\u00f5ige selle kinosaali ja varasema restoraniosa (Volga) j\u00e4rgi ning selle ruumides on korraldatud lugematul hulgal erinevaid \u00fcritusi ja tegutsenud mitmed ettev\u00f5tted. V\u00e4ljaspool kooli tegutsemisaega ja sellega arvestavalt annab kool ruume rendile. Vajadusel abistame toitlustuse korraldamisel ja inventari rendiga. &nbsp; [&hellip;]<\/p>\n","protected":false},"author":1,"featured_media":221,"parent":0,"menu_order":11,"comment_status":"closed","ping_status":"closed","template":"","meta":{"footnotes":""},"class_list":["post-220","page","type-page","status-publish","has-post-thumbnail","hentry","has-post-title","has-post-date","has-post-category","has-post-tag","has-post-comment","has-post-author",""],"_links":{"self":[{"href":"https:\/\/www.luterlik.edu.ee\/uus\/wp-json\/wp\/v2\/pages\/220","targetHints":{"allow":["GET"]}}],"collection":[{"href":"https:\/\/www.luterlik.edu.ee\/uus\/wp-json\/wp\/v2\/pages"}],"about":[{"href":"https:\/\/www.luterlik.edu.ee\/uus\/wp-json\/wp\/v2\/types\/page"}],"author":[{"embeddable":true,"href":"https:\/\/www.luterlik.edu.ee\/uus\/wp-json\/wp\/v2\/users\/1"}],"replies":[{"embeddable":true,"href":"https:\/\/www.luterlik.edu.ee\/uus\/wp-json\/wp\/v2\/comments?post=220"}],"version-history":[{"count":3,"href":"https:\/\/www.luterlik.edu.ee\/uus\/wp-json\/wp\/v2\/pages\/220\/revisions"}],"predecessor-version":[{"id":224,"href":"https:\/\/www.luterlik.edu.ee\/uus\/wp-json\/wp\/v2\/pages\/220\/revisions\/224"}],"wp:featuredmedia":[{"embeddable":true,"href":"https:\/\/www.luterlik.edu.ee\/uus\/wp-json\/wp\/v2\/media\/221"}],"wp:attachment":[{"href":"https:\/\/www.luterlik.edu.ee\/uus\/wp-json\/wp\/v2\/media?parent=220"}],"curies":[{"name":"wp","href":"https:\/\/api.w.org\/{rel}","templated":true}]}}