{"id":22,"date":"2025-03-02T13:54:26","date_gmt":"2025-03-02T13:54:26","guid":{"rendered":"https:\/\/www.luterlik.edu.ee\/uus\/?page_id=22"},"modified":"2025-04-24T23:52:38","modified_gmt":"2025-04-24T20:52:38","slug":"esileht","status":"publish","type":"page","link":"https:\/\/www.luterlik.edu.ee\/uus\/","title":{"rendered":"Esileht"},"content":{"rendered":"<p>&nbsp;<\/p>\n<!--themify_builder_content-->\n<div id=\"themify_builder_content-22\" data-postid=\"22\" class=\"themify_builder_content themify_builder_content-22 themify_builder tf_clear\">\n                    <div  data-lazy=\"1\" class=\"module_row themify_builder_row tb_7797885 tb_first tf_w\">\n                        <div class=\"row_inner col_align_top tb_col_count_1 tf_box tf_rel\">\n                        <div  data-lazy=\"1\" class=\"module_column tb-column col-full tb_t7qp886 first\">\n                    <!-- module text -->\n<div  class=\"module module-text tb_avt4699    wow\" data-tf-animation=\"bounceIn\" data-lazy=\"1\">\n        <div  class=\"tb_text_wrap\">\n        <p style=\"text-align: center;\">Vali \u00f5ppesuunad<\/p>    <\/div>\n<\/div>\n<!-- \/module text -->        <\/div>\n                        <\/div>\n        <\/div>\n                        <div  data-lazy=\"1\" class=\"module_row themify_builder_row tb_ojb6292 tf_w\">\n                        <div class=\"row_inner col_align_top tb_col_count_1 tf_box tf_rel\">\n                        <div  data-lazy=\"1\" class=\"module_column tb-column col-full tb_giaq292 first\">\n                            <div  data-lazy=\"1\" class=\"module_subrow themify_builder_sub_row tf_w col_align_top tb_col_count_3 tb_sbt00 wow\" data-tf-animation=\"bounceInLeft\">\n                <div  data-lazy=\"1\" class=\"module_column sub_column col3-1 tb_hall1 first\">\n                    <!-- module buttons -->\n<div  class=\"module module-buttons tb_c66q363 buttons-horizontal solid  xlarge rounded\" data-lazy=\"1\">\n        <div class=\"module-buttons-item tf_in_flx\">\n                        <a href=\"https:\/\/www.luterlik.edu.ee\/uus\/pohikool\/\" class=\"ui builder_button tf_in_flx red\" >\n                                                TLPK p\u00f5hikool                                        <\/a>\n                <\/div>\n            <\/div>\n<!-- \/module buttons -->\n        <\/div>\n                    <div  data-lazy=\"1\" class=\"module_column sub_column col3-1 tb_v1b61\">\n                    <!-- module buttons -->\n<div  class=\"module module-buttons tb_vae3409 buttons-horizontal solid  xlarge rounded\" data-lazy=\"1\">\n        <div class=\"module-buttons-item tf_in_flx\">\n                        <a href=\"https:\/\/www.luterlik.edu.ee\/uus\/lasteaed\/\" class=\"ui builder_button tf_in_flx red\" >\n                                                TLPK lasteaed                                        <\/a>\n                <\/div>\n            <\/div>\n<!-- \/module buttons -->\n        <\/div>\n                    <div  data-lazy=\"1\" class=\"module_column sub_column col3-1 tb_wcts1 last\">\n                    <!-- module buttons -->\n<div  class=\"module module-buttons tb_kl9q441 buttons-horizontal solid  xlarge rounded\" data-lazy=\"1\">\n        <div class=\"module-buttons-item tf_in_flx\">\n                        <a href=\"https:\/\/www.luterlik.edu.ee\/uus\/karolini-kool\" class=\"ui builder_button tf_in_flx red\" >\n                                                TLPK Karolini kool                                        <\/a>\n                <\/div>\n            <\/div>\n<!-- \/module buttons -->\n        <\/div>\n                    <\/div>\n                <\/div>\n                        <\/div>\n        <\/div>\n                        <div  data-lazy=\"1\" class=\"module_row themify_builder_row tb_dhh9291 tf_w\">\n                        <div class=\"row_inner col_align_top tb_col_count_1 tf_box tf_rel\">\n                        <div  data-lazy=\"1\" class=\"module_column tb-column col-full tb_jqkk291 first\">\n                            <div  data-lazy=\"1\" class=\"module_subrow themify_builder_sub_row tf_w col_align_top tb_col_count_2 tb_h9ce291 wow\" data-tf-animation=\"bounceInLeft\">\n                <div  data-lazy=\"1\" class=\"module_column sub_column col4-2 tb_cr1v291 first\">\n                    <!-- module buttons -->\n<div  class=\"module module-buttons tb_klns291 buttons-horizontal solid  xlarge rounded\" data-lazy=\"1\">\n        <div class=\"module-buttons-item tf_in_flx\">\n                        <a href=\"https:\/\/www.luterlik.edu.ee\/uus\/huvikool\" class=\"ui builder_button tf_in_flx red\" >\n                                                TLPK huvikool                                        <\/a>\n                <\/div>\n            <\/div>\n<!-- \/module buttons -->\n        <\/div>\n                    <div  data-lazy=\"1\" class=\"module_column sub_column col4-2 tb_a9vx291 last\">\n                    <!-- module buttons -->\n<div  class=\"module module-buttons tb_09cu291 buttons-horizontal solid  xlarge rounded\" data-lazy=\"1\">\n        <div class=\"module-buttons-item tf_in_flx\">\n                        <a href=\"https:\/\/www.luterlik.edu.ee\/uus\/koduope\" class=\"ui builder_button tf_in_flx red\" >\n                                                TLPK kodu\u00f5pe                                        <\/a>\n                <\/div>\n            <\/div>\n<!-- \/module buttons -->\n        <\/div>\n                    <\/div>\n                <\/div>\n                        <\/div>\n        <\/div>\n                        <div  data-lazy=\"1\" class=\"module_row themify_builder_row tb_k9eb336 tf_w\">\n                        <div class=\"row_inner col_align_top tb_col_count_1 tf_box tf_rel\">\n                        <div  data-lazy=\"1\" class=\"module_column tb-column col-full tb_exyr336 first\">\n                    <!-- module image -->\n<div  class=\"module module-image tb_t6qm536 image-top   tf_mw wow\" data-tf-animation=\"bounceInUp\" data-lazy=\"1\">\n        <div class=\"image-wrap tf_rel tf_mw\">\n            <img loading=\"lazy\" decoding=\"async\" width=\"1200\" height=\"802\" src=\"https:\/\/www.luterlik.edu.ee\/uus\/wp-content\/uploads\/2025\/04\/head_pic1_new.jpg\" class=\"wp-post-image wp-image-272\" title=\"head_pic1_new\" alt=\"head_pic1_new\" srcset=\"https:\/\/www.luterlik.edu.ee\/uus\/wp-content\/uploads\/2025\/04\/head_pic1_new.jpg 1200w, https:\/\/www.luterlik.edu.ee\/uus\/wp-content\/uploads\/2025\/04\/head_pic1_new-300x201.jpg 300w, https:\/\/www.luterlik.edu.ee\/uus\/wp-content\/uploads\/2025\/04\/head_pic1_new-1024x684.jpg 1024w, https:\/\/www.luterlik.edu.ee\/uus\/wp-content\/uploads\/2025\/04\/head_pic1_new-768x513.jpg 768w, https:\/\/www.luterlik.edu.ee\/uus\/wp-content\/uploads\/2025\/04\/head_pic1_new-1024x684-978x653.jpg 978w\" sizes=\"auto, (max-width: 1200px) 100vw, 1200px\" \/>    \n        <\/div>\n    <!-- \/image-wrap -->\n    \n        <\/div>\n<!-- \/module image -->        <\/div>\n                        <\/div>\n        <\/div>\n        <\/div>\n<!--\/themify_builder_content-->","protected":false},"excerpt":{"rendered":"<p>&nbsp; Vali \u00f5ppesuunad TLPK p\u00f5hikool TLPK lasteaed TLPK Karolini kool TLPK huvikool TLPK kodu\u00f5pe<\/p>\n","protected":false},"author":1,"featured_media":0,"parent":0,"menu_order":0,"comment_status":"closed","ping_status":"closed","template":"","meta":{"footnotes":""},"class_list":["post-22","page","type-page","status-publish","hentry","has-post-title","has-post-date","has-post-category","has-post-tag","has-post-comment","has-post-author",""],"_links":{"self":[{"href":"https:\/\/www.luterlik.edu.ee\/uus\/wp-json\/wp\/v2\/pages\/22","targetHints":{"allow":["GET"]}}],"collection":[{"href":"https:\/\/www.luterlik.edu.ee\/uus\/wp-json\/wp\/v2\/pages"}],"about":[{"href":"https:\/\/www.luterlik.edu.ee\/uus\/wp-json\/wp\/v2\/types\/page"}],"author":[{"embeddable":true,"href":"https:\/\/www.luterlik.edu.ee\/uus\/wp-json\/wp\/v2\/users\/1"}],"replies":[{"embeddable":true,"href":"https:\/\/www.luterlik.edu.ee\/uus\/wp-json\/wp\/v2\/comments?post=22"}],"version-history":[{"count":32,"href":"https:\/\/www.luterlik.edu.ee\/uus\/wp-json\/wp\/v2\/pages\/22\/revisions"}],"predecessor-version":[{"id":332,"href":"https:\/\/www.luterlik.edu.ee\/uus\/wp-json\/wp\/v2\/pages\/22\/revisions\/332"}],"wp:attachment":[{"href":"https:\/\/www.luterlik.edu.ee\/uus\/wp-json\/wp\/v2\/media?parent=22"}],"curies":[{"name":"wp","href":"https:\/\/api.w.org\/{rel}","templated":true}]}}