{"id":213,"date":"2025-04-21T10:50:36","date_gmt":"2025-04-21T07:50:36","guid":{"rendered":"https:\/\/www.luterlik.edu.ee\/uus\/?page_id=213"},"modified":"2025-04-24T23:56:09","modified_gmt":"2025-04-24T20:56:09","slug":"esmane-opilastele","status":"publish","type":"page","link":"https:\/\/www.luterlik.edu.ee\/uus\/esmane-opilastele\/","title":{"rendered":"ESMANE \u00d5PILASTELE"},"content":{"rendered":"<!--themify_builder_content-->\n<div id=\"themify_builder_content-213\" data-postid=\"213\" class=\"themify_builder_content themify_builder_content-213 themify_builder tf_clear\">\n                    <div  data-lazy=\"1\" class=\"module_row themify_builder_row tb_zu7h212 tb_first tf_w\">\n                        <div class=\"row_inner col_align_top tb_col_count_1 tf_box tf_rel\">\n                        <div  data-lazy=\"1\" class=\"module_column tb-column col-full tb_q615212 first\">\n                    <!-- module text -->\n<div  class=\"module module-text tb_82jl452   \" data-lazy=\"1\">\n        <div  class=\"tb_text_wrap\">\n        <article id=\"post-6186\" class=\"post-6186 page type-page status-publish hentry\"><header class=\"entry-header\"><\/header>\n<p><a href=\"https:\/\/luterlik.ope.ee\/auth\/\" target=\"_blank\" rel=\"noreferrer noopener\">Stuudium<\/a><\/p>\n<p><a href=\"https:\/\/www.luterlik.edu.ee\/wp-content\/uploads\/2025\/01\/Opetajate-konsultatsioonid-2024_2025-Form-responses-1-2-1.pdf\">Konsultatsioonide ajad 2024-2025<\/a><\/p>\n<p><a href=\"https:\/\/www.luterlik.edu.ee\/wp-content\/uploads\/2023\/09\/TLPK-kodukord_2023.pdf\">TLPK p\u00f5hikooli kodukord (2023)<\/a><\/p>\n<p><a href=\"https:\/\/www.luterlik.edu.ee\/inimesed\/kool\/\">\u00d5petajate kontaktid 2024-202<\/a>5<\/p>\n<p><a href=\"https:\/\/www.luterlik.edu.ee\/kool\/koolitoit\/\"> Men\u00fc\u00fc (2024)<\/a><\/p>\n<p><a href=\"https:\/\/www.luterlik.edu.ee\/wp-content\/uploads\/2022\/09\/TLPK-loovto\u0308o\u0308de-la\u0308biviimise-ja-vormistamise-juhend.pdf\">Loovt\u00f6\u00f6de l\u00e4biviimise ja vormistamise juhend<\/a><\/p>\n<p><a href=\"https:\/\/tlpk.edupage.org\/timetable\/view.php\" target=\"_blank\" rel=\"noreferrer noopener\">Tunniplaan 2024-2025<\/a><\/p>\n<\/article>    <\/div>\n<\/div>\n<!-- \/module text -->        <\/div>\n                        <\/div>\n        <\/div>\n        <\/div>\n<!--\/themify_builder_content-->","protected":false},"excerpt":{"rendered":"<p>Stuudium Konsultatsioonide ajad 2024-2025 TLPK p\u00f5hikooli kodukord (2023) \u00d5petajate kontaktid 2024-2025 Men\u00fc\u00fc (2024) Loovt\u00f6\u00f6de l\u00e4biviimise ja vormistamise juhend Tunniplaan 2024-2025<\/p>\n","protected":false},"author":1,"featured_media":285,"parent":0,"menu_order":9,"comment_status":"closed","ping_status":"closed","template":"","meta":{"footnotes":""},"class_list":["post-213","page","type-page","status-publish","has-post-thumbnail","hentry","has-post-title","has-post-date","has-post-category","has-post-tag","has-post-comment","has-post-author",""],"_links":{"self":[{"href":"https:\/\/www.luterlik.edu.ee\/uus\/wp-json\/wp\/v2\/pages\/213","targetHints":{"allow":["GET"]}}],"collection":[{"href":"https:\/\/www.luterlik.edu.ee\/uus\/wp-json\/wp\/v2\/pages"}],"about":[{"href":"https:\/\/www.luterlik.edu.ee\/uus\/wp-json\/wp\/v2\/types\/page"}],"author":[{"embeddable":true,"href":"https:\/\/www.luterlik.edu.ee\/uus\/wp-json\/wp\/v2\/users\/1"}],"replies":[{"embeddable":true,"href":"https:\/\/www.luterlik.edu.ee\/uus\/wp-json\/wp\/v2\/comments?post=213"}],"version-history":[{"count":6,"href":"https:\/\/www.luterlik.edu.ee\/uus\/wp-json\/wp\/v2\/pages\/213\/revisions"}],"predecessor-version":[{"id":338,"href":"https:\/\/www.luterlik.edu.ee\/uus\/wp-json\/wp\/v2\/pages\/213\/revisions\/338"}],"wp:featuredmedia":[{"embeddable":true,"href":"https:\/\/www.luterlik.edu.ee\/uus\/wp-json\/wp\/v2\/media\/285"}],"wp:attachment":[{"href":"https:\/\/www.luterlik.edu.ee\/uus\/wp-json\/wp\/v2\/media?parent=213"}],"curies":[{"name":"wp","href":"https:\/\/api.w.org\/{rel}","templated":true}]}}