{"id":204,"date":"2025-04-21T10:46:28","date_gmt":"2025-04-21T07:46:28","guid":{"rendered":"https:\/\/www.luterlik.edu.ee\/uus\/?page_id=204"},"modified":"2025-04-21T10:46:28","modified_gmt":"2025-04-21T07:46:28","slug":"meie-kirjutame","status":"publish","type":"page","link":"https:\/\/www.luterlik.edu.ee\/uus\/meedias\/meie-kirjutame\/","title":{"rendered":"MEIE KIRJUTAME"},"content":{"rendered":"<!--themify_builder_content-->\n<div id=\"themify_builder_content-204\" data-postid=\"204\" class=\"themify_builder_content themify_builder_content-204 themify_builder tf_clear\">\n                    <div  data-lazy=\"1\" class=\"module_row themify_builder_row tb_u78w952 tb_first tf_w\">\n                        <div class=\"row_inner col_align_top tb_col_count_1 tf_box tf_rel\">\n                        <div  data-lazy=\"1\" class=\"module_column tb-column col-full tb_czqv952 first\">\n                    <!-- module text -->\n<div  class=\"module module-text tb_8k5t677   \" data-lazy=\"1\">\n        <div  class=\"tb_text_wrap\">\n        <div id=\"primary\"><div id=\"content\" class=\"clearfix\"><article id=\"post-168\" class=\"post-168 page type-page status-publish has-post-thumbnail hentry\"><header class=\"entry-header\"><\/header><div class=\"entry-content clearfix\"><p><strong>TLPK inimesed kirjutavad<\/strong><\/p><p>K\u00fclvi Teder: \u00d5ppimine lasteaias \u2013 digivahendiga v\u00f5i ilma?<br \/><a href=\"https:\/\/opleht.ee\/2022\/03\/oppimine-lasteaias-digivahendiga-voi-ilma\/\" target=\"_blank\" rel=\"noopener\">\u00d5petajate Leht<\/a> \/ 11.03.2022<\/p><p>Kristlaseks olemine t\u00e4hendab kuuluda perekonda<br \/><a href=\"http:\/\/www.eestikirik.ee\/kristlaseks-olemine-tahendab-kuuluda-perekonda\/\" target=\"_blank\" rel=\"noopener\">Eesti Kirik<\/a> \/ 05.01.2022<\/p><p>Kadi K\u00fcnnapuu, Irja Toots: Kodu\u00f5pe kui muutuste kasvulava<br \/><a href=\"https:\/\/opleht.ee\/2021\/03\/koduope-kui-muutuste-kasvulava\/\" target=\"_blank\" rel=\"noopener noreferrer\">\u00d5petajate Leht<\/a> \/ 12.03.2021<\/p><p>Triin K\u00e4pp: L\u00e4heme vastu erakordsele kooliaastale<br \/><a href=\"https:\/\/www.err.ee\/1129335\/triin-kapp-laheme-vastu-erakordsele-kooliaastale\" target=\"_blank\" rel=\"noopener noreferrer\">ERR<\/a> \/ 31.08.2020<\/p><p>Toomas Nigola: Distants\u00f5ppelt tagasi kooli v\u00f5i edasi kodu\u00f5ppele?<br \/><a href=\"http:\/\/www.eestikirik.ee\/distantsoppelt-tagasi-kooli-voi-edasi-koduoppele\/\" target=\"_blank\" rel=\"noopener noreferrer\">Eesti Kirik<\/a> \/ 06.05.2020<\/p><p>Kadi K\u00fcnnapuu, Irja Toots: Distants\u00f5ppe ja kodu\u00f5ppe erinevustest<br \/><a href=\"https:\/\/opleht.ee\/2020\/04\/distantsoppe-ja-koduoppe-erinevustest\/\" target=\"_blank\" rel=\"noopener noreferrer\">\u00d5petajate Leht<\/a> \/ 30.04.2020<\/p><p>Kadi K\u00fcnnapuu, Irja Toots: Lapsevanema roll distants\u00f5ppes ja kodu\u00f5ppes<br \/><a href=\"https:\/\/www.err.ee\/1081053\/kadi-kunnapuu-ja-irja-toots-lapsevanema-roll-distantsoppes-ja-koduoppes\" target=\"_blank\" rel=\"noopener noreferrer\">ERR<\/a> \/ 23.04.2020<\/p><p>Toomas Nigola: Aeg muudkui siidina libiseb k\u00e4est<br \/><a href=\"http:\/\/www.eestikirik.ee\/aeg-muudkui-siidina-libiseb-kaest\/\" target=\"_blank\" rel=\"noopener noreferrer\">Eesti Kirik<\/a> \/ 26.02.2020<\/p><p>Tarvo Siilaberg: Argine alandus ja andestus<br \/><a href=\"http:\/\/www.eestikirik.ee\/argine-alandus-ja-andestus\/\" target=\"_blank\" rel=\"noopener noreferrer\">Eesti Kirik<\/a> \/ 19.02.2020<\/p><p>K\u00fclvi Teder: Katkise hingega lastest, turvatunde loomisest ja j\u00f5ulus\u00f5numist<br \/><a href=\"https:\/\/opleht.ee\/2019\/12\/katkise-hingega-lastest-turvatunde-loomisest-ja-joulusonumist\/\" target=\"_blank\" rel=\"noopener noreferrer\">\u00d5petajate Leht<\/a>\u00a0\/ 20.12.2019<\/p><p>Triin K\u00e4pp: S\u00fcdamerahust algab k\u00f5ik<br \/><a href=\"http:\/\/www.eestikirik.ee\/sudamerahust-algab-koik\/\" target=\"_blank\" rel=\"noopener noreferrer\">Eesti Kirik<\/a> \/ 27.11.2019<\/p><p>Tarvo Siilaberg: Mida erilist te siis teete?<br \/><a href=\"http:\/\/www.eestikirik.ee\/mida-erilist-te-siis-teete\/\" target=\"_blank\" rel=\"noopener noreferrer\">Eesti Kirik<\/a> \/ 27.11.2019<\/p><p>Toomas Nigola:\u00a0Kristlik haridus \u2013 kellele ja milleks seda vaja on?<br \/><a href=\"http:\/\/www.eestikirik.ee\/kristlik-haridus-kellele-ja-milleks-seda-vaja-on\/\" target=\"_blank\" rel=\"noopener noreferrer\">Eesti Kirik<\/a> \/ 02.10.2019<\/p><p>Triin K\u00e4pp:\u00a0Kristlike koolide roll liberaalses \u00fchiskonnas Eesti n\u00e4itel<br \/><a href=\"https:\/\/usuteadus.ee\/wp-content\/uploads\/\/2018_2%20(73)\/UA-2018-2-K%C3%A4pp.pdf\" target=\"_blank\" rel=\"noopener noreferrer\">Usuteaduslik ajakiri<\/a> \/ 02\/2018<\/p><p>Triin K\u00e4pp:\u00a0Kristlikud v\u00e4\u00e4rtused 3.0<br \/><a href=\"https:\/\/www.err.ee\/948361\/triin-kapp-kristlikud-vaartused-3-0\" target=\"_blank\" rel=\"noopener noreferrer\">ERR<\/a>\u00a0\/ 02.06.2019<\/p><p>Tarvo Siilaberg: Vabastage kooliv\u00f5rk kohalike poliitikute eestkostest<br \/><a href=\"http:\/\/epl.delfi.ee\/news\/arvamus\/erakooli-juht-vabastage-koolivork-kohalike-poliitikute-eestkostest?id=85347609\" target=\"_blank\" rel=\"noopener noreferrer\">Eesti P\u00e4evaleht ja Delfi<\/a> \/ 17.02.2019<\/p><p>Tarvo Siilaberg:\u00a0Poliitiline hangeldamine tasuta lasteaiaga tuleb l\u00f5petada<br \/><a href=\"http:\/\/opleht.ee\/2019\/02\/poliitiline-hangeldamine-tasuta-lasteaiaga-tuleb-lopetada\/\" target=\"_blank\" rel=\"noopener noreferrer\">\u00d5petajate Leht<\/a> \/ 01.02.2019<\/p><p>Tarvo Siilaberg:\u00a0Kaasavalt juhitud kooli tajub lapsevanem partnerina<br \/><a href=\"https:\/\/eestiuudised.ee\/tarvo-siilaberg-kaasavalt-juhitud-kooli-tajub-lapsevanem-partnerina\/\" target=\"_blank\" rel=\"noopener noreferrer\">Eesti Uudised<\/a> \/ 29.01.2019<\/p><p>Triin K\u00e4pp: Kristlike koolide roll \u00fchiskonnas<br \/><a href=\"http:\/\/kjt.ee\/2018\/11\/kristlike-koolide-roll-uhiskonnas\/\" target=\"_blank\" rel=\"noopener noreferrer\">Kirik ja Teoloogia<\/a> \/ 23.11.2018<\/p><p>Tarvo Siilaberg: Tasuta ja kohustuslik lasteaed ei lahenda tegelikke probleeme<br \/><a href=\"https:\/\/tartu.postimees.ee\/6442450\/tarvo-siilaberg-tasuta-ja-kohustuslik-lasteaed-ei-lahenda-tegelikke-probleeme\" target=\"_blank\" rel=\"noopener noreferrer\">Tartu Postimees<\/a> \/ 31.10.2018<\/p><p>Triin K\u00e4pp: Hindamine ja p\u00f5hikooli l\u00f5pueksamid kirikus<br \/><a href=\"http:\/\/www.eestikirik.ee\/hindamine-ja-pohikooli-lopueksamid-kirikus\/\" target=\"_blank\" rel=\"noopener noreferrer\">Eesti Kirik<\/a> \/ 19.09.2018<\/p><p>Tarvo Siilaberg: P\u00fcha t\u00f6\u00f6<br \/><a href=\"http:\/\/www.eestikirik.ee\/puha-too\/\" target=\"_blank\" rel=\"noopener noreferrer\">Eesti Kirik<\/a> \/ 30.05.2018<\/p><p>K\u00fclvi Teder: Alusharidus \u2013 kas alus haridusteele? II osa<br \/><a href=\"http:\/\/opleht.ee\/2018\/05\/alusharidus-kas-alus-haridusteele-2\/\" target=\"_blank\" rel=\"noopener noreferrer\">\u00d5petajate Leht<\/a> \/ 18.05.2018<\/p><p>K\u00fclvi Teder: Alusharidus \u2013 kas alus haridusteele? I osa<br \/><a href=\"http:\/\/opleht.ee\/2018\/05\/alusharidus-kas-alus-haridusteele\/\" target=\"_blank\" rel=\"noopener noreferrer\">\u00d5petajate Leht<\/a> \/ 11.05.2018<\/p><p>Triin K\u00e4pp: Millisest riiulist otsida j\u00f5ulutunnet?<br \/><a href=\"https:\/\/tartu.postimees.ee\/4350931\/triin-kapp-millisest-riiulist-otsida-joulutunnet\" target=\"_blank\" rel=\"noopener noreferrer\">Tartu Postimees<\/a> \/ 21.12.2017<\/p><p>Tarvo Siilaberg: Kristlike erakoolide rahastamisest<br \/><a href=\"http:\/\/www.eestikirik.ee\/kristlike-erakoolide-rahastamisest\/\" target=\"_blank\" rel=\"noopener noreferrer\">Eesti Kirik<\/a> \/ 18.10.2017<\/p><p>Tarvo Siilaberg: Ettepanekud hoolekogu \u00fcmberm\u00f5testamiseks ja avatuma kooli pidamiseks<br \/><a href=\"http:\/\/opleht.ee\/2017\/10\/ettepanekud-hoolekogu-umbermotestamiseks-ja-avatuma-kooli-pidamiseks\/\" target=\"_blank\" rel=\"noopener noreferrer\">\u00d5petajate Leht<\/a> \/ 06.10.2017<\/p><p>Triin K\u00e4pp: Kristlus kui maailmavaade<br \/><a href=\"http:\/\/www.err.ee\/634491\/triin-kapp-kristlus-kui-maailmavaade\" target=\"_blank\" rel=\"noopener noreferrer\">ERR<\/a> \/ 05.10.2017<\/p><p>Tarvo Siilaberg: P\u00fcha piiril<br \/><a href=\"http:\/\/www.eestikirik.ee\/author\/tarvosiilaberg\/\">Eesti Kirik<\/a>\u00a0\/ 04.10.2017<\/p><p>Tarvo Siilaberg: Kuidas luua kogukondlikku kooli?<br \/><a href=\"http:\/\/tartu.postimees.ee\/4246395\/tarvo-siilaberg-kuidas-luua-kogukondlikku-kooli\" target=\"_blank\" rel=\"noopener noreferrer\">Tartu Postimees<\/a>\u00a0\/ 18.09.2017<\/p><p>Triin K\u00e4pp: Kooli, kooli, kooli me, kooli s\u00f5brad l\u00e4heme\u2026<br \/><a href=\"http:\/\/minupere.com\/pereblogid\/triin\/kooli-kooli-kooli-kooli-sobrad-laheme\/\" target=\"_blank\" rel=\"noopener noreferrer\">Minu Pere<\/a>\u00a0\/ 31.08.2017<\/p><p>Triin K\u00e4pp:\u00a0Teeme suvevaheaja l\u00fchemaks!<br \/><a href=\"http:\/\/naine24.postimees.ee\/4189285\/tootava-ema-radikaalne-ettepanek-teeme-suvevaheaja-luhemaks\" target=\"_blank\" rel=\"noopener noreferrer\">Postimees<\/a> \/ 26.07.2017<\/p><p>Tarvo Siilaberg: Koolmeistrist esiisa k\u00fcmme p\u00f5lvkonda tagasi \u2013 Sila Peep<br \/><a href=\"http:\/\/opleht.ee\/2017\/06\/koolmeistrist-esiisa-kumme-polvkonda-tagasi-sila-peep\/\" target=\"_blank\" rel=\"noopener noreferrer\">\u00d5petajate Leht<\/a> \/ 02.06.2017<\/p><p>K\u00fclvi Teder:\u00a0Lugude jutustamine on hea viis \u00f5petamiseks<br \/><a href=\"http:\/\/opleht.ee\/2017\/05\/lugude-jutustamine-on-hea-viis-opetamiseks\/\" target=\"_blank\" rel=\"noopener noreferrer\">\u00d5petajate Leht<\/a> \/ 12.05.2017<\/p><p>Ants Tooming: M\u00f5tisklus Eesti vaba rahvakiriku \u00fcle<br \/><a href=\"http:\/\/www.eestikirik.ee\/motisklus-eesti-vaba-rahvakiriku-ule\/\" target=\"_blank\" rel=\"noopener noreferrer\">Eesti Kirik<\/a>\u00a0\/ 26.04.2017<\/p><p>Triin K\u00e4pp: eestlased ei ole \u00fcldse usuleiged, vaid usuvad lihtsalt erinevaid asju<br \/><a href=\"http:\/\/tartu.postimees.ee\/4078059\/opetaja-triin-kapp-eestlased-ei-ole-uldse-usuleiged-vaid-usuvad-lihtsalt-erinevaid-asju\" target=\"_blank\" rel=\"noopener noreferrer\">Tartu Postimees<\/a>\u00a0\/ 14.04.2017<\/p><p>Tuuli Hiiesalu: \u00d5pilane k\u00fcsib, tulevane \u00f5petaja vastab<br \/><a href=\"http:\/\/opleht.ee\/2017\/03\/opilane-kusib-tulevane-opetaja-vastab\/\" target=\"_blank\" rel=\"noopener noreferrer\">\u00d5petajate Leht<\/a> \/ 17.03.2017<\/p><p>Tarvo Siilaberg: Millist kooli me tegelikult soovime?<br \/><a href=\"http:\/\/opleht.ee\/2017\/01\/millist-kooli-me-tegelikult-soovime\/\" target=\"_blank\" rel=\"noopener noreferrer\">\u00d5petajate Leht \/ 27.01.2017<\/a><\/p><p>Tarvo Siilaberg: Tartu erakoolid \u2013 rahvusliku kooli teerajajad<br \/><a href=\"http:\/\/tartu.postimees.ee\/3900031\/tartu-erakoolid-rahvusliku-kooli-teerajad\" target=\"_blank\" rel=\"noopener noreferrer\">Tartu Postimees \/ 07.11.2016<\/a><\/p><p>Triin K\u00e4pp: Mis on era-, eri- ja eliitkool ning kes v\u00f5i mis on riik?<br \/><a href=\"http:\/\/uudised.err.ee\/v\/arvamus\/51968c60-a499-486e-bfc8-b08c266949ba\/triin-kapp-era--eri--ja-eliitkool-ning-kes-voi-mis-on-riik\" target=\"_blank\" rel=\"noopener noreferrer\">ERR \/ 06.06.2016<\/a><\/p><p>Tarvo Siilaberg: Mida oli Eestil \u00f5ppida 2015. aastast?<br \/><a href=\"http:\/\/opleht.ee\/2015\/12\/mida-oli-eestil-oppida-2015-aastast\/\" target=\"_blank\" rel=\"noopener noreferrer\">\u00d5petajate Leht \/ 18.12.21015<\/a><\/p><p>Tarvo Siilaberg: Miks riik h\u00fclgab oma kohustuse kooliv\u00f5rgu ees?<br \/><a href=\"http:\/\/opleht.ee\/2015\/12\/miks-riik-hulgab-oma-kohustuse-koolivorgu-ees\/\" target=\"_blank\" rel=\"noopener noreferrer\">\u00d5petajate Leht \/ 11.12.2015<\/a><\/p><p>Triin K\u00e4pp: Et teie hing, vaim ja ihu oleks hoitud laitmatud \u2026<br \/><a href=\"http:\/\/www.eestikirik.ee\/et-teie-hing-vaim-ja-ihu-oleks-hoitud-laitmatud\/\" target=\"_blank\" rel=\"noopener noreferrer\">Eesti Kirik \/ 11.11.2015<\/a><\/p><p>Tarvo Siilaberg: Erakoolide tasal\u00fclitamine on m\u00e4\u00e4ratud nurjuma.<br \/><a href=\"http:\/\/tartu.postimees.ee\/3392853\/tarvo-siilaberg-erakoolide-tasalulitamine-on-maaratud-nurjuma\" target=\"_blank\" rel=\"noopener noreferrer\">Tartu Postimees \/ 10.11.2015<\/a><\/p><p>Tarvo Siilaberg: Miks peame end kaitsma oma riigi hariduspoliitika eest?<br \/><a href=\"http:\/\/opleht.ee\/2015\/11\/miks-peame-end-kaitsma-oma-riigi-hariduspoliitika-eest\/\" target=\"_blank\" rel=\"noopener noreferrer\">\u00d5petajate Leht \/ 06.11.2015<\/a><\/p><p>Triin K\u00e4pp: Milline kooliaste on k\u00f5ige t\u00e4htsam?<br \/><a href=\"http:\/\/uudised.err.ee\/v\/arvamus\/b4586929-1a8c-4e90-bb0c-e0b854c238fb\" target=\"_blank\" rel=\"noopener noreferrer\">ERR, 28.05.2015<\/a><\/p><p>Tarvo Siilaberg. Erakoolide loomine ja kasvamine on tegelik kooliuuendus.<br \/><a href=\"http:\/\/arvamus.postimees.ee\/3171157\/tarvo-siilaberg-erakoolide-loomine-ja-kasvamine-on-tegelik-kooliuuendus\" target=\"_blank\" rel=\"noopener noreferrer\">Postimees \/ 28.04.2015<\/a><\/p><p>Tarvo Siilaberg. Vabakondlik kool \u2013 Eesti hariduss\u00fcsteemi teadvustamata v\u00f5imalus.<br \/><a href=\"http:\/\/opleht.ee\/20707-vabakondlik-kool-eesti-haridussusteemi-teadvustamata-voimalus\/\" target=\"_blank\" rel=\"noopener noreferrer\">\u00d5petajate Leht \/ 06.02.2015<\/a><\/p><p>Tarvo Siilaberg. Eralasteaiad annavad vanemale valikuvabaduse.<br \/><a href=\"http:\/\/www.tartuekspress.ee\/index.php\" target=\"_blank\" rel=\"noopener noreferrer\">Tartu Ekspress \/ 15.01.2015<\/a><\/p><p>K\u00fclvi Teder. Lasteaias tuleb loovusele t\u00e4helepanu p\u00f6\u00f6rata.<br \/><a href=\"http:\/\/arvamus.postimees.ee\/2819382\/lasteaias-tuleb-loovusele-tahelepanu-poorata\" target=\"_blank\" rel=\"noopener noreferrer\">Postimees \/ 07.06.2014<\/a><\/p><p>K\u00fclvi Teder. Hea lasteaed toetab loovust.<br \/><a href=\"http:\/\/opleht.ee\/16173-hea-lasteaed-toetab-loovust\/\" target=\"_blank\" rel=\"noopener noreferrer\">\u00d5petajate Leht \/ 06.06.2014<\/a><\/p><p>Triin K\u00e4pp. Kiriku roll \u00fchiskonnas.<br \/><a href=\"http:\/\/www.eestikirik.ee\/kiriku-roll-uhiskonnas\/\" target=\"_blank\" rel=\"noopener noreferrer\">Eesti Kirik \/ 04.06.2014<\/a><\/p><p>Tuuli Hiiesalu. Meedia- ja suhtlemis\u00f5petus algkoolis.<br \/><a href=\"http:\/\/opleht.ee\/15939-meedia-ja-suhtlemisopetus-algkoolis\/\" target=\"_blank\" rel=\"noopener noreferrer\">\u00d5petajate Leht \/ 30.05.2014<\/a><\/p><p>Tarvo Siilaberg. Isiklik Tartu.<br \/><a href=\"http:\/\/tartu.postimees.ee\/2770748\/tarvo-siilaberg-isiklik-tartu\" target=\"_blank\" rel=\"noopener noreferrer\">Postimees \/ 23.04.2014<\/a><\/p><p>K\u00fclvi Teder. Milliseid p\u00fchasid vajab laps?<br \/><a href=\"http:\/\/opleht.ee\/11541-milliseid-puhasid-vajab-laps\/\" target=\"_blank\" rel=\"noopener noreferrer\">\u00d5petajate Leht \/ 03.12.2013<\/a><\/p><p>Tarvo Siilaberg. Otsitakse \u00f5petajat?<br \/><a href=\"http:\/\/opleht.ee\/8693-otsitakse-opetajat\/\" target=\"_blank\" rel=\"noopener noreferrer\">\u00d5petajate Leht \/ 12.09.2013<\/a><\/p><p>Tarvo Siilaberg. Kelle huve esindab erakool?<br \/><a href=\"http:\/\/arvamus.postimees.ee\/1359462\/siilaberg-kelle-huve-esindab-erakool\" target=\"_blank\" rel=\"noopener noreferrer\">Postimees \/ 25.08.2013<\/a><\/p><p>Triin K\u00e4pp. Usu\u00f5petus, usundi\u00f5petus ja religiooni\u00f5petus.<br \/><a href=\"http:\/\/kjt.ee\/2012\/11\/usuopetus-usundiopetus-ja-religiooniopetus\/\" target=\"_blank\" rel=\"noopener noreferrer\">Kirik ja Teoloogia \/ 08.11.2012<\/a><\/p><p>Triin K\u00e4pp, K\u00fclvi Teder, Tarvo Siilaberg. Peetri kool: tahame taastada luterlikku haridustraditsiooni.<br \/><a href=\"http:\/\/www.tartupostimees.ee\/1031026\/peetri-kool-tahame-taastada-luterlikku-haridustraditsiooni\/\" target=\"_blank\" rel=\"noopener noreferrer\">Tartu Postimees \/ 06.11.2012<\/a><\/p><\/div><\/article><\/div><\/div>    <\/div>\n<\/div>\n<!-- \/module text -->        <\/div>\n                        <\/div>\n        <\/div>\n        <\/div>\n<!--\/themify_builder_content-->","protected":false},"excerpt":{"rendered":"<p>TLPK inimesed kirjutavad K\u00fclvi Teder: \u00d5ppimine lasteaias \u2013 digivahendiga v\u00f5i ilma? \u00d5petajate Leht \/ 11.03.2022 Kristlaseks olemine t\u00e4hendab kuuluda perekonda Eesti Kirik \/ 05.01.2022 Kadi K\u00fcnnapuu, Irja Toots: Kodu\u00f5pe kui muutuste kasvulava \u00d5petajate Leht \/ 12.03.2021 Triin K\u00e4pp: L\u00e4heme vastu erakordsele kooliaastale ERR \/ 31.08.2020 Toomas Nigola: Distants\u00f5ppelt tagasi kooli v\u00f5i edasi kodu\u00f5ppele? Eesti Kirik [&hellip;]<\/p>\n","protected":false},"author":1,"featured_media":0,"parent":198,"menu_order":0,"comment_status":"closed","ping_status":"closed","template":"","meta":{"footnotes":""},"class_list":["post-204","page","type-page","status-publish","hentry","has-post-title","has-post-date","has-post-category","has-post-tag","has-post-comment","has-post-author",""],"_links":{"self":[{"href":"https:\/\/www.luterlik.edu.ee\/uus\/wp-json\/wp\/v2\/pages\/204","targetHints":{"allow":["GET"]}}],"collection":[{"href":"https:\/\/www.luterlik.edu.ee\/uus\/wp-json\/wp\/v2\/pages"}],"about":[{"href":"https:\/\/www.luterlik.edu.ee\/uus\/wp-json\/wp\/v2\/types\/page"}],"author":[{"embeddable":true,"href":"https:\/\/www.luterlik.edu.ee\/uus\/wp-json\/wp\/v2\/users\/1"}],"replies":[{"embeddable":true,"href":"https:\/\/www.luterlik.edu.ee\/uus\/wp-json\/wp\/v2\/comments?post=204"}],"version-history":[{"count":2,"href":"https:\/\/www.luterlik.edu.ee\/uus\/wp-json\/wp\/v2\/pages\/204\/revisions"}],"predecessor-version":[{"id":206,"href":"https:\/\/www.luterlik.edu.ee\/uus\/wp-json\/wp\/v2\/pages\/204\/revisions\/206"}],"up":[{"embeddable":true,"href":"https:\/\/www.luterlik.edu.ee\/uus\/wp-json\/wp\/v2\/pages\/198"}],"wp:attachment":[{"href":"https:\/\/www.luterlik.edu.ee\/uus\/wp-json\/wp\/v2\/media?parent=204"}],"curies":[{"name":"wp","href":"https:\/\/api.w.org\/{rel}","templated":true}]}}