{"id":191,"date":"2025-04-21T10:43:09","date_gmt":"2025-04-21T07:43:09","guid":{"rendered":"https:\/\/www.luterlik.edu.ee\/uus\/?page_id=191"},"modified":"2025-04-21T10:43:09","modified_gmt":"2025-04-21T07:43:09","slug":"2022-kroonika","status":"publish","type":"page","link":"https:\/\/www.luterlik.edu.ee\/uus\/ajalugu\/2022-kroonika\/","title":{"rendered":"2022 KROONIKA"},"content":{"rendered":"<!--themify_builder_content-->\n<div id=\"themify_builder_content-191\" data-postid=\"191\" class=\"themify_builder_content themify_builder_content-191 themify_builder tf_clear\">\n                    <div  data-lazy=\"1\" class=\"module_row themify_builder_row tb_58a2396 tb_first tf_w\">\n                        <div class=\"row_inner col_align_top tb_col_count_1 tf_box tf_rel\">\n                        <div  data-lazy=\"1\" class=\"module_column tb-column col-full tb_sqb2396 first\">\n                    <!-- module text -->\n<div  class=\"module module-text tb_zzt5181   \" data-lazy=\"1\">\n        <div  class=\"tb_text_wrap\">\n        <div id=\"primary\"><div id=\"content\" class=\"clearfix\"><article id=\"post-6491\" class=\"post-6491 page type-page status-publish has-post-thumbnail hentry\"><header class=\"entry-header\"><\/header><div class=\"entry-content clearfix\"><p><a href=\"https:\/\/www.luterlik.edu.ee\/wp-content\/uploads\/2022\/02\/TLPK_tegevuse-kokkuvote_01.2022.pdf\" target=\"_blank\" rel=\"noreferrer noopener\">Jaanuar 2022<\/a><\/p><p><a href=\"https:\/\/www.luterlik.edu.ee\/wp-content\/uploads\/2022\/03\/TLPK_tegevuse-kokkuvote_02.2022.pdf\" target=\"_blank\" rel=\"noreferrer noopener\">Veebruar 2022<\/a><\/p><p><a href=\"https:\/\/www.luterlik.edu.ee\/wp-content\/uploads\/2022\/04\/TLPK_tegevuse-kokkuvote_03.2022.pdf\" target=\"_blank\" rel=\"noreferrer noopener\">M\u00e4rts 2022<\/a><\/p><p><a href=\"https:\/\/www.luterlik.edu.ee\/wp-content\/uploads\/2022\/05\/TLPK_tegevuse-kokkuvote_04.2022.pdf\" target=\"_blank\" rel=\"noreferrer noopener\">Aprill 2022<\/a><\/p><p><a href=\"https:\/\/www.luterlik.edu.ee\/wp-content\/uploads\/2022\/06\/TLPK_tegevuse-kokkuvote_05-06.2022.pdf\" target=\"_blank\" rel=\"noreferrer noopener\">Mai ja \u00f5ppeaasta l\u00f5pp 2022<\/a><\/p><\/div><\/article><\/div><\/div>    <\/div>\n<\/div>\n<!-- \/module text -->        <\/div>\n                        <\/div>\n        <\/div>\n        <\/div>\n<!--\/themify_builder_content-->","protected":false},"excerpt":{"rendered":"<p>Jaanuar 2022 Veebruar 2022 M\u00e4rts 2022 Aprill 2022 Mai ja \u00f5ppeaasta l\u00f5pp 2022<\/p>\n","protected":false},"author":1,"featured_media":0,"parent":156,"menu_order":0,"comment_status":"closed","ping_status":"closed","template":"","meta":{"footnotes":""},"class_list":["post-191","page","type-page","status-publish","hentry","has-post-title","has-post-date","has-post-category","has-post-tag","has-post-comment","has-post-author",""],"_links":{"self":[{"href":"https:\/\/www.luterlik.edu.ee\/uus\/wp-json\/wp\/v2\/pages\/191","targetHints":{"allow":["GET"]}}],"collection":[{"href":"https:\/\/www.luterlik.edu.ee\/uus\/wp-json\/wp\/v2\/pages"}],"about":[{"href":"https:\/\/www.luterlik.edu.ee\/uus\/wp-json\/wp\/v2\/types\/page"}],"author":[{"embeddable":true,"href":"https:\/\/www.luterlik.edu.ee\/uus\/wp-json\/wp\/v2\/users\/1"}],"replies":[{"embeddable":true,"href":"https:\/\/www.luterlik.edu.ee\/uus\/wp-json\/wp\/v2\/comments?post=191"}],"version-history":[{"count":2,"href":"https:\/\/www.luterlik.edu.ee\/uus\/wp-json\/wp\/v2\/pages\/191\/revisions"}],"predecessor-version":[{"id":193,"href":"https:\/\/www.luterlik.edu.ee\/uus\/wp-json\/wp\/v2\/pages\/191\/revisions\/193"}],"up":[{"embeddable":true,"href":"https:\/\/www.luterlik.edu.ee\/uus\/wp-json\/wp\/v2\/pages\/156"}],"wp:attachment":[{"href":"https:\/\/www.luterlik.edu.ee\/uus\/wp-json\/wp\/v2\/media?parent=191"}],"curies":[{"name":"wp","href":"https:\/\/api.w.org\/{rel}","templated":true}]}}