{"id":188,"date":"2025-04-21T10:42:42","date_gmt":"2025-04-21T07:42:42","guid":{"rendered":"https:\/\/www.luterlik.edu.ee\/uus\/?page_id=188"},"modified":"2025-04-21T10:42:42","modified_gmt":"2025-04-21T07:42:42","slug":"2021-kroonika","status":"publish","type":"page","link":"https:\/\/www.luterlik.edu.ee\/uus\/ajalugu\/2021-kroonika\/","title":{"rendered":"2021 KROONIKA"},"content":{"rendered":"<!--themify_builder_content-->\n<div id=\"themify_builder_content-188\" data-postid=\"188\" class=\"themify_builder_content themify_builder_content-188 themify_builder tf_clear\">\n                    <div  data-lazy=\"1\" class=\"module_row themify_builder_row tb_3bz1802 tb_first tf_w\">\n                        <div class=\"row_inner col_align_top tb_col_count_1 tf_box tf_rel\">\n                        <div  data-lazy=\"1\" class=\"module_column tb-column col-full tb_wv2g802 first\">\n                    <!-- module text -->\n<div  class=\"module module-text tb_hoqx506   \" data-lazy=\"1\">\n        <div  class=\"tb_text_wrap\">\n        <div id=\"primary\"><div id=\"content\" class=\"clearfix\"><article id=\"post-5324\" class=\"post-5324 page type-page status-publish has-post-thumbnail hentry\"><header class=\"entry-header\"><\/header><div class=\"entry-content clearfix\"><p><a href=\"https:\/\/www.luterlik.edu.ee\/wp-content\/uploads\/2021\/02\/TLPK_tegevuse-kokkuv\u00f5te_01.2021.pdf\" target=\"_blank\" rel=\"noreferrer noopener\">Jaanuar 2021<\/a><\/p><p><a href=\"https:\/\/www.luterlik.edu.ee\/wp-content\/uploads\/2021\/03\/TLPK_tegevuse-kokkuv\u00f5te_02.2021.pdf\" target=\"_blank\" rel=\"noreferrer noopener\">Veebruar 2021<\/a><\/p><p><a href=\"https:\/\/www.luterlik.edu.ee\/wp-content\/uploads\/2021\/04\/TLPK_tegevuse-kokkuv\u00f5te_03.2021.pdf\" target=\"_blank\" rel=\"noreferrer noopener\">M\u00e4rts 2021<\/a><\/p><p><a href=\"https:\/\/www.luterlik.edu.ee\/wp-content\/uploads\/2021\/05\/TLPK_tegevuse-kokkuv\u00f5te_04.2021-2.pdf\" target=\"_blank\" rel=\"noreferrer noopener\">Aprill 2021<\/a><\/p><p><a href=\"https:\/\/www.luterlik.edu.ee\/wp-content\/uploads\/2021\/06\/TLPK_tegevuse-kokkuv\u00f5te_05-06.2021-1.pdf\" target=\"_blank\" rel=\"noreferrer noopener\">Mai ja \u00f5ppeaasta l\u00f5pp 2021<\/a><\/p><p><a href=\"https:\/\/www.luterlik.edu.ee\/wp-content\/uploads\/2021\/08\/TLPK-arengud-ja-muudatused-2021-2022_august.pdf\" target=\"_blank\" rel=\"noreferrer noopener\">\u00d5ppeaasta algus 2021<\/a><\/p><p><a href=\"https:\/\/www.luterlik.edu.ee\/wp-content\/uploads\/2021\/10\/TLPK_tegevuse-kokkuv\u00f5te_09.2021-2.pdf\" target=\"_blank\" rel=\"noreferrer noopener\">September 2021<\/a><\/p><p><a href=\"https:\/\/www.luterlik.edu.ee\/wp-content\/uploads\/2021\/11\/TLPK_tegevuse-kokkuv\u00f5te_10.2021.pdf\" target=\"_blank\" rel=\"noreferrer noopener\">Oktoober 2021<\/a><\/p><p><a href=\"https:\/\/www.luterlik.edu.ee\/wp-content\/uploads\/2021\/12\/TLPK_tegevuse-kokkuv\u00f5te_11.2021.pdf\" target=\"_blank\" rel=\"noreferrer noopener\">November 2021<\/a><\/p><p><a href=\"https:\/\/www.luterlik.edu.ee\/wp-content\/uploads\/2022\/01\/TLPK_tegevuse-kokkuv\u00f5te_12.2021.pdf\" target=\"_blank\" rel=\"noreferrer noopener\">Detsember 2021<\/a><\/p><\/div><\/article><\/div><\/div>    <\/div>\n<\/div>\n<!-- \/module text -->        <\/div>\n                        <\/div>\n        <\/div>\n        <\/div>\n<!--\/themify_builder_content-->","protected":false},"excerpt":{"rendered":"<p>Jaanuar 2021 Veebruar 2021 M\u00e4rts 2021 Aprill 2021 Mai ja \u00f5ppeaasta l\u00f5pp 2021 \u00d5ppeaasta algus 2021 September 2021 Oktoober 2021 November 2021 Detsember 2021<\/p>\n","protected":false},"author":1,"featured_media":0,"parent":156,"menu_order":0,"comment_status":"closed","ping_status":"closed","template":"","meta":{"footnotes":""},"class_list":["post-188","page","type-page","status-publish","hentry","has-post-title","has-post-date","has-post-category","has-post-tag","has-post-comment","has-post-author",""],"_links":{"self":[{"href":"https:\/\/www.luterlik.edu.ee\/uus\/wp-json\/wp\/v2\/pages\/188","targetHints":{"allow":["GET"]}}],"collection":[{"href":"https:\/\/www.luterlik.edu.ee\/uus\/wp-json\/wp\/v2\/pages"}],"about":[{"href":"https:\/\/www.luterlik.edu.ee\/uus\/wp-json\/wp\/v2\/types\/page"}],"author":[{"embeddable":true,"href":"https:\/\/www.luterlik.edu.ee\/uus\/wp-json\/wp\/v2\/users\/1"}],"replies":[{"embeddable":true,"href":"https:\/\/www.luterlik.edu.ee\/uus\/wp-json\/wp\/v2\/comments?post=188"}],"version-history":[{"count":2,"href":"https:\/\/www.luterlik.edu.ee\/uus\/wp-json\/wp\/v2\/pages\/188\/revisions"}],"predecessor-version":[{"id":190,"href":"https:\/\/www.luterlik.edu.ee\/uus\/wp-json\/wp\/v2\/pages\/188\/revisions\/190"}],"up":[{"embeddable":true,"href":"https:\/\/www.luterlik.edu.ee\/uus\/wp-json\/wp\/v2\/pages\/156"}],"wp:attachment":[{"href":"https:\/\/www.luterlik.edu.ee\/uus\/wp-json\/wp\/v2\/media?parent=188"}],"curies":[{"name":"wp","href":"https:\/\/api.w.org\/{rel}","templated":true}]}}