{"id":185,"date":"2025-04-21T10:42:12","date_gmt":"2025-04-21T07:42:12","guid":{"rendered":"https:\/\/www.luterlik.edu.ee\/uus\/?page_id=185"},"modified":"2025-04-21T10:42:12","modified_gmt":"2025-04-21T07:42:12","slug":"2020-kroonika","status":"publish","type":"page","link":"https:\/\/www.luterlik.edu.ee\/uus\/ajalugu\/2020-kroonika\/","title":{"rendered":"2020 KROONIKA"},"content":{"rendered":"<!--themify_builder_content-->\n<div id=\"themify_builder_content-185\" data-postid=\"185\" class=\"themify_builder_content themify_builder_content-185 themify_builder tf_clear\">\n                    <div  data-lazy=\"1\" class=\"module_row themify_builder_row tb_tgpq334 tb_first tf_w\">\n                        <div class=\"row_inner col_align_top tb_col_count_1 tf_box tf_rel\">\n                        <div  data-lazy=\"1\" class=\"module_column tb-column col-full tb_ur2r334 first\">\n                    <!-- module text -->\n<div  class=\"module module-text tb_7jww123   \" data-lazy=\"1\">\n        <div  class=\"tb_text_wrap\">\n        <div id=\"primary\"><div id=\"content\" class=\"clearfix\"><article id=\"post-4409\" class=\"post-4409 page type-page status-publish has-post-thumbnail hentry\"><header class=\"entry-header\"><\/header><div class=\"entry-content clearfix\"><p><img decoding=\"async\" class=\"wp-image-4450\" src=\"https:\/\/www.luterlik.edu.ee\/wp-content\/uploads\/2020\/02\/TLPK_tegevuse-kokkuv\u00f5te_01.2020.pdf\" alt=\"\" \/> <a href=\"https:\/\/www.luterlik.edu.ee\/wp-content\/uploads\/2020\/02\/TLPK_tegevuse%20kokkuv%C3%B5te_01.2020.pdf\">Jaanuar 2020 <\/a><\/p><p><a href=\"https:\/\/www.luterlik.edu.ee\/wp-content\/uploads\/2020\/03\/TLPK_tegevuse-kokkuv\u00f5te_02.2020.pdf\">Veebruar 2020<\/a><\/p><p><a href=\"https:\/\/www.luterlik.edu.ee\/wp-content\/uploads\/2020\/04\/TLPK_tegevuse-kokkuv\u00f5te_03.2020-1.pdf\" target=\"_blank\" rel=\"noreferrer noopener\">M\u00e4rts 2020<\/a><\/p><p><a href=\"https:\/\/www.luterlik.edu.ee\/wp-content\/uploads\/2020\/05\/TLPK_tegevuse-kokkuv\u00f5te_04.2020.pdf\" target=\"_blank\" rel=\"noreferrer noopener\">Aprill 2020<\/a><\/p><p><a href=\"https:\/\/www.luterlik.edu.ee\/wp-content\/uploads\/2020\/06\/TLPK_tegevuse-kokkuv\u00f5te_05.-06.2020.pdf\" target=\"_blank\" rel=\"noreferrer noopener\">Mai ja \u00f5ppeaasta l\u00f5pp 2020<\/a><\/p><p><a href=\"https:\/\/www.luterlik.edu.ee\/wp-content\/uploads\/2020\/10\/TLPK-arengud-ja-muudatused-2020-2021_august.pdf\" target=\"_blank\" rel=\"noreferrer noopener\">\u00d5ppeaasta algus 2020<\/a><\/p><p><a href=\"https:\/\/www.luterlik.edu.ee\/wp-content\/uploads\/2020\/10\/TLPK_tegevuse-kokkuv\u00f5te_09.2020-2.pdf\" target=\"_blank\" rel=\"noreferrer noopener\">September 2020<\/a><\/p><p><a href=\"https:\/\/www.luterlik.edu.ee\/wp-content\/uploads\/2020\/11\/TLPK_tegevuse-kokkuv\u00f5te_10.2020.pdf\" target=\"_blank\" rel=\"noreferrer noopener\">Oktoober 2020<\/a><\/p><p><a href=\"https:\/\/www.luterlik.edu.ee\/wp-content\/uploads\/2020\/12\/TLPK_tegevuse-kokkuv\u00f5te_11.2020.pdf\" target=\"_blank\" rel=\"noreferrer noopener\">November 2020<\/a><\/p><p><a href=\"https:\/\/www.luterlik.edu.ee\/wp-content\/uploads\/2020\/12\/TLPK_tegevuse-kokkuv\u00f5te_12.2020-1.pdf\" target=\"_blank\" rel=\"noreferrer noopener\">Detsember 2020<\/a><\/p><\/div><\/article><\/div><\/div>    <\/div>\n<\/div>\n<!-- \/module text -->        <\/div>\n                        <\/div>\n        <\/div>\n        <\/div>\n<!--\/themify_builder_content-->","protected":false},"excerpt":{"rendered":"<p>Jaanuar 2020 Veebruar 2020 M\u00e4rts 2020 Aprill 2020 Mai ja \u00f5ppeaasta l\u00f5pp 2020 \u00d5ppeaasta algus 2020 September 2020 Oktoober 2020 November 2020 Detsember 2020<\/p>\n","protected":false},"author":1,"featured_media":0,"parent":156,"menu_order":0,"comment_status":"closed","ping_status":"closed","template":"","meta":{"footnotes":""},"class_list":["post-185","page","type-page","status-publish","hentry","has-post-title","has-post-date","has-post-category","has-post-tag","has-post-comment","has-post-author",""],"_links":{"self":[{"href":"https:\/\/www.luterlik.edu.ee\/uus\/wp-json\/wp\/v2\/pages\/185","targetHints":{"allow":["GET"]}}],"collection":[{"href":"https:\/\/www.luterlik.edu.ee\/uus\/wp-json\/wp\/v2\/pages"}],"about":[{"href":"https:\/\/www.luterlik.edu.ee\/uus\/wp-json\/wp\/v2\/types\/page"}],"author":[{"embeddable":true,"href":"https:\/\/www.luterlik.edu.ee\/uus\/wp-json\/wp\/v2\/users\/1"}],"replies":[{"embeddable":true,"href":"https:\/\/www.luterlik.edu.ee\/uus\/wp-json\/wp\/v2\/comments?post=185"}],"version-history":[{"count":2,"href":"https:\/\/www.luterlik.edu.ee\/uus\/wp-json\/wp\/v2\/pages\/185\/revisions"}],"predecessor-version":[{"id":187,"href":"https:\/\/www.luterlik.edu.ee\/uus\/wp-json\/wp\/v2\/pages\/185\/revisions\/187"}],"up":[{"embeddable":true,"href":"https:\/\/www.luterlik.edu.ee\/uus\/wp-json\/wp\/v2\/pages\/156"}],"wp:attachment":[{"href":"https:\/\/www.luterlik.edu.ee\/uus\/wp-json\/wp\/v2\/media?parent=185"}],"curies":[{"name":"wp","href":"https:\/\/api.w.org\/{rel}","templated":true}]}}