{"id":182,"date":"2025-04-21T10:41:26","date_gmt":"2025-04-21T07:41:26","guid":{"rendered":"https:\/\/www.luterlik.edu.ee\/uus\/?page_id=182"},"modified":"2025-04-21T10:41:26","modified_gmt":"2025-04-21T07:41:26","slug":"2019-kroonika","status":"publish","type":"page","link":"https:\/\/www.luterlik.edu.ee\/uus\/ajalugu\/2019-kroonika\/","title":{"rendered":"2019 KROONIKA"},"content":{"rendered":"<!--themify_builder_content-->\n<div id=\"themify_builder_content-182\" data-postid=\"182\" class=\"themify_builder_content themify_builder_content-182 themify_builder tf_clear\">\n                    <div  data-lazy=\"1\" class=\"module_row themify_builder_row tb_8vgp903 tb_first tf_w\">\n                        <div class=\"row_inner col_align_top tb_col_count_1 tf_box tf_rel\">\n                        <div  data-lazy=\"1\" class=\"module_column tb-column col-full tb_crnc903 first\">\n                    <!-- module text -->\n<div  class=\"module module-text tb_bar7278   \" data-lazy=\"1\">\n        <div  class=\"tb_text_wrap\">\n        <div id=\"primary\"><div id=\"content\" class=\"clearfix\"><article id=\"post-3291\" class=\"post-3291 page type-page status-publish has-post-thumbnail hentry\"><header class=\"entry-header\"><\/header><div class=\"entry-content clearfix\"><p><a href=\"https:\/\/www.luterlik.edu.ee\/wp-content\/uploads\/2019\/02\/TLPK_tegevuse-kokkuv\u00f5te_01.2019-3.pdf\" target=\"_blank\" rel=\"noopener noreferrer\">Jaanuar 2019<\/a><\/p><p><a href=\"https:\/\/www.luterlik.edu.ee\/wp-content\/uploads\/2019\/03\/TLPK_tegevuse-kokkuv\u00f5te_02.2019-5.pdf\" target=\"_blank\" rel=\"noopener noreferrer\">Veebruar 2019<\/a><\/p><p><a href=\"https:\/\/www.luterlik.edu.ee\/wp-content\/uploads\/2019\/04\/TLPK_tegevuse-kokkuv\u00f5te_03.2019.pdf\" target=\"_blank\" rel=\"noopener noreferrer\">M\u00e4rts 2019<\/a><\/p><p><a href=\"https:\/\/www.luterlik.edu.ee\/wp-content\/uploads\/2019\/05\/TLPK_tegevuse-kokkuv\u00f5te_04.2019.pdf\" target=\"_blank\" rel=\"noopener noreferrer\">Aprill 2019<\/a><\/p><p><a href=\"https:\/\/www.luterlik.edu.ee\/wp-content\/uploads\/2019\/06\/TLPK_tegevuse-kokkuv\u00f5te_05.-06.2019.pdf\" target=\"_blank\" rel=\"noopener noreferrer\">Mai ja \u00f5ppeaasta l\u00f5pp 2019<\/a><\/p><p><a href=\"https:\/\/www.luterlik.edu.ee\/wp-content\/uploads\/2019\/09\/TLPK_tegevuse-kokkuv\u00f5te_suvi-ja-\u00f5ppeaasta-algus_2019.pdf\" target=\"_blank\" rel=\"noopener noreferrer\">Suvi ja \u00f5ppeaasta algus 2019<\/a><\/p><p>September 2019<\/p><p><a href=\"https:\/\/www.luterlik.edu.ee\/wp-content\/uploads\/2019\/11\/TLPK_tegevuse-kokkuv\u00f5te_oktoober_2019.pdf\" target=\"_blank\" rel=\"noopener noreferrer\">Oktoober 2019<\/a><\/p><p><a href=\"https:\/\/www.luterlik.edu.ee\/wp-content\/uploads\/2019\/12\/TLPK_tegevuse-kokkuv\u00f5te_november_2019.pdf\" target=\"_blank\" rel=\"noopener noreferrer\">November 2019<\/a><\/p><p>Detsember 2019<\/p><\/div><\/article><\/div><\/div>    <\/div>\n<\/div>\n<!-- \/module text -->        <\/div>\n                        <\/div>\n        <\/div>\n        <\/div>\n<!--\/themify_builder_content-->","protected":false},"excerpt":{"rendered":"<p>Jaanuar 2019 Veebruar 2019 M\u00e4rts 2019 Aprill 2019 Mai ja \u00f5ppeaasta l\u00f5pp 2019 Suvi ja \u00f5ppeaasta algus 2019 September 2019 Oktoober 2019 November 2019 Detsember 2019<\/p>\n","protected":false},"author":1,"featured_media":0,"parent":156,"menu_order":0,"comment_status":"closed","ping_status":"closed","template":"","meta":{"footnotes":""},"class_list":["post-182","page","type-page","status-publish","hentry","has-post-title","has-post-date","has-post-category","has-post-tag","has-post-comment","has-post-author",""],"_links":{"self":[{"href":"https:\/\/www.luterlik.edu.ee\/uus\/wp-json\/wp\/v2\/pages\/182","targetHints":{"allow":["GET"]}}],"collection":[{"href":"https:\/\/www.luterlik.edu.ee\/uus\/wp-json\/wp\/v2\/pages"}],"about":[{"href":"https:\/\/www.luterlik.edu.ee\/uus\/wp-json\/wp\/v2\/types\/page"}],"author":[{"embeddable":true,"href":"https:\/\/www.luterlik.edu.ee\/uus\/wp-json\/wp\/v2\/users\/1"}],"replies":[{"embeddable":true,"href":"https:\/\/www.luterlik.edu.ee\/uus\/wp-json\/wp\/v2\/comments?post=182"}],"version-history":[{"count":2,"href":"https:\/\/www.luterlik.edu.ee\/uus\/wp-json\/wp\/v2\/pages\/182\/revisions"}],"predecessor-version":[{"id":184,"href":"https:\/\/www.luterlik.edu.ee\/uus\/wp-json\/wp\/v2\/pages\/182\/revisions\/184"}],"up":[{"embeddable":true,"href":"https:\/\/www.luterlik.edu.ee\/uus\/wp-json\/wp\/v2\/pages\/156"}],"wp:attachment":[{"href":"https:\/\/www.luterlik.edu.ee\/uus\/wp-json\/wp\/v2\/media?parent=182"}],"curies":[{"name":"wp","href":"https:\/\/api.w.org\/{rel}","templated":true}]}}