{"id":179,"date":"2025-04-21T10:40:31","date_gmt":"2025-04-21T07:40:31","guid":{"rendered":"https:\/\/www.luterlik.edu.ee\/uus\/?page_id=179"},"modified":"2025-04-21T10:40:31","modified_gmt":"2025-04-21T07:40:31","slug":"2018-kroonika","status":"publish","type":"page","link":"https:\/\/www.luterlik.edu.ee\/uus\/ajalugu\/2018-kroonika\/","title":{"rendered":"2018 KROONIKA"},"content":{"rendered":"<!--themify_builder_content-->\n<div id=\"themify_builder_content-179\" data-postid=\"179\" class=\"themify_builder_content themify_builder_content-179 themify_builder tf_clear\">\n                    <div  data-lazy=\"1\" class=\"module_row themify_builder_row tb_n6fq266 tb_first tf_w\">\n                        <div class=\"row_inner col_align_top tb_col_count_1 tf_box tf_rel\">\n                        <div  data-lazy=\"1\" class=\"module_column tb-column col-full tb_yug4266 first\">\n                    <!-- module text -->\n<div  class=\"module module-text tb_ocwy385   \" data-lazy=\"1\">\n        <div  class=\"tb_text_wrap\">\n        <div id=\"primary\"><div id=\"content\" class=\"clearfix\"><article id=\"post-2439\" class=\"post-2439 page type-page status-publish has-post-thumbnail hentry\"><header class=\"entry-header\"><\/header><div class=\"entry-content clearfix\"><p><a href=\"https:\/\/www.luterlik.edu.ee\/wp-content\/uploads\/2018\/02\/TLPK-uudiskiri-jaanuar2018.pdf\" target=\"_blank\" rel=\"noopener\">Jaanuar 2018<\/a><\/p><p><a href=\"https:\/\/www.luterlik.edu.ee\/wp-content\/uploads\/2018\/03\/TLPK-uudiskiri-veebruar-2018.pdf\" target=\"_blank\" rel=\"noopener\">Veebruar 2018<\/a><\/p><p><a href=\"https:\/\/www.luterlik.edu.ee\/wp-content\/uploads\/2018\/04\/TLPK-uudiskiri-m\u00e4rts-2018.pdf\">M\u00e4rts 2018<\/a><\/p><p><a href=\"https:\/\/www.luterlik.edu.ee\/wp-content\/uploads\/2018\/05\/TLPK-uudiskiri-aprill-2018.pdf\" target=\"_blank\" rel=\"noopener\">Aprill 2018<\/a><\/p><p><a href=\"https:\/\/www.luterlik.edu.ee\/wp-content\/uploads\/2018\/06\/TLPK-uudiskiri-mai-ja-\u00f5ppeaasta-l\u00f5pp-2018-2.pdf\" target=\"_blank\" rel=\"noopener\">Mai ja \u00f5ppeaasta l\u00f5pp 2018<\/a><\/p><p><a href=\"https:\/\/www.luterlik.edu.ee\/wp-content\/uploads\/2018\/09\/TLPK-uudiskiri-suvi-ja-\u00f5ppeaasta-algus-2018.pdf\" target=\"_blank\" rel=\"noopener\">Suvi ja \u00f5ppeaasta algus 2018<\/a><\/p><p><a href=\"https:\/\/www.luterlik.edu.ee\/wp-content\/uploads\/2018\/10\/TLPK-uudiskiri-september-2018.pdf\" target=\"_blank\" rel=\"noopener\">September 2018<\/a><\/p><p><a href=\"https:\/\/www.luterlik.edu.ee\/wp-content\/uploads\/2018\/11\/TLPK-uudiskiri-oktoober-2018.pdf\" target=\"_blank\" rel=\"noopener\">Oktoober 2018<\/a><\/p><p><a href=\"https:\/\/www.luterlik.edu.ee\/wp-content\/uploads\/2018\/12\/TLPK-uudiskiri-november-2018.pdf\" target=\"_blank\" rel=\"noopener\">November 2018<\/a><\/p><p><a href=\"https:\/\/www.luterlik.edu.ee\/wp-content\/uploads\/2018\/12\/TLPK-uudiskiri-detsember-2018.pdf\" target=\"_blank\" rel=\"noopener\">Detsember 2018<\/a><\/p><\/div><\/article><\/div><\/div>    <\/div>\n<\/div>\n<!-- \/module text -->        <\/div>\n                        <\/div>\n        <\/div>\n        <\/div>\n<!--\/themify_builder_content-->","protected":false},"excerpt":{"rendered":"<p>Jaanuar 2018 Veebruar 2018 M\u00e4rts 2018 Aprill 2018 Mai ja \u00f5ppeaasta l\u00f5pp 2018 Suvi ja \u00f5ppeaasta algus 2018 September 2018 Oktoober 2018 November 2018 Detsember 2018<\/p>\n","protected":false},"author":1,"featured_media":0,"parent":156,"menu_order":0,"comment_status":"closed","ping_status":"closed","template":"","meta":{"footnotes":""},"class_list":["post-179","page","type-page","status-publish","hentry","has-post-title","has-post-date","has-post-category","has-post-tag","has-post-comment","has-post-author",""],"_links":{"self":[{"href":"https:\/\/www.luterlik.edu.ee\/uus\/wp-json\/wp\/v2\/pages\/179","targetHints":{"allow":["GET"]}}],"collection":[{"href":"https:\/\/www.luterlik.edu.ee\/uus\/wp-json\/wp\/v2\/pages"}],"about":[{"href":"https:\/\/www.luterlik.edu.ee\/uus\/wp-json\/wp\/v2\/types\/page"}],"author":[{"embeddable":true,"href":"https:\/\/www.luterlik.edu.ee\/uus\/wp-json\/wp\/v2\/users\/1"}],"replies":[{"embeddable":true,"href":"https:\/\/www.luterlik.edu.ee\/uus\/wp-json\/wp\/v2\/comments?post=179"}],"version-history":[{"count":2,"href":"https:\/\/www.luterlik.edu.ee\/uus\/wp-json\/wp\/v2\/pages\/179\/revisions"}],"predecessor-version":[{"id":181,"href":"https:\/\/www.luterlik.edu.ee\/uus\/wp-json\/wp\/v2\/pages\/179\/revisions\/181"}],"up":[{"embeddable":true,"href":"https:\/\/www.luterlik.edu.ee\/uus\/wp-json\/wp\/v2\/pages\/156"}],"wp:attachment":[{"href":"https:\/\/www.luterlik.edu.ee\/uus\/wp-json\/wp\/v2\/media?parent=179"}],"curies":[{"name":"wp","href":"https:\/\/api.w.org\/{rel}","templated":true}]}}