{"id":156,"date":"2025-04-21T10:32:41","date_gmt":"2025-04-21T07:32:41","guid":{"rendered":"https:\/\/www.luterlik.edu.ee\/uus\/?page_id=156"},"modified":"2025-04-21T10:35:54","modified_gmt":"2025-04-21T07:35:54","slug":"ajalugu","status":"publish","type":"page","link":"https:\/\/www.luterlik.edu.ee\/uus\/ajalugu\/","title":{"rendered":"AJALUGU"},"content":{"rendered":"<!--themify_builder_content-->\n<div id=\"themify_builder_content-156\" data-postid=\"156\" class=\"themify_builder_content themify_builder_content-156 themify_builder tf_clear\">\n                    <div  data-lazy=\"1\" class=\"module_row themify_builder_row tb_9kgx273 tb_first tf_w\">\n                        <div class=\"row_inner col_align_top tb_col_count_1 tf_box tf_rel\">\n                        <div  data-lazy=\"1\" class=\"module_column tb-column col-full tb_rir6273 first\">\n                    <!-- module text -->\n<div  class=\"module module-text tb_6vz0149   \" data-lazy=\"1\">\n        <div  class=\"tb_text_wrap\">\n        <div class=\"entry-content clearfix\"><p align=\"JUSTIFY\"><a href=\"https:\/\/drive.google.com\/a\/luterlik.edu.ee\/file\/d\/0B4fz0noxQyP9d05OWGFEdVljclE\/view\" target=\"_blank\" rel=\"noopener noreferrer\">Peetri kooli digitaliseeritud kroonikaraamat 1906-1944 (avatav allalaetult)<\/a><\/p><p align=\"JUSTIFY\">TLPK on aastatel 1906\u20131944 Tartus tegutsenud Peetri kooli\/Tartu 10. Linnakooli tegevuse j\u00e4tkaja. 19.-20. sajandi vahetusel oli kooli rajamise eestk\u00f5nelejaks Peetri koguduse asutaja ja esimene \u00f5petaja <a href=\"https:\/\/et.wikipedia.org\/wiki\/Wilhelm_Gottfried_Eisenschmidt\" target=\"_blank\" rel=\"noopener noreferrer\">Wilhelm Gottfried Eisenschmidt<\/a>.<\/p><p align=\"JUSTIFY\">Koguduse juhatuse esimehe <a href=\"https:\/\/et.wikipedia.org\/wiki\/Henrik_Koppel\" target=\"_blank\" rel=\"noopener noreferrer\">Dr Henrik Koppeli<\/a> algatusel loodud <strong>Peetri kool alustas tegevust<\/strong> <strong>4. septembril (17. septembril ukj) 1906 ning oli esimene eesti \u00f5ppekeelega kool toonasel Eesti- ja Liivimaal<\/strong>. Kool alustas \u00fc\u00fcritud ruumides, kuid juba 1910. aasta augustis oli v\u00f5imalik kolida vastvalminud koolimajja (Peetri 33) Peetri kiriku k\u00f5rval. Koolimaja projekteeris arhitekt <a href=\"https:\/\/et.wikipedia.org\/wiki\/Georg_Hellat\" target=\"_blank\" rel=\"noopener noreferrer\">Georg Hellati<\/a>. Kool t\u00f6\u00f6tas kuni 1918. aastani koguduse peetava erakoolina, kuni selle ajani \u00f5ppis koolis kokku 1753 last. <strong>1918<\/strong>. aasta juulis l\u00e4ks kool Tartu Linnavalitsuse omandusse ja muudeti 10. linnakooliks. Rahva hulgas j\u00e4i see endiselt tuntuks \u201cPeetri koolina\u201d. Koolis v\u00e4\u00e4rtustati rahvuslikku ja kristlikku kasvatust. <strong>1929<\/strong>. aastal muudeti 4-klassiline kool 6-klassiliseks.<\/p><p align=\"JUSTIFY\">Aastatel <strong>1935-1940<\/strong> tegutses kooli juures Tartu Peetri Kooli S\u00f5prade Ring. See oli\u00a0 kogu aktiivsetest vanematest ja vilistlastest, kuid ka kooliga kaudsemalt seotud inimestest. Kooli S\u00f5prade Ring toetas loteriide, korjanduste ja heategevuslike pidude abil kooli tegevust ja ka vaesemate \u00f5pilaste peresid.<\/p><p align=\"JUSTIFY\"><strong>1940<\/strong>. aastal reorganiseeris N\u00f5ukogude okupatsiooniv\u00f5im kooli piirkonnakooliks. Teise maailmas\u00f5ja ajal (1941-1944) oli \u00f5ppet\u00f6\u00f6 Tartus h\u00e4iritud. Peetri koolimaja v\u00f5eti s\u00f5jav\u00e4e kasutusse ja kool pidi leidma v\u00f5imaluse \u00f5ppet\u00f6\u00f6ks teistes asukohtades. Ajalooline koolimaja p\u00f5les <strong>1944<\/strong>. aasta lahingute ajal, naasnud n\u00f5ukogude okupatsioon likvideeris kooli senisel kujul. Endise Peetri kooli \u00f5pilased ja suurem osa \u00f5petajaid siirdusid Tartu 3. Mittet\u00e4ieliku Keskkooli majja (Puiestee 78). H\u00e4vinud koolimaja ehitati 1950. aastate alguses \u00fcmber tehaseks.<\/p><p align=\"JUSTIFY\"><strong>2011<\/strong>. aasta novembris asutati EELK Tartu Peetri Koguduse \u00f5petaja <a href=\"https:\/\/et.wikipedia.org\/wiki\/Ants_Tooming\" target=\"_blank\" rel=\"noopener noreferrer\">Ants Toominga<\/a> ja T\u00dc Usuteaduskonna vilistlaste <a href=\"https:\/\/et.wikipedia.org\/wiki\/Tarvo_Siilaberg\" target=\"_blank\" rel=\"noopener noreferrer\">Tarvo Siilabergi<\/a>, Triin K\u00e4pa ja K\u00fclvi Tederi eestv\u00f5ttel MT\u00dc TLPK. Kooli pidajaks p\u00fcrgiv MT\u00dc seadis eesm\u00e4rgiks taastada Peetri kool kristliku erakoolina, mis on oma vormilt \u00fche asutusena tegutsev koolieelne lasteasutus (lasteaed) ja p\u00f5hikool. Sihiks seati \u00f5ppet\u00f6\u00f6ga alustamine <strong>2013<\/strong>. aasta septembrist. Koolitusloa taotlus esitati Haridus- ja Teadusministeeriumile 1. m\u00e4rtsil 2013. M\u00e4rtsis \u00f5nnistati ametisse direktor Tarvo Siilaberg ja lasteaia juhataja K\u00fclvi Teder. Poolteist aastat kestnud pingeline eelt\u00f6\u00f6 kandis vilja ja <strong>1. septembril 2013 j\u00e4tkas taastatud Peetri kool (Tartu Luterlik Peetri Kool) \u00f5ppet\u00f6\u00f6d<\/strong>, esialgu kahe liitr\u00fchma ja 1. klassiga.<\/p><p align=\"JUSTIFY\">Esimestel aastatel tegutseti EELK Konsistooriumilt ja EELK Tartu Maarja Koguduselt \u00fc\u00fcritud ruumides Roosi 1 (lasteaed) ja \u00d5petaja 5 (kool). <strong>2014<\/strong>. aastal laiendati lasteaeda naabermaja (Punga 2) ostu ja \u00fcmberehitamisega 2 liitr\u00fchma v\u00f5rra, <strong>2015<\/strong>. aastal lisandus kolmas lasteaiamaja (Kroonuaia 66a) Supilinnas ja 5 liitr\u00fchm.\u00a0TLPK p\u00f5hikool asus aastatel 2015-2019 Mainori era\u00fclikoolilt \u00fc\u00fcritud ruumides (Pepleri 6).\u00a0<strong>2018<\/strong>. aastal asutati TLPK senise huvitegevuse baasil Tartu Peetri Huvikool. P\u00f5hikooli tegevus laienes samal aastal kodu\u00f5ppe suuna ja <strong>2019<\/strong>. aastal p\u00f5hikooli \u2013 Jakobi Kooli \u2013 avamisega P\u00f5lvas. 2019. aasta s\u00fcgisest tegutseb p\u00f5hikool oma koolimajas Tartu vanalinnas (K\u00fc\u00fctri 1). <strong>2021<\/strong>. aasta augustis avati Jakobi Kooli juures lasteaiar\u00fchm, mis l\u00e4htub TLPK lasteaia \u00f5ppekavast ja kontseptsioonist.<\/p><\/div>    <\/div>\n<\/div>\n<!-- \/module text -->        <\/div>\n                        <\/div>\n        <\/div>\n        <\/div>\n<!--\/themify_builder_content-->","protected":false},"excerpt":{"rendered":"<p>Peetri kooli digitaliseeritud kroonikaraamat 1906-1944 (avatav allalaetult) TLPK on aastatel 1906\u20131944 Tartus tegutsenud Peetri kooli\/Tartu 10. Linnakooli tegevuse j\u00e4tkaja. 19.-20. sajandi vahetusel oli kooli rajamise eestk\u00f5nelejaks Peetri koguduse asutaja ja esimene \u00f5petaja Wilhelm Gottfried Eisenschmidt. Koguduse juhatuse esimehe Dr Henrik Koppeli algatusel loodud Peetri kool alustas tegevust 4. septembril (17. septembril ukj) 1906 ning oli [&hellip;]<\/p>\n","protected":false},"author":1,"featured_media":167,"parent":0,"menu_order":7,"comment_status":"closed","ping_status":"closed","template":"","meta":{"footnotes":""},"class_list":["post-156","page","type-page","status-publish","has-post-thumbnail","hentry","has-post-title","has-post-date","has-post-category","has-post-tag","has-post-comment","has-post-author",""],"_links":{"self":[{"href":"https:\/\/www.luterlik.edu.ee\/uus\/wp-json\/wp\/v2\/pages\/156","targetHints":{"allow":["GET"]}}],"collection":[{"href":"https:\/\/www.luterlik.edu.ee\/uus\/wp-json\/wp\/v2\/pages"}],"about":[{"href":"https:\/\/www.luterlik.edu.ee\/uus\/wp-json\/wp\/v2\/types\/page"}],"author":[{"embeddable":true,"href":"https:\/\/www.luterlik.edu.ee\/uus\/wp-json\/wp\/v2\/users\/1"}],"replies":[{"embeddable":true,"href":"https:\/\/www.luterlik.edu.ee\/uus\/wp-json\/wp\/v2\/comments?post=156"}],"version-history":[{"count":3,"href":"https:\/\/www.luterlik.edu.ee\/uus\/wp-json\/wp\/v2\/pages\/156\/revisions"}],"predecessor-version":[{"id":168,"href":"https:\/\/www.luterlik.edu.ee\/uus\/wp-json\/wp\/v2\/pages\/156\/revisions\/168"}],"wp:featuredmedia":[{"embeddable":true,"href":"https:\/\/www.luterlik.edu.ee\/uus\/wp-json\/wp\/v2\/media\/167"}],"wp:attachment":[{"href":"https:\/\/www.luterlik.edu.ee\/uus\/wp-json\/wp\/v2\/media?parent=156"}],"curies":[{"name":"wp","href":"https:\/\/api.w.org\/{rel}","templated":true}]}}