{"id":144,"date":"2025-04-21T10:26:46","date_gmt":"2025-04-21T07:26:46","guid":{"rendered":"https:\/\/www.luterlik.edu.ee\/uus\/?page_id=144"},"modified":"2025-04-21T10:26:46","modified_gmt":"2025-04-21T07:26:46","slug":"dokumendid","status":"publish","type":"page","link":"https:\/\/www.luterlik.edu.ee\/uus\/dokumendid\/","title":{"rendered":"DOKUMENDID"},"content":{"rendered":"<!--themify_builder_content-->\n<div id=\"themify_builder_content-144\" data-postid=\"144\" class=\"themify_builder_content themify_builder_content-144 themify_builder tf_clear\">\n                    <div  data-lazy=\"1\" class=\"module_row themify_builder_row tb_j3py713 tb_first tf_w\">\n                        <div class=\"row_inner col_align_top tb_col_count_1 tf_box tf_rel\">\n                        <div  data-lazy=\"1\" class=\"module_column tb-column col-full tb_2knj714 first\">\n                    <!-- module text -->\n<div  class=\"module module-text tb_v120813   \" data-lazy=\"1\">\n        <div  class=\"tb_text_wrap\">\n        <div class=\"entry-content clearfix\"><p class=\"has-text-align-center\"><a href=\"https:\/\/www.luterlik.edu.ee\/wp-content\/uploads\/2025\/01\/MTU-Tartu-Luterlik-Peetri-Kool_pohikiri_17.06.2024.pdf\">MT\u00dc Tartu Luterlik Peetri kool p\u00f5hikiri<\/a><\/p><p class=\"has-text-align-center\"><a href=\"https:\/\/www.luterlik.edu.ee\/wp-content\/uploads\/2025\/02\/TLPK-pohikiri-2023.pdf\">Tartu Luterliku Kooli p\u00f5hikiri<\/a><\/p><p class=\"has-text-align-center\"><a href=\"https:\/\/www.luterlik.edu.ee\/wp-content\/uploads\/2025\/01\/Kooli-oppekava-uldosa-2024.pdf\">Kooli \u00f5ppekava \u00fcldosa (2024)<\/a><\/p><p class=\"has-text-align-center\"><a href=\"https:\/\/www.luterlik.edu.ee\/wp-content\/uploads\/2023\/10\/TLPK-lasteaia-oppekava-2023.pdf\" target=\"_blank\" rel=\"noreferrer noopener\">Lasteaia \u00f5ppekava (2023)<\/a><\/p><p class=\"has-text-align-center\"><a href=\"https:\/\/www.luterlik.edu.ee\/wp-content\/uploads\/2023\/02\/Arengukava-2023-2025.pdf\" target=\"_blank\" rel=\"noreferrer noopener\">Arengukava 2023-2025<\/a><\/p><p class=\"has-text-align-center\"><a href=\"https:\/\/www.luterlik.edu.ee\/wp-content\/uploads\/2023\/09\/TLPK-kodukord_2023.pdf\">Kodu<\/a><a href=\"https:\/\/www.luterlik.edu.ee\/wp-content\/uploads\/2023\/09\/TLPK-kodukord_2023.pdf\" target=\"_blank\" rel=\"noreferrer noopener\">k<\/a><a href=\"https:\/\/www.luterlik.edu.ee\/wp-content\/uploads\/2023\/09\/TLPK-kodukord_2023.pdf\">ord (2023)<\/a><\/p><p class=\"has-text-align-center\"><a href=\"https:\/\/www.luterlik.edu.ee\/wp-content\/uploads\/2023\/09\/TLPK-tookorralduse-reeglid-2023-1.pdf\" target=\"_blank\" rel=\"noreferrer noopener\">TLPK t\u00f6\u00f6korralduse reeglid (2023)<\/a><\/p><\/div>    <\/div>\n<\/div>\n<!-- \/module text -->        <\/div>\n                        <\/div>\n        <\/div>\n        <\/div>\n<!--\/themify_builder_content-->","protected":false},"excerpt":{"rendered":"<p>MT\u00dc Tartu Luterlik Peetri kool p\u00f5hikiri Tartu Luterliku Kooli p\u00f5hikiri Kooli \u00f5ppekava \u00fcldosa (2024) Lasteaia \u00f5ppekava (2023) Arengukava 2023-2025 Kodukord (2023) TLPK t\u00f6\u00f6korralduse reeglid (2023)<\/p>\n","protected":false},"author":1,"featured_media":0,"parent":0,"menu_order":3,"comment_status":"closed","ping_status":"closed","template":"","meta":{"footnotes":""},"class_list":["post-144","page","type-page","status-publish","hentry","has-post-title","has-post-date","has-post-category","has-post-tag","has-post-comment","has-post-author",""],"_links":{"self":[{"href":"https:\/\/www.luterlik.edu.ee\/uus\/wp-json\/wp\/v2\/pages\/144","targetHints":{"allow":["GET"]}}],"collection":[{"href":"https:\/\/www.luterlik.edu.ee\/uus\/wp-json\/wp\/v2\/pages"}],"about":[{"href":"https:\/\/www.luterlik.edu.ee\/uus\/wp-json\/wp\/v2\/types\/page"}],"author":[{"embeddable":true,"href":"https:\/\/www.luterlik.edu.ee\/uus\/wp-json\/wp\/v2\/users\/1"}],"replies":[{"embeddable":true,"href":"https:\/\/www.luterlik.edu.ee\/uus\/wp-json\/wp\/v2\/comments?post=144"}],"version-history":[{"count":2,"href":"https:\/\/www.luterlik.edu.ee\/uus\/wp-json\/wp\/v2\/pages\/144\/revisions"}],"predecessor-version":[{"id":146,"href":"https:\/\/www.luterlik.edu.ee\/uus\/wp-json\/wp\/v2\/pages\/144\/revisions\/146"}],"wp:attachment":[{"href":"https:\/\/www.luterlik.edu.ee\/uus\/wp-json\/wp\/v2\/media?parent=144"}],"curies":[{"name":"wp","href":"https:\/\/api.w.org\/{rel}","templated":true}]}}