{"id":134,"date":"2025-04-21T10:23:50","date_gmt":"2025-04-21T07:23:50","guid":{"rendered":"https:\/\/www.luterlik.edu.ee\/uus\/?page_id=134"},"modified":"2025-04-21T10:23:50","modified_gmt":"2025-04-21T07:23:50","slug":"pohimotted","status":"publish","type":"page","link":"https:\/\/www.luterlik.edu.ee\/uus\/pohimotted\/","title":{"rendered":"P\u00d5HIM\u00d5TTED"},"content":{"rendered":"<!--themify_builder_content-->\n<div id=\"themify_builder_content-134\" data-postid=\"134\" class=\"themify_builder_content themify_builder_content-134 themify_builder tf_clear\">\n                    <div  data-lazy=\"1\" class=\"module_row themify_builder_row tb_y6qg1 tb_first tf_w\">\n                        <div class=\"row_inner col_align_top tb_col_count_1 tf_box tf_rel\">\n                        <div  data-lazy=\"1\" class=\"module_column tb-column col-full tb_sa802 first\">\n                    <!-- module text -->\n<div  class=\"module module-text tb_53sm312   \" data-lazy=\"1\">\n        <div  class=\"tb_text_wrap\">\n        <div class=\"entry-content clearfix\"><p><a href=\"https:\/\/www.luterlik.edu.ee\/wp-content\/uploads\/2025\/02\/TLPK-pohikiri-2023.pdf\">Tartu Luterliku Peetri Kooli p\u00f5hikiri<\/a><\/p><p><a href=\"https:\/\/www.luterlik.edu.ee\/wp-content\/uploads\/2023\/02\/Arengukava-2023-2025.pdf\">Tartu Luterliku Peetri Kooli arengukava 2023-2025<\/a><\/p><p><strong>Missioon<\/strong><\/p><p>\u2013 Loome keskkonna ja teeme \u00fchiselt koost\u00f6\u00f6d selle nimel, et iga laps areneb isiksuseks, kes hoolib iseendast, teistest inimestest ja \u00fcmbritsevast keskkonnast, julgeb suhelda ja vastutada, on loov probleemide lahendaja ja tegeleb eakohase enesejuhtimisega.<br \/>\u2013 Meil on keskkond, kus iga inimene tunneb, et ta on v\u00e4\u00e4rtustatud ja Jumala ning kaaslaste poolt armastatud.<br \/>\u2013 Tutvustame ja kogeme kristlikku kultuuri ja hingeharidust, luterlikku traditsiooni, Eesti kultuurip\u00e4randit ning ajaloolise Peetri kooli ajalugu.<\/p><p><strong>Visioon<\/strong><\/p><p>\u2013 TLPK on oman\u00e4oline ning Eestis k\u00f5rgelt hinnatud haridusasutus, kus kristlikul eetikal ja Eesti rahvuskultuuril p\u00f5hinev \u00f5ppekasvatust\u00f6\u00f6 arendab hoolivaid ja isem\u00f5tlevaid isiksusi.<\/p><p><strong>P\u00f5hiv\u00e4\u00e4rtused<\/strong><\/p><p><strong>Austus <\/strong>\u2013 austades Jumalat austame iseennast, oma ligimest ja kogu loodut.<strong><br \/>Hoolivus <\/strong>\u2013 suhtume ligimesse ja kogu loodusse hoolivalt: s\u00fcdamesoojuse, t\u00e4helepanelikkuse ja aktiivsusega (tegutsemisega).<strong><br \/>T\u00e4nulikkus <\/strong>\u2013 hoiame t\u00e4nulikku meelt k\u00f5igi oma elus\u00fcndmuste, inimeste ja igap\u00e4evatoimingute suhtes.<strong><br \/>Vastutustunne <\/strong>\u2013 vastutame iga oma s\u00f5na, m\u00f5tte ja teo eest; julgeme tunnistada oma eksimust ja v\u00f5tame seda \u00f5ppimisv\u00f5imalusena.<\/p><p><strong>Meie erip\u00e4rad<\/strong><br \/>Me anname kristlikku hingeharidust, mis toetab iga \u00f5pilase kujunemist hoolivaks, austavaks, t\u00e4nulikuks ja vastutustundlikuks inimeseks. Hingeharidus on k\u00f5ik see, mis lisandub koolis teadmistele, see on tegelemine \u00f5pilase hoiakute ja v\u00e4\u00e4rtustega, vastamine tema k\u00fcsimustele, mis puudutavad inimeseks olemist ning tegutsemist siin Jumala loodud maailmas. Meie organisatsioonis on neli erinevat osakonda, mille erip\u00e4rad l\u00e4htuvalt tegevuskeskkonnast ja sihtr\u00fchmast on:<br \/><strong>Karolini kool<\/strong> \u2013 oleme v\u00e4ike, n\u00fc\u00fcdisaegne ja kogukondlik kogup\u00e4evakool erivajadustega lastele, mille fookuses on \u00f5pilaste ja nende perede toetamine ning heaolu.<br \/><strong>Tartu P\u00f5hikool<\/strong> \u2013 arvestame \u00f5pitee kavandamisel vahetu keskkonna (Tartu kesklinn) poolt pakutavate mitmekesiste v\u00f5imalustega \u00f5ppet\u00f6\u00f6 l\u00e4biviimiseks v\u00e4ljaspool kooliruume.<br \/><strong>Lasteaed<\/strong> \u2013 arendame \u00f5ppimise alusp\u00e4devusi ja loovust tervistavas keskkonnas.<br \/><strong>Kodu\u00f5pe<\/strong> \u2013 tagame personaalse \u00f5pitee igale \u00f5pilasele paindlikkuse, koost\u00f6isuse ja \u00f5pikeskkondade mitmekesisuse kaudu.<\/p><\/div>    <\/div>\n<\/div>\n<!-- \/module text -->        <\/div>\n                        <\/div>\n        <\/div>\n        <\/div>\n<!--\/themify_builder_content-->","protected":false},"excerpt":{"rendered":"<p>Tartu Luterliku Peetri Kooli p\u00f5hikiri Tartu Luterliku Peetri Kooli arengukava 2023-2025 Missioon \u2013 Loome keskkonna ja teeme \u00fchiselt koost\u00f6\u00f6d selle nimel, et iga laps areneb isiksuseks, kes hoolib iseendast, teistest inimestest ja \u00fcmbritsevast keskkonnast, julgeb suhelda ja vastutada, on loov probleemide lahendaja ja tegeleb eakohase enesejuhtimisega. \u2013 Meil on keskkond, kus iga inimene tunneb, et [&hellip;]<\/p>\n","protected":false},"author":1,"featured_media":0,"parent":0,"menu_order":2,"comment_status":"closed","ping_status":"closed","template":"","meta":{"footnotes":""},"class_list":["post-134","page","type-page","status-publish","hentry","has-post-title","has-post-date","has-post-category","has-post-tag","has-post-comment","has-post-author",""],"_links":{"self":[{"href":"https:\/\/www.luterlik.edu.ee\/uus\/wp-json\/wp\/v2\/pages\/134","targetHints":{"allow":["GET"]}}],"collection":[{"href":"https:\/\/www.luterlik.edu.ee\/uus\/wp-json\/wp\/v2\/pages"}],"about":[{"href":"https:\/\/www.luterlik.edu.ee\/uus\/wp-json\/wp\/v2\/types\/page"}],"author":[{"embeddable":true,"href":"https:\/\/www.luterlik.edu.ee\/uus\/wp-json\/wp\/v2\/users\/1"}],"replies":[{"embeddable":true,"href":"https:\/\/www.luterlik.edu.ee\/uus\/wp-json\/wp\/v2\/comments?post=134"}],"version-history":[{"count":2,"href":"https:\/\/www.luterlik.edu.ee\/uus\/wp-json\/wp\/v2\/pages\/134\/revisions"}],"predecessor-version":[{"id":136,"href":"https:\/\/www.luterlik.edu.ee\/uus\/wp-json\/wp\/v2\/pages\/134\/revisions\/136"}],"wp:attachment":[{"href":"https:\/\/www.luterlik.edu.ee\/uus\/wp-json\/wp\/v2\/media?parent=134"}],"curies":[{"name":"wp","href":"https:\/\/api.w.org\/{rel}","templated":true}]}}