{"id":131,"date":"2025-04-21T10:22:21","date_gmt":"2025-04-21T07:22:21","guid":{"rendered":"https:\/\/www.luterlik.edu.ee\/uus\/?page_id=131"},"modified":"2025-04-21T14:29:04","modified_gmt":"2025-04-21T11:29:04","slug":"rekvisiidid","status":"publish","type":"page","link":"https:\/\/www.luterlik.edu.ee\/uus\/mtu\/rekvisiidid\/","title":{"rendered":"REKVISIIDID"},"content":{"rendered":"<!--themify_builder_content-->\n<div id=\"themify_builder_content-131\" data-postid=\"131\" class=\"themify_builder_content themify_builder_content-131 themify_builder tf_clear\">\n                    <div  data-lazy=\"1\" class=\"module_row themify_builder_row tb_ob61715 tb_first tf_w\">\n                        <div class=\"row_inner col_align_top tb_col_count_1 tf_box tf_rel\">\n                        <div  data-lazy=\"1\" class=\"module_column tb-column col-full tb_7f99715 first\">\n                    <!-- module text -->\n<div  class=\"module module-text tb_dgbw156   \" data-lazy=\"1\">\n        <div  class=\"tb_text_wrap\">\n        <div class=\"entry-content clearfix\"><p>MT\u00dc Tartu Luterlik Peetri Kool<\/p><p>Registrinumber: 80335482<\/p><p>K\u00fc\u00fctri 1, Tartu 51007<\/p><p>luterlik@luterlik.edu.ee<\/p><p>Swedbank: EE232200221057045240<\/p><\/div>    <\/div>\n<\/div>\n<!-- \/module text -->        <\/div>\n                        <\/div>\n        <\/div>\n        <\/div>\n<!--\/themify_builder_content-->","protected":false},"excerpt":{"rendered":"<p>MT\u00dc Tartu Luterlik Peetri Kool Registrinumber: 80335482 K\u00fc\u00fctri 1, Tartu 51007 luterlik@luterlik.edu.ee Swedbank: EE232200221057045240<\/p>\n","protected":false},"author":1,"featured_media":138,"parent":128,"menu_order":0,"comment_status":"closed","ping_status":"closed","template":"","meta":{"footnotes":""},"class_list":["post-131","page","type-page","status-publish","has-post-thumbnail","hentry","has-post-title","has-post-date","has-post-category","has-post-tag","has-post-comment","has-post-author",""],"_links":{"self":[{"href":"https:\/\/www.luterlik.edu.ee\/uus\/wp-json\/wp\/v2\/pages\/131","targetHints":{"allow":["GET"]}}],"collection":[{"href":"https:\/\/www.luterlik.edu.ee\/uus\/wp-json\/wp\/v2\/pages"}],"about":[{"href":"https:\/\/www.luterlik.edu.ee\/uus\/wp-json\/wp\/v2\/types\/page"}],"author":[{"embeddable":true,"href":"https:\/\/www.luterlik.edu.ee\/uus\/wp-json\/wp\/v2\/users\/1"}],"replies":[{"embeddable":true,"href":"https:\/\/www.luterlik.edu.ee\/uus\/wp-json\/wp\/v2\/comments?post=131"}],"version-history":[{"count":3,"href":"https:\/\/www.luterlik.edu.ee\/uus\/wp-json\/wp\/v2\/pages\/131\/revisions"}],"predecessor-version":[{"id":288,"href":"https:\/\/www.luterlik.edu.ee\/uus\/wp-json\/wp\/v2\/pages\/131\/revisions\/288"}],"up":[{"embeddable":true,"href":"https:\/\/www.luterlik.edu.ee\/uus\/wp-json\/wp\/v2\/pages\/128"}],"wp:featuredmedia":[{"embeddable":true,"href":"https:\/\/www.luterlik.edu.ee\/uus\/wp-json\/wp\/v2\/media\/138"}],"wp:attachment":[{"href":"https:\/\/www.luterlik.edu.ee\/uus\/wp-json\/wp\/v2\/media?parent=131"}],"curies":[{"name":"wp","href":"https:\/\/api.w.org\/{rel}","templated":true}]}}