{"id":128,"date":"2025-04-21T10:21:43","date_gmt":"2025-04-21T07:21:43","guid":{"rendered":"https:\/\/www.luterlik.edu.ee\/uus\/?page_id=128"},"modified":"2025-04-21T14:28:49","modified_gmt":"2025-04-21T11:28:49","slug":"mtu","status":"publish","type":"page","link":"https:\/\/www.luterlik.edu.ee\/uus\/mtu\/","title":{"rendered":"MT\u00dc"},"content":{"rendered":"<!--themify_builder_content-->\n<div id=\"themify_builder_content-128\" data-postid=\"128\" class=\"themify_builder_content themify_builder_content-128 themify_builder tf_clear\">\n                    <div  data-lazy=\"1\" class=\"module_row themify_builder_row tb_408o146 tb_first tf_w\">\n                        <div class=\"row_inner col_align_top tb_col_count_1 tf_box tf_rel\">\n                        <div  data-lazy=\"1\" class=\"module_column tb-column col-full tb_l9gd146 first\">\n                    <!-- module text -->\n<div  class=\"module module-text tb_ps0q427   \" data-lazy=\"1\">\n        <div  class=\"tb_text_wrap\">\n        <p>MT\u00dc Tartu Luterlik Peetri Kool on\u00a0 <strong>kooli pidajaks kahele haridusasutusele<\/strong>:<\/p><p><strong>Tartu Luterlik Peetri Kool<\/strong> \u2013 koolieelne lasteasutus ja \u00fcldhariduskool (s.h kodu\u00f5ppe oskond), mis tegutseb \u00fche asutusena Tartu linnas.<\/p><p><strong>Tartu Luterlik Peetri Kool Karolini Kool<\/strong> \u2013 \u00fcldhariduskool Tartu linnas (HEV).<\/p><p><strong>Tartu Peetri Huvikool<\/strong> \u2013 erahuvihariduskool Tartu linnas.<\/p><p>Kooli pidaja tegutsemiskohad on Tartu (K\u00fc\u00fctri 1, Roosi 1, Punga 2, Kroonuaia 66a, Pikk 10).<\/p><p><a href=\"https:\/\/www.luterlik.edu.ee\/wp-content\/uploads\/2025\/01\/MTU-Tartu-Luterlik-Peetri-Kool_pohikiri_17.06.2024.pdf\">MT\u00dc Tartu Luterlik Peetri Kool, p\u00f5hikiri<\/a><\/p><p><a href=\"https:\/\/www.luterlik.edu.ee\/wp-content\/uploads\/2024\/03\/MTU-TLPK-liikmed-18.03.2024.pdf\">MT\u00dc Tartu Luterlik Peetri Kool liikmed<\/a><\/p><p>MT\u00dc TLPK juhatus<\/p><p><strong>Aitel K\u00e4pp (esimees) \u2013 aitel_kapp@yahoo.de<\/strong><\/p><p><strong>Katre Illak \u2013 katre.illak@gmail.com<\/strong><\/p><p><strong>Triin K\u00e4pp \u2013 triin.kapp@gmail.com<\/strong><\/p><p><strong>Irja Toots \u2013 irja@luterlik.edu.ee<\/strong><\/p><p><strong>Kristi Praakle \u2013 kristi.praakle@emu.ee<\/strong><\/p><p>MT\u00dc TLPK <strong>postiaadress<\/strong>: K\u00fc\u00fctri 1, Tartu 51005<\/p><p><a href=\"https:\/\/www.luterlik.edu.ee\/wp-content\/uploads\/2023\/09\/Majandusaasta-aruanne-2022.pdf\">MT\u00dc Tartu Luterlik Peetri Kool majandusaasta aruanne (2022)<\/a><\/p><p><a href=\"https:\/\/www.luterlik.edu.ee\/wp-content\/uploads\/2023\/09\/Audiitori-aruanne-2022.pdf\">Audiitori aruanne (2022)<\/a><\/p><p><a href=\"https:\/\/www.luterlik.edu.ee\/wp-content\/uploads\/2022\/01\/TLPK-eelarve-2022.-a-koond.pdf\" target=\"_blank\" rel=\"noopener noreferrer\">TLPK 2022. aasta eelarve<\/a><\/p><p><a href=\"https:\/\/www.luterlik.edu.ee\/wp-content\/uploads\/2022\/06\/Aruanne_80335482.pdf\" target=\"_blank\" rel=\"noopener\">MT\u00dc Tartu Luterlik Peetri Kool majandusaasta aruanne 2021<\/a> <a href=\"https:\/\/www.luterlik.edu.ee\/wp-content\/uploads\/2022\/06\/Juhtkonna-esitiskiri-2021-TLPK-1.pdf\" target=\"_blank\" rel=\"noopener\">(majandusaasta audit 2021)<\/a><\/p><p><a href=\"https:\/\/www.luterlik.edu.ee\/wp-content\/uploads\/2021\/06\/Aruanne_80335482.pdf\">MT\u00dc Tartu Luterlik Peetri Kool majandusaasta aruanne (2020)<\/a><\/p><p><a href=\"https:\/\/www.luterlik.edu.ee\/wp-content\/uploads\/2020\/06\/Aruanne_80335482.pdf\" target=\"_blank\" rel=\"noopener noreferrer\">MT\u00dc Tartu Luterlik Peetri Kool majandusaasta aruanne (2019)<\/a><\/p><p><a href=\"https:\/\/www.luterlik.edu.ee\/wp-content\/uploads\/2019\/06\/80335482_2018__Aruanne_80335482.pdf\" target=\"_blank\" rel=\"noopener noreferrer\">MT\u00dc Tartu Luterlik Peetri Kool majandusaasta aruanne (2018)<\/a><\/p><p><a href=\"https:\/\/www.luterlik.edu.ee\/wp-content\/uploads\/2018\/06\/80335482_2017__Aruanne_80335482.pdf\" target=\"_blank\" rel=\"noopener noreferrer\">MT\u00dc Tartu Luterlik Peetri Kool majandusaasta aruanne (2017)<\/a><\/p><p><a href=\"https:\/\/www.luterlik.edu.ee\/wp-content\/uploads\/2016\/03\/Aruanne_80335482-1.pdf\" target=\"_blank\" rel=\"noopener noreferrer\">MT\u00dc Tartu Luterlik Peetri Kool majandusaasta aruanne (2016)<\/a><\/p><p><a href=\"https:\/\/www.luterlik.edu.ee\/wp-content\/uploads\/2016\/03\/Aruanne_80335482.pdf\" target=\"_blank\" rel=\"noopener noreferrer\">MT\u00dc Tartu Luterlik Peetri Kool majandusaasta aruanne (2015)<\/a><\/p><p><a href=\"https:\/\/www.luterlik.edu.ee\/wp-content\/uploads\/2016\/03\/MT\u00dc-Luterlik-Peetri-kool-aruanne-2014.pdf\" rel=\"\">MT\u00dc Tartu Luterlik Peetri Kool majandusaasta aruanne (2014)<\/a><\/p><p><a href=\"https:\/\/www.luterlik.edu.ee\/wp-content\/uploads\/2016\/03\/80335482_2013__Aruanne_80335482.pdf\" rel=\"\">MT\u00dc Tartu Luterlik Peetri Kool majandusaasta aruanne (2013)<\/a><\/p><p><a href=\"https:\/\/www.luterlik.edu.ee\/wp-content\/uploads\/2016\/03\/80335482_2012__Aruanne_80335482.pdf\" rel=\"\">MT\u00dc Tartu Luterlik Peetri Kool majandusaasta aruanne (2012)<\/a><\/p>    <\/div>\n<\/div>\n<!-- \/module text -->        <\/div>\n                        <\/div>\n        <\/div>\n        <\/div>\n<!--\/themify_builder_content-->","protected":false},"excerpt":{"rendered":"<p>MT\u00dc Tartu Luterlik Peetri Kool on\u00a0 kooli pidajaks kahele haridusasutusele: Tartu Luterlik Peetri Kool \u2013 koolieelne lasteasutus ja \u00fcldhariduskool (s.h kodu\u00f5ppe oskond), mis tegutseb \u00fche asutusena Tartu linnas. Tartu Luterlik Peetri Kool Karolini Kool \u2013 \u00fcldhariduskool Tartu linnas (HEV). Tartu Peetri Huvikool \u2013 erahuvihariduskool Tartu linnas. Kooli pidaja tegutsemiskohad on Tartu (K\u00fc\u00fctri 1, Roosi 1, [&hellip;]<\/p>\n","protected":false},"author":1,"featured_media":138,"parent":0,"menu_order":1,"comment_status":"closed","ping_status":"closed","template":"","meta":{"footnotes":""},"class_list":["post-128","page","type-page","status-publish","has-post-thumbnail","hentry","has-post-title","has-post-date","has-post-category","has-post-tag","has-post-comment","has-post-author",""],"_links":{"self":[{"href":"https:\/\/www.luterlik.edu.ee\/uus\/wp-json\/wp\/v2\/pages\/128","targetHints":{"allow":["GET"]}}],"collection":[{"href":"https:\/\/www.luterlik.edu.ee\/uus\/wp-json\/wp\/v2\/pages"}],"about":[{"href":"https:\/\/www.luterlik.edu.ee\/uus\/wp-json\/wp\/v2\/types\/page"}],"author":[{"embeddable":true,"href":"https:\/\/www.luterlik.edu.ee\/uus\/wp-json\/wp\/v2\/users\/1"}],"replies":[{"embeddable":true,"href":"https:\/\/www.luterlik.edu.ee\/uus\/wp-json\/wp\/v2\/comments?post=128"}],"version-history":[{"count":3,"href":"https:\/\/www.luterlik.edu.ee\/uus\/wp-json\/wp\/v2\/pages\/128\/revisions"}],"predecessor-version":[{"id":287,"href":"https:\/\/www.luterlik.edu.ee\/uus\/wp-json\/wp\/v2\/pages\/128\/revisions\/287"}],"wp:featuredmedia":[{"embeddable":true,"href":"https:\/\/www.luterlik.edu.ee\/uus\/wp-json\/wp\/v2\/media\/138"}],"wp:attachment":[{"href":"https:\/\/www.luterlik.edu.ee\/uus\/wp-json\/wp\/v2\/media?parent=128"}],"curies":[{"name":"wp","href":"https:\/\/api.w.org\/{rel}","templated":true}]}}