{"id":46,"date":"2025-04-21T12:04:06","date_gmt":"2025-04-21T12:04:06","guid":{"rendered":"https:\/\/www.luterlik.edu.ee\/uus\/pohikool\/?page_id=46"},"modified":"2025-04-21T12:04:06","modified_gmt":"2025-04-21T12:04:06","slug":"oppemaks","status":"publish","type":"page","link":"https:\/\/www.luterlik.edu.ee\/uus\/pohikool\/oppemaks\/","title":{"rendered":"\u00d5PPEMAKS"},"content":{"rendered":"<!--themify_builder_content-->\n<div id=\"themify_builder_content-46\" data-postid=\"46\" class=\"themify_builder_content themify_builder_content-46 themify_builder tf_clear\">\n                    <div  data-lazy=\"1\" class=\"module_row themify_builder_row tb_bkw6942 tb_first tf_w\">\n                        <div class=\"row_inner col_align_top tb_col_count_1 tf_box tf_rel\">\n                        <div  data-lazy=\"1\" class=\"module_column tb-column col-full tb_8ca2942 first\">\n                    <!-- module text -->\n<div  class=\"module module-text tb_8sy5455   \" data-lazy=\"1\">\n        <div  class=\"tb_text_wrap\">\n        <p>\u00d5ppemaksu suurus kalendrikuus on\u00a0<strong>Tartu PKs<\/strong>\u00a0<strong>22% ja Karolini koolis 25% riiklikult kehtestatud t\u00f6\u00f6tasu alamm\u00e4\u00e4rast<\/strong>. \u00d5ppemaksu suurus muutub \u00f5ppeaasta vahetudes, 1. septembri seisuga.<\/p><hr \/><p><strong>\u00d5ppeaastal 2024.-2025. (01.09.2024 \u2013 31.08.2025) on Tartu PK \u00f5ppemaksu suuruseks 180,40 eurot (2024. a alampalgast 820 eurost 22%)<\/strong><\/p><p><strong>\u00d5ppeaastal 2024.-2025. (01.09.2024 \u2013 31.08.2025) on Karolini kooli \u00f5ppemaksu suuruseks 205,00 eurot (2024. a alampalgast 820 eurost 25%)<\/strong><\/p><hr \/><p>P\u00f5hikooli \u00f5pilastele, kellel on v\u00e4hemalt 2 nooremat \u00f5de-venda TLPK lasteaias v\u00f5i p\u00f5hikoolis, kehtib \u00f5ppemaksu 30%-line soodustus. \u00d5ppemaksu 20%-line soodustus kehtib \u00f5pilastele, kellel on 1 noorem \u00f5de v\u00f5i vend TLPK lasteaias v\u00f5i p\u00f5hikoolis.<\/p><p>\u200bL\u00e4htuvalt pere majanduslikust olukorrast tingitud taotlusest v\u00e4hendab kool \u00f5ppemaksu, ajatab selle tasumist v\u00f5i vabastab \u00f5pilase \u00f5ppemaksust.<\/p><p>\u00d5ppemaksult (kui koolituskulult) saavad vanemad tulumaksutagastuse.<\/p><p>Erakooliseaduse (\u00a7 22<sup>3\u00a0<\/sup>(7)) kohaselt on \u00f5ppemaks \u00f5pilaselt v\u00f5i tema vanemalt n\u00f5utav mistahes tasu \u00f5pilase era\u00fcldhariduskooli vastuv\u00f5tmise v\u00f5i \u00f5ppekava t\u00e4itmise, sealhulgas \u00f5pikeskkonna loomise eest. \u00d5ppemaks katab seega \u00f5ppet\u00f6\u00f6ga seotud kulud \u00f5ppevahendite (nt kunstitarbed) ja -materjalide (nt \u00f5pikud, t\u00f6\u00f6raamatud, tahvelarvutid) ning \u00f5ppek\u00e4ikude (sh transporditeenus, piletid) osas, vajadusel ka inventari (nt suusad, uisud) rendi. Kool kasutab \u00f5ppemaksu tulusid ka \u00f5petajate ja tugispetsialistide tasustamiseks.<\/p>    <\/div>\n<\/div>\n<!-- \/module text -->        <\/div>\n                        <\/div>\n        <\/div>\n        <\/div>\n<!--\/themify_builder_content-->","protected":false},"excerpt":{"rendered":"<p>\u00d5ppemaksu suurus kalendrikuus on\u00a0Tartu PKs\u00a022% ja Karolini koolis 25% riiklikult kehtestatud t\u00f6\u00f6tasu alamm\u00e4\u00e4rast. \u00d5ppemaksu suurus muutub \u00f5ppeaasta vahetudes, 1. septembri seisuga. \u00d5ppeaastal 2024.-2025. (01.09.2024 \u2013 31.08.2025) on Tartu PK \u00f5ppemaksu suuruseks 180,40 eurot (2024. a alampalgast 820 eurost 22%) \u00d5ppeaastal 2024.-2025. (01.09.2024 \u2013 31.08.2025) on Karolini kooli \u00f5ppemaksu suuruseks 205,00 eurot (2024. a alampalgast 820 [&hellip;]<\/p>\n","protected":false},"author":1,"featured_media":25,"parent":0,"menu_order":7,"comment_status":"closed","ping_status":"closed","template":"","meta":{"footnotes":""},"class_list":["post-46","page","type-page","status-publish","has-post-thumbnail","hentry","has-post-title","has-post-date","has-post-category","has-post-tag","has-post-comment","has-post-author",""],"_links":{"self":[{"href":"https:\/\/www.luterlik.edu.ee\/uus\/pohikool\/wp-json\/wp\/v2\/pages\/46","targetHints":{"allow":["GET"]}}],"collection":[{"href":"https:\/\/www.luterlik.edu.ee\/uus\/pohikool\/wp-json\/wp\/v2\/pages"}],"about":[{"href":"https:\/\/www.luterlik.edu.ee\/uus\/pohikool\/wp-json\/wp\/v2\/types\/page"}],"author":[{"embeddable":true,"href":"https:\/\/www.luterlik.edu.ee\/uus\/pohikool\/wp-json\/wp\/v2\/users\/1"}],"replies":[{"embeddable":true,"href":"https:\/\/www.luterlik.edu.ee\/uus\/pohikool\/wp-json\/wp\/v2\/comments?post=46"}],"version-history":[{"count":2,"href":"https:\/\/www.luterlik.edu.ee\/uus\/pohikool\/wp-json\/wp\/v2\/pages\/46\/revisions"}],"predecessor-version":[{"id":48,"href":"https:\/\/www.luterlik.edu.ee\/uus\/pohikool\/wp-json\/wp\/v2\/pages\/46\/revisions\/48"}],"wp:featuredmedia":[{"embeddable":true,"href":"https:\/\/www.luterlik.edu.ee\/uus\/pohikool\/wp-json\/wp\/v2\/media\/25"}],"wp:attachment":[{"href":"https:\/\/www.luterlik.edu.ee\/uus\/pohikool\/wp-json\/wp\/v2\/media?parent=46"}],"curies":[{"name":"wp","href":"https:\/\/api.w.org\/{rel}","templated":true}]}}