{"id":43,"date":"2025-04-21T12:03:23","date_gmt":"2025-04-21T12:03:23","guid":{"rendered":"https:\/\/www.luterlik.edu.ee\/uus\/pohikool\/?page_id=43"},"modified":"2025-04-21T12:03:23","modified_gmt":"2025-04-21T12:03:23","slug":"koolimaja","status":"publish","type":"page","link":"https:\/\/www.luterlik.edu.ee\/uus\/pohikool\/koolimaja\/","title":{"rendered":"KOOLIMAJA"},"content":{"rendered":"<!--themify_builder_content-->\n<div id=\"themify_builder_content-43\" data-postid=\"43\" class=\"themify_builder_content themify_builder_content-43 themify_builder tf_clear\">\n                    <div  data-lazy=\"1\" class=\"module_row themify_builder_row tb_shsc554 tb_first tf_w\">\n                        <div class=\"row_inner col_align_top tb_col_count_1 tf_box tf_rel\">\n                        <div  data-lazy=\"1\" class=\"module_column tb-column col-full tb_ykt2555 first\">\n                    <!-- module text -->\n<div  class=\"module module-text tb_oh9a649   \" data-lazy=\"1\">\n        <div  class=\"tb_text_wrap\">\n        <p>TLPK p\u00f5hikool asub Tartu vanalinnas, aadressil\u00a0<a href=\"https:\/\/www.google.com\/maps\/place\/K%C3%BC%C3%BCtri+1,+51005+Tartu\/@58.380732,26.7187834,17z\/data=!3m1!4b1!4m5!3m4!1s0x46eb36e6d4a9897d:0x27ab19fe55e450bb!8m2!3d58.380732!4d26.7209721\" target=\"_blank\" rel=\"noopener noreferrer\">K\u00fc\u00fctri 1<\/a>.<\/p><p>Koolimaja pakub mitmekesiseid v\u00f5imalusi \u00f5ppet\u00f6\u00f6ks, liikumistegevusteks, tugiteenuste osutamiseks ja huvihariduse pakkumiseks. Klassid paiknevad koolimajas koduklassidena. Eraldiseisvalt on olemas k\u00e4sit\u00f6\u00f6 ja kodunduse, tehnoloogia\u00f5petus klass, mis on kohandatav keemiaklassiks. Senisest Athena keskuse saalist on saanud kooli aula. Koolimajas on ajaloolise klaaslaega ruumikas s\u00f6\u00f6gisaal.<\/p><p><a href=\"https:\/\/www.luterlik.edu.ee\/athena-keskus\/ajalugu\/\" target=\"_blank\" rel=\"noopener noreferrer\">K\u00fc\u00fctri 1 hoone ajaloost<\/a><\/p><figure class=\"wp-block-gallery has-nested-images columns-default is-cropped wp-block-gallery-1 is-layout-flex wp-block-gallery-is-layout-flex\"><figure class=\"wp-block-image size-large\"><img loading=\"lazy\" decoding=\"async\" class=\"wp-image-7527\" src=\"https:\/\/www.luterlik.edu.ee\/wp-content\/uploads\/2020\/02\/ruumide-rent_athena-1024x819.jpg\" sizes=\"auto, (max-width: 1024px) 100vw, 1024px\" srcset=\"https:\/\/www.luterlik.edu.ee\/wp-content\/uploads\/2020\/02\/ruumide-rent_athena-1024x819.jpg 1024w, https:\/\/www.luterlik.edu.ee\/wp-content\/uploads\/2020\/02\/ruumide-rent_athena-300x240.jpg 300w, https:\/\/www.luterlik.edu.ee\/wp-content\/uploads\/2020\/02\/ruumide-rent_athena-1536x1229.jpg 1536w, https:\/\/www.luterlik.edu.ee\/wp-content\/uploads\/2020\/02\/ruumide-rent_athena-2048x1638.jpg 2048w\" alt=\"\" width=\"1024\" height=\"819\" data-id=\"7527\" \/><\/figure><\/figure>    <\/div>\n<\/div>\n<!-- \/module text -->        <\/div>\n                        <\/div>\n        <\/div>\n        <\/div>\n<!--\/themify_builder_content-->","protected":false},"excerpt":{"rendered":"<p>TLPK p\u00f5hikool asub Tartu vanalinnas, aadressil\u00a0K\u00fc\u00fctri 1. Koolimaja pakub mitmekesiseid v\u00f5imalusi \u00f5ppet\u00f6\u00f6ks, liikumistegevusteks, tugiteenuste osutamiseks ja huvihariduse pakkumiseks. Klassid paiknevad koolimajas koduklassidena. Eraldiseisvalt on olemas k\u00e4sit\u00f6\u00f6 ja kodunduse, tehnoloogia\u00f5petus klass, mis on kohandatav keemiaklassiks. Senisest Athena keskuse saalist on saanud kooli aula. Koolimajas on ajaloolise klaaslaega ruumikas s\u00f6\u00f6gisaal. K\u00fc\u00fctri 1 hoone ajaloost<\/p>\n","protected":false},"author":1,"featured_media":25,"parent":0,"menu_order":6,"comment_status":"closed","ping_status":"closed","template":"","meta":{"footnotes":""},"class_list":["post-43","page","type-page","status-publish","has-post-thumbnail","hentry","has-post-title","has-post-date","has-post-category","has-post-tag","has-post-comment","has-post-author",""],"_links":{"self":[{"href":"https:\/\/www.luterlik.edu.ee\/uus\/pohikool\/wp-json\/wp\/v2\/pages\/43","targetHints":{"allow":["GET"]}}],"collection":[{"href":"https:\/\/www.luterlik.edu.ee\/uus\/pohikool\/wp-json\/wp\/v2\/pages"}],"about":[{"href":"https:\/\/www.luterlik.edu.ee\/uus\/pohikool\/wp-json\/wp\/v2\/types\/page"}],"author":[{"embeddable":true,"href":"https:\/\/www.luterlik.edu.ee\/uus\/pohikool\/wp-json\/wp\/v2\/users\/1"}],"replies":[{"embeddable":true,"href":"https:\/\/www.luterlik.edu.ee\/uus\/pohikool\/wp-json\/wp\/v2\/comments?post=43"}],"version-history":[{"count":2,"href":"https:\/\/www.luterlik.edu.ee\/uus\/pohikool\/wp-json\/wp\/v2\/pages\/43\/revisions"}],"predecessor-version":[{"id":45,"href":"https:\/\/www.luterlik.edu.ee\/uus\/pohikool\/wp-json\/wp\/v2\/pages\/43\/revisions\/45"}],"wp:featuredmedia":[{"embeddable":true,"href":"https:\/\/www.luterlik.edu.ee\/uus\/pohikool\/wp-json\/wp\/v2\/media\/25"}],"wp:attachment":[{"href":"https:\/\/www.luterlik.edu.ee\/uus\/pohikool\/wp-json\/wp\/v2\/media?parent=43"}],"curies":[{"name":"wp","href":"https:\/\/api.w.org\/{rel}","templated":true}]}}