{"id":39,"date":"2025-04-21T12:02:31","date_gmt":"2025-04-21T12:02:31","guid":{"rendered":"https:\/\/www.luterlik.edu.ee\/uus\/pohikool\/?page_id=39"},"modified":"2025-04-21T12:07:55","modified_gmt":"2025-04-21T12:07:55","slug":"toitlustamine","status":"publish","type":"page","link":"https:\/\/www.luterlik.edu.ee\/uus\/pohikool\/toitlustamine\/","title":{"rendered":"TOITLUSTAMINE"},"content":{"rendered":"<!--themify_builder_content-->\n<div id=\"themify_builder_content-39\" data-postid=\"39\" class=\"themify_builder_content themify_builder_content-39 themify_builder tf_clear\">\n                    <div  data-lazy=\"1\" class=\"module_row themify_builder_row tb_zl9979 tb_first tf_w\">\n                        <div class=\"row_inner col_align_top tb_col_count_1 tf_box tf_rel\">\n                        <div  data-lazy=\"1\" class=\"module_column tb-column col-full tb_4u5680 first\">\n                    <!-- module text -->\n<div  class=\"module module-text tb_uwi1362   \" data-lazy=\"1\">\n        <div  class=\"tb_text_wrap\">\n        <p>TLPK\u00b4 s pakub l\u00f5unat ja pikap\u00e4evatoitu Baltic Restaurants Estonia AS.<\/p><p><em>Men\u00fc\u00fc<\/em><\/p><p><a href=\"https:\/\/www.luterlik.edu.ee\/wp-content\/uploads\/2025\/02\/Peetri-Kool-31.03-04.04.pdf\">31. m\u00e4rts \u2013 4. aprill 2025<\/a><\/p><p><a href=\"https:\/\/www.luterlik.edu.ee\/wp-content\/uploads\/2025\/03\/Peetri-kool-07-11.04.pdf\">07. \u2013 11. aprill 2025<\/a><\/p><p><a href=\"https:\/\/www.luterlik.edu.ee\/wp-content\/uploads\/2025\/03\/Peetri-kool-21-25.04.pdf\">21. \u2013 25. aprill 2025<\/a><\/p><p><a href=\"https:\/\/www.luterlik.edu.ee\/wp-content\/uploads\/2025\/03\/Peetri-kool-28.04-02.05.pdf\">28. aprill \u2013 02. mai. 2025<\/a><\/p><p>Oleme liitunud Euroopa Liidu koolipiima- ja puuvilja programmiga.<\/p><p>K\u00fcsimused ja tagasiside toitlustuse kohta on oodatud aadressile\u00a0<a href=\"mailto:indrek.salk@luterlik.edu.ee\" target=\"_blank\" rel=\"noopener\">indrek.salk@luterlik.edu.ee<\/a><\/p>    <\/div>\n<\/div>\n<!-- \/module text -->        <\/div>\n                        <\/div>\n        <\/div>\n        <\/div>\n<!--\/themify_builder_content-->","protected":false},"excerpt":{"rendered":"<p>TLPK\u00b4 s pakub l\u00f5unat ja pikap\u00e4evatoitu Baltic Restaurants Estonia AS. Men\u00fc\u00fc 31. m\u00e4rts \u2013 4. aprill 2025 07. \u2013 11. aprill 2025 21. \u2013 25. aprill 2025 28. aprill \u2013 02. mai. 2025 Oleme liitunud Euroopa Liidu koolipiima- ja puuvilja programmiga. K\u00fcsimused ja tagasiside toitlustuse kohta on oodatud aadressile\u00a0indrek.salk@luterlik.edu.ee<\/p>\n","protected":false},"author":1,"featured_media":25,"parent":0,"menu_order":5,"comment_status":"closed","ping_status":"closed","template":"","meta":{"footnotes":""},"class_list":["post-39","page","type-page","status-publish","has-post-thumbnail","hentry","has-post-title","has-post-date","has-post-category","has-post-tag","has-post-comment","has-post-author",""],"_links":{"self":[{"href":"https:\/\/www.luterlik.edu.ee\/uus\/pohikool\/wp-json\/wp\/v2\/pages\/39","targetHints":{"allow":["GET"]}}],"collection":[{"href":"https:\/\/www.luterlik.edu.ee\/uus\/pohikool\/wp-json\/wp\/v2\/pages"}],"about":[{"href":"https:\/\/www.luterlik.edu.ee\/uus\/pohikool\/wp-json\/wp\/v2\/types\/page"}],"author":[{"embeddable":true,"href":"https:\/\/www.luterlik.edu.ee\/uus\/pohikool\/wp-json\/wp\/v2\/users\/1"}],"replies":[{"embeddable":true,"href":"https:\/\/www.luterlik.edu.ee\/uus\/pohikool\/wp-json\/wp\/v2\/comments?post=39"}],"version-history":[{"count":4,"href":"https:\/\/www.luterlik.edu.ee\/uus\/pohikool\/wp-json\/wp\/v2\/pages\/39\/revisions"}],"predecessor-version":[{"id":60,"href":"https:\/\/www.luterlik.edu.ee\/uus\/pohikool\/wp-json\/wp\/v2\/pages\/39\/revisions\/60"}],"wp:featuredmedia":[{"embeddable":true,"href":"https:\/\/www.luterlik.edu.ee\/uus\/pohikool\/wp-json\/wp\/v2\/media\/25"}],"wp:attachment":[{"href":"https:\/\/www.luterlik.edu.ee\/uus\/pohikool\/wp-json\/wp\/v2\/media?parent=39"}],"curies":[{"name":"wp","href":"https:\/\/api.w.org\/{rel}","templated":true}]}}