{"id":35,"date":"2025-04-21T12:01:57","date_gmt":"2025-04-21T12:01:57","guid":{"rendered":"https:\/\/www.luterlik.edu.ee\/uus\/pohikool\/?page_id=35"},"modified":"2025-04-21T12:01:57","modified_gmt":"2025-04-21T12:01:57","slug":"tugiteenused","status":"publish","type":"page","link":"https:\/\/www.luterlik.edu.ee\/uus\/pohikool\/tugiteenused\/","title":{"rendered":"TUGITEENUSED"},"content":{"rendered":"<!--themify_builder_content-->\n<div id=\"themify_builder_content-35\" data-postid=\"35\" class=\"themify_builder_content themify_builder_content-35 themify_builder tf_clear\">\n                    <div  data-lazy=\"1\" class=\"module_row themify_builder_row tb_k5qo725 tb_first tf_w\">\n                        <div class=\"row_inner col_align_top tb_col_count_1 tf_box tf_rel\">\n                        <div  data-lazy=\"1\" class=\"module_column tb-column col-full tb_0tgo725 first\">\n                    <!-- module text -->\n<div  class=\"module module-text tb_6u81170   \" data-lazy=\"1\">\n        <div  class=\"tb_text_wrap\">\n        <p align=\"LEFT\"><a href=\"https:\/\/www.luterlik.edu.ee\/wp-content\/uploads\/2021\/01\/TLPK-%C3%B5pilaste-arengu-ja-%C3%B5ppe-toetamise-kord_2021-1.pdf\" target=\"_blank\" rel=\"noopener noreferrer\">TLPK \u00f5pilaste arengu ja \u00f5ppe toetamise kord<\/a><\/p><p align=\"LEFT\"><a href=\"https:\/\/www.luterlik.edu.ee\/wp-content\/uploads\/2022\/02\/TLPK-tugisusteem-skeem.pdf\" target=\"_blank\" rel=\"noopener\">TLPK tugis\u00fcsteemi skeem<\/a><\/p><p align=\"LEFT\"><em><a href=\"https:\/\/www.luterlik.edu.ee\/wp-content\/uploads\/2018\/11\/Tugispetsialisti-teenuse-avalduse_vorm2018.doc\">Tugispetsialisti teenuse avalduse vorm<\/a><\/em><\/p><p align=\"LEFT\"><em><a href=\"https:\/\/www.luterlik.edu.ee\/wp-content\/uploads\/2018\/11\/%C3%95piabi-avaldus_vorm2018.doc\">\u00d5piabi avalduse vorm<\/a><\/em><\/p><h3 align=\"LEFT\"><strong>TLPK tugispetsialistid<\/strong><\/h3><p align=\"LEFT\"><strong>Eripedagoog Tiina M\u00f6ller (LHP)<\/strong><\/p><p align=\"LEFT\"><strong>Eripedagoogi assistent Marie Raudsepp<br \/><\/strong><\/p><p align=\"LEFT\"><strong>HEVKO Anely Pedai<\/strong>,\u00a0<a href=\"mailto:oilme@luterlik.edu.ee\" target=\"_blank\" rel=\"noopener noreferrer\">anely.pedai@luterlik.edu.ee<\/a><\/p><p align=\"LEFT\"><em>Eripedagoogi p\u00f5hitegevus on koost\u00f6\u00f6s vanemate, \u00f5petajate ja teiste tugispetsialistidega \u00fcldist tuge vajavate ja erivajadustega \u00f5pilaste toetamine eesm\u00e4rgiga soodustada igak\u00fclgselt nende arengut eakohasuse suunas.<\/em><\/p><p align=\"LEFT\"><strong>Sotsiaalpedagoog-\u00f5pilasn\u00f5ustaja Helen Hirsnik<\/strong>,\u00a0<a class=\"rABsFf RffVmb AL18ce\" href=\"mailto:helen.hirsnik@gmail.com\" target=\"_blank\" rel=\"noopener noreferrer\" data-tooltip-position=\"top\" data-tooltip=\"From your Google contacts\">helen.h@luterlik.edu.ee<\/a><\/p><p align=\"LEFT\"><em><span data-olk-copy-source=\"MessageBody\">Sotsiaalpedagoog-\u00f5pilasn\u00f5ustaja on koolis esmane kontakt, kelle poole p\u00f6\u00f6rduda nii vaimse tervise (sh \u00e4revus ja madal \u00f5pimotivatsioon) kui ka suhetega seonduvate muredega. Sotsiaalpedagoog-\u00f5pilasn\u00f5ustaja loob \u00f5pilase \u00fcmber v\u00f5rgustiku, mis parimal moel toetab \u00f5pilast toimetulevaks \u00fchiskonnaliikmeks kujunemisel.<\/span><\/em><\/p><p><strong>Eripedagoog (lasteaia osas) Signe Voolpriit\u00a0<\/strong>signe.voolpriit@luterlik.edu.ee<\/p><p><em>Eripedagoogi t\u00f6\u00f6 p\u00f5hieesm\u00e4rgis on \u00f5pilaste k\u00f5ne ja kommunikatiivsete oskuste arengu toetamine.<\/em><\/p><p><strong>Lapsevanema n\u00f5usolekust tugiteenuse rakendamiseks<\/strong><\/p><p>Selleks, et kool saaks rakendada kooliv\u00e4lise n\u00f5ustamismeeskonna soovitusi, on tarvis vanema n\u00f5usolekut Innove otsusele. N\u00f5usoleku andmiseks tuleb lapsevanemal siseneda keskonda\u00a0<a href=\"https:\/\/tartu.ee\/arno\/avaleht\/?\" target=\"_blank\" rel=\"noopener noreferrer\">ARNO<\/a>\u00a0ning avalehel kastis \u201cInnove otsused\u201d kl\u00f5psata \u201cSisesta n\u00f5usolek\u201d. Avanevas aknas tuleb t\u00e4ita n\u00f5utud v\u00e4ljad ja n\u00f5usolek kinnitada, kl\u00f5psates nupul\u201cJah, olen n\u00f5us\u201d. Vanem saab soovi korral hiljem oma otsust muuta (n\u00f5usoleku eemaldada, valides \u201cMuuda staatust\u201d). Kui vanem on ARNOs andnud n\u00f5usoleku Innove otsuse rakendamiseks, siis n\u00e4eb otsuse sisu kooli esindaja (HEV koordineerija).\u00a0ARNOs on olemas ka juhend Innove Rajaleidja otsuse avalikustamine koolile (Avalehel Abi all).<\/p>    <\/div>\n<\/div>\n<!-- \/module text -->        <\/div>\n                        <\/div>\n        <\/div>\n        <\/div>\n<!--\/themify_builder_content-->","protected":false},"excerpt":{"rendered":"<p>TLPK \u00f5pilaste arengu ja \u00f5ppe toetamise kord TLPK tugis\u00fcsteemi skeem Tugispetsialisti teenuse avalduse vorm \u00d5piabi avalduse vorm TLPK tugispetsialistid Eripedagoog Tiina M\u00f6ller (LHP) Eripedagoogi assistent Marie Raudsepp HEVKO Anely Pedai,\u00a0anely.pedai@luterlik.edu.ee Eripedagoogi p\u00f5hitegevus on koost\u00f6\u00f6s vanemate, \u00f5petajate ja teiste tugispetsialistidega \u00fcldist tuge vajavate ja erivajadustega \u00f5pilaste toetamine eesm\u00e4rgiga soodustada igak\u00fclgselt nende arengut eakohasuse suunas. Sotsiaalpedagoog-\u00f5pilasn\u00f5ustaja Helen [&hellip;]<\/p>\n","protected":false},"author":1,"featured_media":25,"parent":0,"menu_order":4,"comment_status":"closed","ping_status":"closed","template":"","meta":{"footnotes":""},"class_list":["post-35","page","type-page","status-publish","has-post-thumbnail","hentry","has-post-title","has-post-date","has-post-category","has-post-tag","has-post-comment","has-post-author",""],"_links":{"self":[{"href":"https:\/\/www.luterlik.edu.ee\/uus\/pohikool\/wp-json\/wp\/v2\/pages\/35","targetHints":{"allow":["GET"]}}],"collection":[{"href":"https:\/\/www.luterlik.edu.ee\/uus\/pohikool\/wp-json\/wp\/v2\/pages"}],"about":[{"href":"https:\/\/www.luterlik.edu.ee\/uus\/pohikool\/wp-json\/wp\/v2\/types\/page"}],"author":[{"embeddable":true,"href":"https:\/\/www.luterlik.edu.ee\/uus\/pohikool\/wp-json\/wp\/v2\/users\/1"}],"replies":[{"embeddable":true,"href":"https:\/\/www.luterlik.edu.ee\/uus\/pohikool\/wp-json\/wp\/v2\/comments?post=35"}],"version-history":[{"count":3,"href":"https:\/\/www.luterlik.edu.ee\/uus\/pohikool\/wp-json\/wp\/v2\/pages\/35\/revisions"}],"predecessor-version":[{"id":38,"href":"https:\/\/www.luterlik.edu.ee\/uus\/pohikool\/wp-json\/wp\/v2\/pages\/35\/revisions\/38"}],"wp:featuredmedia":[{"embeddable":true,"href":"https:\/\/www.luterlik.edu.ee\/uus\/pohikool\/wp-json\/wp\/v2\/media\/25"}],"wp:attachment":[{"href":"https:\/\/www.luterlik.edu.ee\/uus\/pohikool\/wp-json\/wp\/v2\/media?parent=35"}],"curies":[{"name":"wp","href":"https:\/\/api.w.org\/{rel}","templated":true}]}}