{"id":31,"date":"2025-04-21T12:01:03","date_gmt":"2025-04-21T12:01:03","guid":{"rendered":"https:\/\/www.luterlik.edu.ee\/uus\/pohikool\/?page_id=31"},"modified":"2025-04-21T12:01:10","modified_gmt":"2025-04-21T12:01:10","slug":"alusdokumendid","status":"publish","type":"page","link":"https:\/\/www.luterlik.edu.ee\/uus\/pohikool\/alusdokumendid\/","title":{"rendered":"ALUSDOKUMENDID"},"content":{"rendered":"<!--themify_builder_content-->\n<div id=\"themify_builder_content-31\" data-postid=\"31\" class=\"themify_builder_content themify_builder_content-31 themify_builder tf_clear\">\n                    <div  data-lazy=\"1\" class=\"module_row themify_builder_row tb_c31u803 tb_first tf_w\">\n                        <div class=\"row_inner col_align_top tb_col_count_1 tf_box tf_rel\">\n                        <div  data-lazy=\"1\" class=\"module_column tb-column col-full tb_88si803 first\">\n                    <!-- module text -->\n<div  class=\"module module-text tb_s5nw683   \" data-lazy=\"1\">\n        <div  class=\"tb_text_wrap\">\n        <p align=\"LEFT\"><a href=\"https:\/\/www.luterlik.edu.ee\/esmane-vanemale\/tlpk-kodukord_2023\/\" rel=\"attachment wp-att-8240\">TLPK kodukord_2023<\/a><\/p><p align=\"LEFT\">Kodukorda t\u00e4idavad k\u00f5ik TLPK p\u00f5hikooliga seotud inimesed (\u00f5pilased, t\u00f6\u00f6tajad, lapsevanemad).\u00a0\u00d5pilased ja kooli t\u00f6\u00f6tajad esindavad kooli oma isiku ja k\u00e4itumisega.<\/p><p align=\"LEFT\"><a href=\"https:\/\/www.luterlik.edu.ee\/wp-content\/uploads\/2025\/01\/Kooli-oppekava-uldosa-2024.pdf\">TLPK p\u00f5hikooli \u00f5ppekava \u00fcldosa<\/a><\/p><p align=\"LEFT\">\u00d5ppekava on kooli \u00f5ppe- ja kasvatustegevuse alusdokument, milles kirjeldatakse \u00f5ppe r\u00f5huasetused ja tegevused \u00f5ppekava t\u00e4itmiseks. \u00d5ppekava koostamisel on kool l\u00e4htunud riiklikust \u00f5ppekavast, kooli arengukavast, pidades silmas piirkonna vajadusi, kooli t\u00f6\u00f6tajate, lastevanemate, \u00f5pilaste ja koolipidaja soove ning ressursse. \u00d5ppekava koosneb \u00fcldosast ja ainevaldkondadesse koondatud ainekavadest.<\/p><p align=\"LEFT\"><strong>Ainekavad<\/strong><\/p><p align=\"LEFT\"><a href=\"https:\/\/www.luterlik.edu.ee\/wp-content\/uploads\/2021\/09\/TLPK-%C3%95K-lisa-1_ajaloo-ainekava_2021.pdf\" target=\"_blank\" rel=\"noopener noreferrer\">Lisa nr 1 \u201cAjaloo ainekava\u201d<\/a><\/p><p align=\"LEFT\"><a href=\"https:\/\/www.luterlik.edu.ee\/wp-content\/uploads\/2025\/01\/Ainevaldkond_Keel-ja-kirjandus-eesti-keel-kirjandus.pdf\" target=\"_blank\" rel=\"noopener\">Lisa nr 2 \u201cKeele ja kirjanduse ainekava\u201d<\/a><\/p><p align=\"LEFT\"><a href=\"https:\/\/www.luterlik.edu.ee\/wp-content\/uploads\/2021\/09\/TLPK-%C3%95K-lisa-3_loodusainete-ainekava_2021.pdf\" target=\"_blank\" rel=\"noopener noreferrer\">Lisa nr 3 \u201cLoodusainete ainekava\u201d<\/a><\/p><p align=\"LEFT\"><a href=\"https:\/\/www.luterlik.edu.ee\/wp-content\/uploads\/2022\/12\/TLPK-matemaatika-2022.pdf\" target=\"_blank\" rel=\"noopener noreferrer\">Lisa nr 4 \u201cMatemaatika ainekava\u201d<\/a><\/p><p align=\"LEFT\"><a href=\"https:\/\/www.luterlik.edu.ee\/wp-content\/uploads\/2022\/12\/TLPK-kunstiained_muusika-kunst-2022.pdf\" target=\"_blank\" rel=\"noopener noreferrer\">Lisa nr 5 \u201cKunstiained ainekava (muusika, kunst)\u201d<\/a><\/p><p align=\"LEFT\"><a href=\"https:\/\/www.luterlik.edu.ee\/wp-content\/uploads\/2021\/09\/TLPK-%C3%95K-lisa-6_%C3%BChiskonnaopetuse-ainekava_2021.pdf\" target=\"_blank\" rel=\"noopener noreferrer\">Lisa nr 6 \u201c\u00dchiskonna\u00f5petuse ainekava\u201d<\/a><\/p><p align=\"LEFT\"><a href=\"https:\/\/www.luterlik.edu.ee\/wp-content\/uploads\/2021\/09\/TLPK-%C3%95K-lisa-7_usuopetuse-ainekava_2021.pdf\" target=\"_blank\" rel=\"noopener noreferrer\">Lisa nr 7 \u201cUsu\u00f5petuse ainekava\u201d<\/a><\/p><p align=\"LEFT\"><a href=\"https:\/\/www.luterlik.edu.ee\/wp-content\/uploads\/2021\/09\/TLPK-%C3%95K-lisa-8_v%C3%B5%C3%B5rkeele-ainekava_2021.pdf\" target=\"_blank\" rel=\"noopener noreferrer\">Lisa nr 8 \u201cV\u00f5\u00f5rkeelte ainekava\u201d<\/a><\/p><p align=\"LEFT\"><a href=\"https:\/\/www.luterlik.edu.ee\/wp-content\/uploads\/2021\/09\/TLPK-%C3%95K-lisa-10_inimese%C3%B5petuse-ainekava_2019.pdf\" target=\"_blank\" rel=\"noopener noreferrer\">Lisa nr 9 \u201cInimese\u00f5petuse ainekava\u201d<\/a><\/p><p align=\"LEFT\"><a href=\"https:\/\/www.luterlik.edu.ee\/wp-content\/uploads\/2021\/11\/TLPK-%C3%95K-lisa-11-liikumis%C3%B5petuse-ainekava_11.2021.pdf\" target=\"_blank\" rel=\"noopener noreferrer\">Lisa nr 10 \u201cLiikumis\u00f5petuse ainekava\u201d<\/a><\/p><p align=\"LEFT\"><a href=\"https:\/\/www.luterlik.edu.ee\/wp-content\/uploads\/2022\/12\/TLPK-tehnoloogia_tooopetus-tehnoloogiaopetus-kasitoo-ja-kodundus-2022.pdf\" target=\"_blank\" rel=\"noopener noreferrer\">Lisa nr 11 \u201cAinevaldkont Tehnoloogia ainekavad (t\u00f6\u00f6\u00f5petuse, tehnoloogia\u00f5petuse, k\u00e4sit\u00f6\u00f6 ja kodundus\u201d<\/a><\/p><p align=\"LEFT\"><a href=\"https:\/\/www.luterlik.edu.ee\/wp-content\/uploads\/2021\/09\/TLPK-%C3%95K-lisa-14_meedia-ja-suhtlus%C3%B5petuse-ainekava_2016.pdf\" target=\"_blank\" rel=\"noopener noreferrer\">Lisa nr 12 \u201cMeedia- ja suhtlus\u00f5petuse ainekava\u201d<\/a><\/p><p align=\"LEFT\"><a href=\"https:\/\/www.luterlik.edu.ee\/wp-content\/uploads\/2021\/09\/TLPK-%C3%95K-lisa-15_toimetuleku-ja-hooldus%C3%B5ppe-%C3%B5ppekava-%C3%BCldosa_2021.pdf\" target=\"_blank\" rel=\"noopener noreferrer\">Lisa nr 13 \u201cToimetuleku- ja hooldus\u00f5ppe \u00f5ppekava \u00fcldosa\u201d<\/a><\/p><p align=\"LEFT\"><a href=\"https:\/\/www.luterlik.edu.ee\/wp-content\/uploads\/2021\/09\/TLPK-%C3%95K-lisa-16_toimetuleku%C3%B5ppe-ainekavad_2021.pdf\" target=\"_blank\" rel=\"noopener noreferrer\">Lisa nr 14 \u201cToimetuleku\u00f5ppe ainekavad\u201d<\/a><\/p><p align=\"LEFT\"><a href=\"https:\/\/www.luterlik.edu.ee\/wp-content\/uploads\/2021\/09\/TLPK-%C3%95K-lisa-17_hooldus%C3%B5ppe-tegevusvaldkonnad_2021.pdf\" target=\"_blank\" rel=\"noopener noreferrer\">Lisa nr 15 \u201cHooldus\u00f5ppe tegevusvaldkonnad\u201d<\/a><\/p>    <\/div>\n<\/div>\n<!-- \/module text -->        <\/div>\n                        <\/div>\n        <\/div>\n        <\/div>\n<!--\/themify_builder_content-->","protected":false},"excerpt":{"rendered":"<p>TLPK kodukord_2023 Kodukorda t\u00e4idavad k\u00f5ik TLPK p\u00f5hikooliga seotud inimesed (\u00f5pilased, t\u00f6\u00f6tajad, lapsevanemad).\u00a0\u00d5pilased ja kooli t\u00f6\u00f6tajad esindavad kooli oma isiku ja k\u00e4itumisega. TLPK p\u00f5hikooli \u00f5ppekava \u00fcldosa \u00d5ppekava on kooli \u00f5ppe- ja kasvatustegevuse alusdokument, milles kirjeldatakse \u00f5ppe r\u00f5huasetused ja tegevused \u00f5ppekava t\u00e4itmiseks. \u00d5ppekava koostamisel on kool l\u00e4htunud riiklikust \u00f5ppekavast, kooli arengukavast, pidades silmas piirkonna vajadusi, kooli t\u00f6\u00f6tajate, [&hellip;]<\/p>\n","protected":false},"author":1,"featured_media":25,"parent":0,"menu_order":3,"comment_status":"closed","ping_status":"closed","template":"","meta":{"footnotes":""},"class_list":["post-31","page","type-page","status-publish","has-post-thumbnail","hentry","has-post-title","has-post-date","has-post-category","has-post-tag","has-post-comment","has-post-author",""],"_links":{"self":[{"href":"https:\/\/www.luterlik.edu.ee\/uus\/pohikool\/wp-json\/wp\/v2\/pages\/31","targetHints":{"allow":["GET"]}}],"collection":[{"href":"https:\/\/www.luterlik.edu.ee\/uus\/pohikool\/wp-json\/wp\/v2\/pages"}],"about":[{"href":"https:\/\/www.luterlik.edu.ee\/uus\/pohikool\/wp-json\/wp\/v2\/types\/page"}],"author":[{"embeddable":true,"href":"https:\/\/www.luterlik.edu.ee\/uus\/pohikool\/wp-json\/wp\/v2\/users\/1"}],"replies":[{"embeddable":true,"href":"https:\/\/www.luterlik.edu.ee\/uus\/pohikool\/wp-json\/wp\/v2\/comments?post=31"}],"version-history":[{"count":3,"href":"https:\/\/www.luterlik.edu.ee\/uus\/pohikool\/wp-json\/wp\/v2\/pages\/31\/revisions"}],"predecessor-version":[{"id":34,"href":"https:\/\/www.luterlik.edu.ee\/uus\/pohikool\/wp-json\/wp\/v2\/pages\/31\/revisions\/34"}],"wp:featuredmedia":[{"embeddable":true,"href":"https:\/\/www.luterlik.edu.ee\/uus\/pohikool\/wp-json\/wp\/v2\/media\/25"}],"wp:attachment":[{"href":"https:\/\/www.luterlik.edu.ee\/uus\/pohikool\/wp-json\/wp\/v2\/media?parent=31"}],"curies":[{"name":"wp","href":"https:\/\/api.w.org\/{rel}","templated":true}]}}