{"id":28,"date":"2025-04-21T12:00:20","date_gmt":"2025-04-21T12:00:20","guid":{"rendered":"https:\/\/www.luterlik.edu.ee\/uus\/pohikool\/?page_id=28"},"modified":"2025-04-21T12:00:20","modified_gmt":"2025-04-21T12:00:20","slug":"vastuvott","status":"publish","type":"page","link":"https:\/\/www.luterlik.edu.ee\/uus\/pohikool\/vastuvott\/","title":{"rendered":"VASTUV\u00d5TT"},"content":{"rendered":"<!--themify_builder_content-->\n<div id=\"themify_builder_content-28\" data-postid=\"28\" class=\"themify_builder_content themify_builder_content-28 themify_builder tf_clear\">\n                    <div  data-lazy=\"1\" class=\"module_row themify_builder_row tb_y45w425 tb_first tf_w\">\n                        <div class=\"row_inner col_align_top tb_col_count_1 tf_box tf_rel\">\n                        <div  data-lazy=\"1\" class=\"module_column tb-column col-full tb_11xj425 first\">\n                    <!-- module text -->\n<div  class=\"module module-text tb_t3ia83   \" data-lazy=\"1\">\n        <div  class=\"tb_text_wrap\">\n        <p align=\"LEFT\">P\u00f5hikooli v\u00f5etakse eelisj\u00e4rjekorras vastu lapsed TLPK kogukonnast (t\u00f6\u00f6tajate, MT\u00dc TLPK ja TLPK n\u00f5ukogu liikmete lapsed; TLPK \u00f5pilaste \u00f5ed-vennad; TLPK lasteaia \u00f5pilased). Neist j\u00e4\u00e4nud vabadele kohtadele v\u00f5etakse eelistatult vastu kristlike koguduste liikmete lapsed. Vastuv\u00f5tuotsuste tegemisel arvestatakse vajadusel kohataotluse esitamise aega.<\/p><p align=\"LEFT\">Vastuv\u00f5tul 1. klassi on eelistatuimad TLPK eelkooli \u00f5pilased.<\/p><p align=\"LEFT\">Kohataotluste vastuv\u00f5tmine jooksval aastal avatavasse 1. klassi l\u00f5petatakse Tartus 31. jaanuaril. Vabade kohtade olemasolul saab esitada taotlusi ka hiljem.<\/p><p align=\"LEFT\">Kohataotluste esitamine toimub l\u00e4bi Tartu haridusteenuste haldamise s\u00fcsteemi ARNO (http:\/\/www.tartu.ee\/arno\/).<\/p><p align=\"LEFT\">Vastuv\u00f5tukorraldus on kehtestatud dokumendiga\u00a0<a href=\"https:\/\/www.luterlik.edu.ee\/wp-content\/uploads\/2022\/03\/TLPK-vastuvotu-tingimused-ja-kord_02.2022.pdf\" target=\"_blank\" rel=\"noopener\">\u201cTartu Luterliku Peetri Kooli vastuv\u00f5tu tingimused ja kord\u201d<\/a>.<\/p><p>K\u00fcsimustest palume kirjutada:\u00a0<a href=\"mailto:luterlik@luterlik.edu.ee\">luterlik@luterlik.edu.ee<\/a><\/p>    <\/div>\n<\/div>\n<!-- \/module text -->        <\/div>\n                        <\/div>\n        <\/div>\n        <\/div>\n<!--\/themify_builder_content-->","protected":false},"excerpt":{"rendered":"<p>P\u00f5hikooli v\u00f5etakse eelisj\u00e4rjekorras vastu lapsed TLPK kogukonnast (t\u00f6\u00f6tajate, MT\u00dc TLPK ja TLPK n\u00f5ukogu liikmete lapsed; TLPK \u00f5pilaste \u00f5ed-vennad; TLPK lasteaia \u00f5pilased). Neist j\u00e4\u00e4nud vabadele kohtadele v\u00f5etakse eelistatult vastu kristlike koguduste liikmete lapsed. Vastuv\u00f5tuotsuste tegemisel arvestatakse vajadusel kohataotluse esitamise aega. Vastuv\u00f5tul 1. klassi on eelistatuimad TLPK eelkooli \u00f5pilased. Kohataotluste vastuv\u00f5tmine jooksval aastal avatavasse 1. klassi l\u00f5petatakse [&hellip;]<\/p>\n","protected":false},"author":1,"featured_media":25,"parent":0,"menu_order":2,"comment_status":"closed","ping_status":"closed","template":"","meta":{"footnotes":""},"class_list":["post-28","page","type-page","status-publish","has-post-thumbnail","hentry","has-post-title","has-post-date","has-post-category","has-post-tag","has-post-comment","has-post-author",""],"_links":{"self":[{"href":"https:\/\/www.luterlik.edu.ee\/uus\/pohikool\/wp-json\/wp\/v2\/pages\/28","targetHints":{"allow":["GET"]}}],"collection":[{"href":"https:\/\/www.luterlik.edu.ee\/uus\/pohikool\/wp-json\/wp\/v2\/pages"}],"about":[{"href":"https:\/\/www.luterlik.edu.ee\/uus\/pohikool\/wp-json\/wp\/v2\/types\/page"}],"author":[{"embeddable":true,"href":"https:\/\/www.luterlik.edu.ee\/uus\/pohikool\/wp-json\/wp\/v2\/users\/1"}],"replies":[{"embeddable":true,"href":"https:\/\/www.luterlik.edu.ee\/uus\/pohikool\/wp-json\/wp\/v2\/comments?post=28"}],"version-history":[{"count":2,"href":"https:\/\/www.luterlik.edu.ee\/uus\/pohikool\/wp-json\/wp\/v2\/pages\/28\/revisions"}],"predecessor-version":[{"id":30,"href":"https:\/\/www.luterlik.edu.ee\/uus\/pohikool\/wp-json\/wp\/v2\/pages\/28\/revisions\/30"}],"wp:featuredmedia":[{"embeddable":true,"href":"https:\/\/www.luterlik.edu.ee\/uus\/pohikool\/wp-json\/wp\/v2\/media\/25"}],"wp:attachment":[{"href":"https:\/\/www.luterlik.edu.ee\/uus\/pohikool\/wp-json\/wp\/v2\/media?parent=28"}],"curies":[{"name":"wp","href":"https:\/\/api.w.org\/{rel}","templated":true}]}}