{"id":22,"date":"2025-04-21T11:59:05","date_gmt":"2025-04-21T11:59:05","guid":{"rendered":"https:\/\/www.luterlik.edu.ee\/uus\/pohikool\/?page_id=22"},"modified":"2025-04-21T11:59:54","modified_gmt":"2025-04-21T11:59:54","slug":"koolikorraldus","status":"publish","type":"page","link":"https:\/\/www.luterlik.edu.ee\/uus\/pohikool\/koolikorraldus\/","title":{"rendered":"KOOLIKORRALDUS"},"content":{"rendered":"<!--themify_builder_content-->\n<div id=\"themify_builder_content-22\" data-postid=\"22\" class=\"themify_builder_content themify_builder_content-22 themify_builder tf_clear\">\n                    <div  data-lazy=\"1\" class=\"module_row themify_builder_row tb_xoz1245 tb_first tf_w\">\n                        <div class=\"row_inner col_align_top tb_col_count_1 tf_box tf_rel\">\n                        <div  data-lazy=\"1\" class=\"module_column tb-column col-full tb_sf9m246 first\">\n                    <!-- module text -->\n<div  class=\"module module-text tb_zslb59   \" data-lazy=\"1\">\n        <div  class=\"tb_text_wrap\">\n        <p><strong>\u00d5ppeaasta 2024\/2025<\/strong><\/p><p><a href=\"https:\/\/tlpk.edupage.org\/timetable\/view.php\" target=\"_blank\" rel=\"noopener noreferrer\">Tunniplaan<\/a>\u00a0<br \/>Avanevas tunniplaanis saab \u00fclevalt vasakust nurgast valida sobiva klassi.<\/p><p><a href=\"https:\/\/www.luterlik.edu.ee\/wp-content\/uploads\/2021\/11\/TLPK-%C3%B5pilasega-l%C3%A4biviidava-arenguvestluse-korraldamine_11.2021.pdf\" target=\"_blank\" rel=\"noopener noreferrer\">\u00d5pilasega l\u00e4biviidava arenguvestluse korraldamise tingimused ja kord<\/a><\/p><p><a href=\"https:\/\/www.luterlik.edu.ee\/wp-content\/uploads\/2022\/09\/TLPK-loovto%CC%88o%CC%88de-la%CC%88biviimise-ja-vormistamise-juhend.pdf\" target=\"_blank\" rel=\"noopener\">Loovt\u00f6\u00f6de l\u00e4biviimise ja vormistamise juhend<\/a><\/p><p>Tartu Luterlikus Peetri Koolis toimuvad<strong>\u00a0\u00f5ppen\u00f5ukogud<\/strong>\u00a0j\u00e4rgmistel aegadel:<\/p><p>nr 1 \u2013 04.12.2024<\/p><p>nr 2 \u2013 10.03.2025<\/p><p>nr 3 \u2013 03.06.2025<\/p><p>nr 4 \u2013 16.06.2025<\/p><p>Karolini Koolil toimuvad\u00a0<strong>\u00f5ppen\u00f5ukogud<\/strong>\u00a0j\u00e4rgmistel aegadel<\/p><p>nr 1<\/p><p>nr 2\u00a0<\/p><p>nr 3\u00a0<\/p><p>Kodu\u00f5ppe osakonnal toimuvad\u00a0<strong>\u00f5ppen\u00f5ukogud<\/strong>\u00a0j\u00e4rgmistel aegadel<\/p><p>nr 1 \u2013 06.11.2024<\/p><p>nr 2 \u2013 12.02.2025<\/p><p>nr 3 \u2013 11.06.2025<\/p><p>nr 4 \u2013 22.08.2025<\/p><hr class=\"wp-block-separator has-alpha-channel-opacity\" \/><p><strong>Riiklik j\u00e4relevalve<\/strong><\/p><p>Haridus- ja Teadusministeerium E-post:\u00a0<a href=\"mailto:hm@hm.ee\" target=\"_blank\" rel=\"noreferrer noopener\">hm@hm.ee<\/a><\/p><p>Terviseamet E-post:\u00a0<a href=\"mailto:info@terviseamet.ee\" target=\"_blank\" rel=\"noreferrer noopener\">info@terviseamet.ee<\/a><\/p><p>T\u00f6\u00f6inspektsioon E-post:\u00a0<a href=\"mailto:ti@ti.ee\" target=\"_blank\" rel=\"noreferrer noopener\">ti@ti.ee<\/a><\/p><p>P\u00e4\u00e4steamet E-post:\u00a0<a href=\"mailto:rescue@rescue.ee\" target=\"_blank\" rel=\"noreferrer noopener\">rescue@rescue.ee<\/a><\/p><p>Andmekaitse Inspektsioon E-post:\u00a0<a href=\"mailto:info@aki.ee\" target=\"_blank\" rel=\"noreferrer noopener\">info@aki.ee<\/a><\/p><p>Veterinaar- ja Toiduamet E-post:\u00a0<a href=\"mailto:pta@pta.agri.ee\" target=\"_blank\" rel=\"noreferrer noopener\">pta@pta.agri.ee<\/a><\/p><p>Keeleinspektsioon E-post:\u00a0<a href=\"mailto:info@keeleamet.ee\" target=\"_blank\" rel=\"noreferrer noopener\">info@keeleamet.ee<\/a><\/p>    <\/div>\n<\/div>\n<!-- \/module text -->        <\/div>\n                        <\/div>\n        <\/div>\n        <\/div>\n<!--\/themify_builder_content-->","protected":false},"excerpt":{"rendered":"<p>\u00d5ppeaasta 2024\/2025 Tunniplaan Avanevas tunniplaanis saab \u00fclevalt vasakust nurgast valida sobiva klassi. \u00d5pilasega l\u00e4biviidava arenguvestluse korraldamise tingimused ja kord Loovt\u00f6\u00f6de l\u00e4biviimise ja vormistamise juhend Tartu Luterlikus Peetri Koolis toimuvad\u00a0\u00f5ppen\u00f5ukogud\u00a0j\u00e4rgmistel aegadel: nr 1 \u2013 04.12.2024 nr 2 \u2013 10.03.2025 nr 3 \u2013 03.06.2025 nr 4 \u2013 16.06.2025 Karolini Koolil toimuvad\u00a0\u00f5ppen\u00f5ukogud\u00a0j\u00e4rgmistel aegadel nr 1 nr 2 nr [&hellip;]<\/p>\n","protected":false},"author":1,"featured_media":25,"parent":0,"menu_order":1,"comment_status":"closed","ping_status":"closed","template":"","meta":{"footnotes":""},"class_list":["post-22","page","type-page","status-publish","has-post-thumbnail","hentry","has-post-title","has-post-date","has-post-category","has-post-tag","has-post-comment","has-post-author",""],"_links":{"self":[{"href":"https:\/\/www.luterlik.edu.ee\/uus\/pohikool\/wp-json\/wp\/v2\/pages\/22","targetHints":{"allow":["GET"]}}],"collection":[{"href":"https:\/\/www.luterlik.edu.ee\/uus\/pohikool\/wp-json\/wp\/v2\/pages"}],"about":[{"href":"https:\/\/www.luterlik.edu.ee\/uus\/pohikool\/wp-json\/wp\/v2\/types\/page"}],"author":[{"embeddable":true,"href":"https:\/\/www.luterlik.edu.ee\/uus\/pohikool\/wp-json\/wp\/v2\/users\/1"}],"replies":[{"embeddable":true,"href":"https:\/\/www.luterlik.edu.ee\/uus\/pohikool\/wp-json\/wp\/v2\/comments?post=22"}],"version-history":[{"count":3,"href":"https:\/\/www.luterlik.edu.ee\/uus\/pohikool\/wp-json\/wp\/v2\/pages\/22\/revisions"}],"predecessor-version":[{"id":27,"href":"https:\/\/www.luterlik.edu.ee\/uus\/pohikool\/wp-json\/wp\/v2\/pages\/22\/revisions\/27"}],"wp:featuredmedia":[{"embeddable":true,"href":"https:\/\/www.luterlik.edu.ee\/uus\/pohikool\/wp-json\/wp\/v2\/media\/25"}],"wp:attachment":[{"href":"https:\/\/www.luterlik.edu.ee\/uus\/pohikool\/wp-json\/wp\/v2\/media?parent=22"}],"curies":[{"name":"wp","href":"https:\/\/api.w.org\/{rel}","templated":true}]}}