{"id":7,"date":"2025-04-21T12:35:59","date_gmt":"2025-04-21T12:35:59","guid":{"rendered":"https:\/\/www.luterlik.edu.ee\/uus\/lasteaed\/?page_id=7"},"modified":"2025-04-21T12:36:00","modified_gmt":"2025-04-21T12:36:00","slug":"vastuvott","status":"publish","type":"page","link":"https:\/\/www.luterlik.edu.ee\/uus\/lasteaed\/vastuvott\/","title":{"rendered":"VASTUV\u00d5TT"},"content":{"rendered":"<!--themify_builder_content-->\n<div id=\"themify_builder_content-7\" data-postid=\"7\" class=\"themify_builder_content themify_builder_content-7 themify_builder tf_clear\">\n                    <div  data-lazy=\"1\" class=\"module_row themify_builder_row tb_rk4i983 tb_first tf_w\">\n                        <div class=\"row_inner col_align_top tb_col_count_1 tf_box tf_rel\">\n                        <div  data-lazy=\"1\" class=\"module_column tb-column col-full tb_57y2983 first\">\n                    <!-- module text -->\n<div  class=\"module module-text tb_7b5t365   \" data-lazy=\"1\">\n        <div  class=\"tb_text_wrap\">\n        <div class=\"entry-content clearfix\"><p align=\"LEFT\">Vastuv\u00f5tukorraldus on kehtestatud dokumendiga <a href=\"https:\/\/www.luterlik.edu.ee\/wp-content\/uploads\/2019\/11\/TLPK-vastuv\u00f5tu-tingimused-ja-kord_30.10.2019.pdf\" target=\"_blank\" rel=\"noopener noreferrer\">\u201cTartu Luterliku Peetri Kooli vastuv\u00f5tu tingimused ja kord\u201d<\/a>.<\/p><p>Lasteaiakoha taotlus esitatakse\u00a0Tartu haridusteenuste haldamise s\u00fcsteemis\u00a0<a href=\"http:\/\/www.tartu.ee\/arno\/\" target=\"_blank\" rel=\"noopener noreferrer\">ARNO<\/a>.\u00a0Varakevadel algab uute \u00f5pilaste vastuv\u00f5tuperiood j\u00e4rgmiseks \u00f5ppeaastaks.<\/p><p>Laps ja v\u00e4hemalt \u00fcks lapsevanem peavad rahvastikuregistri j\u00e4rgi olema Tartu linna elanikud.\u00a0 Kohakasutus eelmises\u00a0lasteaias v\u00f5i -hoius tuleb l\u00f5petatud hiljemalt sama kuup\u00e4evaga, mil lapsest saab TLPK lasteaia \u00f5pilane.<\/p><p>Lasteaeda v\u00f5etakse vastu 3-6aastased lapsed (st laps on 1. oktoobri seisuga 3aastane).<\/p><p><strong>Lasteaiakohad vabanevad koolieelikute lepingute l\u00f5ppedes. Uutele lastele saame asutuse poolse otsusena kohti pakkuda 1. juunist, 1. juulist, 1. augustist v\u00f5i 1. septembrist. Kohti vakantsetena ei hoita.<\/strong><\/p><p>T\u00e4psustavad k\u00fcsimused on oodatud: <strong><a href=\"mailto:kylvi.teder@luterlik.edu.ee\">kylvi.teder@luterlik.edu.ee<\/a><\/strong>\u00a0<\/p><p>\u00a0<\/p><p>Meie lasteaed\u00a0kasutab<strong>\u00a0<a href=\"https:\/\/eliis.ee\/\" target=\"_blank\" rel=\"noreferrer noopener\">ELIISI<\/a>\u00a0\u00a0<\/strong>infos\u00fcsteemi<strong>\u00a0\u2013 Eesti Lasteaedade Internetip\u00f5hine Infos\u00fcsteem.<\/strong>\u00a0Kogu lasteaia ja lapse info (sh puudumiste m\u00e4rkimine) toimub vaid ELIISI keskkonnas.\u00a0ELIIS on turvaline infos\u00fcsteem, mis on koosk\u00f5lastatud ka andmekaitse inspektsiooniga.<\/p><figure class=\"wp-block-image size-large is-resized\"><a href=\"https:\/\/www.luterlik.edu.ee\/lasteaed\/vastuvott-2\/eliis.ee\"><img loading=\"lazy\" decoding=\"async\" class=\"wp-image-5805\" src=\"https:\/\/www.luterlik.edu.ee\/wp-content\/uploads\/2021\/08\/eliis.jpg\" sizes=\"auto, (max-width: 600px) 100vw, 600px\" srcset=\"https:\/\/www.luterlik.edu.ee\/wp-content\/uploads\/2021\/08\/eliis.jpg 600w, https:\/\/www.luterlik.edu.ee\/wp-content\/uploads\/2021\/08\/eliis-300x140.jpg 300w\" alt=\"\" width=\"600\" height=\"280\" \/><\/a><\/figure><p>Kasutajaks registreerimiseks ja oma lapse andmete\/info n\u00e4gemiseks palun esitage\u00a0<a href=\"http:\/\/www.eliis.ee\/\" target=\"_blank\" rel=\"noreferrer noopener\">eliis.ee<\/a>\u00a0\u00a0(<a href=\"http:\/\/www.eliis.ee\/\" target=\"_blank\" rel=\"noreferrer noopener\">www.eliis.ee<\/a>)\u00a0lehel Tartu Luterliku Peetri Kooli lasteaiale\u00a0<strong>taotlus<\/strong>. Taotlust saab esitada logides lehele sisse id-kaardi, smart-id v\u00f5i mobiil ID kaudu. Sisenedes vajutage nupule \u201cEsita taotlus lapse andmete n\u00e4gemiseks\u201d ja kui olen taotluse kinnitanud, siis p\u00e4\u00e4setegi juurde oma lapse infole.\u00a0Kui lasteaias k\u00e4ib mitu last, siis on vaja teha iga lapse kohta eraldi taotlus. Eliisi info ja abi on tel 6001830,\u00a0<a href=\"mailto:abi@eliis.ee\" target=\"_blank\" rel=\"noreferrer noopener\">abi@eliis.ee<\/a><\/p><\/div>    <\/div>\n<\/div>\n<!-- \/module text -->        <\/div>\n                        <\/div>\n        <\/div>\n        <\/div>\n<!--\/themify_builder_content-->","protected":false},"excerpt":{"rendered":"<p>Vastuv\u00f5tukorraldus on kehtestatud dokumendiga \u201cTartu Luterliku Peetri Kooli vastuv\u00f5tu tingimused ja kord\u201d.Lasteaiakoha taotlus esitatakse\u00a0Tartu haridusteenuste haldamise s\u00fcsteemis\u00a0ARNO.\u00a0Varakevadel algab uute \u00f5pilaste vastuv\u00f5tuperiood j\u00e4rgmiseks \u00f5ppeaastaks.Laps ja v\u00e4hemalt \u00fcks lapsevanem peavad rahvastikuregistri j\u00e4rgi olema Tartu linna elanikud.\u00a0 Kohakasutus eelmises\u00a0lasteaias v\u00f5i -hoius tuleb l\u00f5petatud hiljemalt sama kuup\u00e4evaga, mil lapsest saab TLPK lasteaia \u00f5pilane.Lasteaeda v\u00f5etakse vastu 3-6aastased lapsed (st laps [&hellip;]<\/p>\n","protected":false},"author":1,"featured_media":9,"parent":0,"menu_order":0,"comment_status":"closed","ping_status":"closed","template":"","meta":{"footnotes":""},"class_list":["post-7","page","type-page","status-publish","has-post-thumbnail","hentry","has-post-title","has-post-date","has-post-category","has-post-tag","has-post-comment","has-post-author",""],"builder_content":"<p align=\"LEFT\">Vastuv\u00f5tukorraldus on kehtestatud dokumendiga <a href=\"https:\/\/www.luterlik.edu.ee\/wp-content\/uploads\/2019\/11\/TLPK-vastuv\u00f5tu-tingimused-ja-kord_30.10.2019.pdf\" target=\"_blank\" rel=\"noopener noreferrer\">\u201cTartu Luterliku Peetri Kooli vastuv\u00f5tu tingimused ja kord\u201d<\/a>.<\/p><p>Lasteaiakoha taotlus esitatakse\u00a0Tartu haridusteenuste haldamise s\u00fcsteemis\u00a0<a href=\"http:\/\/www.tartu.ee\/arno\/\" target=\"_blank\" rel=\"noopener noreferrer\">ARNO<\/a>.\u00a0Varakevadel algab uute \u00f5pilaste vastuv\u00f5tuperiood j\u00e4rgmiseks \u00f5ppeaastaks.<\/p><p>Laps ja v\u00e4hemalt \u00fcks lapsevanem peavad rahvastikuregistri j\u00e4rgi olema Tartu linna elanikud.\u00a0 Kohakasutus eelmises\u00a0lasteaias v\u00f5i -hoius tuleb l\u00f5petatud hiljemalt sama kuup\u00e4evaga, mil lapsest saab TLPK lasteaia \u00f5pilane.<\/p><p>Lasteaeda v\u00f5etakse vastu 3-6aastased lapsed (st laps on 1. oktoobri seisuga 3aastane).<\/p><p><strong>Lasteaiakohad vabanevad koolieelikute lepingute l\u00f5ppedes. Uutele lastele saame asutuse poolse otsusena kohti pakkuda 1. juunist, 1. juulist, 1. augustist v\u00f5i 1. septembrist. Kohti vakantsetena ei hoita.<\/strong><\/p><p>T\u00e4psustavad k\u00fcsimused on oodatud: <strong><a href=\"mailto:kylvi.teder@luterlik.edu.ee\">kylvi.teder@luterlik.edu.ee<\/a><\/strong>\u00a0<\/p><p>\u00a0<\/p><p>Meie lasteaed\u00a0kasutab<strong>\u00a0<a href=\"https:\/\/eliis.ee\/\" target=\"_blank\" rel=\"noreferrer noopener\">ELIISI<\/a>\u00a0\u00a0<\/strong>infos\u00fcsteemi<strong>\u00a0\u2013 Eesti Lasteaedade Internetip\u00f5hine Infos\u00fcsteem.<\/strong>\u00a0Kogu lasteaia ja lapse info (sh puudumiste m\u00e4rkimine) toimub vaid ELIISI keskkonnas.\u00a0ELIIS on turvaline infos\u00fcsteem, mis on koosk\u00f5lastatud ka andmekaitse inspektsiooniga.<\/p><figure><a href=\"https:\/\/www.luterlik.edu.ee\/lasteaed\/vastuvott-2\/eliis.ee\"><img loading=\"lazy\" decoding=\"async\" src=\"https:\/\/www.luterlik.edu.ee\/wp-content\/uploads\/2021\/08\/eliis.jpg\" sizes=\"auto, (max-width: 600px) 100vw, 600px\" srcset=\"https:\/\/www.luterlik.edu.ee\/wp-content\/uploads\/2021\/08\/eliis.jpg 600w, https:\/\/www.luterlik.edu.ee\/wp-content\/uploads\/2021\/08\/eliis-300x140.jpg 300w\" alt=\"\" width=\"600\" height=\"280\" \/><\/a><\/figure><p>Kasutajaks registreerimiseks ja oma lapse andmete\/info n\u00e4gemiseks palun esitage\u00a0<a href=\"http:\/\/www.eliis.ee\/\" target=\"_blank\" rel=\"noreferrer noopener\">eliis.ee<\/a>\u00a0\u00a0(<a href=\"http:\/\/www.eliis.ee\/\" target=\"_blank\" rel=\"noreferrer noopener\">www.eliis.ee<\/a>)\u00a0lehel Tartu Luterliku Peetri Kooli lasteaiale\u00a0<strong>taotlus<\/strong>. Taotlust saab esitada logides lehele sisse id-kaardi, smart-id v\u00f5i mobiil ID kaudu. Sisenedes vajutage nupule \u201cEsita taotlus lapse andmete n\u00e4gemiseks\u201d ja kui olen taotluse kinnitanud, siis p\u00e4\u00e4setegi juurde oma lapse infole.\u00a0Kui lasteaias k\u00e4ib mitu last, siis on vaja teha iga lapse kohta eraldi taotlus. Eliisi info ja abi on tel 6001830,\u00a0<a href=\"mailto:abi@eliis.ee\" target=\"_blank\" rel=\"noreferrer noopener\">abi@eliis.ee<\/a><\/p>","_links":{"self":[{"href":"https:\/\/www.luterlik.edu.ee\/uus\/lasteaed\/wp-json\/wp\/v2\/pages\/7","targetHints":{"allow":["GET"]}}],"collection":[{"href":"https:\/\/www.luterlik.edu.ee\/uus\/lasteaed\/wp-json\/wp\/v2\/pages"}],"about":[{"href":"https:\/\/www.luterlik.edu.ee\/uus\/lasteaed\/wp-json\/wp\/v2\/types\/page"}],"author":[{"embeddable":true,"href":"https:\/\/www.luterlik.edu.ee\/uus\/lasteaed\/wp-json\/wp\/v2\/users\/1"}],"replies":[{"embeddable":true,"href":"https:\/\/www.luterlik.edu.ee\/uus\/lasteaed\/wp-json\/wp\/v2\/comments?post=7"}],"version-history":[{"count":2,"href":"https:\/\/www.luterlik.edu.ee\/uus\/lasteaed\/wp-json\/wp\/v2\/pages\/7\/revisions"}],"predecessor-version":[{"id":11,"href":"https:\/\/www.luterlik.edu.ee\/uus\/lasteaed\/wp-json\/wp\/v2\/pages\/7\/revisions\/11"}],"wp:featuredmedia":[{"embeddable":true,"href":"https:\/\/www.luterlik.edu.ee\/uus\/lasteaed\/wp-json\/wp\/v2\/media\/9"}],"wp:attachment":[{"href":"https:\/\/www.luterlik.edu.ee\/uus\/lasteaed\/wp-json\/wp\/v2\/media?parent=7"}],"curies":[{"name":"wp","href":"https:\/\/api.w.org\/{rel}","templated":true}]}}