{"id":18,"date":"2025-04-21T12:38:16","date_gmt":"2025-04-21T12:38:16","guid":{"rendered":"https:\/\/www.luterlik.edu.ee\/uus\/lasteaed\/?page_id=18"},"modified":"2025-04-21T12:38:16","modified_gmt":"2025-04-21T12:38:16","slug":"oppemaks","status":"publish","type":"page","link":"https:\/\/www.luterlik.edu.ee\/uus\/lasteaed\/oppemaks\/","title":{"rendered":"\u00d5PPEMAKS"},"content":{"rendered":"<!--themify_builder_content-->\n<div id=\"themify_builder_content-18\" data-postid=\"18\" class=\"themify_builder_content themify_builder_content-18 themify_builder tf_clear\">\n                    <div  data-lazy=\"1\" class=\"module_row themify_builder_row tb_y85a862 tb_first tf_w\">\n                        <div class=\"row_inner col_align_top tb_col_count_1 tf_box tf_rel\">\n                        <div  data-lazy=\"1\" class=\"module_column tb-column col-full tb_446n862 first\">\n                    <!-- module text -->\n<div  class=\"module module-text tb_kdj4143   \" data-lazy=\"1\">\n        <div  class=\"tb_text_wrap\">\n        <div class=\"entry-content clearfix\"><p>\u00d5ppeaastal 2023-2024 (01.08.23-31.07.24) on \u00f5ppemaks<strong> 81 eurot kuus<\/strong> ehk v\u00f5rdne Tartu linna munitsipaallasteaedade kohatasuga.<\/p><p>\u00d5ppemaksu 100%-line soodustus kehtib \u00f5pilastele, kellel on v\u00e4hemalt 2 nooremat \u00f5de-venda Tartu koolieelsetes lasteasutustes v\u00f5i lastehoidudes.\u00a0\u00d5ppemaksu 50%-line soodustus kehtib \u00f5pilastele, kellel on 1 noorem \u00f5de v\u00f5i vend m\u00f5nes Tartu koolieelses lasteasutuses v\u00f5i lastehoius.<\/p><p>Esmakordse hariduslepingu puhul tasutakse TLPK poolt esitatud arve alusel 100 eurot pere kohta \u00fchekordse toetusena TLPK arendustegevusele.<\/p><p>L\u00e4htuvalt pere majanduslikust olukorrast tingitud taotlusest v\u00e4hendatakse \u00f5ppemaksu, ajatatakse selle tasumist v\u00f5i vabastatakse lasteaia \u00f5pilane \u00f5ppemaksust.<\/p><p>\u00d5ppemaksult (kui koolituskulult) saavad vanemad tulumaksutagastuse.<\/p><\/div>    <\/div>\n<\/div>\n<!-- \/module text -->        <\/div>\n                        <\/div>\n        <\/div>\n        <\/div>\n<!--\/themify_builder_content-->","protected":false},"excerpt":{"rendered":"<p>\u00d5ppeaastal 2023-2024 (01.08.23-31.07.24) on \u00f5ppemaks 81 eurot kuus ehk v\u00f5rdne Tartu linna munitsipaallasteaedade kohatasuga.\u00d5ppemaksu 100%-line soodustus kehtib \u00f5pilastele, kellel on v\u00e4hemalt 2 nooremat \u00f5de-venda Tartu koolieelsetes lasteasutustes v\u00f5i lastehoidudes.\u00a0\u00d5ppemaksu 50%-line soodustus kehtib \u00f5pilastele, kellel on 1 noorem \u00f5de v\u00f5i vend m\u00f5nes Tartu koolieelses lasteasutuses v\u00f5i lastehoius.Esmakordse hariduslepingu puhul tasutakse TLPK poolt esitatud arve alusel 100 [&hellip;]<\/p>\n","protected":false},"author":1,"featured_media":9,"parent":0,"menu_order":0,"comment_status":"closed","ping_status":"closed","template":"","meta":{"footnotes":""},"class_list":["post-18","page","type-page","status-publish","has-post-thumbnail","hentry","has-post-title","has-post-date","has-post-category","has-post-tag","has-post-comment","has-post-author",""],"builder_content":"<p>\u00d5ppeaastal 2023-2024 (01.08.23-31.07.24) on \u00f5ppemaks<strong> 81 eurot kuus<\/strong> ehk v\u00f5rdne Tartu linna munitsipaallasteaedade kohatasuga.<\/p><p>\u00d5ppemaksu 100%-line soodustus kehtib \u00f5pilastele, kellel on v\u00e4hemalt 2 nooremat \u00f5de-venda Tartu koolieelsetes lasteasutustes v\u00f5i lastehoidudes.\u00a0\u00d5ppemaksu 50%-line soodustus kehtib \u00f5pilastele, kellel on 1 noorem \u00f5de v\u00f5i vend m\u00f5nes Tartu koolieelses lasteasutuses v\u00f5i lastehoius.<\/p><p>Esmakordse hariduslepingu puhul tasutakse TLPK poolt esitatud arve alusel 100 eurot pere kohta \u00fchekordse toetusena TLPK arendustegevusele.<\/p><p>L\u00e4htuvalt pere majanduslikust olukorrast tingitud taotlusest v\u00e4hendatakse \u00f5ppemaksu, ajatatakse selle tasumist v\u00f5i vabastatakse lasteaia \u00f5pilane \u00f5ppemaksust.<\/p><p>\u00d5ppemaksult (kui koolituskulult) saavad vanemad tulumaksutagastuse.<\/p>","_links":{"self":[{"href":"https:\/\/www.luterlik.edu.ee\/uus\/lasteaed\/wp-json\/wp\/v2\/pages\/18","targetHints":{"allow":["GET"]}}],"collection":[{"href":"https:\/\/www.luterlik.edu.ee\/uus\/lasteaed\/wp-json\/wp\/v2\/pages"}],"about":[{"href":"https:\/\/www.luterlik.edu.ee\/uus\/lasteaed\/wp-json\/wp\/v2\/types\/page"}],"author":[{"embeddable":true,"href":"https:\/\/www.luterlik.edu.ee\/uus\/lasteaed\/wp-json\/wp\/v2\/users\/1"}],"replies":[{"embeddable":true,"href":"https:\/\/www.luterlik.edu.ee\/uus\/lasteaed\/wp-json\/wp\/v2\/comments?post=18"}],"version-history":[{"count":1,"href":"https:\/\/www.luterlik.edu.ee\/uus\/lasteaed\/wp-json\/wp\/v2\/pages\/18\/revisions"}],"predecessor-version":[{"id":19,"href":"https:\/\/www.luterlik.edu.ee\/uus\/lasteaed\/wp-json\/wp\/v2\/pages\/18\/revisions\/19"}],"wp:featuredmedia":[{"embeddable":true,"href":"https:\/\/www.luterlik.edu.ee\/uus\/lasteaed\/wp-json\/wp\/v2\/media\/9"}],"wp:attachment":[{"href":"https:\/\/www.luterlik.edu.ee\/uus\/lasteaed\/wp-json\/wp\/v2\/media?parent=18"}],"curies":[{"name":"wp","href":"https:\/\/api.w.org\/{rel}","templated":true}]}}