{"id":16,"date":"2025-04-21T23:02:00","date_gmt":"2025-04-21T20:02:00","guid":{"rendered":"https:\/\/www.luterlik.edu.ee\/uus\/koduope\/?page_id=16"},"modified":"2025-04-21T23:02:01","modified_gmt":"2025-04-21T20:02:01","slug":"oppekorraldus","status":"publish","type":"page","link":"https:\/\/www.luterlik.edu.ee\/uus\/koduope\/oppekorraldus\/","title":{"rendered":"\u00d5PPEKORRALDUS"},"content":{"rendered":"<!--themify_builder_content-->\n<div id=\"themify_builder_content-16\" data-postid=\"16\" class=\"themify_builder_content themify_builder_content-16 themify_builder tf_clear\">\n                    <div  data-lazy=\"1\" class=\"module_row themify_builder_row tb_327f681 tb_first tf_w\">\n                        <div class=\"row_inner col_align_top tb_col_count_1 tf_box tf_rel\">\n                        <div  data-lazy=\"1\" class=\"module_column tb-column col-full tb_z3ls681 first\">\n                    <!-- module text -->\n<div  class=\"module module-text tb_dxcf434   \" data-lazy=\"1\">\n        <div  class=\"tb_text_wrap\">\n        <p>TLPK kodu\u00f5ppe tutvustav <a href=\"https:\/\/kynnapuu.com\/tlpkkoduope\/\" target=\"_blank\" rel=\"noreferrer noopener\">video ja slaidid.<\/a><\/p><p>Kodu\u00f5pe on \u00f5ppe korraldamine \u00f5pilase kodus v\u00f5i kokkulepitud kohas v\u00e4ljaspool kooli ruume. Eraldiseisvatena\u00a0k\u00e4sitletakse a) terviseseisundist tulenevat kodu\u00f5pet ja haigla\u00f5pet (korraldab kool); ning b) kodu\u00f5pet vanema taotlusel\u00a0(korraldab vanem).<br \/>TLPKs on v\u00f5imalik kodu\u00f5pe vanema taotlusel, mida korraldab ja finantseerib lapsevanem, kes vastutab ka\u00a0\u00f5pieesm\u00e4rkide saavutamise eest.<br \/><br \/>Kodu\u00f5pet TLPKs kirjeldavad j\u00e4rgmised dokumendid:<\/p><p>TLPK K\u00d5OK <a href=\"https:\/\/www.luterlik.edu.ee\/wp-content\/uploads\/2023\/05\/1.-TLPK-KOOK-oppekorraldus.pdf\">\u00f5ppekorraldus<\/a><br \/>TLPK K\u00d5OK <a href=\"https:\/\/www.luterlik.edu.ee\/wp-content\/uploads\/2023\/05\/2.-TLPK-KOOK-oppehalduskeskkonnad-ja-dokumendid.pdf\" target=\"_blank\" rel=\"noreferrer noopener\">\u00f5ppehalduskeskkonnad ja -dokumendid<\/a><br \/>TLPK K\u00d5OK <a href=\"https:\/\/www.luterlik.edu.ee\/wp-content\/uploads\/2023\/05\/3.-TLPK-KOOK-arenguvestluseks-valmistumine.pdf\" target=\"_blank\" rel=\"noreferrer noopener\">arenguvestluseks valmistumine<\/a><br \/>TLPK K\u00d5OK <a href=\"https:\/\/www.luterlik.edu.ee\/wp-content\/uploads\/2023\/05\/4.-TLPK-KOOK-hindamispohimotted.pdf\" target=\"_blank\" rel=\"noreferrer noopener\">hindamisp\u00f5him\u00f5tted<\/a><\/p><p>TLPK <a href=\"https:\/\/www.luterlik.edu.ee\/wp-content\/uploads\/2022\/09\/TLPK-loovto\u0308o\u0308de-la\u0308biviimise-ja-vormistamise-juhend.pdf\">loovt\u00f6\u00f6de l\u00e4biviimise ja vormistamise juhend<\/a><\/p>    <\/div>\n<\/div>\n<!-- \/module text -->        <\/div>\n                        <\/div>\n        <\/div>\n        <\/div>\n<!--\/themify_builder_content-->","protected":false},"excerpt":{"rendered":"<p>TLPK kodu\u00f5ppe tutvustav video ja slaidid.Kodu\u00f5pe on \u00f5ppe korraldamine \u00f5pilase kodus v\u00f5i kokkulepitud kohas v\u00e4ljaspool kooli ruume. Eraldiseisvatena\u00a0k\u00e4sitletakse a) terviseseisundist tulenevat kodu\u00f5pet ja haigla\u00f5pet (korraldab kool); ning b) kodu\u00f5pet vanema taotlusel\u00a0(korraldab vanem).TLPKs on v\u00f5imalik kodu\u00f5pe vanema taotlusel, mida korraldab ja finantseerib lapsevanem, kes vastutab ka\u00a0\u00f5pieesm\u00e4rkide saavutamise eest.Kodu\u00f5pet TLPKs kirjeldavad j\u00e4rgmised dokumendid:TLPK K\u00d5OK \u00f5ppekorraldusTLPK K\u00d5OK \u00f5ppehalduskeskkonnad [&hellip;]<\/p>\n","protected":false},"author":1,"featured_media":12,"parent":0,"menu_order":0,"comment_status":"closed","ping_status":"closed","template":"","meta":{"footnotes":""},"class_list":["post-16","page","type-page","status-publish","has-post-thumbnail","hentry","has-post-title","has-post-date","has-post-category","has-post-tag","has-post-comment","has-post-author",""],"builder_content":"<p>TLPK kodu\u00f5ppe tutvustav <a href=\"https:\/\/kynnapuu.com\/tlpkkoduope\/\" target=\"_blank\" rel=\"noreferrer noopener\">video ja slaidid.<\/a><\/p><p>Kodu\u00f5pe on \u00f5ppe korraldamine \u00f5pilase kodus v\u00f5i kokkulepitud kohas v\u00e4ljaspool kooli ruume. Eraldiseisvatena\u00a0k\u00e4sitletakse a) terviseseisundist tulenevat kodu\u00f5pet ja haigla\u00f5pet (korraldab kool); ning b) kodu\u00f5pet vanema taotlusel\u00a0(korraldab vanem).<br \/>TLPKs on v\u00f5imalik kodu\u00f5pe vanema taotlusel, mida korraldab ja finantseerib lapsevanem, kes vastutab ka\u00a0\u00f5pieesm\u00e4rkide saavutamise eest.<br \/><br \/>Kodu\u00f5pet TLPKs kirjeldavad j\u00e4rgmised dokumendid:<\/p><p>TLPK K\u00d5OK <a href=\"https:\/\/www.luterlik.edu.ee\/wp-content\/uploads\/2023\/05\/1.-TLPK-KOOK-oppekorraldus.pdf\">\u00f5ppekorraldus<\/a><br \/>TLPK K\u00d5OK <a href=\"https:\/\/www.luterlik.edu.ee\/wp-content\/uploads\/2023\/05\/2.-TLPK-KOOK-oppehalduskeskkonnad-ja-dokumendid.pdf\" target=\"_blank\" rel=\"noreferrer noopener\">\u00f5ppehalduskeskkonnad ja -dokumendid<\/a><br \/>TLPK K\u00d5OK <a href=\"https:\/\/www.luterlik.edu.ee\/wp-content\/uploads\/2023\/05\/3.-TLPK-KOOK-arenguvestluseks-valmistumine.pdf\" target=\"_blank\" rel=\"noreferrer noopener\">arenguvestluseks valmistumine<\/a><br \/>TLPK K\u00d5OK <a href=\"https:\/\/www.luterlik.edu.ee\/wp-content\/uploads\/2023\/05\/4.-TLPK-KOOK-hindamispohimotted.pdf\" target=\"_blank\" rel=\"noreferrer noopener\">hindamisp\u00f5him\u00f5tted<\/a><\/p><p>TLPK <a href=\"https:\/\/www.luterlik.edu.ee\/wp-content\/uploads\/2022\/09\/TLPK-loovto\u0308o\u0308de-la\u0308biviimise-ja-vormistamise-juhend.pdf\">loovt\u00f6\u00f6de l\u00e4biviimise ja vormistamise juhend<\/a><\/p>","_links":{"self":[{"href":"https:\/\/www.luterlik.edu.ee\/uus\/koduope\/wp-json\/wp\/v2\/pages\/16","targetHints":{"allow":["GET"]}}],"collection":[{"href":"https:\/\/www.luterlik.edu.ee\/uus\/koduope\/wp-json\/wp\/v2\/pages"}],"about":[{"href":"https:\/\/www.luterlik.edu.ee\/uus\/koduope\/wp-json\/wp\/v2\/types\/page"}],"author":[{"embeddable":true,"href":"https:\/\/www.luterlik.edu.ee\/uus\/koduope\/wp-json\/wp\/v2\/users\/1"}],"replies":[{"embeddable":true,"href":"https:\/\/www.luterlik.edu.ee\/uus\/koduope\/wp-json\/wp\/v2\/comments?post=16"}],"version-history":[{"count":1,"href":"https:\/\/www.luterlik.edu.ee\/uus\/koduope\/wp-json\/wp\/v2\/pages\/16\/revisions"}],"predecessor-version":[{"id":17,"href":"https:\/\/www.luterlik.edu.ee\/uus\/koduope\/wp-json\/wp\/v2\/pages\/16\/revisions\/17"}],"wp:featuredmedia":[{"embeddable":true,"href":"https:\/\/www.luterlik.edu.ee\/uus\/koduope\/wp-json\/wp\/v2\/media\/12"}],"wp:attachment":[{"href":"https:\/\/www.luterlik.edu.ee\/uus\/koduope\/wp-json\/wp\/v2\/media?parent=16"}],"curies":[{"name":"wp","href":"https:\/\/api.w.org\/{rel}","templated":true}]}}