{"id":14,"date":"2025-04-21T23:01:13","date_gmt":"2025-04-21T20:01:13","guid":{"rendered":"https:\/\/www.luterlik.edu.ee\/uus\/koduope\/?page_id=14"},"modified":"2025-04-21T23:01:13","modified_gmt":"2025-04-21T20:01:13","slug":"vastuvott","status":"publish","type":"page","link":"https:\/\/www.luterlik.edu.ee\/uus\/koduope\/vastuvott\/","title":{"rendered":"VASTUV\u00d5TT"},"content":{"rendered":"<!--themify_builder_content-->\n<div id=\"themify_builder_content-14\" data-postid=\"14\" class=\"themify_builder_content themify_builder_content-14 themify_builder tf_clear\">\n                    <div  data-lazy=\"1\" class=\"module_row themify_builder_row tb_lg77499 tb_first tf_w\">\n                        <div class=\"row_inner col_align_top tb_col_count_1 tf_box tf_rel\">\n                        <div  data-lazy=\"1\" class=\"module_column tb-column col-full tb_z5uk499 first\">\n                    <!-- module text -->\n<div  class=\"module module-text tb_leht179   \" data-lazy=\"1\">\n        <div  class=\"tb_text_wrap\">\n        <div class=\"entry-content clearfix\"><div><h2>TLPK kodu\u00f5ppesuuna vastuv\u00f5tt 2025\/26 \u00f5.a on l\u00f5ppenud!<\/h2><div>\u00a0<\/div><\/div><p>TLPK kodu\u00f5ppeosakonna \u00f5pilaseks saab tulla \u00fcle Eesti. Vastuv\u00f5tuvestlus ja kohustuslikud arenguvestlused kord poolaastas toimuvad Tartus. Muu suhtlemine toimub suures osas \u00fcle videosilla.<\/p><p><strong>Kodu\u00f5ppele asumiseks esitab lapsevanem v\u00f5i lapse seaduslik esindaja <a href=\"https:\/\/www.luterlik.edu.ee\/wp-content\/uploads\/2024\/03\/TLPK-koduoppe-avaldus.pdf\" target=\"_blank\" rel=\"noopener\">vastuv\u00f5tuavalduse (blankett)<\/a>. <\/strong>Digiallkirjastatud v\u00f5i sk\u00e4nneeritud avalduse palume saata: koduope@luterlik.edu.ee<\/p><p>Kodu\u00f5pe lapsevanema soovil on <strong>\u00f5ppemaksuta<\/strong>. Juhendatud kodu\u00f5ppe kohta loe rohkem <a href=\"https:\/\/kynnapuu.com\/tlpkkoduope\/\" target=\"_blank\" rel=\"noopener noreferrer\">siit<\/a>.<\/p><p>\u00d5pilase vastuv\u00f5tmisel s\u00f5lmitakse lapsevanema v\u00f5i seadusliku esindaja ja kooli pidaja vahel haridusleping, milles s\u00e4testatakse poolte \u00f5igused ja kohustused \u00f5pilasele hariduse andmisel.<\/p><p>TLPK\u00b4sse vastuv\u00f5tmisel esitatavad dokumendid on nimetatud korras <a href=\"https:\/\/www.luterlik.edu.ee\/wp-content\/uploads\/2022\/05\/TLPK-vastuvotu-tingimused-ja-kord_02.2022.pdf\" target=\"_blank\" rel=\"noopener\">\u201cTartu Luterliku Peetri Kooli vastuv\u00f5tu tingimused ja kord\u201d<\/a>.<\/p><div><p>\u00a0A-v\u00f5\u00f5rkeeleks (alates 3. klassist) saab valida inglise, vene, saksa v\u00f5i prantsuse keele; B-v\u00f5\u00f5rkeeleks (alates 6. klassist) m\u00f5ne muu keele. TLPK K\u00d5OK\u2019l on \u00f5igus k\u00fcsida hinnangut vastava keele \u00f5petajalt.<\/p><p>\u00d5ppematerjalideks saab iga TLPK kodu\u00f5ppija konto Opiq keskkonda, mille kaudu saab kasutada suurt osa Eestis saadaolevast eestikeelsest \u00f5ppevarast<\/p><p>Vastuv\u00f5tu j\u00e4rel peetakse esmane perevestlus, mille k\u00e4igus selgitatakse, kuidas on \u00f5pilasel k\u00f5ige parem oma kodu\u00f5ppeteekonda alustada.<\/p><\/div><\/div>    <\/div>\n<\/div>\n<!-- \/module text -->        <\/div>\n                        <\/div>\n        <\/div>\n        <\/div>\n<!--\/themify_builder_content-->","protected":false},"excerpt":{"rendered":"<p>TLPK kodu\u00f5ppesuuna vastuv\u00f5tt 2025\/26 \u00f5.a on l\u00f5ppenud!\u00a0TLPK kodu\u00f5ppeosakonna \u00f5pilaseks saab tulla \u00fcle Eesti. Vastuv\u00f5tuvestlus ja kohustuslikud arenguvestlused kord poolaastas toimuvad Tartus. Muu suhtlemine toimub suures osas \u00fcle videosilla.Kodu\u00f5ppele asumiseks esitab lapsevanem v\u00f5i lapse seaduslik esindaja vastuv\u00f5tuavalduse (blankett). Digiallkirjastatud v\u00f5i sk\u00e4nneeritud avalduse palume saata: koduope@luterlik.edu.eeKodu\u00f5pe lapsevanema soovil on \u00f5ppemaksuta. Juhendatud kodu\u00f5ppe kohta loe rohkem siit.\u00d5pilase vastuv\u00f5tmisel [&hellip;]<\/p>\n","protected":false},"author":1,"featured_media":12,"parent":0,"menu_order":0,"comment_status":"closed","ping_status":"closed","template":"","meta":{"footnotes":""},"class_list":["post-14","page","type-page","status-publish","has-post-thumbnail","hentry","has-post-title","has-post-date","has-post-category","has-post-tag","has-post-comment","has-post-author",""],"builder_content":"<h2>TLPK kodu\u00f5ppesuuna vastuv\u00f5tt 2025\/26 \u00f5.a on l\u00f5ppenud!<\/h2>\u00a0<p>TLPK kodu\u00f5ppeosakonna \u00f5pilaseks saab tulla \u00fcle Eesti. Vastuv\u00f5tuvestlus ja kohustuslikud arenguvestlused kord poolaastas toimuvad Tartus. Muu suhtlemine toimub suures osas \u00fcle videosilla.<\/p><p><strong>Kodu\u00f5ppele asumiseks esitab lapsevanem v\u00f5i lapse seaduslik esindaja <a href=\"https:\/\/www.luterlik.edu.ee\/wp-content\/uploads\/2024\/03\/TLPK-koduoppe-avaldus.pdf\" target=\"_blank\" rel=\"noopener\">vastuv\u00f5tuavalduse (blankett)<\/a>. <\/strong>Digiallkirjastatud v\u00f5i sk\u00e4nneeritud avalduse palume saata: koduope@luterlik.edu.ee<\/p><p>Kodu\u00f5pe lapsevanema soovil on <strong>\u00f5ppemaksuta<\/strong>. Juhendatud kodu\u00f5ppe kohta loe rohkem <a href=\"https:\/\/kynnapuu.com\/tlpkkoduope\/\" target=\"_blank\" rel=\"noopener noreferrer\">siit<\/a>.<\/p><p>\u00d5pilase vastuv\u00f5tmisel s\u00f5lmitakse lapsevanema v\u00f5i seadusliku esindaja ja kooli pidaja vahel haridusleping, milles s\u00e4testatakse poolte \u00f5igused ja kohustused \u00f5pilasele hariduse andmisel.<\/p><p>TLPK\u00b4sse vastuv\u00f5tmisel esitatavad dokumendid on nimetatud korras <a href=\"https:\/\/www.luterlik.edu.ee\/wp-content\/uploads\/2022\/05\/TLPK-vastuvotu-tingimused-ja-kord_02.2022.pdf\" target=\"_blank\" rel=\"noopener\">\u201cTartu Luterliku Peetri Kooli vastuv\u00f5tu tingimused ja kord\u201d<\/a>.<\/p><p>\u00a0A-v\u00f5\u00f5rkeeleks (alates 3. klassist) saab valida inglise, vene, saksa v\u00f5i prantsuse keele; B-v\u00f5\u00f5rkeeleks (alates 6. klassist) m\u00f5ne muu keele. TLPK K\u00d5OK\u2019l on \u00f5igus k\u00fcsida hinnangut vastava keele \u00f5petajalt.<\/p><p>\u00d5ppematerjalideks saab iga TLPK kodu\u00f5ppija konto Opiq keskkonda, mille kaudu saab kasutada suurt osa Eestis saadaolevast eestikeelsest \u00f5ppevarast<\/p><p>Vastuv\u00f5tu j\u00e4rel peetakse esmane perevestlus, mille k\u00e4igus selgitatakse, kuidas on \u00f5pilasel k\u00f5ige parem oma kodu\u00f5ppeteekonda alustada.<\/p>","_links":{"self":[{"href":"https:\/\/www.luterlik.edu.ee\/uus\/koduope\/wp-json\/wp\/v2\/pages\/14","targetHints":{"allow":["GET"]}}],"collection":[{"href":"https:\/\/www.luterlik.edu.ee\/uus\/koduope\/wp-json\/wp\/v2\/pages"}],"about":[{"href":"https:\/\/www.luterlik.edu.ee\/uus\/koduope\/wp-json\/wp\/v2\/types\/page"}],"author":[{"embeddable":true,"href":"https:\/\/www.luterlik.edu.ee\/uus\/koduope\/wp-json\/wp\/v2\/users\/1"}],"replies":[{"embeddable":true,"href":"https:\/\/www.luterlik.edu.ee\/uus\/koduope\/wp-json\/wp\/v2\/comments?post=14"}],"version-history":[{"count":1,"href":"https:\/\/www.luterlik.edu.ee\/uus\/koduope\/wp-json\/wp\/v2\/pages\/14\/revisions"}],"predecessor-version":[{"id":15,"href":"https:\/\/www.luterlik.edu.ee\/uus\/koduope\/wp-json\/wp\/v2\/pages\/14\/revisions\/15"}],"wp:featuredmedia":[{"embeddable":true,"href":"https:\/\/www.luterlik.edu.ee\/uus\/koduope\/wp-json\/wp\/v2\/media\/12"}],"wp:attachment":[{"href":"https:\/\/www.luterlik.edu.ee\/uus\/koduope\/wp-json\/wp\/v2\/media?parent=14"}],"curies":[{"name":"wp","href":"https:\/\/api.w.org\/{rel}","templated":true}]}}