{"id":10,"date":"2025-04-21T23:00:40","date_gmt":"2025-04-21T20:00:40","guid":{"rendered":"https:\/\/www.luterlik.edu.ee\/uus\/koduope\/?page_id=10"},"modified":"2025-04-21T23:00:40","modified_gmt":"2025-04-21T20:00:40","slug":"koduope","status":"publish","type":"page","link":"https:\/\/www.luterlik.edu.ee\/uus\/koduope\/","title":{"rendered":"KODU\u00d5PE"},"content":{"rendered":"<!--themify_builder_content-->\n<div id=\"themify_builder_content-10\" data-postid=\"10\" class=\"themify_builder_content themify_builder_content-10 themify_builder tf_clear\">\n                    <div  data-lazy=\"1\" class=\"module_row themify_builder_row tb_dnf6752 tb_first tf_w\">\n                        <div class=\"row_inner col_align_top tb_col_count_1 tf_box tf_rel\">\n                        <div  data-lazy=\"1\" class=\"module_column tb-column col-full tb_7r9o752 first\">\n                    <!-- module text -->\n<div  class=\"module module-text tb_xql7645   \" data-lazy=\"1\">\n        <div  class=\"tb_text_wrap\">\n        <p><strong>TLPK kodu\u00f5ppe osakond pakub<\/strong><\/p><p>\u2013 <strong>Kokkuhoidvat ja toetavat kogukonda<\/strong>: igakuine perep\u00e4ev ja traditsiooniline \u00fcle-eestiline kodu\u00f5ppe s\u00fcgisp\u00e4ev, tugigrupp kodu\u00f5ppijate vanematele, noorte\u00f5htu teismelistele, kontaktide vahendamine sarnaste huvidega v\u00f5i l\u00e4hedal asuvate perede vahel koos\u00f5ppimisv\u00f5imaluste loomise eesm\u00e4rgil (suletud Facebooki grupp, meililist)<\/p><p>\u2013 <strong>Tuge kodu\u00f5ppe korraldamisel<\/strong>: kodu\u00f5ppekoordinaatorite ja kooli tugispetsialistide konsultatsioonid, v\u00e4ljat\u00f6\u00f6tatud vorm I\u00d5K koostamiseks (iga TLPK kodu\u00f5ppija saab oma vanuseastme riiklikult n\u00f5utud \u00f5ppetulemustega eelt\u00e4idetud individuaalse \u00f5ppekava, mida pere saab individualiseerida vastavalt \u00f5ppijale sobilike \u00f5ppetegevustele ja \u00f5ppematerjalidele)<\/p><p>\u2013 <strong>Regulaarset n\u00f5ustamist kodu\u00f5ppe k\u00e4ivitamiseks iga pere vajadustest l\u00e4htuvalt<\/strong>:\u00a0TLPK kodu\u00f5ppekoordinaatorite poolt v\u00e4lja t\u00f6\u00f6tatud ainulaadne n\u00e4idistegevusi sisaldav tugis\u00fcsteem, m\u00f5eldud lapsevanematele, kellel puuduvad varasemad kogemused ja\/v\u00f5i igap\u00e4evane ajaressurss, et kavandada ja l\u00e4bi viia \u00f5ppetegevusi riiklikult n\u00f5utud eesm\u00e4rkide saavutamiseks. Koordinaator toetab lapsevanemat \u00f5piprotsessi kujundamisel, pakkudes \u00f5ppetegevusi (sh veebikeskkondade vahendusel) ja aidates nende p\u00f5hjal \u00f5ppija taset hinnata (tegemist ei ole \u00f5pilasele suunatud kodu\u00f5petaja\/abi\u00f5petaja teenusega, vaid lapsevanemale suunatud toega).<\/p><p>Loe meie kodu\u00f5ppeosakonna p\u00f5him\u00f5tetest <a href=\"https:\/\/kynnapuu.com\/2023\/05\/11\/tlpk-koduoppe-pohimotted\/\">siit<\/a><\/p><p><strong>Lugemist ja kuulamist<\/strong><\/p><div>\u00a0<\/div><div><p>TLPK kodu\u00f5ppe <a href=\"https:\/\/kynnapuu.com\/tlpkkoduope\/\">tutvustus<\/a><\/p><p>Erin\u00e4olised alternatiivkoolid \u2013 hariduse omandamise erinevad v\u00f5imalused (<a href=\"https:\/\/harjuelu.ee\/erinaolised-alternatiivkoolid-hariduse-omandamise-erinevad-voimalused\/\">Harju Elu<\/a> 1.06.2023)\u00a0<\/p><\/div><p>Kodu\u00f5pe \u2013 vajadus ja\/v\u00f5i vabadus? Kadi K\u00fcnnapuu ja Irja Toots (<a href=\"https:\/\/soundcloud.com\/opimekoos\/koduope\" target=\"_blank\" rel=\"noopener noreferrer\">Taskuh\u00e4\u00e4ling \u00d5pime Koos<\/a>, 10.2021)<\/p><p>TLPK kodu\u00f5ppe lapsevanem Kaire Kaur Daniel ja kasvatusteadlane Tiiu Kuurme kodu\u00f5ppest (<a href=\"https:\/\/vikerraadio.err.ee\/1608214432\/ooulikool-kaire-kaur-daniel-ja-kasvatusteadlane-tiiu-kuurme-koduoppest\" target=\"_blank\" rel=\"noopener noreferrer\">\u00d6\u00f6\u00fclikool<\/a>, 29.05.2021)<\/p><p>Kadi K\u00fcnnapuu, Irja Toots: Kodu\u00f5pe kui muutuste kasvulava (<a href=\"https:\/\/opleht.ee\/2021\/03\/koduope-kui-muutuste-kasvulava\/\" target=\"_blank\" rel=\"noopener noreferrer\">\u00d5petajate Leht<\/a> \/ 12.03.2021)<\/p><p>Kadi K\u00fcnnapuu, Irja Toots: Distants\u00f5ppe ja kodu\u00f5ppe erinevustest (<a href=\"https:\/\/opleht.ee\/2020\/04\/distantsoppe-ja-koduoppe-erinevustest\/\" target=\"_blank\" rel=\"noopener noreferrer\">\u00d5petajate Leht<\/a> \/ 30.04.2020<\/p><p><strong>Kodu\u00f5ppe koordinaatorid<\/strong><\/p><p>Kadi K\u00fcnnapuu \u2013 <a href=\"mailto:koduope@luterlik.edu.ee\">koduope@luterlik.edu.ee<\/a>\u00a0 juhtiv koordinaator<\/p><p>Irja Toots \u2013 <a href=\"mailto:irja.toots@luterlik.edu.ee\">irja.toots@luterlik.edu.ee<\/a> \u00a0<\/p><p>Janet Tint \u2013 <a href=\"mailto:janet.tint@luterlik.edu.ee\" target=\"_blank\" rel=\"noopener noreferrer\">janet.tint@luterlik.edu.ee<\/a><\/p><p>Kristina Veidenbaum \u2013 <a href=\"mailto:kristina.veidenbaum@luterlik.edu.ee\">kristina.veidenbaum@luterlik.edu.ee<\/a>\u00a0<\/p><p>Ingrid Ignatenko \u2013 <a href=\"mailto:ingrid.ignatenko@luterlik.edu.ee\" target=\"_blank\" rel=\"noopener noreferrer\">ingrid.ignatenko@luterlik.edu.ee<\/a> \u00a0<\/p><p>Piia Uusp\u00f5ld \u2013 <a href=\"mailto:piia.uuspold@luterlik.edu.ee\" target=\"_blank\" rel=\"noopener noreferrer\">piia.uuspold@luterlik.edu.ee<\/a> \u00a0<\/p><p><img loading=\"lazy\" decoding=\"async\" class=\"wp-image-6823 aligncenter\" src=\"https:\/\/www.luterlik.edu.ee\/wp-content\/uploads\/2022\/06\/TLPK-59-300x240.jpeg\" sizes=\"auto, (max-width: 460px) 100vw, 460px\" srcset=\"https:\/\/www.luterlik.edu.ee\/wp-content\/uploads\/2022\/06\/TLPK-59-300x240.jpeg 300w, https:\/\/www.luterlik.edu.ee\/wp-content\/uploads\/2022\/06\/TLPK-59.jpeg 600w\" alt=\"\" width=\"460\" height=\"368\" \/><\/p><p>Kodu\u00f5ppe seadusandlikest alustest on v\u00f5imalik lugeda m\u00e4\u00e4rusest \u201c<a href=\"https:\/\/www.riigiteataja.ee\/akt\/106032018001\" target=\"_blank\" rel=\"noopener noreferrer\">Kodu\u00f5ppe ja haigla\u00f5ppe tingimused ja kord<\/a>\u201d.<\/p>    <\/div>\n<\/div>\n<!-- \/module text -->        <\/div>\n                        <\/div>\n        <\/div>\n        <\/div>\n<!--\/themify_builder_content-->","protected":false},"excerpt":{"rendered":"<p>TLPK kodu\u00f5ppe osakond pakub\u2013 Kokkuhoidvat ja toetavat kogukonda: igakuine perep\u00e4ev ja traditsiooniline \u00fcle-eestiline kodu\u00f5ppe s\u00fcgisp\u00e4ev, tugigrupp kodu\u00f5ppijate vanematele, noorte\u00f5htu teismelistele, kontaktide vahendamine sarnaste huvidega v\u00f5i l\u00e4hedal asuvate perede vahel koos\u00f5ppimisv\u00f5imaluste loomise eesm\u00e4rgil (suletud Facebooki grupp, meililist)\u2013 Tuge kodu\u00f5ppe korraldamisel: kodu\u00f5ppekoordinaatorite ja kooli tugispetsialistide konsultatsioonid, v\u00e4ljat\u00f6\u00f6tatud vorm I\u00d5K koostamiseks (iga TLPK kodu\u00f5ppija saab oma vanuseastme riiklikult [&hellip;]<\/p>\n","protected":false},"author":1,"featured_media":12,"parent":0,"menu_order":0,"comment_status":"closed","ping_status":"closed","template":"","meta":{"footnotes":""},"class_list":["post-10","page","type-page","status-publish","has-post-thumbnail","hentry","has-post-title","has-post-date","has-post-category","has-post-tag","has-post-comment","has-post-author",""],"builder_content":"<p><strong>TLPK kodu\u00f5ppe osakond pakub<\/strong><\/p><p>\u2013 <strong>Kokkuhoidvat ja toetavat kogukonda<\/strong>: igakuine perep\u00e4ev ja traditsiooniline \u00fcle-eestiline kodu\u00f5ppe s\u00fcgisp\u00e4ev, tugigrupp kodu\u00f5ppijate vanematele, noorte\u00f5htu teismelistele, kontaktide vahendamine sarnaste huvidega v\u00f5i l\u00e4hedal asuvate perede vahel koos\u00f5ppimisv\u00f5imaluste loomise eesm\u00e4rgil (suletud Facebooki grupp, meililist)<\/p><p>\u2013 <strong>Tuge kodu\u00f5ppe korraldamisel<\/strong>: kodu\u00f5ppekoordinaatorite ja kooli tugispetsialistide konsultatsioonid, v\u00e4ljat\u00f6\u00f6tatud vorm I\u00d5K koostamiseks (iga TLPK kodu\u00f5ppija saab oma vanuseastme riiklikult n\u00f5utud \u00f5ppetulemustega eelt\u00e4idetud individuaalse \u00f5ppekava, mida pere saab individualiseerida vastavalt \u00f5ppijale sobilike \u00f5ppetegevustele ja \u00f5ppematerjalidele)<\/p><p>\u2013 <strong>Regulaarset n\u00f5ustamist kodu\u00f5ppe k\u00e4ivitamiseks iga pere vajadustest l\u00e4htuvalt<\/strong>:\u00a0TLPK kodu\u00f5ppekoordinaatorite poolt v\u00e4lja t\u00f6\u00f6tatud ainulaadne n\u00e4idistegevusi sisaldav tugis\u00fcsteem, m\u00f5eldud lapsevanematele, kellel puuduvad varasemad kogemused ja\/v\u00f5i igap\u00e4evane ajaressurss, et kavandada ja l\u00e4bi viia \u00f5ppetegevusi riiklikult n\u00f5utud eesm\u00e4rkide saavutamiseks. Koordinaator toetab lapsevanemat \u00f5piprotsessi kujundamisel, pakkudes \u00f5ppetegevusi (sh veebikeskkondade vahendusel) ja aidates nende p\u00f5hjal \u00f5ppija taset hinnata (tegemist ei ole \u00f5pilasele suunatud kodu\u00f5petaja\/abi\u00f5petaja teenusega, vaid lapsevanemale suunatud toega).<\/p><p>Loe meie kodu\u00f5ppeosakonna p\u00f5him\u00f5tetest <a href=\"https:\/\/kynnapuu.com\/2023\/05\/11\/tlpk-koduoppe-pohimotted\/\">siit<\/a><\/p><p><strong>Lugemist ja kuulamist<\/strong><\/p>\u00a0<p>TLPK kodu\u00f5ppe <a href=\"https:\/\/kynnapuu.com\/tlpkkoduope\/\">tutvustus<\/a><\/p><p>Erin\u00e4olised alternatiivkoolid \u2013 hariduse omandamise erinevad v\u00f5imalused (<a href=\"https:\/\/harjuelu.ee\/erinaolised-alternatiivkoolid-hariduse-omandamise-erinevad-voimalused\/\">Harju Elu<\/a> 1.06.2023)\u00a0<\/p><p>Kodu\u00f5pe \u2013 vajadus ja\/v\u00f5i vabadus? Kadi K\u00fcnnapuu ja Irja Toots (<a href=\"https:\/\/soundcloud.com\/opimekoos\/koduope\" target=\"_blank\" rel=\"noopener noreferrer\">Taskuh\u00e4\u00e4ling \u00d5pime Koos<\/a>, 10.2021)<\/p><p>TLPK kodu\u00f5ppe lapsevanem Kaire Kaur Daniel ja kasvatusteadlane Tiiu Kuurme kodu\u00f5ppest (<a href=\"https:\/\/vikerraadio.err.ee\/1608214432\/ooulikool-kaire-kaur-daniel-ja-kasvatusteadlane-tiiu-kuurme-koduoppest\" target=\"_blank\" rel=\"noopener noreferrer\">\u00d6\u00f6\u00fclikool<\/a>, 29.05.2021)<\/p><p>Kadi K\u00fcnnapuu, Irja Toots: Kodu\u00f5pe kui muutuste kasvulava (<a href=\"https:\/\/opleht.ee\/2021\/03\/koduope-kui-muutuste-kasvulava\/\" target=\"_blank\" rel=\"noopener noreferrer\">\u00d5petajate Leht<\/a> \/ 12.03.2021)<\/p><p>Kadi K\u00fcnnapuu, Irja Toots: Distants\u00f5ppe ja kodu\u00f5ppe erinevustest (<a href=\"https:\/\/opleht.ee\/2020\/04\/distantsoppe-ja-koduoppe-erinevustest\/\" target=\"_blank\" rel=\"noopener noreferrer\">\u00d5petajate Leht<\/a> \/ 30.04.2020<\/p><p><strong>Kodu\u00f5ppe koordinaatorid<\/strong><\/p><p>Kadi K\u00fcnnapuu \u2013 <a href=\"mailto:koduope@luterlik.edu.ee\">koduope@luterlik.edu.ee<\/a>\u00a0 juhtiv koordinaator<\/p><p>Irja Toots \u2013 <a href=\"mailto:irja.toots@luterlik.edu.ee\">irja.toots@luterlik.edu.ee<\/a> \u00a0<\/p><p>Janet Tint \u2013 <a href=\"mailto:janet.tint@luterlik.edu.ee\" target=\"_blank\" rel=\"noopener noreferrer\">janet.tint@luterlik.edu.ee<\/a><\/p><p>Kristina Veidenbaum \u2013 <a href=\"mailto:kristina.veidenbaum@luterlik.edu.ee\">kristina.veidenbaum@luterlik.edu.ee<\/a>\u00a0<\/p><p>Ingrid Ignatenko \u2013 <a href=\"mailto:ingrid.ignatenko@luterlik.edu.ee\" target=\"_blank\" rel=\"noopener noreferrer\">ingrid.ignatenko@luterlik.edu.ee<\/a> \u00a0<\/p><p>Piia Uusp\u00f5ld \u2013 <a href=\"mailto:piia.uuspold@luterlik.edu.ee\" target=\"_blank\" rel=\"noopener noreferrer\">piia.uuspold@luterlik.edu.ee<\/a> \u00a0<\/p><p><img loading=\"lazy\" decoding=\"async\" src=\"https:\/\/www.luterlik.edu.ee\/wp-content\/uploads\/2022\/06\/TLPK-59-300x240.jpeg\" sizes=\"auto, (max-width: 460px) 100vw, 460px\" srcset=\"https:\/\/www.luterlik.edu.ee\/wp-content\/uploads\/2022\/06\/TLPK-59-300x240.jpeg 300w, https:\/\/www.luterlik.edu.ee\/wp-content\/uploads\/2022\/06\/TLPK-59.jpeg 600w\" alt=\"\" width=\"460\" height=\"368\" \/><\/p><p>Kodu\u00f5ppe seadusandlikest alustest on v\u00f5imalik lugeda m\u00e4\u00e4rusest \u201c<a href=\"https:\/\/www.riigiteataja.ee\/akt\/106032018001\" target=\"_blank\" rel=\"noopener noreferrer\">Kodu\u00f5ppe ja haigla\u00f5ppe tingimused ja kord<\/a>\u201d.<\/p>","_links":{"self":[{"href":"https:\/\/www.luterlik.edu.ee\/uus\/koduope\/wp-json\/wp\/v2\/pages\/10","targetHints":{"allow":["GET"]}}],"collection":[{"href":"https:\/\/www.luterlik.edu.ee\/uus\/koduope\/wp-json\/wp\/v2\/pages"}],"about":[{"href":"https:\/\/www.luterlik.edu.ee\/uus\/koduope\/wp-json\/wp\/v2\/types\/page"}],"author":[{"embeddable":true,"href":"https:\/\/www.luterlik.edu.ee\/uus\/koduope\/wp-json\/wp\/v2\/users\/1"}],"replies":[{"embeddable":true,"href":"https:\/\/www.luterlik.edu.ee\/uus\/koduope\/wp-json\/wp\/v2\/comments?post=10"}],"version-history":[{"count":1,"href":"https:\/\/www.luterlik.edu.ee\/uus\/koduope\/wp-json\/wp\/v2\/pages\/10\/revisions"}],"predecessor-version":[{"id":13,"href":"https:\/\/www.luterlik.edu.ee\/uus\/koduope\/wp-json\/wp\/v2\/pages\/10\/revisions\/13"}],"wp:featuredmedia":[{"embeddable":true,"href":"https:\/\/www.luterlik.edu.ee\/uus\/koduope\/wp-json\/wp\/v2\/media\/12"}],"wp:attachment":[{"href":"https:\/\/www.luterlik.edu.ee\/uus\/koduope\/wp-json\/wp\/v2\/media?parent=10"}],"curies":[{"name":"wp","href":"https:\/\/api.w.org\/{rel}","templated":true}]}}