{"id":6,"date":"2025-04-21T22:06:57","date_gmt":"2025-04-21T19:06:57","guid":{"rendered":"https:\/\/www.luterlik.edu.ee\/uus\/karolini-kool\/?page_id=6"},"modified":"2025-04-24T23:20:17","modified_gmt":"2025-04-24T20:20:17","slug":"esileht","status":"publish","type":"page","link":"https:\/\/www.luterlik.edu.ee\/uus\/karolini-kool\/","title":{"rendered":"KAROLINI KOOL"},"content":{"rendered":"<!--themify_builder_content-->\n<div id=\"themify_builder_content-6\" data-postid=\"6\" class=\"themify_builder_content themify_builder_content-6 themify_builder tf_clear\">\n                    <div  data-lazy=\"1\" class=\"module_row themify_builder_row tb_ocz9208 tb_first tf_w\">\n                        <div class=\"row_inner col_align_top tb_col_count_1 tf_box tf_rel\">\n                        <div  data-lazy=\"1\" class=\"module_column tb-column col-full tb_mgrx209 first\">\n                    <!-- module text -->\n<div  class=\"module module-text tb_9whu257   \" data-lazy=\"1\">\n        <div  class=\"tb_text_wrap\">\n        <div class=\"entry-content clearfix\">\n<h2 class=\"wp-block-heading\">Toimetuleku- ja hooldus\u00f5ppe kogup\u00e4evakool<\/h2>\n<p class=\"has-normal-font-size\">Inspireerituna Karolini ja tema perekonna loost ning kogukonna soovist avasime esimese erakoolina <strong>Tartus, 1. septembril 2022<\/strong>. aastal \u00f5ppesuuna hariduslike erivajadustega \u00f5pilastele. Karolini Kool tegutseb kogup\u00e4evakoolina spetsiaalselt kohandatud ja kaasaegses, avaras ning valgusk\u00fcllases hoones aadressil Pikk t\u00e4nav 10.<\/p>\n<div class=\"wp-block-spacer\" aria-hidden=\"true\">\u00a0<\/div>\n<div class=\"wp-block-image\">\u00a0<\/div>\n<div class=\"wp-block-spacer\" aria-hidden=\"true\"><img loading=\"lazy\" decoding=\"async\" class=\"aligncenter wp-image-68 size-full tb_selected_img\" src=\"https:\/\/www.luterlik.edu.ee\/uus\/karolini-kool\/wp-content\/uploads\/sites\/4\/2025\/04\/319669145_2026651937724314_1594834169429072378_n-1024x769-1.jpg\" alt=\"\" width=\"588\" height=\"441\" srcset=\"https:\/\/www.luterlik.edu.ee\/uus\/karolini-kool\/wp-content\/uploads\/sites\/4\/2025\/04\/319669145_2026651937724314_1594834169429072378_n-1024x769-1.jpg 1024w, https:\/\/www.luterlik.edu.ee\/uus\/karolini-kool\/wp-content\/uploads\/sites\/4\/2025\/04\/319669145_2026651937724314_1594834169429072378_n-1024x769-1-300x225.jpg 300w, https:\/\/www.luterlik.edu.ee\/uus\/karolini-kool\/wp-content\/uploads\/sites\/4\/2025\/04\/319669145_2026651937724314_1594834169429072378_n-1024x769-1-768x577.jpg 768w\" sizes=\"auto, (max-width: 588px) 100vw, 588px\" \/><\/div>\n<div class=\"wp-block-media-text alignwide is-stacked-on-mobile is-vertically-aligned-center custom-new-icon-block\">\n<figure class=\"wp-block-media-text__media\"><img loading=\"lazy\" decoding=\"async\" class=\"alignnone size-full wp-image-70\" src=\"https:\/\/www.luterlik.edu.ee\/uus\/karolini-kool\/wp-content\/uploads\/sites\/4\/2025\/04\/image-7.png\" alt=\"\" width=\"97\" height=\"101\" \/><\/figure>\n<div class=\"wp-block-media-text__content\">\n<p class=\"has-normal-font-size\">K\u00f5ik vajalikud teenused lapse peamises viibimiskohas ehk koolis \u2013 integreeritud \u00fcldhariduse ja sotsiaalvaldkonna tervikteenus.<\/p>\n<\/div>\n<\/div>\n<div class=\"wp-block-media-text alignwide is-stacked-on-mobile is-vertically-aligned-center custom-new-icon-block\">\n<figure class=\"wp-block-media-text__media\"><img loading=\"lazy\" decoding=\"async\" class=\"alignnone size-full wp-image-85\" src=\"https:\/\/www.luterlik.edu.ee\/uus\/karolini-kool\/wp-content\/uploads\/sites\/4\/2025\/04\/kell.png\" alt=\"\" width=\"96\" height=\"96\" \/><\/figure>\n<div class=\"wp-block-media-text__content\">\n<p class=\"g315zx has-normal-font-size\">Lapse vajadusi ja v\u00f5imekust arvestav p\u00e4evakava, lapsevanema vajadusi arvestav p\u00e4eva kestus.<\/p>\n<\/div>\n<\/div>\n<div class=\"wp-block-media-text alignwide is-stacked-on-mobile is-vertically-aligned-center custom-new-icon-block\">\n<figure class=\"wp-block-media-text__media\"><img loading=\"lazy\" decoding=\"async\" class=\"alignnone size-full wp-image-69\" src=\"https:\/\/www.luterlik.edu.ee\/uus\/karolini-kool\/wp-content\/uploads\/sites\/4\/2025\/04\/image-3-1.png\" alt=\"\" width=\"96\" height=\"96\" \/><\/figure>\n<div class=\"wp-block-media-text__content\">\n<p class=\"has-normal-font-size\">V\u00e4ikesed r\u00fchmad, oma \u00f5petajad ja tegelejad ning tuttavad terapeudid.<\/p>\n<\/div>\n<\/div>\n<div class=\"wp-block-media-text alignwide is-stacked-on-mobile is-vertically-aligned-center custom-new-icon-block\">\n<figure class=\"wp-block-media-text__media\"><img loading=\"lazy\" decoding=\"async\" class=\"alignnone size-full wp-image-87\" src=\"https:\/\/www.luterlik.edu.ee\/uus\/karolini-kool\/wp-content\/uploads\/sites\/4\/2025\/04\/maja.png\" alt=\"\" width=\"96\" height=\"96\" \/><\/figure>\n<div class=\"wp-block-media-text__content\">\n<p class=\"has-normal-font-size\">Kodune, arengut toetav ja stabiilne keskkond.<\/p>\n<\/div>\n<\/div>\n<div class=\"wp-block-spacer\" aria-hidden=\"true\">\u00a0<\/div>\n<figure class=\"wp-block-gallery has-nested-images columns-default is-cropped wp-block-gallery-1 is-layout-flex wp-block-gallery-is-layout-flex\">\n<figure class=\"wp-block-image size-large\"><img loading=\"lazy\" decoding=\"async\" class=\"wp-image-7716\" src=\"https:\/\/www.luterlik.edu.ee\/uus\/karolini-kool\/wp-content\/uploads\/sites\/4\/2025\/04\/308846156_622971539523046_6791061953198301532_n-768x1024.jpg\" sizes=\"auto, (max-width: 768px) 100vw, 768px\" srcset=\"https:\/\/www.luterlik.edu.ee\/wp-content\/uploads\/2023\/03\/308846156_622971539523046_6791061953198301532_n-768x1024.jpg 768w, https:\/\/www.luterlik.edu.ee\/wp-content\/uploads\/2023\/03\/308846156_622971539523046_6791061953198301532_n-225x300.jpg 225w, https:\/\/www.luterlik.edu.ee\/wp-content\/uploads\/2023\/03\/308846156_622971539523046_6791061953198301532_n-1152x1536.jpg 1152w, https:\/\/www.luterlik.edu.ee\/wp-content\/uploads\/2023\/03\/308846156_622971539523046_6791061953198301532_n.jpg 1536w\" alt=\"\" width=\"768\" height=\"1024\" data-id=\"7716\" \/><\/figure>\n<figure class=\"wp-block-image size-large\"><img loading=\"lazy\" decoding=\"async\" class=\"wp-image-7714\" src=\"https:\/\/www.luterlik.edu.ee\/wp-content\/uploads\/2023\/03\/3AL21SEP22M014-1024x683.jpg\" sizes=\"auto, (max-width: 1024px) 100vw, 1024px\" srcset=\"https:\/\/www.luterlik.edu.ee\/wp-content\/uploads\/2023\/03\/3AL21SEP22M014-1024x683.jpg 1024w, https:\/\/www.luterlik.edu.ee\/wp-content\/uploads\/2023\/03\/3AL21SEP22M014-300x200.jpg 300w, https:\/\/www.luterlik.edu.ee\/wp-content\/uploads\/2023\/03\/3AL21SEP22M014-1536x1024.jpg 1536w, https:\/\/www.luterlik.edu.ee\/wp-content\/uploads\/2023\/03\/3AL21SEP22M014-2048x1366.jpg 2048w\" alt=\"\" width=\"1024\" height=\"683\" data-id=\"7714\" \/><\/figure>\n<figure class=\"wp-block-image size-large\"><img loading=\"lazy\" decoding=\"async\" class=\"wp-image-7717\" src=\"https:\/\/www.luterlik.edu.ee\/wp-content\/uploads\/2023\/03\/319431816_3350590071826602_3636548039839247243_n-1024x767.jpg\" sizes=\"auto, (max-width: 1024px) 100vw, 1024px\" srcset=\"https:\/\/www.luterlik.edu.ee\/wp-content\/uploads\/2023\/03\/319431816_3350590071826602_3636548039839247243_n-1024x767.jpg 1024w, https:\/\/www.luterlik.edu.ee\/wp-content\/uploads\/2023\/03\/319431816_3350590071826602_3636548039839247243_n-300x225.jpg 300w, https:\/\/www.luterlik.edu.ee\/wp-content\/uploads\/2023\/03\/319431816_3350590071826602_3636548039839247243_n.jpg 1170w\" alt=\"\" width=\"1024\" height=\"767\" data-id=\"7717\" \/><\/figure>\n<\/figure>\n<div class=\"wp-block-spacer\" aria-hidden=\"true\">\u00a0<\/div>\n<h4 class=\"wp-block-heading\">Killukesi meie lapsevanemate tagasisidest<\/h4>\n<p><em>P\u00e4rast esimest kuud uues koolis tundub, et Johannes naudib muutust v\u00e4ga. N\u00e4eme, kuidas Johannes on terasem ja r\u00f5\u00f5msameelsem. Meile teeb suurt r\u00f5\u00f5mu n\u00e4ha, kuidas kooli t\u00f6\u00f6tajad hoolivad lastest. Igal \u00f5htul r\u00e4\u00e4gitakse meile r\u00f5\u00f5mudest ja muredest ning tunneme, et Johannes on suure hoolega p\u00e4eval hoitud. Tema omap\u00e4rasid ja vajadusi on osatud m\u00e4rgata ja arvestada. Tunneme t\u00e4nulikkust, et saame rahuliku s\u00fcdamega oma lapse hommikul kooli tuua ning ta v\u00f5etakse sooja naeratusega alati vastu. <\/em><br \/>\u2013 Meelis<\/p>\n<p><em>Vahel ma ei suuda uskuda, kui h\u00e4sti \u00fcks kool saab lapsele m\u00f5juda \u2013 k\u00f5igest kuu ajaga hakkas ta \u00fcle mitme aasta taas ise s\u00f6\u00f6ma! Ja hommikuti pole kodus enam aega rutiinseid tegevusi teha, sest kibeleb nii v\u00e4ga kooli. See ju n\u00e4itab midagi! Turvaline ja lapses\u00f5bralik keskkond milles meie p\u00e4ikesed saavad r\u00f5\u00f5msalt ja naerusuiselt toimetada.<\/em><br \/>\u2013 K\u00e4tlin<\/p>\n<p><em>Armas ja hubane koolike, kus lapsega toimetavad hoolivad ja asjalikud inimesed. Lapse heaolu on alati esikohal<\/em>.<br \/>\u2013 Tiiu<\/p>\n<p><em>Meie t\u00fctar ei oska end s\u00f5nades v\u00e4ljendada, kuid n\u00e4eme tema r\u00f5\u00f5msast meelest ja kehakeelest, et tal on koolis hea olla. Koos oma suurte ja v\u00e4ikeste s\u00f5pradega.\u00a0H\u00e4sti tore on ka lugeda \u00f5petaja kokkuv\u00f5tteid lapse p\u00e4evast, tema tegemistest aga ka meeleolust. Ja see, et nii f\u00fcsioterapeut kui ka logopeed ja eripedagoog temaga kooli keskkonnas \u201c\u00e4ra\u201d toimetavad, on juba n\u00fc\u00fcd silmn\u00e4htavalt tema arengule h\u00e4sti m\u00f5junud. Noh, ja meie endi igap\u00e4evane logistika on ka t\u00e4nu sellele oluliselt lihtsam.<\/em> <br \/>\u2013 Taavi<\/p>\n<p><em>Oleme kindlates ja hoolivates k\u00e4tes! Kasvame koos.<\/em><br \/>\u2013 Diana<\/p>\n<p><em>Minu jaoks t\u00f5esti lifesaver. \u00d5petajad on alati nii r\u00f5\u00f5msad ja vastutulelikud. Koolimaja on ilus ja m\u00f5nusalt \u201cprivaatne\u201d\/kodune. Iga p\u00e4ev n\u00e4en, kuidas laps l\u00e4heb r\u00f5\u00f5muga kooli. Tean, et ta on seal hoitud, tegeletud. Ma ei pea m\u00f6\u00f6da linna ringi kihutama ja vedama teda \u00fchest kohast teise ning muretsema, et peaks ta \u00fcksi koju j\u00e4tma paariks tunniks vms\u2026 Saan rahulikult oma t\u00f6id ja toimetusi teha. Kogu kooli personal teeb oma t\u00f6\u00f6d s\u00fcdamega ja p\u00fc\u00fcavad iga lapse vajadusi arvestada. Vanematega on ka v\u00e4ga hea koost\u00f6\u00f6.\u00a0<\/em><br \/>\u2013 Kristin<\/p>\n<hr class=\"wp-block-separator has-text-color has-css-opacity has-background\" \/>\n<p class=\"has-text-align-center has-very-dark-gray-color has-text-color has-medium-font-size\"><strong>V\u00c4IKE JA KOGUKONDLIK<\/strong><\/p>\n<p class=\"has-text-align-center has-very-dark-gray-color has-text-color has-medium-font-size\"><strong>INNOVAATILINE JA VAJADUSP\u00d5HINE<\/strong><\/p>\n<p class=\"has-text-align-center has-very-dark-gray-color has-text-color has-medium-font-size\"><strong>FUNKTSIONAALNE JA LIGIP\u00c4\u00c4SETAV<\/strong><\/p>\n<hr class=\"wp-block-separator has-text-color has-css-opacity has-background\" \/>\n<h4 class=\"wp-block-heading\">Meie \u00f5pilased<\/h4>\n<p class=\"has-normal-font-size\">Karolini Kool on loodud <strong>s\u00fcgava, raske ja m\u00f5\u00f5duka intellekti ning liitpuudega \u00f5pilastele<\/strong>, eesm\u00e4rgiga tagada nende igak\u00fclgset arengut toetav, hubane ja turvaline keskkond. Koolis toimub \u00f5pe p\u00f5hikooli lihtsustatud riikliku \u00f5ppekava alusel toimetuleku v\u00f5i hooldus\u00f5ppena. Esimesel \u00f5ppeaastal <strong>2022\/2023 alustasime kahe r\u00fchma ja 12 \u00f5pilasega<\/strong>, edasistel aastatel j\u00e4tkame kokku 18 \u00f5pilasega. Kui r\u00fctm liigub paika, saame hinnata, kas mahutaksime veel m\u00f5ne s\u00e4rasilma.<\/p>\n<h4 class=\"wp-block-heading\">Meie p\u00e4ev<\/h4>\n<p class=\"has-normal-font-size\">Hoolikalt l\u00e4bim\u00f5eldud koolip\u00e4ev on kujundatud iga lapse lugu, tema vajadusi, individuaalsust ja potentsiaali arvestades ning <strong>h\u00f5lmates l\u00f5imituna nelja olulist valdkonda: v\u00f5imetekohane haridus, vajalikud tugiteenused ja rehabilitatsioon ning esmane heaolu ja tervishoid<\/strong>. Koolip\u00e4eva kestel saab lapsevanem rahuliku s\u00fcdamega t\u00f6\u00f6l viibida, teades, et tema lapse eest kantakse hoolt parimal v\u00f5imalikul moel ja puudub vajadus last keset p\u00e4eva erinevate teenuseosutajate juurde transportida.<\/p>\n<h4 class=\"wp-block-heading\">Meie koolimaja<\/h4>\n<p class=\"has-normal-font-size\">Meie koolimajaks on kaasaegne ja v\u00f5imalusterohke \u00f5ppehoone, mille kohandasime ja sisustasime koost\u00f6\u00f6s lapsevanemate ja tulevase personaliga \u2013 <strong>iga nurk sai l\u00e4bim\u00f5eldud t\u00e4henduse ja lapse arengut toetava funktsiooni<\/strong>. Lift, teraapiabassein, f\u00fcsioteraapia ruum, tunnetustuba, kodunduse-, k\u00f6\u00f6gi- ja s\u00f6\u00f6gituba on vaid m\u00f5ned n\u00e4ited.<\/p>\n<h4 class=\"wp-block-heading\">Meie t\u00f6\u00f6tajad<\/h4>\n<p class=\"has-normal-font-size\">Karolini kool t\u00f5i \u00fche katuse alla <strong>professionaalsed, toetavad, hoolivad, s\u00e4rasilmsed ja suure s\u00fcdamega spetsialistid<\/strong>, kes igap\u00e4evases koost\u00f6\u00f6s iga \u00f5pilase arengut, tervist ja heaolu toetavad. Iga\u00fcks neist kannab asendamatut rolli ja annab oma panuse nii \u00f5pilaste kui kogu kooli arengusse.<\/p>\n<div class=\"wp-block-spacer\" aria-hidden=\"true\">\u00a0<\/div>\n<p class=\"has-small-font-size\"><em>Sinu isikuandmete vastutav t\u00f6\u00f6tleja on Tartu Luterlik Peetri kool (TLPK), kes t\u00f6\u00f6tleb Sinu isikuandmeid alati koosk\u00f5las TLPK andmekaitsetingimustega. Sul on \u00f5igus oma isikuandmetega tutvuda, n\u00f5uda nende parandamist, kustutamist, piirata nende t\u00f6\u00f6tlemist, n\u00f5uda andmete \u00fclekandmist v\u00f5i esitada isikuandmete t\u00f6\u00f6tlemise osas vastuv\u00e4ited. Samuti on Sul \u00f5igus oma n\u00f5usolek igal ajahetkel tagasi v\u00f5tta. Selleks kirjuta palun luterlik@luterlik.edu.ee. Kui leiad, et viis, kuidas TLPK t\u00f6\u00f6tleb Sinu isikuandmeid, on vastuolus isikuandmete t\u00f6\u00f6tlemist reguleerivate \u00f5igusaktidega, on Sul \u00f5igus p\u00f6\u00f6rduda Andmekaitse Inspektsiooni (e-post info@aki.ee, tel 627 4135) poole.<\/em><\/p>\n<\/div>    <\/div>\n<\/div>\n<!-- \/module text -->        <\/div>\n                        <\/div>\n        <\/div>\n        <\/div>\n<!--\/themify_builder_content-->","protected":false},"excerpt":{"rendered":"<p>Toimetuleku- ja hooldus\u00f5ppe kogup\u00e4evakool Inspireerituna Karolini ja tema perekonna loost ning kogukonna soovist avasime esimese erakoolina Tartus, 1. septembril 2022. aastal \u00f5ppesuuna hariduslike erivajadustega \u00f5pilastele. Karolini Kool tegutseb kogup\u00e4evakoolina spetsiaalselt kohandatud ja kaasaegses, avaras ning valgusk\u00fcllases hoones aadressil Pikk t\u00e4nav 10. \u00a0 \u00a0 K\u00f5ik vajalikud teenused lapse peamises viibimiskohas ehk koolis \u2013 integreeritud \u00fcldhariduse ja [&hellip;]<\/p>\n","protected":false},"author":1,"featured_media":8,"parent":0,"menu_order":0,"comment_status":"closed","ping_status":"closed","template":"","meta":{"footnotes":""},"class_list":["post-6","page","type-page","status-publish","has-post-thumbnail","hentry","has-post-title","has-post-date","has-post-category","has-post-tag","has-post-comment","has-post-author",""],"builder_content":"<h2>Toimetuleku- ja hooldus\u00f5ppe kogup\u00e4evakool<\/h2> <p>Inspireerituna Karolini ja tema perekonna loost ning kogukonna soovist avasime esimese erakoolina <strong>Tartus, 1. septembril 2022<\/strong>. aastal \u00f5ppesuuna hariduslike erivajadustega \u00f5pilastele. Karolini Kool tegutseb kogup\u00e4evakoolina spetsiaalselt kohandatud ja kaasaegses, avaras ning valgusk\u00fcllases hoones aadressil Pikk t\u00e4nav 10.<\/p> \u00a0 \u00a0 <img loading=\"lazy\" decoding=\"async\" src=\"https:\/\/www.luterlik.edu.ee\/uus\/karolini-kool\/wp-content\/uploads\/sites\/4\/2025\/04\/319669145_2026651937724314_1594834169429072378_n-1024x769-1.jpg\" alt=\"\" width=\"588\" height=\"441\" srcset=\"https:\/\/www.luterlik.edu.ee\/uus\/karolini-kool\/wp-content\/uploads\/sites\/4\/2025\/04\/319669145_2026651937724314_1594834169429072378_n-1024x769-1.jpg 1024w, https:\/\/www.luterlik.edu.ee\/uus\/karolini-kool\/wp-content\/uploads\/sites\/4\/2025\/04\/319669145_2026651937724314_1594834169429072378_n-1024x769-1-300x225.jpg 300w, https:\/\/www.luterlik.edu.ee\/uus\/karolini-kool\/wp-content\/uploads\/sites\/4\/2025\/04\/319669145_2026651937724314_1594834169429072378_n-1024x769-1-768x577.jpg 768w\" sizes=\"auto, (max-width: 588px) 100vw, 588px\" \/>\n<figure><img loading=\"lazy\" decoding=\"async\" src=\"https:\/\/www.luterlik.edu.ee\/uus\/karolini-kool\/wp-content\/uploads\/sites\/4\/2025\/04\/image-7.png\" alt=\"\" width=\"97\" height=\"101\" \/><\/figure>\n<p>K\u00f5ik vajalikud teenused lapse peamises viibimiskohas ehk koolis \u2013 integreeritud \u00fcldhariduse ja sotsiaalvaldkonna tervikteenus.<\/p>\n<figure><img loading=\"lazy\" decoding=\"async\" src=\"https:\/\/www.luterlik.edu.ee\/uus\/karolini-kool\/wp-content\/uploads\/sites\/4\/2025\/04\/kell.png\" alt=\"\" width=\"96\" height=\"96\" \/><\/figure>\n<p>Lapse vajadusi ja v\u00f5imekust arvestav p\u00e4evakava, lapsevanema vajadusi arvestav p\u00e4eva kestus.<\/p>\n<figure><img loading=\"lazy\" decoding=\"async\" src=\"https:\/\/www.luterlik.edu.ee\/uus\/karolini-kool\/wp-content\/uploads\/sites\/4\/2025\/04\/image-3-1.png\" alt=\"\" width=\"96\" height=\"96\" \/><\/figure>\n<p>V\u00e4ikesed r\u00fchmad, oma \u00f5petajad ja tegelejad ning tuttavad terapeudid.<\/p>\n<figure><img loading=\"lazy\" decoding=\"async\" src=\"https:\/\/www.luterlik.edu.ee\/uus\/karolini-kool\/wp-content\/uploads\/sites\/4\/2025\/04\/maja.png\" alt=\"\" width=\"96\" height=\"96\" \/><\/figure>\n<p>Kodune, arengut toetav ja stabiilne keskkond.<\/p>\n\u00a0 <figure> <figure><img loading=\"lazy\" decoding=\"async\" src=\"https:\/\/www.luterlik.edu.ee\/uus\/karolini-kool\/wp-content\/uploads\/sites\/4\/2025\/04\/308846156_622971539523046_6791061953198301532_n-768x1024.jpg\" sizes=\"auto, (max-width: 768px) 100vw, 768px\" srcset=\"https:\/\/www.luterlik.edu.ee\/wp-content\/uploads\/2023\/03\/308846156_622971539523046_6791061953198301532_n-768x1024.jpg 768w, https:\/\/www.luterlik.edu.ee\/wp-content\/uploads\/2023\/03\/308846156_622971539523046_6791061953198301532_n-225x300.jpg 225w, https:\/\/www.luterlik.edu.ee\/wp-content\/uploads\/2023\/03\/308846156_622971539523046_6791061953198301532_n-1152x1536.jpg 1152w, https:\/\/www.luterlik.edu.ee\/wp-content\/uploads\/2023\/03\/308846156_622971539523046_6791061953198301532_n.jpg 1536w\" alt=\"\" width=\"768\" height=\"1024\" data-id=\"7716\" \/><\/figure> <figure><img loading=\"lazy\" decoding=\"async\" src=\"https:\/\/www.luterlik.edu.ee\/wp-content\/uploads\/2023\/03\/3AL21SEP22M014-1024x683.jpg\" sizes=\"auto, (max-width: 1024px) 100vw, 1024px\" srcset=\"https:\/\/www.luterlik.edu.ee\/wp-content\/uploads\/2023\/03\/3AL21SEP22M014-1024x683.jpg 1024w, https:\/\/www.luterlik.edu.ee\/wp-content\/uploads\/2023\/03\/3AL21SEP22M014-300x200.jpg 300w, https:\/\/www.luterlik.edu.ee\/wp-content\/uploads\/2023\/03\/3AL21SEP22M014-1536x1024.jpg 1536w, https:\/\/www.luterlik.edu.ee\/wp-content\/uploads\/2023\/03\/3AL21SEP22M014-2048x1366.jpg 2048w\" alt=\"\" width=\"1024\" height=\"683\" data-id=\"7714\" \/><\/figure> <figure><img loading=\"lazy\" decoding=\"async\" src=\"https:\/\/www.luterlik.edu.ee\/wp-content\/uploads\/2023\/03\/319431816_3350590071826602_3636548039839247243_n-1024x767.jpg\" sizes=\"auto, (max-width: 1024px) 100vw, 1024px\" srcset=\"https:\/\/www.luterlik.edu.ee\/wp-content\/uploads\/2023\/03\/319431816_3350590071826602_3636548039839247243_n-1024x767.jpg 1024w, https:\/\/www.luterlik.edu.ee\/wp-content\/uploads\/2023\/03\/319431816_3350590071826602_3636548039839247243_n-300x225.jpg 300w, https:\/\/www.luterlik.edu.ee\/wp-content\/uploads\/2023\/03\/319431816_3350590071826602_3636548039839247243_n.jpg 1170w\" alt=\"\" width=\"1024\" height=\"767\" data-id=\"7717\" \/><\/figure> <\/figure> \u00a0 <h4>Killukesi meie lapsevanemate tagasisidest<\/h4> <p><em>P\u00e4rast esimest kuud uues koolis tundub, et Johannes naudib muutust v\u00e4ga. N\u00e4eme, kuidas Johannes on terasem ja r\u00f5\u00f5msameelsem. Meile teeb suurt r\u00f5\u00f5mu n\u00e4ha, kuidas kooli t\u00f6\u00f6tajad hoolivad lastest. Igal \u00f5htul r\u00e4\u00e4gitakse meile r\u00f5\u00f5mudest ja muredest ning tunneme, et Johannes on suure hoolega p\u00e4eval hoitud. Tema omap\u00e4rasid ja vajadusi on osatud m\u00e4rgata ja arvestada. Tunneme t\u00e4nulikkust, et saame rahuliku s\u00fcdamega oma lapse hommikul kooli tuua ning ta v\u00f5etakse sooja naeratusega alati vastu. <\/em><br \/>\u2013 Meelis<\/p> <p><em>Vahel ma ei suuda uskuda, kui h\u00e4sti \u00fcks kool saab lapsele m\u00f5juda \u2013 k\u00f5igest kuu ajaga hakkas ta \u00fcle mitme aasta taas ise s\u00f6\u00f6ma! Ja hommikuti pole kodus enam aega rutiinseid tegevusi teha, sest kibeleb nii v\u00e4ga kooli. See ju n\u00e4itab midagi! Turvaline ja lapses\u00f5bralik keskkond milles meie p\u00e4ikesed saavad r\u00f5\u00f5msalt ja naerusuiselt toimetada.<\/em><br \/>\u2013 K\u00e4tlin<\/p> <p><em>Armas ja hubane koolike, kus lapsega toimetavad hoolivad ja asjalikud inimesed. Lapse heaolu on alati esikohal<\/em>.<br \/>\u2013 Tiiu<\/p> <p><em>Meie t\u00fctar ei oska end s\u00f5nades v\u00e4ljendada, kuid n\u00e4eme tema r\u00f5\u00f5msast meelest ja kehakeelest, et tal on koolis hea olla. Koos oma suurte ja v\u00e4ikeste s\u00f5pradega.\u00a0H\u00e4sti tore on ka lugeda \u00f5petaja kokkuv\u00f5tteid lapse p\u00e4evast, tema tegemistest aga ka meeleolust. Ja see, et nii f\u00fcsioterapeut kui ka logopeed ja eripedagoog temaga kooli keskkonnas \u201c\u00e4ra\u201d toimetavad, on juba n\u00fc\u00fcd silmn\u00e4htavalt tema arengule h\u00e4sti m\u00f5junud. Noh, ja meie endi igap\u00e4evane logistika on ka t\u00e4nu sellele oluliselt lihtsam.<\/em> <br \/>\u2013 Taavi<\/p> <p><em>Oleme kindlates ja hoolivates k\u00e4tes! Kasvame koos.<\/em><br \/>\u2013 Diana<\/p> <p><em>Minu jaoks t\u00f5esti lifesaver. \u00d5petajad on alati nii r\u00f5\u00f5msad ja vastutulelikud. Koolimaja on ilus ja m\u00f5nusalt \u201cprivaatne\u201d\/kodune. Iga p\u00e4ev n\u00e4en, kuidas laps l\u00e4heb r\u00f5\u00f5muga kooli. Tean, et ta on seal hoitud, tegeletud. Ma ei pea m\u00f6\u00f6da linna ringi kihutama ja vedama teda \u00fchest kohast teise ning muretsema, et peaks ta \u00fcksi koju j\u00e4tma paariks tunniks vms\u2026 Saan rahulikult oma t\u00f6id ja toimetusi teha. Kogu kooli personal teeb oma t\u00f6\u00f6d s\u00fcdamega ja p\u00fc\u00fcavad iga lapse vajadusi arvestada. Vanematega on ka v\u00e4ga hea koost\u00f6\u00f6.\u00a0<\/em><br \/>\u2013 Kristin<\/p> <hr \/> <p><strong>V\u00c4IKE JA KOGUKONDLIK<\/strong><\/p> <p><strong>INNOVAATILINE JA VAJADUSP\u00d5HINE<\/strong><\/p> <p><strong>FUNKTSIONAALNE JA LIGIP\u00c4\u00c4SETAV<\/strong><\/p> <hr \/> <h4>Meie \u00f5pilased<\/h4> <p>Karolini Kool on loodud <strong>s\u00fcgava, raske ja m\u00f5\u00f5duka intellekti ning liitpuudega \u00f5pilastele<\/strong>, eesm\u00e4rgiga tagada nende igak\u00fclgset arengut toetav, hubane ja turvaline keskkond. Koolis toimub \u00f5pe p\u00f5hikooli lihtsustatud riikliku \u00f5ppekava alusel toimetuleku v\u00f5i hooldus\u00f5ppena. Esimesel \u00f5ppeaastal <strong>2022\/2023 alustasime kahe r\u00fchma ja 12 \u00f5pilasega<\/strong>, edasistel aastatel j\u00e4tkame kokku 18 \u00f5pilasega. Kui r\u00fctm liigub paika, saame hinnata, kas mahutaksime veel m\u00f5ne s\u00e4rasilma.<\/p> <h4>Meie p\u00e4ev<\/h4> <p>Hoolikalt l\u00e4bim\u00f5eldud koolip\u00e4ev on kujundatud iga lapse lugu, tema vajadusi, individuaalsust ja potentsiaali arvestades ning <strong>h\u00f5lmates l\u00f5imituna nelja olulist valdkonda: v\u00f5imetekohane haridus, vajalikud tugiteenused ja rehabilitatsioon ning esmane heaolu ja tervishoid<\/strong>. Koolip\u00e4eva kestel saab lapsevanem rahuliku s\u00fcdamega t\u00f6\u00f6l viibida, teades, et tema lapse eest kantakse hoolt parimal v\u00f5imalikul moel ja puudub vajadus last keset p\u00e4eva erinevate teenuseosutajate juurde transportida.<\/p> <h4>Meie koolimaja<\/h4> <p>Meie koolimajaks on kaasaegne ja v\u00f5imalusterohke \u00f5ppehoone, mille kohandasime ja sisustasime koost\u00f6\u00f6s lapsevanemate ja tulevase personaliga \u2013 <strong>iga nurk sai l\u00e4bim\u00f5eldud t\u00e4henduse ja lapse arengut toetava funktsiooni<\/strong>. Lift, teraapiabassein, f\u00fcsioteraapia ruum, tunnetustuba, kodunduse-, k\u00f6\u00f6gi- ja s\u00f6\u00f6gituba on vaid m\u00f5ned n\u00e4ited.<\/p> <h4>Meie t\u00f6\u00f6tajad<\/h4> <p>Karolini kool t\u00f5i \u00fche katuse alla <strong>professionaalsed, toetavad, hoolivad, s\u00e4rasilmsed ja suure s\u00fcdamega spetsialistid<\/strong>, kes igap\u00e4evases koost\u00f6\u00f6s iga \u00f5pilase arengut, tervist ja heaolu toetavad. Iga\u00fcks neist kannab asendamatut rolli ja annab oma panuse nii \u00f5pilaste kui kogu kooli arengusse.<\/p> \u00a0 <p><em>Sinu isikuandmete vastutav t\u00f6\u00f6tleja on Tartu Luterlik Peetri kool (TLPK), kes t\u00f6\u00f6tleb Sinu isikuandmeid alati koosk\u00f5las TLPK andmekaitsetingimustega. Sul on \u00f5igus oma isikuandmetega tutvuda, n\u00f5uda nende parandamist, kustutamist, piirata nende t\u00f6\u00f6tlemist, n\u00f5uda andmete \u00fclekandmist v\u00f5i esitada isikuandmete t\u00f6\u00f6tlemise osas vastuv\u00e4ited. Samuti on Sul \u00f5igus oma n\u00f5usolek igal ajahetkel tagasi v\u00f5tta. Selleks kirjuta palun luterlik@luterlik.edu.ee. Kui leiad, et viis, kuidas TLPK t\u00f6\u00f6tleb Sinu isikuandmeid, on vastuolus isikuandmete t\u00f6\u00f6tlemist reguleerivate \u00f5igusaktidega, on Sul \u00f5igus p\u00f6\u00f6rduda Andmekaitse Inspektsiooni (e-post info@aki.ee, tel 627 4135) poole.<\/em><\/p>","_links":{"self":[{"href":"https:\/\/www.luterlik.edu.ee\/uus\/karolini-kool\/wp-json\/wp\/v2\/pages\/6","targetHints":{"allow":["GET"]}}],"collection":[{"href":"https:\/\/www.luterlik.edu.ee\/uus\/karolini-kool\/wp-json\/wp\/v2\/pages"}],"about":[{"href":"https:\/\/www.luterlik.edu.ee\/uus\/karolini-kool\/wp-json\/wp\/v2\/types\/page"}],"author":[{"embeddable":true,"href":"https:\/\/www.luterlik.edu.ee\/uus\/karolini-kool\/wp-json\/wp\/v2\/users\/1"}],"replies":[{"embeddable":true,"href":"https:\/\/www.luterlik.edu.ee\/uus\/karolini-kool\/wp-json\/wp\/v2\/comments?post=6"}],"version-history":[{"count":12,"href":"https:\/\/www.luterlik.edu.ee\/uus\/karolini-kool\/wp-json\/wp\/v2\/pages\/6\/revisions"}],"predecessor-version":[{"id":100,"href":"https:\/\/www.luterlik.edu.ee\/uus\/karolini-kool\/wp-json\/wp\/v2\/pages\/6\/revisions\/100"}],"wp:featuredmedia":[{"embeddable":true,"href":"https:\/\/www.luterlik.edu.ee\/uus\/karolini-kool\/wp-json\/wp\/v2\/media\/8"}],"wp:attachment":[{"href":"https:\/\/www.luterlik.edu.ee\/uus\/karolini-kool\/wp-json\/wp\/v2\/media?parent=6"}],"curies":[{"name":"wp","href":"https:\/\/api.w.org\/{rel}","templated":true}]}}