{"id":32,"date":"2025-04-21T22:17:13","date_gmt":"2025-04-21T19:17:13","guid":{"rendered":"https:\/\/www.luterlik.edu.ee\/uus\/karolini-kool\/?page_id=32"},"modified":"2025-04-21T22:17:14","modified_gmt":"2025-04-21T19:17:14","slug":"vajalikud-vahendid","status":"publish","type":"page","link":"https:\/\/www.luterlik.edu.ee\/uus\/karolini-kool\/vajalikud-vahendid\/","title":{"rendered":"Vajalikud vahendid"},"content":{"rendered":"<!--themify_builder_content-->\n<div id=\"themify_builder_content-32\" data-postid=\"32\" class=\"themify_builder_content themify_builder_content-32 themify_builder tf_clear\">\n                    <div  data-lazy=\"1\" class=\"module_row themify_builder_row tb_57kp392 tb_first tf_w\">\n                        <div class=\"row_inner col_align_top tb_col_count_1 tf_box tf_rel\">\n                        <div  data-lazy=\"1\" class=\"module_column tb-column col-full tb_a5g2392 first\">\n                    <!-- module text -->\n<div  class=\"module module-text tb_5opj640   \" data-lazy=\"1\">\n        <div  class=\"tb_text_wrap\">\n        <div class=\"entry-content clearfix\"><h2 class=\"wp-block-heading\">Vajalikud vahendid Karolini kooli keskkonna kujundamiseks<\/h2><p><mark class=\"has-inline-color has-vivid-red-color\"><strong>Toetades Karolini kooli vajalike vahendite hankimisel, aitad meil omakorda rohkem panustada inimestesse, kes igap\u00e4evaselt meie \u00f5pilastega tegelevad.<\/strong><\/mark><\/p><p>Siin lehel on toodud sisustus-, abi- ja teraapiavahendid, mille hankimiseks on igasugune toetus v\u00e4ga oodatud ja suure t\u00e4nuga vastu v\u00f5etud. Toetajad saavad m\u00f5istagi m\u00e4rgatud ja esile t\u00f5stetud. J\u00e4\u00e4me alatiseks t\u00e4nulikuks <a href=\"https:\/\/www.luterlik.edu.ee\/karolini-kool\/karolini-kooli-toetusfond\/toetajad\/\" target=\"_blank\" rel=\"noreferrer noopener\">neile<\/a>, kes Karolini Kooli k\u00e4ivitamisele \u00f5la alla panid! Toetajateta poleks me seda suutnud!<\/p><p>Karolini Kool kuulub MT\u00dc Tartu Luterliku Peetri Kooli filiaalina tulumaksusoodustusega \u00fchingute nimekirja.<\/p><div class=\"wp-block-spacer\" aria-hidden=\"true\">\u00a0<\/div><p><strong><mark class=\"has-inline-color has-vivid-red-color\">KODUKLASS<\/mark><\/strong><br \/><br \/>Koduklassis alustavad meie \u00f5pilased hommikuti oma p\u00e4eva koos \u00f5petaja ja s\u00f5pradega \u2013 need on valgusk\u00fcllased, helgetes toonides ja avarad, hubased, turvalised ja kaasaegsed toad, kus lastel on hea ja mugav nii uusi oskusi \u00f5ppida kui puhata. 2023. aasta septembris alustab \u00f5ppet\u00f6\u00f6ga ka kolmas liitr\u00fchm, kelle tarvis koduklass valmis tuleb seada.<\/p><figure class=\"wp-block-table is-style-stripes\"><table class=\"has-fixed-layout\"><thead><tr><th class=\"has-text-align-left\" data-align=\"left\">\u00a0<\/th><th class=\"has-text-align-center\" data-align=\"center\">Hinnanguline maksumus (\u20ac\/tk)<\/th><\/tr><\/thead><tbody><tr><td class=\"has-text-align-left\" data-align=\"left\">Interaktiivne tahvel (x1)<\/td><td class=\"has-text-align-center\" data-align=\"center\">5000<\/td><\/tr><tr><td class=\"has-text-align-left\" data-align=\"left\">\u00d5petajate ja spetsialistide s\u00fclearvuti ja liseaseadmed ning -tarvikud (x3)<\/td><td class=\"has-text-align-center\" data-align=\"center\">4000<\/td><\/tr><tr><td class=\"has-text-align-left\" data-align=\"left\"><a href=\"https:\/\/www.ajtooted.ee\/kool-ja-lasteaed\/koolilauad\/reguleeritava-korgusega-opilaslauad\/opilaslaud-193129-221998\" target=\"_blank\" rel=\"noreferrer noopener\">Koolim\u00f6\u00f6bel <\/a>(reguleeritava k\u00f5rgusega \u00f5pilaslaud x5, reguleeritava k\u00f5rgusega \u00f5petaja\/juhendaja laud 1x)<\/td><td class=\"has-text-align-center\" data-align=\"center\">200\/500<\/td><\/tr><tr><td class=\"has-text-align-left\" data-align=\"left\"><a href=\"https:\/\/www.tankindoor.ee\/tooted\/liuguksed\/\" target=\"_blank\" rel=\"noreferrer noopener\">L\u00fckanduksed<\/a> klassiruumi tagaseinas<\/td><td class=\"has-text-align-center\" data-align=\"center\">2000<\/td><\/tr><tr><td class=\"has-text-align-left\" data-align=\"left\">Nurgadiivan (x1)<\/td><td class=\"has-text-align-center\" data-align=\"center\">800<\/td><\/tr><tr><td class=\"has-text-align-left\" data-align=\"left\">Vaip (x1)<\/td><td class=\"has-text-align-center\" data-align=\"center\">150<\/td><\/tr><\/tbody><\/table><\/figure><hr class=\"wp-block-separator has-css-opacity\" \/><p><strong><mark class=\"has-inline-color has-vivid-red-color\">PUHKE- JA TEGELUSALA<\/mark><\/strong><br \/><br \/>Koolimaja teisel korrusel paikneb m\u00f5nus, avar ja valgusk\u00fcllane hall, kuhu rajame funktsionaalse puhke- ja tegelusala. Seal saab l\u00e4bi viia nii idividuaal- kui v\u00e4iksema seltskonnaga r\u00fchmategevusi, kui ka puhata ja m\u00e4ngida.<\/p><figure class=\"wp-block-table is-style-stripes\"><table class=\"has-black-color has-text-color has-fixed-layout\"><thead><tr><th class=\"has-text-align-left\" data-align=\"left\">\u00a0<\/th><th class=\"has-text-align-center\" data-align=\"center\"><strong>Hinnanguline<\/strong> <strong>maksumus<\/strong> (<strong>\u20ac<\/strong>)<\/th><\/tr><\/thead><tbody><tr><td class=\"has-text-align-left\" data-align=\"left\">Legoklotsid, pusled ja raamatud<\/td><td class=\"has-text-align-center\" data-align=\"center\">\u00a0<\/td><\/tr><\/tbody><\/table><\/figure><hr class=\"wp-block-separator has-css-opacity\" \/><p><strong><span class=\"has-inline-color has-vivid-red-color\">KOOLIAED<\/span><\/strong><br \/><br \/>Kooliaed annab suurep\u00e4rase v\u00f5imaluse viia l\u00e4bi \u00f5ues\u00f5ppe tunde ja ka teraapiaid. V\u00e4rskes \u00f5hus viibimine ja seejuures kasulik ja l\u00f5bus ajaveetmine tugevdab nii keha kui vaimu. \u201cN\u00e4pud mullas\u201d tegevused aitavad aga pingeid maandada nii v\u00e4ikestel kui suurtel.<\/p><figure class=\"wp-block-table is-style-stripes\"><table class=\"has-fixed-layout\"><thead><tr><th class=\"has-text-align-left\" data-align=\"left\">\u00a0<\/th><th class=\"has-text-align-center\" data-align=\"center\"><strong>Hinnanguline maksumus<\/strong> (<strong>\u20ac<\/strong>)<\/th><\/tr><\/thead><tbody><tr><td class=\"has-text-align-left\" data-align=\"left\">\u00d5ues\u00f5ppepaviljon<\/td><td class=\"has-text-align-center\" data-align=\"center\">15 000<\/td><\/tr><tr><td class=\"has-text-align-left\" data-align=\"left\">Kasvuhoone<\/td><td class=\"has-text-align-center\" data-align=\"center\">500<\/td><\/tr><tr><td class=\"has-text-align-left\" data-align=\"left\">Sensoorne rada ja tegelusseinad<\/td><td class=\"has-text-align-center\" data-align=\"center\">800<\/td><\/tr><tr><td class=\"has-text-align-left\" data-align=\"left\">Taimekastid<\/td><td class=\"has-text-align-center\" data-align=\"center\">\u00a0<\/td><\/tr><tr><td class=\"has-text-align-left\" data-align=\"left\">Muruala<\/td><td class=\"has-text-align-center\" data-align=\"center\">\u00a0<\/td><\/tr><\/tbody><\/table><\/figure><p>\u00a0<\/p><p>\u00a0<\/p><p>Soovides toetada Karolini kooli ning seel\u00e4bi meie \u00f5pilasi ja nende peresid, v\u00f5tke palun \u00fchendust:<\/p><p>Monika \u00d5un<br \/>Karolini Kooli eestvedaja ja lapsevanem<br \/>5664 0356<br \/>karolin@luterlik.edu.ee<\/p><\/div>    <\/div>\n<\/div>\n<!-- \/module text -->        <\/div>\n                        <\/div>\n        <\/div>\n        <\/div>\n<!--\/themify_builder_content-->","protected":false},"excerpt":{"rendered":"<p>Vajalikud vahendid Karolini kooli keskkonna kujundamiseksToetades Karolini kooli vajalike vahendite hankimisel, aitad meil omakorda rohkem panustada inimestesse, kes igap\u00e4evaselt meie \u00f5pilastega tegelevad.Siin lehel on toodud sisustus-, abi- ja teraapiavahendid, mille hankimiseks on igasugune toetus v\u00e4ga oodatud ja suure t\u00e4nuga vastu v\u00f5etud. Toetajad saavad m\u00f5istagi m\u00e4rgatud ja esile t\u00f5stetud. J\u00e4\u00e4me alatiseks t\u00e4nulikuks neile, kes Karolini Kooli [&hellip;]<\/p>\n","protected":false},"author":1,"featured_media":0,"parent":0,"menu_order":0,"comment_status":"closed","ping_status":"closed","template":"","meta":{"footnotes":""},"class_list":["post-32","page","type-page","status-publish","hentry","has-post-title","has-post-date","has-post-category","has-post-tag","has-post-comment","has-post-author",""],"builder_content":"<h2>Vajalikud vahendid Karolini kooli keskkonna kujundamiseks<\/h2><p><mark><strong>Toetades Karolini kooli vajalike vahendite hankimisel, aitad meil omakorda rohkem panustada inimestesse, kes igap\u00e4evaselt meie \u00f5pilastega tegelevad.<\/strong><\/mark><\/p><p>Siin lehel on toodud sisustus-, abi- ja teraapiavahendid, mille hankimiseks on igasugune toetus v\u00e4ga oodatud ja suure t\u00e4nuga vastu v\u00f5etud. Toetajad saavad m\u00f5istagi m\u00e4rgatud ja esile t\u00f5stetud. J\u00e4\u00e4me alatiseks t\u00e4nulikuks <a href=\"https:\/\/www.luterlik.edu.ee\/karolini-kool\/karolini-kooli-toetusfond\/toetajad\/\" target=\"_blank\" rel=\"noreferrer noopener\">neile<\/a>, kes Karolini Kooli k\u00e4ivitamisele \u00f5la alla panid! Toetajateta poleks me seda suutnud!<\/p><p>Karolini Kool kuulub MT\u00dc Tartu Luterliku Peetri Kooli filiaalina tulumaksusoodustusega \u00fchingute nimekirja.<\/p>\u00a0<p><strong><mark>KODUKLASS<\/mark><\/strong><br \/><br \/>Koduklassis alustavad meie \u00f5pilased hommikuti oma p\u00e4eva koos \u00f5petaja ja s\u00f5pradega \u2013 need on valgusk\u00fcllased, helgetes toonides ja avarad, hubased, turvalised ja kaasaegsed toad, kus lastel on hea ja mugav nii uusi oskusi \u00f5ppida kui puhata. 2023. aasta septembris alustab \u00f5ppet\u00f6\u00f6ga ka kolmas liitr\u00fchm, kelle tarvis koduklass valmis tuleb seada.<\/p><figure><table><thead><tr><th data-align=\"left\">\u00a0<\/th><th data-align=\"center\">Hinnanguline maksumus (\u20ac\/tk)<\/th><\/tr><\/thead><tbody><tr><td data-align=\"left\">Interaktiivne tahvel (x1)<\/td><td data-align=\"center\">5000<\/td><\/tr><tr><td data-align=\"left\">\u00d5petajate ja spetsialistide s\u00fclearvuti ja liseaseadmed ning -tarvikud (x3)<\/td><td data-align=\"center\">4000<\/td><\/tr><tr><td data-align=\"left\"><a href=\"https:\/\/www.ajtooted.ee\/kool-ja-lasteaed\/koolilauad\/reguleeritava-korgusega-opilaslauad\/opilaslaud-193129-221998\" target=\"_blank\" rel=\"noreferrer noopener\">Koolim\u00f6\u00f6bel <\/a>(reguleeritava k\u00f5rgusega \u00f5pilaslaud x5, reguleeritava k\u00f5rgusega \u00f5petaja\/juhendaja laud 1x)<\/td><td data-align=\"center\">200\/500<\/td><\/tr><tr><td data-align=\"left\"><a href=\"https:\/\/www.tankindoor.ee\/tooted\/liuguksed\/\" target=\"_blank\" rel=\"noreferrer noopener\">L\u00fckanduksed<\/a> klassiruumi tagaseinas<\/td><td data-align=\"center\">2000<\/td><\/tr><tr><td data-align=\"left\">Nurgadiivan (x1)<\/td><td data-align=\"center\">800<\/td><\/tr><tr><td data-align=\"left\">Vaip (x1)<\/td><td data-align=\"center\">150<\/td><\/tr><\/tbody><\/table><\/figure><hr \/><p><strong><mark>PUHKE- JA TEGELUSALA<\/mark><\/strong><br \/><br \/>Koolimaja teisel korrusel paikneb m\u00f5nus, avar ja valgusk\u00fcllane hall, kuhu rajame funktsionaalse puhke- ja tegelusala. Seal saab l\u00e4bi viia nii idividuaal- kui v\u00e4iksema seltskonnaga r\u00fchmategevusi, kui ka puhata ja m\u00e4ngida.<\/p><figure><table><thead><tr><th data-align=\"left\">\u00a0<\/th><th data-align=\"center\"><strong>Hinnanguline<\/strong> <strong>maksumus<\/strong> (<strong>\u20ac<\/strong>)<\/th><\/tr><\/thead><tbody><tr><td data-align=\"left\">Legoklotsid, pusled ja raamatud<\/td><td data-align=\"center\">\u00a0<\/td><\/tr><\/tbody><\/table><\/figure><hr \/><p><strong>KOOLIAED<\/strong><br \/><br \/>Kooliaed annab suurep\u00e4rase v\u00f5imaluse viia l\u00e4bi \u00f5ues\u00f5ppe tunde ja ka teraapiaid. V\u00e4rskes \u00f5hus viibimine ja seejuures kasulik ja l\u00f5bus ajaveetmine tugevdab nii keha kui vaimu. \u201cN\u00e4pud mullas\u201d tegevused aitavad aga pingeid maandada nii v\u00e4ikestel kui suurtel.<\/p><figure><table><thead><tr><th data-align=\"left\">\u00a0<\/th><th data-align=\"center\"><strong>Hinnanguline maksumus<\/strong> (<strong>\u20ac<\/strong>)<\/th><\/tr><\/thead><tbody><tr><td data-align=\"left\">\u00d5ues\u00f5ppepaviljon<\/td><td data-align=\"center\">15 000<\/td><\/tr><tr><td data-align=\"left\">Kasvuhoone<\/td><td data-align=\"center\">500<\/td><\/tr><tr><td data-align=\"left\">Sensoorne rada ja tegelusseinad<\/td><td data-align=\"center\">800<\/td><\/tr><tr><td data-align=\"left\">Taimekastid<\/td><td data-align=\"center\">\u00a0<\/td><\/tr><tr><td data-align=\"left\">Muruala<\/td><td data-align=\"center\">\u00a0<\/td><\/tr><\/tbody><\/table><\/figure><p>\u00a0<\/p><p>\u00a0<\/p><p>Soovides toetada Karolini kooli ning seel\u00e4bi meie \u00f5pilasi ja nende peresid, v\u00f5tke palun \u00fchendust:<\/p><p>Monika \u00d5un<br \/>Karolini Kooli eestvedaja ja lapsevanem<br \/>5664 0356<br \/>karolin@luterlik.edu.ee<\/p>","_links":{"self":[{"href":"https:\/\/www.luterlik.edu.ee\/uus\/karolini-kool\/wp-json\/wp\/v2\/pages\/32","targetHints":{"allow":["GET"]}}],"collection":[{"href":"https:\/\/www.luterlik.edu.ee\/uus\/karolini-kool\/wp-json\/wp\/v2\/pages"}],"about":[{"href":"https:\/\/www.luterlik.edu.ee\/uus\/karolini-kool\/wp-json\/wp\/v2\/types\/page"}],"author":[{"embeddable":true,"href":"https:\/\/www.luterlik.edu.ee\/uus\/karolini-kool\/wp-json\/wp\/v2\/users\/1"}],"replies":[{"embeddable":true,"href":"https:\/\/www.luterlik.edu.ee\/uus\/karolini-kool\/wp-json\/wp\/v2\/comments?post=32"}],"version-history":[{"count":1,"href":"https:\/\/www.luterlik.edu.ee\/uus\/karolini-kool\/wp-json\/wp\/v2\/pages\/32\/revisions"}],"predecessor-version":[{"id":33,"href":"https:\/\/www.luterlik.edu.ee\/uus\/karolini-kool\/wp-json\/wp\/v2\/pages\/32\/revisions\/33"}],"wp:attachment":[{"href":"https:\/\/www.luterlik.edu.ee\/uus\/karolini-kool\/wp-json\/wp\/v2\/media?parent=32"}],"curies":[{"name":"wp","href":"https:\/\/api.w.org\/{rel}","templated":true}]}}