{"id":25,"date":"2025-04-21T22:12:54","date_gmt":"2025-04-21T19:12:54","guid":{"rendered":"https:\/\/www.luterlik.edu.ee\/uus\/karolini-kool\/?page_id=25"},"modified":"2025-04-21T22:12:54","modified_gmt":"2025-04-21T19:12:54","slug":"pilootprojekt","status":"publish","type":"page","link":"https:\/\/www.luterlik.edu.ee\/uus\/karolini-kool\/pilootprojekt\/","title":{"rendered":"Pilootprojekt"},"content":{"rendered":"<!--themify_builder_content-->\n<div id=\"themify_builder_content-25\" data-postid=\"25\" class=\"themify_builder_content themify_builder_content-25 themify_builder tf_clear\">\n                    <div  data-lazy=\"1\" class=\"module_row themify_builder_row tb_t2uj265 tb_first tf_w\">\n                        <div class=\"row_inner col_align_top tb_col_count_1 tf_box tf_rel\">\n                        <div  data-lazy=\"1\" class=\"module_column tb-column col-full tb_jnpk265 first\">\n                    <!-- module text -->\n<div  class=\"module module-text tb_z105497   \" data-lazy=\"1\">\n        <div  class=\"tb_text_wrap\">\n        <div class=\"entry-content clearfix\"><h2 class=\"wp-block-heading\">TLPK Karolini kooli pilootprojekt<\/h2><p>TLPK Karolini kogup\u00e4evakooli rajamisega leevendame toimetuleku- ja hooldus\u00f5ppe \u00f5ppekohtade puudust Tartu linnas ja maakonnas ning pakume seejuures siinses piirkonnas alternatiivset valikut peredele, milles kasvavad suuremat tuge vajavad lapsed.<\/p><p><strong>Haridus- ja Teadusministeeriumi toetatava pilootprojekti eesm\u00e4rk on t\u00f6\u00f6tada koos sihtr\u00fchma, Tartu \u00dclikooli ja partnerkoolidega<\/strong> <strong>v\u00e4lja erituge vajavatele \u00f5pilastele integreeritud tervikteenuse kontseptsioon ja rahastusmudel, mida meiepoolse piloteerimise ja arendamise j\u00e4rel saavad kasutusele v\u00f5tta ka teised koolid ja omavalitsused laiemalt \u00fcle Eesti.<\/strong><\/p><p>Olles k\u00fclastanud mitmeid erikoole, m\u00f5istsime, et <strong>integreeritud teenuse tase on \u00fcle riigi k\u00fcllaltki erinev ja ka teenus ise sageli killustatud<\/strong>. \u00dchine joon k\u00f5ikides t\u00e4na tegutsevates koolides on aga suur soov aidata ning, vaatamata raskele t\u00f6\u00f6le, s\u00e4rasilmne ja hooliv personal. Kuna <strong>toimetuleku- ja hooldus\u00f5ppe \u00f5pilasi toetav integreeritud teenus h\u00f5lmab erinevaid komponente nagu haridus-, tugi-, rehabilitatsiooni- ja tervishoiuteenus<\/strong>, siis oleneb l\u00f5pptulemuski paljudest erinevatest asjaoludest, mida kooliti ja omavalitsuseti on p\u00fc\u00fctud isemoodi lahendada. Niisiis, otsustasime kaardistada kirjeldatud \u00f5pilaste ja nende perede vajadused ja ootused sellisele kogup\u00e4evakoolile ning kombineerida saadud teadmisi partnerkoolide parimate praktikatega. N\u00f5nda saame v\u00e4lja t\u00f6\u00f6tada integreeritud teenuse kontseptsiooni ning v\u00f5imaliku rahastusmudeli.<\/p><p>Lisaks Haridus- ja Teadusministeeriumile on meie <strong>pilootprojektile toetust avaldanud ka Sotsiaalministeerium<\/strong>. Taoliste koolide parima toimimise tagamisel ongi v\u00f5tmeroll haridus- ja sotsiaalvaldkondade \u00fchildamisel. Meil on hea meel, et nimetatud ministeeriumid suuremat tuge vajavate laste heaks \u00fcha t\u00f5husamat koost\u00f6\u00f6d teevad ja loodame, et meie pilootprojekti v\u00e4ljund annab p\u00f5hjuse seda koost\u00f6\u00f6d veelgi tugevdada.<\/p><p>K\u00fcsimuste tekkides v\u00f5i soovides pilootprojekti \u00f5nnestumisse panustada, v\u00f5tke palun meiega \u00fchendust.<\/p><\/div>    <\/div>\n<\/div>\n<!-- \/module text -->        <\/div>\n                        <\/div>\n        <\/div>\n        <\/div>\n<!--\/themify_builder_content-->","protected":false},"excerpt":{"rendered":"<p>TLPK Karolini kooli pilootprojektTLPK Karolini kogup\u00e4evakooli rajamisega leevendame toimetuleku- ja hooldus\u00f5ppe \u00f5ppekohtade puudust Tartu linnas ja maakonnas ning pakume seejuures siinses piirkonnas alternatiivset valikut peredele, milles kasvavad suuremat tuge vajavad lapsed.Haridus- ja Teadusministeeriumi toetatava pilootprojekti eesm\u00e4rk on t\u00f6\u00f6tada koos sihtr\u00fchma, Tartu \u00dclikooli ja partnerkoolidega v\u00e4lja erituge vajavatele \u00f5pilastele integreeritud tervikteenuse kontseptsioon ja rahastusmudel, mida meiepoolse [&hellip;]<\/p>\n","protected":false},"author":1,"featured_media":11,"parent":0,"menu_order":0,"comment_status":"closed","ping_status":"closed","template":"","meta":{"footnotes":""},"class_list":["post-25","page","type-page","status-publish","has-post-thumbnail","hentry","has-post-title","has-post-date","has-post-category","has-post-tag","has-post-comment","has-post-author",""],"builder_content":"<h2>TLPK Karolini kooli pilootprojekt<\/h2><p>TLPK Karolini kogup\u00e4evakooli rajamisega leevendame toimetuleku- ja hooldus\u00f5ppe \u00f5ppekohtade puudust Tartu linnas ja maakonnas ning pakume seejuures siinses piirkonnas alternatiivset valikut peredele, milles kasvavad suuremat tuge vajavad lapsed.<\/p><p><strong>Haridus- ja Teadusministeeriumi toetatava pilootprojekti eesm\u00e4rk on t\u00f6\u00f6tada koos sihtr\u00fchma, Tartu \u00dclikooli ja partnerkoolidega<\/strong> <strong>v\u00e4lja erituge vajavatele \u00f5pilastele integreeritud tervikteenuse kontseptsioon ja rahastusmudel, mida meiepoolse piloteerimise ja arendamise j\u00e4rel saavad kasutusele v\u00f5tta ka teised koolid ja omavalitsused laiemalt \u00fcle Eesti.<\/strong><\/p><p>Olles k\u00fclastanud mitmeid erikoole, m\u00f5istsime, et <strong>integreeritud teenuse tase on \u00fcle riigi k\u00fcllaltki erinev ja ka teenus ise sageli killustatud<\/strong>. \u00dchine joon k\u00f5ikides t\u00e4na tegutsevates koolides on aga suur soov aidata ning, vaatamata raskele t\u00f6\u00f6le, s\u00e4rasilmne ja hooliv personal. Kuna <strong>toimetuleku- ja hooldus\u00f5ppe \u00f5pilasi toetav integreeritud teenus h\u00f5lmab erinevaid komponente nagu haridus-, tugi-, rehabilitatsiooni- ja tervishoiuteenus<\/strong>, siis oleneb l\u00f5pptulemuski paljudest erinevatest asjaoludest, mida kooliti ja omavalitsuseti on p\u00fc\u00fctud isemoodi lahendada. Niisiis, otsustasime kaardistada kirjeldatud \u00f5pilaste ja nende perede vajadused ja ootused sellisele kogup\u00e4evakoolile ning kombineerida saadud teadmisi partnerkoolide parimate praktikatega. N\u00f5nda saame v\u00e4lja t\u00f6\u00f6tada integreeritud teenuse kontseptsiooni ning v\u00f5imaliku rahastusmudeli.<\/p><p>Lisaks Haridus- ja Teadusministeeriumile on meie <strong>pilootprojektile toetust avaldanud ka Sotsiaalministeerium<\/strong>. Taoliste koolide parima toimimise tagamisel ongi v\u00f5tmeroll haridus- ja sotsiaalvaldkondade \u00fchildamisel. Meil on hea meel, et nimetatud ministeeriumid suuremat tuge vajavate laste heaks \u00fcha t\u00f5husamat koost\u00f6\u00f6d teevad ja loodame, et meie pilootprojekti v\u00e4ljund annab p\u00f5hjuse seda koost\u00f6\u00f6d veelgi tugevdada.<\/p><p>K\u00fcsimuste tekkides v\u00f5i soovides pilootprojekti \u00f5nnestumisse panustada, v\u00f5tke palun meiega \u00fchendust.<\/p>","_links":{"self":[{"href":"https:\/\/www.luterlik.edu.ee\/uus\/karolini-kool\/wp-json\/wp\/v2\/pages\/25","targetHints":{"allow":["GET"]}}],"collection":[{"href":"https:\/\/www.luterlik.edu.ee\/uus\/karolini-kool\/wp-json\/wp\/v2\/pages"}],"about":[{"href":"https:\/\/www.luterlik.edu.ee\/uus\/karolini-kool\/wp-json\/wp\/v2\/types\/page"}],"author":[{"embeddable":true,"href":"https:\/\/www.luterlik.edu.ee\/uus\/karolini-kool\/wp-json\/wp\/v2\/users\/1"}],"replies":[{"embeddable":true,"href":"https:\/\/www.luterlik.edu.ee\/uus\/karolini-kool\/wp-json\/wp\/v2\/comments?post=25"}],"version-history":[{"count":1,"href":"https:\/\/www.luterlik.edu.ee\/uus\/karolini-kool\/wp-json\/wp\/v2\/pages\/25\/revisions"}],"predecessor-version":[{"id":26,"href":"https:\/\/www.luterlik.edu.ee\/uus\/karolini-kool\/wp-json\/wp\/v2\/pages\/25\/revisions\/26"}],"wp:featuredmedia":[{"embeddable":true,"href":"https:\/\/www.luterlik.edu.ee\/uus\/karolini-kool\/wp-json\/wp\/v2\/media\/11"}],"wp:attachment":[{"href":"https:\/\/www.luterlik.edu.ee\/uus\/karolini-kool\/wp-json\/wp\/v2\/media?parent=25"}],"curies":[{"name":"wp","href":"https:\/\/api.w.org\/{rel}","templated":true}]}}