{"id":18,"date":"2025-04-21T22:10:37","date_gmt":"2025-04-21T19:10:37","guid":{"rendered":"https:\/\/www.luterlik.edu.ee\/uus\/karolini-kool\/?page_id=18"},"modified":"2025-04-21T22:10:37","modified_gmt":"2025-04-21T19:10:37","slug":"tule-toole","status":"publish","type":"page","link":"https:\/\/www.luterlik.edu.ee\/uus\/karolini-kool\/tule-toole\/","title":{"rendered":"Tule t\u00f6\u00f6le"},"content":{"rendered":"<!--themify_builder_content-->\n<div id=\"themify_builder_content-18\" data-postid=\"18\" class=\"themify_builder_content themify_builder_content-18 themify_builder tf_clear\">\n                    <div  data-lazy=\"1\" class=\"module_row themify_builder_row tb_t5qs398 tb_first tf_w\">\n                        <div class=\"row_inner col_align_top tb_col_count_1 tf_box tf_rel\">\n                        <div  data-lazy=\"1\" class=\"module_column tb-column col-full tb_ft0c398 first\">\n                    <!-- module text -->\n<div  class=\"module module-text tb_omog369   \" data-lazy=\"1\">\n        <div  class=\"tb_text_wrap\">\n        <div class=\"entry-content clearfix\"><h3 class=\"wp-block-heading has-text-align-center\">Tule, ja tee t\u00f5eliselt t\u00e4hendusrikast t\u00f6\u00f6d!<\/h3><p class=\"has-normal-font-size\">Karolini koolis \u00f5pivad toimetuleku- ja hooldus\u00f5ppe lapsed, kes vajavad suuremat tuge paljudes, m\u00f5ningad ka k\u00f5ikides igap\u00e4evatoimingutes. Oleme seadnud eesm\u00e4rgiks kujundada just oma \u00f5pilastest l\u00e4htuv teenus kui ka keskkond, mis kogu p\u00e4eva jooksul nende arengut ja heaolu toetab. Vanematele avaneb seel\u00e4bi v\u00f5imalus soovi korral t\u00e4iskoormusel t\u00f6\u00f6h\u00f5ives osaleda v\u00f5i pisutki hinge t\u00f5mmata ja oma hoolduskoormust v\u00e4hendada.<\/p><div class=\"wp-block-image\"><figure class=\"aligncenter size-large is-resized\"><img loading=\"lazy\" decoding=\"async\" class=\"wp-image-7662\" src=\"https:\/\/www.luterlik.edu.ee\/wp-content\/uploads\/2023\/02\/Karolini-Kooli-toole-1-1024x1024.jpg\" sizes=\"auto, (max-width: 1024px) 100vw, 1024px\" srcset=\"https:\/\/www.luterlik.edu.ee\/wp-content\/uploads\/2023\/02\/Karolini-Kooli-toole-1-1024x1024.jpg 1024w, https:\/\/www.luterlik.edu.ee\/wp-content\/uploads\/2023\/02\/Karolini-Kooli-toole-1-300x300.jpg 300w, https:\/\/www.luterlik.edu.ee\/wp-content\/uploads\/2023\/02\/Karolini-Kooli-toole-1-1536x1536.jpg 1536w, https:\/\/www.luterlik.edu.ee\/wp-content\/uploads\/2023\/02\/Karolini-Kooli-toole-1-60x60.jpg 60w, https:\/\/www.luterlik.edu.ee\/wp-content\/uploads\/2023\/02\/Karolini-Kooli-toole-1-80x80.jpg 80w, https:\/\/www.luterlik.edu.ee\/wp-content\/uploads\/2023\/02\/Karolini-Kooli-toole-1-100x100.jpg 100w, https:\/\/www.luterlik.edu.ee\/wp-content\/uploads\/2023\/02\/Karolini-Kooli-toole-1-120x120.jpg 120w, https:\/\/www.luterlik.edu.ee\/wp-content\/uploads\/2023\/02\/Karolini-Kooli-toole-1-140x140.jpg 140w, https:\/\/www.luterlik.edu.ee\/wp-content\/uploads\/2023\/02\/Karolini-Kooli-toole-1-200x200.jpg 200w, https:\/\/www.luterlik.edu.ee\/wp-content\/uploads\/2023\/02\/Karolini-Kooli-toole-1-360x360.jpg 360w, https:\/\/www.luterlik.edu.ee\/wp-content\/uploads\/2023\/02\/Karolini-Kooli-toole-1-390x390.jpg 390w, https:\/\/www.luterlik.edu.ee\/wp-content\/uploads\/2023\/02\/Karolini-Kooli-toole-1-460x460.jpg 460w, https:\/\/www.luterlik.edu.ee\/wp-content\/uploads\/2023\/02\/Karolini-Kooli-toole-1-554x554.jpg 554w, https:\/\/www.luterlik.edu.ee\/wp-content\/uploads\/2023\/02\/Karolini-Kooli-toole-1-230x230.jpg 230w, https:\/\/www.luterlik.edu.ee\/wp-content\/uploads\/2023\/02\/Karolini-Kooli-toole-1-365x365.jpg 365w, https:\/\/www.luterlik.edu.ee\/wp-content\/uploads\/2023\/02\/Karolini-Kooli-toole-1.jpg 2025w\" alt=\"\" width=\"1024\" height=\"1024\" \/><\/figure><\/div><div class=\"wp-block-spacer\" aria-hidden=\"true\">\u00a0<\/div><p class=\"has-normal-font-size\"><strong>Alustasime \u00f5ppet\u00f6\u00f6ga 1. septembril 2022 ja pakume sulle harukordset v\u00f5imalust koos meie toimeka ja s\u00fcdamliku meeskonnaga Karolini Kooli kujunemisest osa v\u00f5tta, teenuse arendamisel kaasa r\u00e4\u00e4kida ning oma t\u00f6\u00f6keskkonda kujundada.<\/strong><\/p><p class=\"has-normal-font-size\">Edaspidi aga, ei \u00fctle me sulle, kuidas v\u00f5i milliste vahenditega peaksid oma t\u00f6\u00f6d tegema. Me usaldame sinu teadmisi, oskusi ja kogemusi. Niiet, kui oled suure s\u00fcdame ja avatud meelega ning soovid teha t\u00f5eliselt t\u00e4hendusrikast t\u00f6\u00f6d, siis ootame sinu CV-d ja motivatsioonikirja ning saame arutada, milline v\u00f5iks olla sinu panus.<\/p><p class=\"has-normal-font-size\">Eriti oodatud on:<\/p><ul class=\"wp-block-list\"><li class=\"has-medium-font-size\"><a href=\"https:\/\/www.luterlik.edu.ee\/karolini-kool\/tule-toole\/tegevustoetaja\/\"><strong>tegevustoetaja<\/strong><\/a><ul class=\"wp-block-list\"><li class=\"has-medium-font-size\">koormus 1,0<\/li><li class=\"has-medium-font-size\">t\u00f6\u00f6tunnid E-R kell 9.30-17.30<\/li><li class=\"has-medium-font-size\">palk katseajal (4 kuud) 1200\u20ac (bruto) ja p\u00e4rast katseaega 1300\u20ac (bruto)<\/li><\/ul><\/li><li class=\"has-medium-font-size\"><strong><a href=\"https:\/\/www.luterlik.edu.ee\/karolini-kool\/tule-toole\/logopeed\/\">logopeed<\/a><\/strong> (toimetuleku- ja hooldus\u00f5pe)<ul class=\"wp-block-list\"><li class=\"has-medium-font-size\">koormus 1,0<\/li><li class=\"has-medium-font-size\">palk 2268 \u20ac (bruto)<\/li><\/ul><\/li><\/ul><p class=\"has-normal-font-size\">Kui leiad enda jaoks k\u00f5nekaima ja oled veendunud, et oled selles ametis tasemel ning alati valmis juurde \u00f5ppima, kirjuta palun <a href=\"mailto:karolin@luterlik.edu.ee\">karolin@luterlik.edu.ee<\/a><\/p><\/div>    <\/div>\n<\/div>\n<!-- \/module text -->        <\/div>\n                        <\/div>\n        <\/div>\n        <\/div>\n<!--\/themify_builder_content-->","protected":false},"excerpt":{"rendered":"<p>Tule, ja tee t\u00f5eliselt t\u00e4hendusrikast t\u00f6\u00f6d!Karolini koolis \u00f5pivad toimetuleku- ja hooldus\u00f5ppe lapsed, kes vajavad suuremat tuge paljudes, m\u00f5ningad ka k\u00f5ikides igap\u00e4evatoimingutes. Oleme seadnud eesm\u00e4rgiks kujundada just oma \u00f5pilastest l\u00e4htuv teenus kui ka keskkond, mis kogu p\u00e4eva jooksul nende arengut ja heaolu toetab. Vanematele avaneb seel\u00e4bi v\u00f5imalus soovi korral t\u00e4iskoormusel t\u00f6\u00f6h\u00f5ives osaleda v\u00f5i pisutki hinge t\u00f5mmata [&hellip;]<\/p>\n","protected":false},"author":1,"featured_media":0,"parent":0,"menu_order":0,"comment_status":"closed","ping_status":"closed","template":"","meta":{"footnotes":""},"class_list":["post-18","page","type-page","status-publish","hentry","has-post-title","has-post-date","has-post-category","has-post-tag","has-post-comment","has-post-author",""],"builder_content":"<h3>Tule, ja tee t\u00f5eliselt t\u00e4hendusrikast t\u00f6\u00f6d!<\/h3><p>Karolini koolis \u00f5pivad toimetuleku- ja hooldus\u00f5ppe lapsed, kes vajavad suuremat tuge paljudes, m\u00f5ningad ka k\u00f5ikides igap\u00e4evatoimingutes. Oleme seadnud eesm\u00e4rgiks kujundada just oma \u00f5pilastest l\u00e4htuv teenus kui ka keskkond, mis kogu p\u00e4eva jooksul nende arengut ja heaolu toetab. Vanematele avaneb seel\u00e4bi v\u00f5imalus soovi korral t\u00e4iskoormusel t\u00f6\u00f6h\u00f5ives osaleda v\u00f5i pisutki hinge t\u00f5mmata ja oma hoolduskoormust v\u00e4hendada.<\/p><figure><img loading=\"lazy\" decoding=\"async\" src=\"https:\/\/www.luterlik.edu.ee\/wp-content\/uploads\/2023\/02\/Karolini-Kooli-toole-1-1024x1024.jpg\" sizes=\"auto, (max-width: 1024px) 100vw, 1024px\" srcset=\"https:\/\/www.luterlik.edu.ee\/wp-content\/uploads\/2023\/02\/Karolini-Kooli-toole-1-1024x1024.jpg 1024w, https:\/\/www.luterlik.edu.ee\/wp-content\/uploads\/2023\/02\/Karolini-Kooli-toole-1-300x300.jpg 300w, https:\/\/www.luterlik.edu.ee\/wp-content\/uploads\/2023\/02\/Karolini-Kooli-toole-1-1536x1536.jpg 1536w, https:\/\/www.luterlik.edu.ee\/wp-content\/uploads\/2023\/02\/Karolini-Kooli-toole-1-60x60.jpg 60w, https:\/\/www.luterlik.edu.ee\/wp-content\/uploads\/2023\/02\/Karolini-Kooli-toole-1-80x80.jpg 80w, https:\/\/www.luterlik.edu.ee\/wp-content\/uploads\/2023\/02\/Karolini-Kooli-toole-1-100x100.jpg 100w, https:\/\/www.luterlik.edu.ee\/wp-content\/uploads\/2023\/02\/Karolini-Kooli-toole-1-120x120.jpg 120w, https:\/\/www.luterlik.edu.ee\/wp-content\/uploads\/2023\/02\/Karolini-Kooli-toole-1-140x140.jpg 140w, https:\/\/www.luterlik.edu.ee\/wp-content\/uploads\/2023\/02\/Karolini-Kooli-toole-1-200x200.jpg 200w, https:\/\/www.luterlik.edu.ee\/wp-content\/uploads\/2023\/02\/Karolini-Kooli-toole-1-360x360.jpg 360w, https:\/\/www.luterlik.edu.ee\/wp-content\/uploads\/2023\/02\/Karolini-Kooli-toole-1-390x390.jpg 390w, https:\/\/www.luterlik.edu.ee\/wp-content\/uploads\/2023\/02\/Karolini-Kooli-toole-1-460x460.jpg 460w, https:\/\/www.luterlik.edu.ee\/wp-content\/uploads\/2023\/02\/Karolini-Kooli-toole-1-554x554.jpg 554w, https:\/\/www.luterlik.edu.ee\/wp-content\/uploads\/2023\/02\/Karolini-Kooli-toole-1-230x230.jpg 230w, https:\/\/www.luterlik.edu.ee\/wp-content\/uploads\/2023\/02\/Karolini-Kooli-toole-1-365x365.jpg 365w, https:\/\/www.luterlik.edu.ee\/wp-content\/uploads\/2023\/02\/Karolini-Kooli-toole-1.jpg 2025w\" alt=\"\" width=\"1024\" height=\"1024\" \/><\/figure>\u00a0<p><strong>Alustasime \u00f5ppet\u00f6\u00f6ga 1. septembril 2022 ja pakume sulle harukordset v\u00f5imalust koos meie toimeka ja s\u00fcdamliku meeskonnaga Karolini Kooli kujunemisest osa v\u00f5tta, teenuse arendamisel kaasa r\u00e4\u00e4kida ning oma t\u00f6\u00f6keskkonda kujundada.<\/strong><\/p><p>Edaspidi aga, ei \u00fctle me sulle, kuidas v\u00f5i milliste vahenditega peaksid oma t\u00f6\u00f6d tegema. Me usaldame sinu teadmisi, oskusi ja kogemusi. Niiet, kui oled suure s\u00fcdame ja avatud meelega ning soovid teha t\u00f5eliselt t\u00e4hendusrikast t\u00f6\u00f6d, siis ootame sinu CV-d ja motivatsioonikirja ning saame arutada, milline v\u00f5iks olla sinu panus.<\/p><p>Eriti oodatud on:<\/p><ul><li><a href=\"https:\/\/www.luterlik.edu.ee\/karolini-kool\/tule-toole\/tegevustoetaja\/\"><strong>tegevustoetaja<\/strong><\/a><ul><li>koormus 1,0<\/li><li>t\u00f6\u00f6tunnid E-R kell 9.30-17.30<\/li><li>palk katseajal (4 kuud) 1200\u20ac (bruto) ja p\u00e4rast katseaega 1300\u20ac (bruto)<\/li><\/ul><\/li><li><strong><a href=\"https:\/\/www.luterlik.edu.ee\/karolini-kool\/tule-toole\/logopeed\/\">logopeed<\/a><\/strong> (toimetuleku- ja hooldus\u00f5pe)<ul><li>koormus 1,0<\/li><li>palk 2268 \u20ac (bruto)<\/li><\/ul><\/li><\/ul><p>Kui leiad enda jaoks k\u00f5nekaima ja oled veendunud, et oled selles ametis tasemel ning alati valmis juurde \u00f5ppima, kirjuta palun <a href=\"mailto:karolin@luterlik.edu.ee\">karolin@luterlik.edu.ee<\/a><\/p>","_links":{"self":[{"href":"https:\/\/www.luterlik.edu.ee\/uus\/karolini-kool\/wp-json\/wp\/v2\/pages\/18","targetHints":{"allow":["GET"]}}],"collection":[{"href":"https:\/\/www.luterlik.edu.ee\/uus\/karolini-kool\/wp-json\/wp\/v2\/pages"}],"about":[{"href":"https:\/\/www.luterlik.edu.ee\/uus\/karolini-kool\/wp-json\/wp\/v2\/types\/page"}],"author":[{"embeddable":true,"href":"https:\/\/www.luterlik.edu.ee\/uus\/karolini-kool\/wp-json\/wp\/v2\/users\/1"}],"replies":[{"embeddable":true,"href":"https:\/\/www.luterlik.edu.ee\/uus\/karolini-kool\/wp-json\/wp\/v2\/comments?post=18"}],"version-history":[{"count":1,"href":"https:\/\/www.luterlik.edu.ee\/uus\/karolini-kool\/wp-json\/wp\/v2\/pages\/18\/revisions"}],"predecessor-version":[{"id":19,"href":"https:\/\/www.luterlik.edu.ee\/uus\/karolini-kool\/wp-json\/wp\/v2\/pages\/18\/revisions\/19"}],"wp:attachment":[{"href":"https:\/\/www.luterlik.edu.ee\/uus\/karolini-kool\/wp-json\/wp\/v2\/media?parent=18"}],"curies":[{"name":"wp","href":"https:\/\/api.w.org\/{rel}","templated":true}]}}