{"id":10,"date":"2025-04-21T22:07:50","date_gmt":"2025-04-21T19:07:50","guid":{"rendered":"https:\/\/www.luterlik.edu.ee\/uus\/karolini-kool\/?page_id=10"},"modified":"2025-04-21T22:07:51","modified_gmt":"2025-04-21T19:07:51","slug":"opilaste-vastuvott","status":"publish","type":"page","link":"https:\/\/www.luterlik.edu.ee\/uus\/karolini-kool\/opilaste-vastuvott\/","title":{"rendered":"\u00d5pilaste vastuv\u00f5tt"},"content":{"rendered":"<!--themify_builder_content-->\n<div id=\"themify_builder_content-10\" data-postid=\"10\" class=\"themify_builder_content themify_builder_content-10 themify_builder tf_clear\">\n                    <div  data-lazy=\"1\" class=\"module_row themify_builder_row tb_gi0r433 tb_first tf_w\">\n                        <div class=\"row_inner col_align_top tb_col_count_1 tf_box tf_rel\">\n                        <div  data-lazy=\"1\" class=\"module_column tb-column col-full tb_ewro433 first\">\n                    <!-- module text -->\n<div  class=\"module module-text tb_pcgv59   \" data-lazy=\"1\">\n        <div  class=\"tb_text_wrap\">\n        <div class=\"entry-content clearfix\"><h3 class=\"wp-block-heading\">\u00d5pilaste vastuv\u00f5tt<\/h3><p class=\"has-normal-font-size\">Karolini Kool alustas \u00f5ppet\u00f6\u00f6d <strong>1. septembril 2022<\/strong>. Esimesel \u00f5ppeaastal <strong>avasime kaks liitklassi<\/strong>, milles \u00f5ppis 8 last. Teisel aastal (2023\/2024. \u00f5ppeaastal) liitus meiega 11 imetoredat last. Praegu \u00f5pib Karolini Koolis toimetuleku- v\u00f5i hooldus\u00f5ppekava alusel kokku 19 last vanuses 7-15. Klassid oleme komplekteerinud v\u00f5imalusel \u00f5pilastest l\u00e4htuvalt ehk koos \u00f5pivad omavahel sobivad lapsed. Huvilistele pakume v\u00f5imalust j\u00e4\u00e4da ootenimekirja, et hakata m\u00e4rtsikuust koos meie \u00fchist teekonda minema. <strong>2024\/25 \u00f5ppeaastaks vabu \u00f5ppekohti ei ole. <\/strong><\/p><p class=\"has-normal-font-size\">Uute \u00f5pilaste peredega koost\u00f6\u00f6 algab juba varem, et laste sisseelamine v\u00f5imalikult ladusalt sujuks ning saaksime aegsasti vajalikke ettevalmistusi teha. Karolini Koolis ei toimu tavap\u00e4rases m\u00f5ttes eelkooli, kuid <strong>hea v\u00f5imalus uue kooliga harjumiseks on k\u00e4ia meie juures n\u00e4iteks <a href=\"https:\/\/www.luterlik.edu.ee\/karolini-kool\/lisateenused\/\" target=\"_blank\" rel=\"noreferrer noopener\">lisa- v\u00f5i tugiteenustel ja teraapiates<\/a> (sotsiaalse rehabilitatsiooniplaani alusel v\u00f5i ka ilma) v\u00f5i osaleda pealel\u00f5unases lastehoius<\/strong>.<\/p><div class=\"wp-block-spacer\" aria-hidden=\"true\">\u00a0<\/div><h3 class=\"wp-block-heading\">Kuidas toimida?<\/h3><p class=\"has-normal-font-size\">Karolini Kooli <strong>\u00f5ppekohad on piiratud ja \u00f5pilaste vastuv\u00f5tt toimub perevestluste alusel. <\/strong>Saame kokku, arutame v\u00f5imalusi ja saate otsust kaaluda.<\/p><p class=\"has-normal-font-size\"><strong>Huvi korral kirjutage palun <a href=\"mailto:johanna@luterlik.edu.ee\" target=\"_blank\" rel=\"noreferrer noopener\">koolijuht@luterlik.edu.ee<\/a><\/strong> ja leiame \u00fchiselt sobiva aja, et arutada teie pere vajadusi ja ootusi ning tutvustada meie v\u00f5imalusi. Kui olete seej\u00e4rel oma soovis meiega liituda kindel, siis anname n\u00f5u, kuidas edasi toimetada ja saate esitada ka vastuv\u00f5tuavalduse.<\/p><div class=\"wp-block-spacer\" aria-hidden=\"true\">\u00a0<\/div><h3 class=\"wp-block-heading\">Mida veel tasub teada?<\/h3><p class=\"has-normal-font-size\">Karolini kooli esimesse klassi \u00f5ppima asumiseks on vajalik<strong> hankida Haridus- ja Noorteameti <\/strong><a href=\"https:\/\/www.innove.ee\/rajaleidja\/koolivaline-noustamismeeskond\/\"><strong>Rajaleidja<\/strong><\/a><strong> soovitus toimetuleku- v\u00f5i hooldus\u00f5ppele.<\/strong>\u00a0Soovituse saamiseks tasub Rajaleidjaga aegsasti (koolikohustuse tekkimisele eelneval \u00f5ppeaastal) \u00fchendust v\u00f5tta ning esitada j\u00e4rgmised kehtivad dokumendid:<\/p><p class=\"has-normal-font-size\">* T\u00e4idetud <a href=\"https:\/\/rajaleidja.edu.ee\/wp-content\/uploads\/2019\/01\/KVM-taotlus-HNA-3.docx\">taotlus<\/a> Rajaleidja kooliv\u00e4lisele n\u00f5ustamismeeskonnale.<br \/>* Koolivalmiduskaart lasteaiast, milles laps \u00f5pib. Koduse lapse puhul v\u00f5ib anda hinnangu tema koolivalmidusele kohalik lasteaed v\u00f5i Rajaleidja keskus, Tartus lisaks ka Hariduse Tugiteenuste Keskus.<br \/>* <a href=\"https:\/\/sotsiaalkindlustusamet.ee\/et\/puue-ja-hoolekanne\/puude-tuvastamine#Lapse%20puude%20tuvastamine\">Puudeotsus<\/a> ja\/v\u00f5i<a href=\"https:\/\/sotsiaalkindlustusamet.ee\/et\/puue-ja-hoolekanne\/sotsiaalne-rehabilitatsioon\"> rehabilitatsiooniplaan<\/a> (olemasolu korral).<br \/>* Raviarsti hinnang \u2013 diagnoosid ja hinnang intellektipuude kohta. Hinnangu annab see arst, kes saab lapse p\u00f5hiprobleemi k\u00f5ige t\u00e4psemini kirjeldada ja\/v\u00f5i diagnoosida, nt neuroloog, ps\u00fchhiaater, taastusarst v\u00f5i meelepuude korral silma-, k\u00f5rvaarst. <br \/>Kuna intellektipuue on ajas muutumatu diagnoos, siis sobib lapse terviseandmetest v\u00f5i digiloost ka varasem eriarsti hinnang, kus see v\u00e4lja on toodud ja eraldi ps\u00fchhiaatri vastuv\u00f5tule ei ole uuesti tarvis minna.<br \/>M\u00f5nedel juhtudel p\u00e4deb ka perearsti hinnang, kui lapsel ei ole keerulisemaid terviseprobleeme ja on vajalik hinnata \u00fcldseisundit v\u00f5i on lapsel tervise olukord, mis on ajas muutumatu ja perearst seda kinnitab.<\/p><p class=\"has-normal-font-size\">Digiallkirjastatud dokumendikonteiner eelnevalt loetletud dokumentidega tuleb esitada <a href=\"mailto:rajaleidja@harno.ee\">rajaleidja@harno.ee<\/a>. Edasi v\u00f5tab teiega \u00fchendust Rajaleidja juhtumi haldaja, kes lepib kokku edasised tegevused.<\/p><p class=\"has-normal-font-size\">Rajaleidja soovitusega seotud k\u00fcsimuste korral v\u00f5ib esmase n\u00f5u saamiseks p\u00f6\u00f6rduda infotelefonil 7350700 (E-N 9-17, R 9-15) v\u00f5i broneerides n\u00f5ustamisaja <a href=\"https:\/\/khs.innove.ee\/public_service\/public_booking_request\">veebip\u00f5hises broneerimiss\u00fcsteemis<\/a>.<\/p><p class=\"has-normal-font-size\"><strong>Kui teie laps \u00f5pib juba m\u00f5nes koolis<\/strong> ja tal on Rajaleidja poolt antud toimetuleku- v\u00f5i hooldus\u00f5ppe soovitus, kuid kaalute \u00f5ppeasutuse vahetamist, siis <strong>v\u00f5tke palun meiega \u00fchendust<\/strong>.\u00a0Rajaleidja soovitust uuesti hankida ei ole sel juhul tarvis.<\/p><div class=\"wp-block-spacer\" aria-hidden=\"true\">\u00a0<\/div><h3 class=\"wp-block-heading\">\u00d5ppemaksust<\/h3><p class=\"has-normal-font-size\">\u00d5ppemaksu suurus kalendrikuus on\u00a0<strong>25% riiklikult kehtestatud t\u00f6\u00f6tasu alamm\u00e4\u00e4rast<\/strong>.<\/p><p class=\"has-normal-font-size\">L\u00e4htuvalt pere majanduslikust olukorrast tingitud taotlusest v\u00e4hendab kool \u00f5ppemaksu, ajatab selle tasumist v\u00f5i vabastab \u00f5pilase \u00f5ppemaksust. \u00d5ppemaksult (kui koolituskulult) saavad vanemad tulumaksutagastuse.<\/p><p class=\"has-normal-font-size\">Erakooliseaduse (\u00a7 22<sup>3\u00a0<\/sup>(7)) kohaselt on \u00f5ppemaks \u00f5pilaselt v\u00f5i tema vanemalt n\u00f5utav mistahes tasu \u00f5pilase era\u00fcldhariduskooli vastuv\u00f5tmise v\u00f5i \u00f5ppekava t\u00e4itmise, sealhulgas \u00f5pikeskkonna loomise eest. \u00d5ppemaks katab seega k\u00f5ik \u00f5ppet\u00f6\u00f6ga seotud kulud \u00f5ppevahendite (nt kunstitarbed) ja -materjalide (nt \u00f5pikud, t\u00f6\u00f6raamatud, tahvelarvutid) ning \u00f5ppek\u00e4ikude (sh transporditeenus, piletid) osas, vajadusel ka inventari (nt suusad, uisud) rendi. Kool kasutab \u00f5ppemaksu tulusid ka \u00f5petajate ja tugispetsialistide tasustamiseks.<\/p><div class=\"wp-block-spacer\" aria-hidden=\"true\">\u00a0<\/div><p class=\"has-normal-font-size\"><strong>T\u00e4iendava teabe saamiseks kirjutage palun<\/strong><\/p><p class=\"has-normal-font-size\"><a href=\"mailto:johanna.sild@luterlik.edu.ee\" target=\"_blank\" rel=\"noreferrer noopener\">johanna.sild@luterlik.edu.ee<\/a><\/p><p class=\"has-normal-font-size\">Johanna Sild, Karolini Kooli \u00f5ppesuunajuht<\/p><\/div>    <\/div>\n<\/div>\n<!-- \/module text -->        <\/div>\n                        <\/div>\n        <\/div>\n        <\/div>\n<!--\/themify_builder_content-->","protected":false},"excerpt":{"rendered":"<p>\u00d5pilaste vastuv\u00f5ttKarolini Kool alustas \u00f5ppet\u00f6\u00f6d 1. septembril 2022. Esimesel \u00f5ppeaastal avasime kaks liitklassi, milles \u00f5ppis 8 last. Teisel aastal (2023\/2024. \u00f5ppeaastal) liitus meiega 11 imetoredat last. Praegu \u00f5pib Karolini Koolis toimetuleku- v\u00f5i hooldus\u00f5ppekava alusel kokku 19 last vanuses 7-15. Klassid oleme komplekteerinud v\u00f5imalusel \u00f5pilastest l\u00e4htuvalt ehk koos \u00f5pivad omavahel sobivad lapsed. Huvilistele pakume v\u00f5imalust j\u00e4\u00e4da [&hellip;]<\/p>\n","protected":false},"author":1,"featured_media":11,"parent":0,"menu_order":0,"comment_status":"closed","ping_status":"closed","template":"","meta":{"footnotes":""},"class_list":["post-10","page","type-page","status-publish","has-post-thumbnail","hentry","has-post-title","has-post-date","has-post-category","has-post-tag","has-post-comment","has-post-author",""],"builder_content":"<h3>\u00d5pilaste vastuv\u00f5tt<\/h3><p>Karolini Kool alustas \u00f5ppet\u00f6\u00f6d <strong>1. septembril 2022<\/strong>. Esimesel \u00f5ppeaastal <strong>avasime kaks liitklassi<\/strong>, milles \u00f5ppis 8 last. Teisel aastal (2023\/2024. \u00f5ppeaastal) liitus meiega 11 imetoredat last. Praegu \u00f5pib Karolini Koolis toimetuleku- v\u00f5i hooldus\u00f5ppekava alusel kokku 19 last vanuses 7-15. Klassid oleme komplekteerinud v\u00f5imalusel \u00f5pilastest l\u00e4htuvalt ehk koos \u00f5pivad omavahel sobivad lapsed. Huvilistele pakume v\u00f5imalust j\u00e4\u00e4da ootenimekirja, et hakata m\u00e4rtsikuust koos meie \u00fchist teekonda minema. <strong>2024\/25 \u00f5ppeaastaks vabu \u00f5ppekohti ei ole. <\/strong><\/p><p>Uute \u00f5pilaste peredega koost\u00f6\u00f6 algab juba varem, et laste sisseelamine v\u00f5imalikult ladusalt sujuks ning saaksime aegsasti vajalikke ettevalmistusi teha. Karolini Koolis ei toimu tavap\u00e4rases m\u00f5ttes eelkooli, kuid <strong>hea v\u00f5imalus uue kooliga harjumiseks on k\u00e4ia meie juures n\u00e4iteks <a href=\"https:\/\/www.luterlik.edu.ee\/karolini-kool\/lisateenused\/\" target=\"_blank\" rel=\"noreferrer noopener\">lisa- v\u00f5i tugiteenustel ja teraapiates<\/a> (sotsiaalse rehabilitatsiooniplaani alusel v\u00f5i ka ilma) v\u00f5i osaleda pealel\u00f5unases lastehoius<\/strong>.<\/p>\u00a0<h3>Kuidas toimida?<\/h3><p>Karolini Kooli <strong>\u00f5ppekohad on piiratud ja \u00f5pilaste vastuv\u00f5tt toimub perevestluste alusel. <\/strong>Saame kokku, arutame v\u00f5imalusi ja saate otsust kaaluda.<\/p><p><strong>Huvi korral kirjutage palun <a href=\"mailto:johanna@luterlik.edu.ee\" target=\"_blank\" rel=\"noreferrer noopener\">koolijuht@luterlik.edu.ee<\/a><\/strong> ja leiame \u00fchiselt sobiva aja, et arutada teie pere vajadusi ja ootusi ning tutvustada meie v\u00f5imalusi. Kui olete seej\u00e4rel oma soovis meiega liituda kindel, siis anname n\u00f5u, kuidas edasi toimetada ja saate esitada ka vastuv\u00f5tuavalduse.<\/p>\u00a0<h3>Mida veel tasub teada?<\/h3><p>Karolini kooli esimesse klassi \u00f5ppima asumiseks on vajalik<strong> hankida Haridus- ja Noorteameti <\/strong><a href=\"https:\/\/www.innove.ee\/rajaleidja\/koolivaline-noustamismeeskond\/\"><strong>Rajaleidja<\/strong><\/a><strong> soovitus toimetuleku- v\u00f5i hooldus\u00f5ppele.<\/strong>\u00a0Soovituse saamiseks tasub Rajaleidjaga aegsasti (koolikohustuse tekkimisele eelneval \u00f5ppeaastal) \u00fchendust v\u00f5tta ning esitada j\u00e4rgmised kehtivad dokumendid:<\/p><p>* T\u00e4idetud <a href=\"https:\/\/rajaleidja.edu.ee\/wp-content\/uploads\/2019\/01\/KVM-taotlus-HNA-3.docx\">taotlus<\/a> Rajaleidja kooliv\u00e4lisele n\u00f5ustamismeeskonnale.<br \/>* Koolivalmiduskaart lasteaiast, milles laps \u00f5pib. Koduse lapse puhul v\u00f5ib anda hinnangu tema koolivalmidusele kohalik lasteaed v\u00f5i Rajaleidja keskus, Tartus lisaks ka Hariduse Tugiteenuste Keskus.<br \/>* <a href=\"https:\/\/sotsiaalkindlustusamet.ee\/et\/puue-ja-hoolekanne\/puude-tuvastamine#Lapse%20puude%20tuvastamine\">Puudeotsus<\/a> ja\/v\u00f5i<a href=\"https:\/\/sotsiaalkindlustusamet.ee\/et\/puue-ja-hoolekanne\/sotsiaalne-rehabilitatsioon\"> rehabilitatsiooniplaan<\/a> (olemasolu korral).<br \/>* Raviarsti hinnang \u2013 diagnoosid ja hinnang intellektipuude kohta. Hinnangu annab see arst, kes saab lapse p\u00f5hiprobleemi k\u00f5ige t\u00e4psemini kirjeldada ja\/v\u00f5i diagnoosida, nt neuroloog, ps\u00fchhiaater, taastusarst v\u00f5i meelepuude korral silma-, k\u00f5rvaarst. <br \/>Kuna intellektipuue on ajas muutumatu diagnoos, siis sobib lapse terviseandmetest v\u00f5i digiloost ka varasem eriarsti hinnang, kus see v\u00e4lja on toodud ja eraldi ps\u00fchhiaatri vastuv\u00f5tule ei ole uuesti tarvis minna.<br \/>M\u00f5nedel juhtudel p\u00e4deb ka perearsti hinnang, kui lapsel ei ole keerulisemaid terviseprobleeme ja on vajalik hinnata \u00fcldseisundit v\u00f5i on lapsel tervise olukord, mis on ajas muutumatu ja perearst seda kinnitab.<\/p><p>Digiallkirjastatud dokumendikonteiner eelnevalt loetletud dokumentidega tuleb esitada <a href=\"mailto:rajaleidja@harno.ee\">rajaleidja@harno.ee<\/a>. Edasi v\u00f5tab teiega \u00fchendust Rajaleidja juhtumi haldaja, kes lepib kokku edasised tegevused.<\/p><p>Rajaleidja soovitusega seotud k\u00fcsimuste korral v\u00f5ib esmase n\u00f5u saamiseks p\u00f6\u00f6rduda infotelefonil 7350700 (E-N 9-17, R 9-15) v\u00f5i broneerides n\u00f5ustamisaja <a href=\"https:\/\/khs.innove.ee\/public_service\/public_booking_request\">veebip\u00f5hises broneerimiss\u00fcsteemis<\/a>.<\/p><p><strong>Kui teie laps \u00f5pib juba m\u00f5nes koolis<\/strong> ja tal on Rajaleidja poolt antud toimetuleku- v\u00f5i hooldus\u00f5ppe soovitus, kuid kaalute \u00f5ppeasutuse vahetamist, siis <strong>v\u00f5tke palun meiega \u00fchendust<\/strong>.\u00a0Rajaleidja soovitust uuesti hankida ei ole sel juhul tarvis.<\/p>\u00a0<h3>\u00d5ppemaksust<\/h3><p>\u00d5ppemaksu suurus kalendrikuus on\u00a0<strong>25% riiklikult kehtestatud t\u00f6\u00f6tasu alamm\u00e4\u00e4rast<\/strong>.<\/p><p>L\u00e4htuvalt pere majanduslikust olukorrast tingitud taotlusest v\u00e4hendab kool \u00f5ppemaksu, ajatab selle tasumist v\u00f5i vabastab \u00f5pilase \u00f5ppemaksust. \u00d5ppemaksult (kui koolituskulult) saavad vanemad tulumaksutagastuse.<\/p><p>Erakooliseaduse (\u00a7 22<sup>3\u00a0<\/sup>(7)) kohaselt on \u00f5ppemaks \u00f5pilaselt v\u00f5i tema vanemalt n\u00f5utav mistahes tasu \u00f5pilase era\u00fcldhariduskooli vastuv\u00f5tmise v\u00f5i \u00f5ppekava t\u00e4itmise, sealhulgas \u00f5pikeskkonna loomise eest. \u00d5ppemaks katab seega k\u00f5ik \u00f5ppet\u00f6\u00f6ga seotud kulud \u00f5ppevahendite (nt kunstitarbed) ja -materjalide (nt \u00f5pikud, t\u00f6\u00f6raamatud, tahvelarvutid) ning \u00f5ppek\u00e4ikude (sh transporditeenus, piletid) osas, vajadusel ka inventari (nt suusad, uisud) rendi. Kool kasutab \u00f5ppemaksu tulusid ka \u00f5petajate ja tugispetsialistide tasustamiseks.<\/p>\u00a0<p><strong>T\u00e4iendava teabe saamiseks kirjutage palun<\/strong><\/p><p><a href=\"mailto:johanna.sild@luterlik.edu.ee\" target=\"_blank\" rel=\"noreferrer noopener\">johanna.sild@luterlik.edu.ee<\/a><\/p><p>Johanna Sild, Karolini Kooli \u00f5ppesuunajuht<\/p>","_links":{"self":[{"href":"https:\/\/www.luterlik.edu.ee\/uus\/karolini-kool\/wp-json\/wp\/v2\/pages\/10","targetHints":{"allow":["GET"]}}],"collection":[{"href":"https:\/\/www.luterlik.edu.ee\/uus\/karolini-kool\/wp-json\/wp\/v2\/pages"}],"about":[{"href":"https:\/\/www.luterlik.edu.ee\/uus\/karolini-kool\/wp-json\/wp\/v2\/types\/page"}],"author":[{"embeddable":true,"href":"https:\/\/www.luterlik.edu.ee\/uus\/karolini-kool\/wp-json\/wp\/v2\/users\/1"}],"replies":[{"embeddable":true,"href":"https:\/\/www.luterlik.edu.ee\/uus\/karolini-kool\/wp-json\/wp\/v2\/comments?post=10"}],"version-history":[{"count":1,"href":"https:\/\/www.luterlik.edu.ee\/uus\/karolini-kool\/wp-json\/wp\/v2\/pages\/10\/revisions"}],"predecessor-version":[{"id":12,"href":"https:\/\/www.luterlik.edu.ee\/uus\/karolini-kool\/wp-json\/wp\/v2\/pages\/10\/revisions\/12"}],"wp:featuredmedia":[{"embeddable":true,"href":"https:\/\/www.luterlik.edu.ee\/uus\/karolini-kool\/wp-json\/wp\/v2\/media\/11"}],"wp:attachment":[{"href":"https:\/\/www.luterlik.edu.ee\/uus\/karolini-kool\/wp-json\/wp\/v2\/media?parent=10"}],"curies":[{"name":"wp","href":"https:\/\/api.w.org\/{rel}","templated":true}]}}