{"id":23,"date":"2025-04-21T23:33:57","date_gmt":"2025-04-21T20:33:57","guid":{"rendered":"https:\/\/www.luterlik.edu.ee\/uus\/huvikool\/?page_id=23"},"modified":"2025-04-21T23:33:57","modified_gmt":"2025-04-21T20:33:57","slug":"huviringide-tunniplaan-2024-2025","status":"publish","type":"page","link":"https:\/\/www.luterlik.edu.ee\/uus\/huvikool\/huviringide-tunniplaan-2024-2025\/","title":{"rendered":"HUVIRINGIDE TUNNIPLAAN 2024\/2025"},"content":{"rendered":"<!--themify_builder_content-->\n<div id=\"themify_builder_content-23\" data-postid=\"23\" class=\"themify_builder_content themify_builder_content-23 themify_builder tf_clear\">\n                    <div  data-lazy=\"1\" class=\"module_row themify_builder_row tb_at08261 tb_first tf_w\">\n                        <div class=\"row_inner col_align_top tb_col_count_1 tf_box tf_rel\">\n                        <div  data-lazy=\"1\" class=\"module_column tb-column col-full tb_kjqo261 first\">\n                    <!-- module text -->\n<div  class=\"module module-text tb_15q8423   \" data-lazy=\"1\">\n        <div  class=\"tb_text_wrap\">\n        <p class=\"has-black-color has-text-color has-link-color wp-elements-f53af3b0fb3b05603c5f2815da9a20ca\">Registreerimine huviringidesse ARNO keskkonnas on avatud!<br \/>Loe registreerimise kohta <a href=\"https:\/\/www.luterlik.edu.ee\/huvikool\/registreerimine\/\">SIIT<\/a>.<br \/><br \/><strong><mark class=\"has-inline-color has-vivid-red-color\">V\u00e4rskeima info leiad alati tunniplaanist!<\/mark> <\/strong><br \/>Kohtade arv ringides on piiratud \u2013 kes ees, see sees!<br \/><mark class=\"has-inline-color has-vivid-red-color\"><strong>\u00d5ppet\u00f6\u00f6 kestab 2. septembrist 30. maini \u2013 \u00f5ppet\u00f6\u00f6d ei toimu koolivaheaegadel!<\/strong> <\/mark><\/p><p>\u00a0<\/p><p>\u00a0<\/p><p class=\"has-black-color has-text-color has-link-color wp-elements-9ac00cf961d1ea846fe5a532228b76c6\">\u00a0<\/p><p><strong>ESMASP\u00c4EV<\/strong><\/p><div class=\"wp-block-group\"><div class=\"wp-block-group__inner-container is-layout-constrained wp-block-group-is-layout-constrained\"><figure class=\"wp-block-table\"><table><tbody><tr><td><strong>KELLAAEG<\/strong><\/td><td><strong>HUVIRING<\/strong><\/td><td><strong>SIHTGRUPP<\/strong><\/td><td><strong>RUUM<\/strong><\/td><td><strong>JUHENDAJA<\/strong><\/td><td><strong>KUUTASU<\/strong><\/td><\/tr><tr><td>13.30-14.30<\/td><td>INGLISE KEEL<\/td><td>1.-3. klass<\/td><td>316<\/td><td>Margit Metsla-Rebane<\/td><td>25<\/td><\/tr><tr><td>13.30-14.30<\/td><td><a href=\"https:\/\/www.luterlik.edu.ee\/wp-content\/uploads\/2024\/07\/tehnika_tegevuskava.pdf\" target=\"_blank\" rel=\"noreferrer noopener\">TEADUS- JA TEHNIKARING<\/a><\/td><td>1.-5. klass<\/td><td>103<\/td><td>Alex Savolainen, Jasper Laur<\/td><td>30<\/td><\/tr><tr><td>15.00-16.30<\/td><td><a href=\"https:\/\/www.luterlik.edu.ee\/wp-content\/uploads\/2024\/07\/Keraamika_meistriklass_tegevusplaan.pdf\" target=\"_blank\" rel=\"noreferrer noopener\">KERAAMIKA<\/a><\/td><td>j\u00e4tkukursus<\/td><td>104<\/td><td>Airi Gailit<\/td><td>30<\/td><\/tr><tr><td>15.00-16.30<\/td><td><a href=\"https:\/\/www.luterlik.edu.ee\/wp-content\/uploads\/2024\/07\/loovkirjutamisringi-tegevuskava-2024_2025.pdf\" target=\"_blank\" rel=\"noreferrer noopener\">LOOVKIRJUTAMINE<\/a><\/td><td>6.-9. klass<\/td><td>103<\/td><td>Kristina Veidenbaum<\/td><td>30<\/td><\/tr><\/tbody><\/table><\/figure><p><strong>TEISIP\u00c4EV<\/strong><\/p><figure class=\"wp-block-table\"><table><tbody><tr><td><strong>KELLAAEG<\/strong><\/td><td><strong>HUVIRING<\/strong><\/td><td><strong>SIHTGRUPP<\/strong><\/td><td><strong>RUUM<\/strong><\/td><td><strong>JUHENDAJA<\/strong><\/td><td><strong>KUUTASU<\/strong><\/td><\/tr><tr><td>13.40-14.25<\/td><td><a href=\"https:\/\/www.luterlik.edu.ee\/wp-content\/uploads\/2020\/08\/riigikaitse-1.pdf\">RIIGIKAITSE<\/a><\/td><td>1.-4. klass<\/td><td>402<\/td><td>Aare N\u00f5mm<\/td><td>5<\/td><\/tr><tr><td>14.15-15.00<\/td><td>SOENGURING<\/td><td>k\u00f5ik soovijad<\/td><td>103<\/td><td>Johanna Sild<\/td><td>20<\/td><\/tr><tr><td>14.15-15.45<\/td><td><a href=\"https:\/\/www.luterlik.edu.ee\/wp-content\/uploads\/2024\/07\/poistekoor_tegevuskava.pdf\">POISTEKOOR<\/a><\/td><td>3.-9. klass<\/td><td>Saal<\/td><td>Kristina Sildos<\/td><td>tasuta<\/td><\/tr><tr><td>15.00-16.30<\/td><td><a href=\"https:\/\/www.luterlik.edu.ee\/wp-content\/uploads\/2024\/07\/Keraamika_jatkajad_tegevusplaan.pdf\" target=\"_blank\" rel=\"noreferrer noopener\">KERAAMIKA<\/a><\/td><td>j\u00e4tkukursus<\/td><td>104<\/td><td>Airi Gailit<\/td><td>30<\/td><\/tr><tr><td>15.00-15.45<\/td><td>KITARR<\/td><td>alustajad<\/td><td>Algklasside eesruum<\/td><td>Taavi Jaadla<\/td><td>30<\/td><\/tr><tr><td>15.45-16.30<\/td><td>UKULELE<\/td><td>k\u00f5ik soovijad<\/td><td>Algklasside eesruum<\/td><td>Taavi Jaadla<\/td><td>30<\/td><\/tr><tr><td>16.30-17.15<\/td><td>KITARR<\/td><td>j\u00e4tkajad<\/td><td>Algklasside eesruum<\/td><td>Taavi Jaadla<\/td><td>30<\/td><\/tr><\/tbody><\/table><\/figure><p><strong>KOLMAP\u00c4EV<\/strong><\/p><figure class=\"wp-block-table\"><table><tbody><tr><td><strong>KELLAAEG<\/strong><\/td><td><strong>HUVIRING<\/strong><\/td><td><strong>SIHTGRUPP<\/strong><\/td><td><strong>RUUM<\/strong><\/td><td><strong>JUHENDAJA<\/strong><\/td><td><strong>KUUTASU<\/strong><\/td><\/tr><tr><td>12.40-13.25<\/td><td><a href=\"https:\/\/www.luterlik.edu.ee\/wp-content\/uploads\/2024\/07\/Keraamika_algajad_tegevusplaan.pdf\">KERAAMIKA<\/a><\/td><td>alustajad<\/td><td>104<\/td><td>Airi Gailit<\/td><td>25<\/td><\/tr><tr><td>12.40-13.40<\/td><td>ROBOOTIKA<\/td><td>Noorem grupp<\/td><td>Koosolekute ruum<\/td><td>Karmen Freienthal<\/td><td>30<\/td><\/tr><tr><td>13.30-15.00<\/td><td><a href=\"https:\/\/www.luterlik.edu.ee\/wp-content\/uploads\/2024\/07\/rahvatantsuring_tegevuskava.pdf\" target=\"_blank\" rel=\"noreferrer noopener\">RAHVATANTS<\/a><\/td><td>2.-6. klass<\/td><td>Saal<\/td><td>Margit Metsla-Rebane<\/td><td>tasuta<\/td><\/tr><tr><td>13.30-15.00<\/td><td><a href=\"https:\/\/www.luterlik.edu.ee\/wp-content\/uploads\/2024\/07\/lastekoor_tegevuskava.pdf\">LASTEKOOR<\/a><\/td><td>5.-9. klass<\/td><td>316<\/td><td>Kristina Sildos<\/td><td>tasuta<\/td><\/tr><tr><td>13.30-14.30<\/td><td><a href=\"https:\/\/www.luterlik.edu.ee\/wp-content\/uploads\/2024\/07\/draama_tegevuskava.pdf\">DRAAMARING<\/a><\/td><td>1.-3. klass<\/td><td>Algklasside eesruum<\/td><td>Kadri K\u00e4\u00e4rde<\/td><td>25<\/td><\/tr><tr><td>13.45-15.00<\/td><td>ROBOOTIKA<\/td><td>Vanem grupp<\/td><td>Koosolekute ruum<\/td><td>Karmen Freienthal<\/td><td>30<\/td><\/tr><tr><td>15.00-16.00<\/td><td><a href=\"https:\/\/www.luterlik.edu.ee\/wp-content\/uploads\/2024\/07\/draama_tegevuskava.pdf\">DRAAMARING<\/a><\/td><td>4.-9. klass<\/td><td>Saal<\/td><td>Kadri K\u00e4\u00e4rde<\/td><td>30<\/td><\/tr><\/tbody><\/table><\/figure><p><strong>NELJAP\u00c4EV<\/strong><\/p><figure class=\"wp-block-table\"><table><tbody><tr><td><strong>KELLAAEG<\/strong><\/td><td><strong>HUVIRING<\/strong><\/td><td><strong>SIHTGRUPP<\/strong><\/td><td><strong>RUUM<\/strong><\/td><td><strong>JUHENDAJA<\/strong><\/td><td><strong>KUUTASU<\/strong><\/td><\/tr><tr><td>13.30-15.00<\/td><td><a href=\"https:\/\/www.luterlik.edu.ee\/wp-content\/uploads\/2024\/07\/mudilaskoor_tegevusplaan-1.pdf\">MUDILASKOOR<\/a><\/td><td>1.-4. klass<\/td><td>Saal<\/td><td>Kristina Sildos<\/td><td>tasuta<\/td><\/tr><\/tbody><\/table><\/figure><p>K\u00f5ikidele, kes Tartu (v\u00f5i muu elukoha KOVi) portaalis Spoku kinnitavad <strong>huviringis osalemise 1. v\u00f5i 2. eelistusena hiljemalt \u00f5ppeaasta 1. novembriks<\/strong>, kehtib soodustus 20%. Septembri- ja oktoobrikuu arvete osas tehakse vajadusel tasaarveldus novembrikuu arvel. T\u00e4psem info saadetakse eelnevalt esindaja meilile.<\/p><\/div><\/div>    <\/div>\n<\/div>\n<!-- \/module text -->        <\/div>\n                        <\/div>\n        <\/div>\n        <\/div>\n<!--\/themify_builder_content-->","protected":false},"excerpt":{"rendered":"<p>Registreerimine huviringidesse ARNO keskkonnas on avatud!Loe registreerimise kohta SIIT.V\u00e4rskeima info leiad alati tunniplaanist! Kohtade arv ringides on piiratud \u2013 kes ees, see sees!\u00d5ppet\u00f6\u00f6 kestab 2. septembrist 30. maini \u2013 \u00f5ppet\u00f6\u00f6d ei toimu koolivaheaegadel! \u00a0\u00a0\u00a0ESMASP\u00c4EVKELLAAEGHUVIRINGSIHTGRUPPRUUMJUHENDAJAKUUTASU13.30-14.30INGLISE KEEL1.-3. klass316Margit Metsla-Rebane2513.30-14.30TEADUS- JA TEHNIKARING1.-5. klass103Alex Savolainen, Jasper Laur3015.00-16.30KERAAMIKAj\u00e4tkukursus104Airi Gailit3015.00-16.30LOOVKIRJUTAMINE6.-9. klass103Kristina Veidenbaum30TEISIP\u00c4EVKELLAAEGHUVIRINGSIHTGRUPPRUUMJUHENDAJAKUUTASU13.40-14.25RIIGIKAITSE1.-4. klass402Aare N\u00f5mm514.15-15.00SOENGURINGk\u00f5ik soovijad103Johanna Sild2014.15-15.45POISTEKOOR3.-9. klassSaalKristina Sildostasuta15.00-16.30KERAAMIKAj\u00e4tkukursus104Airi Gailit3015.00-15.45KITARRalustajadAlgklasside eesruumTaavi Jaadla3015.45-16.30UKULELEk\u00f5ik [&hellip;]<\/p>\n","protected":false},"author":1,"featured_media":14,"parent":0,"menu_order":0,"comment_status":"closed","ping_status":"closed","template":"","meta":{"footnotes":""},"class_list":["post-23","page","type-page","status-publish","has-post-thumbnail","hentry","has-post-title","has-post-date","has-post-category","has-post-tag","has-post-comment","has-post-author",""],"builder_content":"<p>Registreerimine huviringidesse ARNO keskkonnas on avatud!<br \/>Loe registreerimise kohta <a href=\"https:\/\/www.luterlik.edu.ee\/huvikool\/registreerimine\/\">SIIT<\/a>.<br \/><br \/><strong><mark>V\u00e4rskeima info leiad alati tunniplaanist!<\/mark> <\/strong><br \/>Kohtade arv ringides on piiratud \u2013 kes ees, see sees!<br \/><mark><strong>\u00d5ppet\u00f6\u00f6 kestab 2. septembrist 30. maini \u2013 \u00f5ppet\u00f6\u00f6d ei toimu koolivaheaegadel!<\/strong> <\/mark><\/p><p>\u00a0<\/p><p>\u00a0<\/p><p>\u00a0<\/p><p><strong>ESMASP\u00c4EV<\/strong><\/p><figure><table><tbody><tr><td><strong>KELLAAEG<\/strong><\/td><td><strong>HUVIRING<\/strong><\/td><td><strong>SIHTGRUPP<\/strong><\/td><td><strong>RUUM<\/strong><\/td><td><strong>JUHENDAJA<\/strong><\/td><td><strong>KUUTASU<\/strong><\/td><\/tr><tr><td>13.30-14.30<\/td><td>INGLISE KEEL<\/td><td>1.-3. klass<\/td><td>316<\/td><td>Margit Metsla-Rebane<\/td><td>25<\/td><\/tr><tr><td>13.30-14.30<\/td><td><a href=\"https:\/\/www.luterlik.edu.ee\/wp-content\/uploads\/2024\/07\/tehnika_tegevuskava.pdf\" target=\"_blank\" rel=\"noreferrer noopener\">TEADUS- JA TEHNIKARING<\/a><\/td><td>1.-5. klass<\/td><td>103<\/td><td>Alex Savolainen, Jasper Laur<\/td><td>30<\/td><\/tr><tr><td>15.00-16.30<\/td><td><a href=\"https:\/\/www.luterlik.edu.ee\/wp-content\/uploads\/2024\/07\/Keraamika_meistriklass_tegevusplaan.pdf\" target=\"_blank\" rel=\"noreferrer noopener\">KERAAMIKA<\/a><\/td><td>j\u00e4tkukursus<\/td><td>104<\/td><td>Airi Gailit<\/td><td>30<\/td><\/tr><tr><td>15.00-16.30<\/td><td><a href=\"https:\/\/www.luterlik.edu.ee\/wp-content\/uploads\/2024\/07\/loovkirjutamisringi-tegevuskava-2024_2025.pdf\" target=\"_blank\" rel=\"noreferrer noopener\">LOOVKIRJUTAMINE<\/a><\/td><td>6.-9. klass<\/td><td>103<\/td><td>Kristina Veidenbaum<\/td><td>30<\/td><\/tr><\/tbody><\/table><\/figure><p><strong>TEISIP\u00c4EV<\/strong><\/p><figure><table><tbody><tr><td><strong>KELLAAEG<\/strong><\/td><td><strong>HUVIRING<\/strong><\/td><td><strong>SIHTGRUPP<\/strong><\/td><td><strong>RUUM<\/strong><\/td><td><strong>JUHENDAJA<\/strong><\/td><td><strong>KUUTASU<\/strong><\/td><\/tr><tr><td>13.40-14.25<\/td><td><a href=\"https:\/\/www.luterlik.edu.ee\/wp-content\/uploads\/2020\/08\/riigikaitse-1.pdf\">RIIGIKAITSE<\/a><\/td><td>1.-4. klass<\/td><td>402<\/td><td>Aare N\u00f5mm<\/td><td>5<\/td><\/tr><tr><td>14.15-15.00<\/td><td>SOENGURING<\/td><td>k\u00f5ik soovijad<\/td><td>103<\/td><td>Johanna Sild<\/td><td>20<\/td><\/tr><tr><td>14.15-15.45<\/td><td><a href=\"https:\/\/www.luterlik.edu.ee\/wp-content\/uploads\/2024\/07\/poistekoor_tegevuskava.pdf\">POISTEKOOR<\/a><\/td><td>3.-9. klass<\/td><td>Saal<\/td><td>Kristina Sildos<\/td><td>tasuta<\/td><\/tr><tr><td>15.00-16.30<\/td><td><a href=\"https:\/\/www.luterlik.edu.ee\/wp-content\/uploads\/2024\/07\/Keraamika_jatkajad_tegevusplaan.pdf\" target=\"_blank\" rel=\"noreferrer noopener\">KERAAMIKA<\/a><\/td><td>j\u00e4tkukursus<\/td><td>104<\/td><td>Airi Gailit<\/td><td>30<\/td><\/tr><tr><td>15.00-15.45<\/td><td>KITARR<\/td><td>alustajad<\/td><td>Algklasside eesruum<\/td><td>Taavi Jaadla<\/td><td>30<\/td><\/tr><tr><td>15.45-16.30<\/td><td>UKULELE<\/td><td>k\u00f5ik soovijad<\/td><td>Algklasside eesruum<\/td><td>Taavi Jaadla<\/td><td>30<\/td><\/tr><tr><td>16.30-17.15<\/td><td>KITARR<\/td><td>j\u00e4tkajad<\/td><td>Algklasside eesruum<\/td><td>Taavi Jaadla<\/td><td>30<\/td><\/tr><\/tbody><\/table><\/figure><p><strong>KOLMAP\u00c4EV<\/strong><\/p><figure><table><tbody><tr><td><strong>KELLAAEG<\/strong><\/td><td><strong>HUVIRING<\/strong><\/td><td><strong>SIHTGRUPP<\/strong><\/td><td><strong>RUUM<\/strong><\/td><td><strong>JUHENDAJA<\/strong><\/td><td><strong>KUUTASU<\/strong><\/td><\/tr><tr><td>12.40-13.25<\/td><td><a href=\"https:\/\/www.luterlik.edu.ee\/wp-content\/uploads\/2024\/07\/Keraamika_algajad_tegevusplaan.pdf\">KERAAMIKA<\/a><\/td><td>alustajad<\/td><td>104<\/td><td>Airi Gailit<\/td><td>25<\/td><\/tr><tr><td>12.40-13.40<\/td><td>ROBOOTIKA<\/td><td>Noorem grupp<\/td><td>Koosolekute ruum<\/td><td>Karmen Freienthal<\/td><td>30<\/td><\/tr><tr><td>13.30-15.00<\/td><td><a href=\"https:\/\/www.luterlik.edu.ee\/wp-content\/uploads\/2024\/07\/rahvatantsuring_tegevuskava.pdf\" target=\"_blank\" rel=\"noreferrer noopener\">RAHVATANTS<\/a><\/td><td>2.-6. klass<\/td><td>Saal<\/td><td>Margit Metsla-Rebane<\/td><td>tasuta<\/td><\/tr><tr><td>13.30-15.00<\/td><td><a href=\"https:\/\/www.luterlik.edu.ee\/wp-content\/uploads\/2024\/07\/lastekoor_tegevuskava.pdf\">LASTEKOOR<\/a><\/td><td>5.-9. klass<\/td><td>316<\/td><td>Kristina Sildos<\/td><td>tasuta<\/td><\/tr><tr><td>13.30-14.30<\/td><td><a href=\"https:\/\/www.luterlik.edu.ee\/wp-content\/uploads\/2024\/07\/draama_tegevuskava.pdf\">DRAAMARING<\/a><\/td><td>1.-3. klass<\/td><td>Algklasside eesruum<\/td><td>Kadri K\u00e4\u00e4rde<\/td><td>25<\/td><\/tr><tr><td>13.45-15.00<\/td><td>ROBOOTIKA<\/td><td>Vanem grupp<\/td><td>Koosolekute ruum<\/td><td>Karmen Freienthal<\/td><td>30<\/td><\/tr><tr><td>15.00-16.00<\/td><td><a href=\"https:\/\/www.luterlik.edu.ee\/wp-content\/uploads\/2024\/07\/draama_tegevuskava.pdf\">DRAAMARING<\/a><\/td><td>4.-9. klass<\/td><td>Saal<\/td><td>Kadri K\u00e4\u00e4rde<\/td><td>30<\/td><\/tr><\/tbody><\/table><\/figure><p><strong>NELJAP\u00c4EV<\/strong><\/p><figure><table><tbody><tr><td><strong>KELLAAEG<\/strong><\/td><td><strong>HUVIRING<\/strong><\/td><td><strong>SIHTGRUPP<\/strong><\/td><td><strong>RUUM<\/strong><\/td><td><strong>JUHENDAJA<\/strong><\/td><td><strong>KUUTASU<\/strong><\/td><\/tr><tr><td>13.30-15.00<\/td><td><a href=\"https:\/\/www.luterlik.edu.ee\/wp-content\/uploads\/2024\/07\/mudilaskoor_tegevusplaan-1.pdf\">MUDILASKOOR<\/a><\/td><td>1.-4. klass<\/td><td>Saal<\/td><td>Kristina Sildos<\/td><td>tasuta<\/td><\/tr><\/tbody><\/table><\/figure><p>K\u00f5ikidele, kes Tartu (v\u00f5i muu elukoha KOVi) portaalis Spoku kinnitavad <strong>huviringis osalemise 1. v\u00f5i 2. eelistusena hiljemalt \u00f5ppeaasta 1. novembriks<\/strong>, kehtib soodustus 20%. Septembri- ja oktoobrikuu arvete osas tehakse vajadusel tasaarveldus novembrikuu arvel. T\u00e4psem info saadetakse eelnevalt esindaja meilile.<\/p>","_links":{"self":[{"href":"https:\/\/www.luterlik.edu.ee\/uus\/huvikool\/wp-json\/wp\/v2\/pages\/23","targetHints":{"allow":["GET"]}}],"collection":[{"href":"https:\/\/www.luterlik.edu.ee\/uus\/huvikool\/wp-json\/wp\/v2\/pages"}],"about":[{"href":"https:\/\/www.luterlik.edu.ee\/uus\/huvikool\/wp-json\/wp\/v2\/types\/page"}],"author":[{"embeddable":true,"href":"https:\/\/www.luterlik.edu.ee\/uus\/huvikool\/wp-json\/wp\/v2\/users\/1"}],"replies":[{"embeddable":true,"href":"https:\/\/www.luterlik.edu.ee\/uus\/huvikool\/wp-json\/wp\/v2\/comments?post=23"}],"version-history":[{"count":1,"href":"https:\/\/www.luterlik.edu.ee\/uus\/huvikool\/wp-json\/wp\/v2\/pages\/23\/revisions"}],"predecessor-version":[{"id":24,"href":"https:\/\/www.luterlik.edu.ee\/uus\/huvikool\/wp-json\/wp\/v2\/pages\/23\/revisions\/24"}],"wp:featuredmedia":[{"embeddable":true,"href":"https:\/\/www.luterlik.edu.ee\/uus\/huvikool\/wp-json\/wp\/v2\/media\/14"}],"wp:attachment":[{"href":"https:\/\/www.luterlik.edu.ee\/uus\/huvikool\/wp-json\/wp\/v2\/media?parent=23"}],"curies":[{"name":"wp","href":"https:\/\/api.w.org\/{rel}","templated":true}]}}