{"id":21,"date":"2025-04-21T23:33:13","date_gmt":"2025-04-21T20:33:13","guid":{"rendered":"https:\/\/www.luterlik.edu.ee\/uus\/huvikool\/?page_id=21"},"modified":"2025-04-21T23:44:42","modified_gmt":"2025-04-21T20:44:42","slug":"oluline-info-ja-kkk","status":"publish","type":"page","link":"https:\/\/www.luterlik.edu.ee\/uus\/huvikool\/oluline-info-ja-kkk\/","title":{"rendered":"OLULINE INFO JA KKK"},"content":{"rendered":"<!--themify_builder_content-->\n<div id=\"themify_builder_content-21\" data-postid=\"21\" class=\"themify_builder_content themify_builder_content-21 themify_builder tf_clear\">\n                    <div  data-lazy=\"1\" class=\"module_row themify_builder_row tb_59lk378 tb_first tf_w\">\n                        <div class=\"row_inner col_align_top tb_col_count_1 tf_box tf_rel\">\n                        <div  data-lazy=\"1\" class=\"module_column tb-column col-full tb_cyja378 first\">\n                    <!-- module text -->\n<div  class=\"module module-text tb_ik1v803   \" data-lazy=\"1\">\n        <div  class=\"tb_text_wrap\">\n        <article id=\"post-9003\" class=\"post-9003 page type-page status-publish has-post-thumbnail hentry\"><header class=\"entry-header\"><\/header>\n<div class=\"entry-content clearfix\">\n<ol class=\"wp-block-list\">\n<li>Tartu Peetri Huvikool (edaspidi huvikool) on MT\u00dc Tartu Luterlik Peetri Kool (edaspidi pidaja) hallatav erahuvikool.<\/li>\n<li>Kooli \u00f5ppet\u00f6\u00f6 alusdokumentideks on kooli \u00f5ppekavad, mis on registreeritud Haridus- ja Teadusministeeriumis ja tegevuskavad.<\/li>\n<li>Kooli \u00f5ppeaasta koosneb \u00f5ppeperioodidest ja vaheaegadest, l\u00e4htudes riiklikult kehtestatud vaheaegadest. \u00d5ppet\u00f6\u00f6 kestab septembri algusest mai l\u00f5puni.<\/li>\n<li>Kooli igap\u00e4evane t\u00f6\u00f6korraldus toimub vastavalt huviringide tunniplaanile, millest teavitatakse hiljemalt septembri alguses.<\/li>\n<li>Tunniplaan ja sellega seotud muudatused avalikustatakse kooli kodulehel. Tunniplaani muudatustest teavitab \u00f5pilasi ringijuhendaja v\u00f5i huvikooli \u00f5ppesuunajuht Stuudiumi ringip\u00e4eviku kaudu.<\/li>\n<li>\u00d5pe toimub tunniplaani alusel 45-90-minutiliste individuaal- ja r\u00fchmatundidena. Lasteaialaste ringitunnid on \u00fcldjuhul 45-60-minutilised.<\/li>\n<li>Kui lapsevanem loobub \u00f5ppekohast hiljemalt kuu 20. kuup\u00e4evaks, tuleb tasuda jooksva kuu osalustasu. Kui lapsevanem loobub \u00f5ppekohast p\u00e4rast 20. kuup\u00e4eva, tuleb tasuda lisaks ka j\u00e4rgmise kuu tasu.<\/li>\n<\/ol>\n<h2 class=\"wp-block-heading\">KORDUMA KIPPUVAD K\u00dcSIMUSED<\/h2>\n<p><strong>Kas Tartu Peetri Huvikooliga saavad liituda lapsed v\u00e4ljaspoolt kogukonda?<\/strong><br \/>Tartu Peetri Huvikooli ringidesse on oodatud k\u00f5ik huvilised s\u00f5ltumata koolist v\u00f5i elukohast! Lasteaialastele m\u00f5eldud ringidesse ootame ainult Tartu Luterliku Peetri Kooli lasteaia lapsi.<\/p>\n<p><strong>Minu laps puudus mitmest tunnist, miks tuli arve t\u00e4ies ulatuses?<\/strong><br \/>Kuutasu ei s\u00f5ltu lapse tegelikust osalemisest ringitundides. Soodustusi arvel teeme vaid siis, kui tund on \u00e4raj\u00e4\u00e4nud \u00f5petaja puudumise, koolis\u00fcndmuse v\u00f5i muu sellisel huvikoolist tingitud p\u00f5hjusel.<\/p>\n<p><strong>Millal selgub Tartu Peetri Huvikooli tunniplaan? <\/strong><br \/>Tunniplaani avalikustame \u00fcldjuhul juunikuu l\u00f5puks. Siiski palume arvestada, et info v\u00f5ib t\u00e4ieneda ja huviringe v\u00f5ib lisanduda veel kahel korral aastas \u2013 augustis ja jaanuaris.<\/p>\n<p><strong>Millal algab registreerimine Tartu Peetri Huvikooli huviringidesse?<\/strong><br \/><a href=\"https:\/\/www.luterlik.edu.ee\/huvikool\/registreerimine\/\">Registreerimine <\/a>huviringidesse algab hiljemalt <mark class=\"has-inline-color has-vivid-red-color\">21. augustil 2024<\/mark>.<\/p>\n<\/div>\n<\/article>    <\/div>\n<\/div>\n<!-- \/module text -->        <\/div>\n                        <\/div>\n        <\/div>\n        <\/div>\n<!--\/themify_builder_content-->","protected":false},"excerpt":{"rendered":"<p>Tartu Peetri Huvikool (edaspidi huvikool) on MT\u00dc Tartu Luterlik Peetri Kool (edaspidi pidaja) hallatav erahuvikool. Kooli \u00f5ppet\u00f6\u00f6 alusdokumentideks on kooli \u00f5ppekavad, mis on registreeritud Haridus- ja Teadusministeeriumis ja tegevuskavad. Kooli \u00f5ppeaasta koosneb \u00f5ppeperioodidest ja vaheaegadest, l\u00e4htudes riiklikult kehtestatud vaheaegadest. \u00d5ppet\u00f6\u00f6 kestab septembri algusest mai l\u00f5puni. Kooli igap\u00e4evane t\u00f6\u00f6korraldus toimub vastavalt huviringide tunniplaanile, millest teavitatakse hiljemalt [&hellip;]<\/p>\n","protected":false},"author":1,"featured_media":14,"parent":0,"menu_order":0,"comment_status":"closed","ping_status":"closed","template":"","meta":{"footnotes":""},"class_list":["post-21","page","type-page","status-publish","has-post-thumbnail","hentry","has-post-title","has-post-date","has-post-category","has-post-tag","has-post-comment","has-post-author",""],"builder_content":"<article id=\"post-9003\"><header><\/header>\n<ol> <li>Tartu Peetri Huvikool (edaspidi huvikool) on MT\u00dc Tartu Luterlik Peetri Kool (edaspidi pidaja) hallatav erahuvikool.<\/li> <li>Kooli \u00f5ppet\u00f6\u00f6 alusdokumentideks on kooli \u00f5ppekavad, mis on registreeritud Haridus- ja Teadusministeeriumis ja tegevuskavad.<\/li> <li>Kooli \u00f5ppeaasta koosneb \u00f5ppeperioodidest ja vaheaegadest, l\u00e4htudes riiklikult kehtestatud vaheaegadest. \u00d5ppet\u00f6\u00f6 kestab septembri algusest mai l\u00f5puni.<\/li> <li>Kooli igap\u00e4evane t\u00f6\u00f6korraldus toimub vastavalt huviringide tunniplaanile, millest teavitatakse hiljemalt septembri alguses.<\/li> <li>Tunniplaan ja sellega seotud muudatused avalikustatakse kooli kodulehel. Tunniplaani muudatustest teavitab \u00f5pilasi ringijuhendaja v\u00f5i huvikooli \u00f5ppesuunajuht Stuudiumi ringip\u00e4eviku kaudu.<\/li> <li>\u00d5pe toimub tunniplaani alusel 45-90-minutiliste individuaal- ja r\u00fchmatundidena. Lasteaialaste ringitunnid on \u00fcldjuhul 45-60-minutilised.<\/li> <li>Kui lapsevanem loobub \u00f5ppekohast hiljemalt kuu 20. kuup\u00e4evaks, tuleb tasuda jooksva kuu osalustasu. Kui lapsevanem loobub \u00f5ppekohast p\u00e4rast 20. kuup\u00e4eva, tuleb tasuda lisaks ka j\u00e4rgmise kuu tasu.<\/li> <\/ol> <h2>KORDUMA KIPPUVAD K\u00dcSIMUSED<\/h2> <p><strong>Kas Tartu Peetri Huvikooliga saavad liituda lapsed v\u00e4ljaspoolt kogukonda?<\/strong><br \/>Tartu Peetri Huvikooli ringidesse on oodatud k\u00f5ik huvilised s\u00f5ltumata koolist v\u00f5i elukohast! Lasteaialastele m\u00f5eldud ringidesse ootame ainult Tartu Luterliku Peetri Kooli lasteaia lapsi.<\/p> <p><strong>Minu laps puudus mitmest tunnist, miks tuli arve t\u00e4ies ulatuses?<\/strong><br \/>Kuutasu ei s\u00f5ltu lapse tegelikust osalemisest ringitundides. Soodustusi arvel teeme vaid siis, kui tund on \u00e4raj\u00e4\u00e4nud \u00f5petaja puudumise, koolis\u00fcndmuse v\u00f5i muu sellisel huvikoolist tingitud p\u00f5hjusel.<\/p> <p><strong>Millal selgub Tartu Peetri Huvikooli tunniplaan? <\/strong><br \/>Tunniplaani avalikustame \u00fcldjuhul juunikuu l\u00f5puks. Siiski palume arvestada, et info v\u00f5ib t\u00e4ieneda ja huviringe v\u00f5ib lisanduda veel kahel korral aastas \u2013 augustis ja jaanuaris.<\/p> <p><strong>Millal algab registreerimine Tartu Peetri Huvikooli huviringidesse?<\/strong><br \/><a href=\"https:\/\/www.luterlik.edu.ee\/huvikool\/registreerimine\/\">Registreerimine <\/a>huviringidesse algab hiljemalt <mark>21. augustil 2024<\/mark>.<\/p>\n<\/article>","_links":{"self":[{"href":"https:\/\/www.luterlik.edu.ee\/uus\/huvikool\/wp-json\/wp\/v2\/pages\/21","targetHints":{"allow":["GET"]}}],"collection":[{"href":"https:\/\/www.luterlik.edu.ee\/uus\/huvikool\/wp-json\/wp\/v2\/pages"}],"about":[{"href":"https:\/\/www.luterlik.edu.ee\/uus\/huvikool\/wp-json\/wp\/v2\/types\/page"}],"author":[{"embeddable":true,"href":"https:\/\/www.luterlik.edu.ee\/uus\/huvikool\/wp-json\/wp\/v2\/users\/1"}],"replies":[{"embeddable":true,"href":"https:\/\/www.luterlik.edu.ee\/uus\/huvikool\/wp-json\/wp\/v2\/comments?post=21"}],"version-history":[{"count":4,"href":"https:\/\/www.luterlik.edu.ee\/uus\/huvikool\/wp-json\/wp\/v2\/pages\/21\/revisions"}],"predecessor-version":[{"id":37,"href":"https:\/\/www.luterlik.edu.ee\/uus\/huvikool\/wp-json\/wp\/v2\/pages\/21\/revisions\/37"}],"wp:featuredmedia":[{"embeddable":true,"href":"https:\/\/www.luterlik.edu.ee\/uus\/huvikool\/wp-json\/wp\/v2\/media\/14"}],"wp:attachment":[{"href":"https:\/\/www.luterlik.edu.ee\/uus\/huvikool\/wp-json\/wp\/v2\/media?parent=21"}],"curies":[{"name":"wp","href":"https:\/\/api.w.org\/{rel}","templated":true}]}}