{"id":19,"date":"2025-04-21T23:32:30","date_gmt":"2025-04-21T20:32:30","guid":{"rendered":"https:\/\/www.luterlik.edu.ee\/uus\/huvikool\/?page_id=19"},"modified":"2025-04-21T23:32:30","modified_gmt":"2025-04-21T20:32:30","slug":"registreerimine","status":"publish","type":"page","link":"https:\/\/www.luterlik.edu.ee\/uus\/huvikool\/registreerimine\/","title":{"rendered":"REGISTREERIMINE"},"content":{"rendered":"<!--themify_builder_content-->\n<div id=\"themify_builder_content-19\" data-postid=\"19\" class=\"themify_builder_content themify_builder_content-19 themify_builder tf_clear\">\n                    <div  data-lazy=\"1\" class=\"module_row themify_builder_row tb_lo81575 tb_first tf_w\">\n                        <div class=\"row_inner col_align_top tb_col_count_1 tf_box tf_rel\">\n                        <div  data-lazy=\"1\" class=\"module_column tb-column col-full tb_c1z1575 first\">\n                    <!-- module text -->\n<div  class=\"module module-text tb_0w23852   \" data-lazy=\"1\">\n        <div  class=\"tb_text_wrap\">\n        <div class=\"entry-content clearfix\"><p><mark class=\"has-inline-color has-vivid-red-color\"><strong>Registreerimine huviringidesse ARNO keskkonnas on avatud!<\/strong><\/mark><\/p><p><strong>REGISTREERIMINE<\/strong> toimub <strong>ARNO keskkonnas <\/strong>(Huvitegevus -&gt; Tartu Peetri Huvikool -&gt; vali sobiv huviring -&gt; huviringi taotlus) kuniks kohti jagub. <strong>RINGIST LOOBUMINE <\/strong>toimub samuti <strong>ARNO keskkonnas<\/strong> (huviringist loobumise taotlus).<\/p><p class=\"has-vivid-red-color has-text-color has-link-color wp-elements-d6b670064d64fc71fe2d1d6dd0eb8ea1\">K\u00fcsimuste korral kirjutage huvikooli \u00f5ppesuunajuhile (huvikool@luterlik.edu.ee) v\u00f5i helistage numbril +372 56936968.<\/p><p><a href=\"https:\/\/www.luterlik.edu.ee\/huvikool\/tunniplaan\/\">Huviringide tunniplaanis<\/a> on v\u00e4lja toodud kuutasu. K\u00f5ikidele, kes Tartu (v\u00f5i muu elukoha KOVi) portaalis Spoku\u00a0kinnitavad <strong>huviringis osalemise 1. v\u00f5i 2. eelistusena hiljemalt \u00f5ppeaasta 1. novembriks<\/strong>, kehtib soodustus 20%. Septembri- ja oktoobrikuu arvete osas tehakse vajadusel tasaarveldus novembrikuu arvel.<\/p><hr class=\"wp-block-separator has-alpha-channel-opacity\" \/><ul class=\"wp-block-list\"><li>\u00d5ppetasu maksmine toimub igakuiselt saadetud arve alusel.<\/li><li>\u00d5ppetasu suurus ei s\u00f5ltu lapse tegelikust osalemisest ringitundides.<\/li><li>Kui tund j\u00e4\u00e4b \u00e4ra huvikoolist tingituna (\u00f5petaja puudumine, koolis\u00fcndmus vms), siis tehakse tunnitasu arvelt tasaarveldus j\u00e4rgmise kuu arvel.<\/li><li>Huvikoolil on \u00f5igus m\u00e4\u00e4rata ringijuhendaja puudumisel talle asendaja.<\/li><\/ul><hr class=\"wp-block-separator has-alpha-channel-opacity\" \/><p><strong>NB!<\/strong><br \/>Kontrolli, kas oled ARNOs huviringi taotluse ja lepingu kinnitanud!<br \/>Kui grupp on t\u00e4itunud, kinnitame omalt poolt taotluse. Kui on m\u00e4rge \u201cMenetletud\u201d, on k\u00f5ik korras ja laps ringis kirjas!\u00a0<br \/>Kui on m\u00e4rge \u201cOotab asutuse poolset kinnitamist\u201d, siis ootame veel m\u00f5ne \u00f5pilase liitumist, et grupp avada.<br \/>Kui ARNOs on m\u00e4rge \u201cOotel\u201d, siis on laps ootej\u00e4rjekorras ja saab koha siis, kui m\u00f5ni laps ees loobub. Anname sellest m\u00e4rku.<\/p><\/div>    <\/div>\n<\/div>\n<!-- \/module text -->        <\/div>\n                        <\/div>\n        <\/div>\n        <\/div>\n<!--\/themify_builder_content-->","protected":false},"excerpt":{"rendered":"<p>Registreerimine huviringidesse ARNO keskkonnas on avatud!REGISTREERIMINE toimub ARNO keskkonnas (Huvitegevus -&gt; Tartu Peetri Huvikool -&gt; vali sobiv huviring -&gt; huviringi taotlus) kuniks kohti jagub. RINGIST LOOBUMINE toimub samuti ARNO keskkonnas (huviringist loobumise taotlus).K\u00fcsimuste korral kirjutage huvikooli \u00f5ppesuunajuhile (huvikool@luterlik.edu.ee) v\u00f5i helistage numbril +372 56936968.Huviringide tunniplaanis on v\u00e4lja toodud kuutasu. K\u00f5ikidele, kes Tartu (v\u00f5i muu elukoha KOVi) [&hellip;]<\/p>\n","protected":false},"author":1,"featured_media":14,"parent":0,"menu_order":0,"comment_status":"closed","ping_status":"closed","template":"","meta":{"footnotes":""},"class_list":["post-19","page","type-page","status-publish","has-post-thumbnail","hentry","has-post-title","has-post-date","has-post-category","has-post-tag","has-post-comment","has-post-author",""],"builder_content":"<p><mark><strong>Registreerimine huviringidesse ARNO keskkonnas on avatud!<\/strong><\/mark><\/p><p><strong>REGISTREERIMINE<\/strong> toimub <strong>ARNO keskkonnas <\/strong>(Huvitegevus -&gt; Tartu Peetri Huvikool -&gt; vali sobiv huviring -&gt; huviringi taotlus) kuniks kohti jagub. <strong>RINGIST LOOBUMINE <\/strong>toimub samuti <strong>ARNO keskkonnas<\/strong> (huviringist loobumise taotlus).<\/p><p>K\u00fcsimuste korral kirjutage huvikooli \u00f5ppesuunajuhile (huvikool@luterlik.edu.ee) v\u00f5i helistage numbril +372 56936968.<\/p><p><a href=\"https:\/\/www.luterlik.edu.ee\/huvikool\/tunniplaan\/\">Huviringide tunniplaanis<\/a> on v\u00e4lja toodud kuutasu. K\u00f5ikidele, kes Tartu (v\u00f5i muu elukoha KOVi) portaalis Spoku\u00a0kinnitavad <strong>huviringis osalemise 1. v\u00f5i 2. eelistusena hiljemalt \u00f5ppeaasta 1. novembriks<\/strong>, kehtib soodustus 20%. Septembri- ja oktoobrikuu arvete osas tehakse vajadusel tasaarveldus novembrikuu arvel.<\/p><hr \/><ul><li>\u00d5ppetasu maksmine toimub igakuiselt saadetud arve alusel.<\/li><li>\u00d5ppetasu suurus ei s\u00f5ltu lapse tegelikust osalemisest ringitundides.<\/li><li>Kui tund j\u00e4\u00e4b \u00e4ra huvikoolist tingituna (\u00f5petaja puudumine, koolis\u00fcndmus vms), siis tehakse tunnitasu arvelt tasaarveldus j\u00e4rgmise kuu arvel.<\/li><li>Huvikoolil on \u00f5igus m\u00e4\u00e4rata ringijuhendaja puudumisel talle asendaja.<\/li><\/ul><hr \/><p><strong>NB!<\/strong><br \/>Kontrolli, kas oled ARNOs huviringi taotluse ja lepingu kinnitanud!<br \/>Kui grupp on t\u00e4itunud, kinnitame omalt poolt taotluse. Kui on m\u00e4rge \u201cMenetletud\u201d, on k\u00f5ik korras ja laps ringis kirjas!\u00a0<br \/>Kui on m\u00e4rge \u201cOotab asutuse poolset kinnitamist\u201d, siis ootame veel m\u00f5ne \u00f5pilase liitumist, et grupp avada.<br \/>Kui ARNOs on m\u00e4rge \u201cOotel\u201d, siis on laps ootej\u00e4rjekorras ja saab koha siis, kui m\u00f5ni laps ees loobub. Anname sellest m\u00e4rku.<\/p>","_links":{"self":[{"href":"https:\/\/www.luterlik.edu.ee\/uus\/huvikool\/wp-json\/wp\/v2\/pages\/19","targetHints":{"allow":["GET"]}}],"collection":[{"href":"https:\/\/www.luterlik.edu.ee\/uus\/huvikool\/wp-json\/wp\/v2\/pages"}],"about":[{"href":"https:\/\/www.luterlik.edu.ee\/uus\/huvikool\/wp-json\/wp\/v2\/types\/page"}],"author":[{"embeddable":true,"href":"https:\/\/www.luterlik.edu.ee\/uus\/huvikool\/wp-json\/wp\/v2\/users\/1"}],"replies":[{"embeddable":true,"href":"https:\/\/www.luterlik.edu.ee\/uus\/huvikool\/wp-json\/wp\/v2\/comments?post=19"}],"version-history":[{"count":1,"href":"https:\/\/www.luterlik.edu.ee\/uus\/huvikool\/wp-json\/wp\/v2\/pages\/19\/revisions"}],"predecessor-version":[{"id":20,"href":"https:\/\/www.luterlik.edu.ee\/uus\/huvikool\/wp-json\/wp\/v2\/pages\/19\/revisions\/20"}],"wp:featuredmedia":[{"embeddable":true,"href":"https:\/\/www.luterlik.edu.ee\/uus\/huvikool\/wp-json\/wp\/v2\/media\/14"}],"wp:attachment":[{"href":"https:\/\/www.luterlik.edu.ee\/uus\/huvikool\/wp-json\/wp\/v2\/media?parent=19"}],"curies":[{"name":"wp","href":"https:\/\/api.w.org\/{rel}","templated":true}]}}