{"id":11,"date":"2025-04-21T23:31:18","date_gmt":"2025-04-21T20:31:18","guid":{"rendered":"https:\/\/www.luterlik.edu.ee\/uus\/huvikool\/?page_id=11"},"modified":"2025-04-21T23:31:18","modified_gmt":"2025-04-21T20:31:18","slug":"huvikool","status":"publish","type":"page","link":"https:\/\/www.luterlik.edu.ee\/uus\/huvikool\/","title":{"rendered":"HUVIKOOL"},"content":{"rendered":"<!--themify_builder_content-->\n<div id=\"themify_builder_content-11\" data-postid=\"11\" class=\"themify_builder_content themify_builder_content-11 themify_builder tf_clear\">\n                    <div  data-lazy=\"1\" class=\"module_row themify_builder_row tb_9ub446 tb_first tf_w\">\n                        <div class=\"row_inner col_align_top tb_col_count_1 tf_box tf_rel\">\n                        <div  data-lazy=\"1\" class=\"module_column tb-column col-full tb_or5846 first\">\n                    <!-- module text -->\n<div  class=\"module module-text tb_qqmu726   \" data-lazy=\"1\">\n        <div  class=\"tb_text_wrap\">\n        <div class=\"entry-content clearfix\"><p><strong>Tartu <\/strong><b>Peetri Huvikool<\/b> asutati 2018. aastal, selle pidajaks on MT\u00dc Tartu Luterlik Peetri Kool.\u00a0Pakume mitmekesist, teadmisi ja loovust arendavat huviharidust.\u00a0 Ringide toimumiskohaks on \u00fcldjuhul TLPK koolimaja (K\u00fc\u00fctri 1), kui tunniplaanis ei ole \u00f6eldud teisiti.<\/p><p><strong>Tartu Peetri Huvikooli<\/strong> on oodatud k\u00f5ik huvilised olenemata nende \u00fcldhariduskoolist v\u00f5i elukohast!<\/p><p>Info: Tartu Peetri Huvikooli \u00f5ppesuunajuht <strong>Diana Tiits<\/strong>, 56936968, huvikool@luterlik.edu.ee<\/p><p class=\"has-text-align-left\"><a href=\"https:\/\/www.luterlik.edu.ee\/wp-content\/uploads\/2018\/08\/Tartu-Peetri-Huvikooli-p\u00f5hikiri.pdf\" target=\"_blank\" rel=\"noreferrer noopener\">Tartu Peetri Huvikooli p\u00f5hikiri<\/a><\/p><div class=\"wp-block-image\"><figure class=\"alignright size-large is-resized\"><img loading=\"lazy\" decoding=\"async\" class=\"wp-image-8222\" src=\"https:\/\/www.luterlik.edu.ee\/wp-content\/uploads\/2023\/09\/Tartu-logo-color_RGB-1-1024x434.png\" sizes=\"auto, (max-width: 1024px) 100vw, 1024px\" srcset=\"https:\/\/www.luterlik.edu.ee\/wp-content\/uploads\/2023\/09\/Tartu-logo-color_RGB-1-1024x434.png 1024w, https:\/\/www.luterlik.edu.ee\/wp-content\/uploads\/2023\/09\/Tartu-logo-color_RGB-1-300x127.png 300w, https:\/\/www.luterlik.edu.ee\/wp-content\/uploads\/2023\/09\/Tartu-logo-color_RGB-1-1536x651.png 1536w, https:\/\/www.luterlik.edu.ee\/wp-content\/uploads\/2023\/09\/Tartu-logo-color_RGB-1-2048x868.png 2048w\" alt=\"\" width=\"1024\" height=\"434\" \/><figcaption class=\"wp-element-caption\">Huvikooli tegevust toetab Tartu linn.<\/figcaption><\/figure><\/div><\/div>    <\/div>\n<\/div>\n<!-- \/module text -->        <\/div>\n                        <\/div>\n        <\/div>\n        <\/div>\n<!--\/themify_builder_content-->","protected":false},"excerpt":{"rendered":"<p>Tartu Peetri Huvikool asutati 2018. aastal, selle pidajaks on MT\u00dc Tartu Luterlik Peetri Kool.\u00a0Pakume mitmekesist, teadmisi ja loovust arendavat huviharidust.\u00a0 Ringide toimumiskohaks on \u00fcldjuhul TLPK koolimaja (K\u00fc\u00fctri 1), kui tunniplaanis ei ole \u00f6eldud teisiti.Tartu Peetri Huvikooli on oodatud k\u00f5ik huvilised olenemata nende \u00fcldhariduskoolist v\u00f5i elukohast!Info: Tartu Peetri Huvikooli \u00f5ppesuunajuht Diana Tiits, 56936968, huvikool@luterlik.edu.eeTartu Peetri Huvikooli [&hellip;]<\/p>\n","protected":false},"author":1,"featured_media":14,"parent":0,"menu_order":0,"comment_status":"closed","ping_status":"closed","template":"","meta":{"footnotes":""},"class_list":["post-11","page","type-page","status-publish","has-post-thumbnail","hentry","has-post-title","has-post-date","has-post-category","has-post-tag","has-post-comment","has-post-author",""],"builder_content":"<p><strong>Tartu <\/strong><b>Peetri Huvikool<\/b> asutati 2018. aastal, selle pidajaks on MT\u00dc Tartu Luterlik Peetri Kool.\u00a0Pakume mitmekesist, teadmisi ja loovust arendavat huviharidust.\u00a0 Ringide toimumiskohaks on \u00fcldjuhul TLPK koolimaja (K\u00fc\u00fctri 1), kui tunniplaanis ei ole \u00f6eldud teisiti.<\/p><p><strong>Tartu Peetri Huvikooli<\/strong> on oodatud k\u00f5ik huvilised olenemata nende \u00fcldhariduskoolist v\u00f5i elukohast!<\/p><p>Info: Tartu Peetri Huvikooli \u00f5ppesuunajuht <strong>Diana Tiits<\/strong>, 56936968, huvikool@luterlik.edu.ee<\/p><p><a href=\"https:\/\/www.luterlik.edu.ee\/wp-content\/uploads\/2018\/08\/Tartu-Peetri-Huvikooli-p\u00f5hikiri.pdf\" target=\"_blank\" rel=\"noreferrer noopener\">Tartu Peetri Huvikooli p\u00f5hikiri<\/a><\/p><figure><img loading=\"lazy\" decoding=\"async\" src=\"https:\/\/www.luterlik.edu.ee\/wp-content\/uploads\/2023\/09\/Tartu-logo-color_RGB-1-1024x434.png\" sizes=\"auto, (max-width: 1024px) 100vw, 1024px\" srcset=\"https:\/\/www.luterlik.edu.ee\/wp-content\/uploads\/2023\/09\/Tartu-logo-color_RGB-1-1024x434.png 1024w, https:\/\/www.luterlik.edu.ee\/wp-content\/uploads\/2023\/09\/Tartu-logo-color_RGB-1-300x127.png 300w, https:\/\/www.luterlik.edu.ee\/wp-content\/uploads\/2023\/09\/Tartu-logo-color_RGB-1-1536x651.png 1536w, https:\/\/www.luterlik.edu.ee\/wp-content\/uploads\/2023\/09\/Tartu-logo-color_RGB-1-2048x868.png 2048w\" alt=\"\" width=\"1024\" height=\"434\" \/><figcaption>Huvikooli tegevust toetab Tartu linn.<\/figcaption><\/figure>","_links":{"self":[{"href":"https:\/\/www.luterlik.edu.ee\/uus\/huvikool\/wp-json\/wp\/v2\/pages\/11","targetHints":{"allow":["GET"]}}],"collection":[{"href":"https:\/\/www.luterlik.edu.ee\/uus\/huvikool\/wp-json\/wp\/v2\/pages"}],"about":[{"href":"https:\/\/www.luterlik.edu.ee\/uus\/huvikool\/wp-json\/wp\/v2\/types\/page"}],"author":[{"embeddable":true,"href":"https:\/\/www.luterlik.edu.ee\/uus\/huvikool\/wp-json\/wp\/v2\/users\/1"}],"replies":[{"embeddable":true,"href":"https:\/\/www.luterlik.edu.ee\/uus\/huvikool\/wp-json\/wp\/v2\/comments?post=11"}],"version-history":[{"count":1,"href":"https:\/\/www.luterlik.edu.ee\/uus\/huvikool\/wp-json\/wp\/v2\/pages\/11\/revisions"}],"predecessor-version":[{"id":18,"href":"https:\/\/www.luterlik.edu.ee\/uus\/huvikool\/wp-json\/wp\/v2\/pages\/11\/revisions\/18"}],"wp:featuredmedia":[{"embeddable":true,"href":"https:\/\/www.luterlik.edu.ee\/uus\/huvikool\/wp-json\/wp\/v2\/media\/14"}],"wp:attachment":[{"href":"https:\/\/www.luterlik.edu.ee\/uus\/huvikool\/wp-json\/wp\/v2\/media?parent=11"}],"curies":[{"name":"wp","href":"https:\/\/api.w.org\/{rel}","templated":true}]}}